{"id":11554,"date":"2020-05-29T09:23:30","date_gmt":"2020-05-29T07:23:30","guid":{"rendered":"https:\/\/latiendadesami.com\/politica-de-privacidade\/"},"modified":"2022-08-22T14:24:54","modified_gmt":"2022-08-22T12:24:54","slug":"politica-de-privacidade","status":"publish","type":"page","link":"https:\/\/latiendadesami.com\/pt-pt\/politica-de-privacidade\/","title":{"rendered":"Pol\u00edtica de privacidade"},"content":{"rendered":"<p>[et_pb_section fb_built=&#8221;1&#8243; _builder_version=&#8221;3.22&#8243; da_disable_devices=&#8221;off|off|off&#8221; da_is_popup=&#8221;off&#8221; da_exit_intent=&#8221;off&#8221; da_has_close=&#8221;on&#8221; da_alt_close=&#8221;off&#8221; da_dark_close=&#8221;off&#8221; da_not_modal=&#8221;on&#8221; da_is_singular=&#8221;off&#8221; da_with_loader=&#8221;off&#8221; da_has_shadow=&#8221;on&#8221;][et_pb_row _builder_version=&#8221;3.25&#8243; background_size=&#8221;initial&#8221; background_position=&#8221;top_left&#8221; background_repeat=&#8221;repeat&#8221;][et_pb_column type=&#8221;4_4&#8243; _builder_version=&#8221;3.25&#8243; custom_padding=&#8221;|||&#8221; custom_padding__hover=&#8221;|||&#8221;][et_pb_text _builder_version=&#8221;4.9.4&#8243; background_size=&#8221;initial&#8221; background_position=&#8221;top_left&#8221; background_repeat=&#8221;repeat&#8221; hover_enabled=&#8221;0&#8243; sticky_enabled=&#8221;0&#8243;]<\/p>\n<p>\n\n<h1 class=\"et_pb_module_header wp-block-heading\"><\/h1>\n<h1 class=\"et_pb_module_header\">Pol\u00edtica de Privacidade<\/h1>\n<div class=\"et_pb_header_content_wrapper\">La confidencialidad y la seguridad son valores primordiales de LA TIENDA DE SAMI y, en consecuencia, asumimos el compromiso de garantizar la privacidad del usuario en todo momento y de no recabar informaci\u00f3n innecesaria. A continuaci\u00f3n, le proporcionamos toda la informaci\u00f3n necesaria sobre nuestra Pol\u00edtica de Privacidad en relaci\u00f3n con los datos personales que le pedimos, explic\u00e1ndole:<br\/>Qui\u00e9n es el responsable del tratamiento de sus datos.<br\/>Con qu\u00e9 finalidad le solicitamos los datos.<br\/>Cu\u00e1l es la legitimaci\u00f3n para su tratamiento.<br\/>Durante cu\u00e1nto tiempo los conservamos.<br\/>A qu\u00e9 destinatarios se comunican sus datos.<br\/>Cu\u00e1les son sus derechos.<\/div>\n<div>\u00a0<\/div>\n<div>\u00a0<\/div>\n<div>\u00a0<\/div>\n<div class=\"et_pb_header_content_wrapper\">1. Responsable<br\/>SAMI SUMINISTROS HOSTELEROS, S. L.\u00a0 NIF B84614064<br\/>c\/ Luis I, 60, s\u00f3tano, nave 27, 28031 Madrid<br\/><a href=\"mailto:contacto@latiendadesami.com\">contacto@latiendadesami.com<\/a><\/div>\n<div class=\"et_pb_header_content_wrapper\"><\/div>\n<div class=\"et_pb_header_content_wrapper\">\n<p>\u00a0<\/p>\n<p>2. Finalidades, legitimaci\u00f3n y conservaci\u00f3n de los tratamientos de los datos enviados a trav\u00e9s de:<\/p>\n<p>\u2022 FORMULARIO DE CONTACTO<\/p>\n<p>\u00a0<\/p>\n<\/div>\n<div class=\"et_pb_header_content_wrapper\"><strong><\/strong><\/div>\n<div class=\"et_pb_header_content_wrapper\"><strong><\/strong><\/div>\n<div class=\"et_pb_header_content_wrapper\"><strong><\/strong><\/div>\n<div class=\"et_pb_header_content_wrapper\"><strong><\/strong><\/div>\n<div class=\"et_pb_header_content_wrapper\"><strong><\/strong><\/div>\n<div class=\"et_pb_header_content_wrapper\"><strong><\/strong><\/div>\n<div class=\"et_pb_header_content_wrapper\"><strong>Finalidad.<\/strong> Facilitarle un medio para que pueda ponerse en contacto con nosotros y contestar a sus solicitudes de informaci\u00f3n, as\u00ed como enviarle comunicaciones de nuestros productos, servicios y actividades, inclusive por medios electr\u00f3nicos, si marca la casilla de aceptaci\u00f3n.<\/div>\n<div class=\"et_pb_header_content_wrapper\"><strong style=\"box-sizing: border-box; font-weight: bolder;\">Legitimaci\u00f3n.<\/strong> El consentimiento del usuario al solicitarnos informaci\u00f3n a trav\u00e9s de nuestro formulario de contactos y al marcar la casilla de aceptaci\u00f3n de env\u00edo de informaci\u00f3n.<\/div>\n<div class=\"et_pb_header_content_wrapper\"><strong style=\"box-sizing: border-box; font-weight: bolder;\">Conservaci\u00f3n.<\/strong> Hasta una vez resuelta su solicitud por medio de nuestro formulario o contestada por correo electr\u00f3nico, si no ha generado un nuevo tratamiento. En caso de haber aceptado recibir env\u00edos comerciales, hasta que solicite la baja de los mismos.<\/div>\n<div>\u00a0<\/div>\n<div>\u00a0<\/div>\n<div class=\"et_pb_header_content_wrapper\">\u2022 FORMULARIO DE REGISTRO<\/div>\n<div>\u00a0<\/div>\n<div class=\"et_pb_header_content_wrapper\"><strong style=\"box-sizing: border-box; font-weight: bolder;\">Finalidad.<\/strong> Darle de alta como usuario y permitirle el acceso a los servicios reservados a usuarios registrados de nuestra web e informarle de nuestras actividades, productos y servicios, as\u00ed como enviarle comunicaciones comerciales de nuestros productos, servicios inclusive por medios electr\u00f3nicos, si marca la casilla de aceptaci\u00f3n.<\/div>\n<div class=\"et_pb_header_content_wrapper\"><strong style=\"box-sizing: border-box; font-weight: bolder;\">Legitimaci\u00f3n.<\/strong> Consentimiento del usuario. Inter\u00e9s leg\u00edtimo del responsable en mantener informados a sus clientes sobre sus productos y servicios.<\/div>\n<div class=\"et_pb_header_content_wrapper\"><strong style=\"box-sizing: border-box; font-weight: bolder;\">Conservaci\u00f3n.<\/strong> Hasta que el usuario registrado solicite su baja y posteriormente durante los plazos legalmente previstos.<\/div>\n<div>\u00a0<\/div>\n<div class=\"et_pb_header_content_wrapper\">\u2022 FORMULARIO DE COMPRA<\/div>\n<div>\u00a0<\/div>\n<div class=\"et_pb_header_content_wrapper\"><strong style=\"box-sizing: border-box; font-weight: bolder;\">Finalidad.<\/strong> Gestionar sus pedidos de compra e informarle de nuestros productos y servicios, inclusive por medios electr\u00f3nicos.<\/div>\n<div class=\"et_pb_header_content_wrapper\"><strong style=\"box-sizing: border-box; font-weight: bolder;\">Legitimaci\u00f3n.<\/strong>\u00a0 Ejecuci\u00f3n del contrato de venta e inter\u00e9s leg\u00edtimo para informar a nuestros clientes sobre nuestros productos y servicios.<\/div>\n<div class=\"et_pb_header_content_wrapper\"><strong style=\"box-sizing: border-box; font-weight: bolder;\">Conservaci\u00f3n.<\/strong>\u00a0 Mientras dure la relaci\u00f3n contractual y, finalizada esta, durante los plazos de conservaci\u00f3n exigidos legalmente para atender eventuales responsabilidades y posteriormente durante los plazos legalmente previstos.<\/div>\n<div class=\"et_pb_header_content_wrapper\"><\/div>\n<div class=\"et_pb_header_content_wrapper\"><\/div>\n<div class=\"et_pb_header_content_wrapper\"><\/div>\n<div class=\"et_pb_header_content_wrapper\">\n<p>\u00a0<\/p>\n<p>\u2022 ENV\u00cdO DE CORREOS ELECTR\u00d3NICOS<\/p>\n<p><strong style=\"box-sizing: border-box; font-weight: bolder;\">Finalidad.<\/strong> Contestar a sus solicitudes de informaci\u00f3n, atender sus peticiones y responder sus consultas o dudas.<br\/><strong style=\"box-sizing: border-box; font-weight: bolder;\">Legitimaci\u00f3n.<\/strong> El consentimiento del usuario al solicitarnos informaci\u00f3n a trav\u00e9s de la direcci\u00f3n de correo electr\u00f3nico.<br\/><strong style=\"box-sizing: border-box; font-weight: bolder;\">Conservaci\u00f3n.<\/strong> Hasta una vez contestada su petici\u00f3n por correo electr\u00f3nico, si no ha generado un nuevo tratamiento.<\/p>\n<p>\u2022 SUSCRIPCI\u00d3N A NUESTRA NEWSLETTER<\/p>\n<p><strong style=\"box-sizing: border-box; font-weight: bolder;\">Finalidad.<\/strong> Env\u00edo de nuestro bolet\u00edn comercial y de comunicaciones informativas y publicitarias sobre nuestros productos o servicios que sean de su inter\u00e9s, incluso por medios electr\u00f3nicos.<br\/><strong style=\"box-sizing: border-box; font-weight: bolder;\">Legitimaci\u00f3n.<\/strong> El consentimiento del usuario al suscribirse a nuestros env\u00edos comerciales y\/o newsletters.<br\/><strong style=\"box-sizing: border-box; font-weight: bolder;\">Conservaci\u00f3n.<\/strong> Hasta que el interesado revoque el consentimiento y solicite la baja del servicio.<\/p>\n<p><strong style=\"box-sizing: border-box; font-weight: bolder;\">Obligaci\u00f3n de facilitarnos sus datos personales y consecuencias de no hacerlo<\/strong><\/p>\n<p>El suministro de datos personales requiere una edad m\u00ednima de 14 a\u00f1os, o en su caso, disponer de capacidad jur\u00eddica suficiente para contratar. Los datos personales solicitados son necesarios para gestionar sus solicitudes y\/o prestarle los servicios que pueda contratar, por lo que, si no nos los facilita, no podremos atenderle correctamente ni prestarle el servicio que haya solicitado.<\/p>\n<p>3. Destinatarios de sus datos<br\/>Sus datos son confidenciales y no se ceder\u00e1n a terceros, salvo que exista obligaci\u00f3n legal o sea necesario para propocionarle los servicios o productos solicitados, por ejemplo, transporte de los productos.<\/p>\n<p>4. Derechos en relaci\u00f3n con sus datos personales<br\/>Cualquier persona puede retirar su consentimiento en cualquier momento, cuando el mismo se haya otorgado para el tratamiento de sus datos. En ning\u00fan caso, la retirada de este consentimiento condiciona la ejecuci\u00f3n del contrato de suscripci\u00f3n o las relaciones generadas con anterioridad.<br\/>Igualmente, puede ejercer los siguientes derechos:<br\/>\u2022 Solicitar el acceso a sus datos personales o su rectificaci\u00f3n cuando sean inexactos.<br\/>\u2022 Solicitar su supresi\u00f3n cuando, entre otros motivos, los datos ya no sean necesarios para los fines para los que fueron recogidos.<br\/>\u2022 Solicitar la limitaci\u00f3n de su tratamiento en determinadas circunstancias.<br\/>\u2022 Solicitar la oposici\u00f3n al tratamiento de sus datos por motivos relacionados con su situaci\u00f3n particular.<br\/>\u2022 Solicitar la portabilidad de sus datos en los casos previstos en la normativa.<br\/>\u2022 Otros derechos reconocidos en las normativas aplicables.<\/p>\n<p>D\u00f3nde y c\u00f3mo solicitar sus derechos: Mediante un escrito dirigido al responsable a su direcci\u00f3n postal o electr\u00f3nica (indicadas en el apartado A), indicando la referencia \u201cDatos Personales\u201d, especificando el derecho que se quiere ejercer y respecto a qu\u00e9 datos personales.<br\/>En caso de divergencias con la empresa en relaci\u00f3n con el tratamiento de sus datos, puede presentar una reclamaci\u00f3n ante la Autoridad de Protecci\u00f3n de Datos (<a style=\"box-sizing: border-box; color: #4ea4d9; text-decoration: none; background-color: transparent; transition: opacity 0.2s cubic-bezier(0.7, 0, 0.3, 1) 0s, color 0.2s cubic-bezier(0.7, 0, 0.3, 1) 0s;\" href=\"https:\/\/www.agpd.es\/es\" target=\"_blank\" rel=\"noopener noreferrer\">www.agpd.es<\/a>).<\/p>\n<p>5. Cookies<br\/>Esta p\u00e1gina web \u00fanicamente utiliza cookies que permiten el funcionamiento y la prestaci\u00f3n de los servicios ofrecidos en la misma y que en ning\u00fan caso tratan datos de conexi\u00f3n y\/o de los dispositivos ni captan h\u00e1bitos de navegaci\u00f3n para fines publicitarios. Por ello, no se requiere, de acuerdo con el art\u00edculo 22 de la Ley de Servicios de la Sociedad de la Informaci\u00f3n, su consentimiento para su instalaci\u00f3n temporal durante su sesi\u00f3n de navegaci\u00f3n.<\/p>\n<p>6. Seguridad de sus datos personales<br\/>Con el objetivo de salvaguardar la seguridad de sus datos personales, le informamos que hemos adoptado todas las medidas de \u00edndole t\u00e9cnica y organizativa necesarias para garantizar la seguridad de los datos personales suministrados de su alteraci\u00f3n, p\u00e9rdida, y tratamientos o accesos no autorizados.<\/p>\n<p>7. Actualizaci\u00f3n de sus datos<br\/>Es importante que para que podamos mantener sus datos personales actualizados, nos informe siempre que haya habido alguna modificaci\u00f3n en ellos, en caso contrario, no respondemos de la veracidad de los mismos.<br\/>No nos hacemos responsables de la pol\u00edtica de privacidad respecto a los datos personales que pueda facilitar a terceros por medio de los enlaces disponibles en nuestra p\u00e1gina web.<br\/>La presente Pol\u00edtica de Privacidad puede ser modificada para adaptarlas a los cambios que se produzca en nuestra web, as\u00ed como modificaciones legislativas o jurisprudenciales sobre datos personales que vayan apareciendo, por lo que exige su lectura, cada vez que nos facilite sus datos a trav\u00e9s de esta web.<\/p>\n<\/div>\n<p>\u00a0<\/p>\n<p><\/p><\/p>\n<p>[\/et_pb_text][\/et_pb_column][\/et_pb_row][\/et_pb_section]<\/p>\n","protected":false},"excerpt":{"rendered":"<p>Pol\u00edtica de Privacidade La confidencialidad y la seguridad son valores primordiales de LA TIENDA DE SAMI y, en consecuencia, asumimos el compromiso de garantizar la privacidad del usuario en todo momento y de no recabar informaci\u00f3n innecesaria. A continuaci\u00f3n, le proporcionamos toda la informaci\u00f3n necesaria sobre nuestra Pol\u00edtica de Privacidad en relaci\u00f3n con los datos [&hellip;]<\/p>\n","protected":false},"author":1,"featured_media":0,"parent":0,"menu_order":0,"comment_status":"closed","ping_status":"open","template":"","meta":{"_et_pb_use_builder":"on","_et_pb_old_content":"","_et_gb_content_width":"","footnotes":""},"class_list":["post-11554","page","type-page","status-publish","hentry"],"yoast_head":"<!-- This site is optimized with the Yoast SEO plugin v27.3 - https:\/\/yoast.com\/product\/yoast-seo-wordpress\/ -->\n<title>Pol\u00edtica de privacidade - La Tienda de Sami<\/title>\n<meta name=\"robots\" content=\"index, follow, max-snippet:-1, max-image-preview:large, max-video-preview:-1\" \/>\n<link rel=\"canonical\" href=\"https:\/\/latiendadesami.com\/politica-privacidad\/\" \/>\n<meta property=\"og:locale\" content=\"pt_PT\" \/>\n<meta property=\"og:type\" content=\"article\" \/>\n<meta property=\"og:title\" content=\"Pol\u00edtica de privacidade - La Tienda de Sami\" \/>\n<meta property=\"og:description\" content=\"Pol\u00edtica de Privacidade La confidencialidad y la seguridad son valores primordiales de LA TIENDA DE SAMI y, en consecuencia, asumimos el compromiso de garantizar la privacidad del usuario en todo momento y de no recabar informaci\u00f3n innecesaria. A continuaci\u00f3n, le proporcionamos toda la informaci\u00f3n necesaria sobre nuestra Pol\u00edtica de Privacidad en relaci\u00f3n con los datos [&hellip;]\" \/>\n<meta property=\"og:url\" content=\"https:\/\/latiendadesami.com\/politica-privacidad\/\" \/>\n<meta property=\"og:site_name\" content=\"La Tienda de Sami\" \/>\n<meta property=\"article:publisher\" content=\"https:\/\/www.facebook.com\/La-Tienda-de-Sami-106767417920851\" \/>\n<meta property=\"article:modified_time\" content=\"2022-08-22T12:24:54+00:00\" \/>\n<meta name=\"twitter:card\" content=\"summary_large_image\" \/>\n<meta name=\"twitter:site\" content=\"@SamiSuministros\" \/>\n<meta name=\"twitter:label1\" content=\"Tempo estimado de leitura\" \/>\n\t<meta name=\"twitter:data1\" content=\"6 minutos\" \/>\n<script type=\"application\/ld+json\" class=\"yoast-schema-graph\">{\"@context\":\"https:\\\/\\\/schema.org\",\"@graph\":[{\"@type\":\"WebPage\",\"@id\":\"https:\\\/\\\/latiendadesami.com\\\/politica-privacidad\\\/\",\"url\":\"https:\\\/\\\/latiendadesami.com\\\/politica-privacidad\\\/\",\"name\":\"Pol\u00edtica de privacidade - La Tienda de Sami\",\"isPartOf\":{\"@id\":\"https:\\\/\\\/latiendadesami.com\\\/#website\"},\"datePublished\":\"2020-05-29T07:23:30+00:00\",\"dateModified\":\"2022-08-22T12:24:54+00:00\",\"breadcrumb\":{\"@id\":\"https:\\\/\\\/latiendadesami.com\\\/politica-privacidad\\\/#breadcrumb\"},\"inLanguage\":\"pt-PT\",\"potentialAction\":[{\"@type\":\"ReadAction\",\"target\":[\"https:\\\/\\\/latiendadesami.com\\\/politica-privacidad\\\/\"]}]},{\"@type\":\"BreadcrumbList\",\"@id\":\"https:\\\/\\\/latiendadesami.com\\\/politica-privacidad\\\/#breadcrumb\",\"itemListElement\":[{\"@type\":\"ListItem\",\"position\":1,\"name\":\"P\u00e1gina inicial\",\"item\":\"https:\\\/\\\/latiendadesami.com\\\/pt-pt\\\/\"},{\"@type\":\"ListItem\",\"position\":2,\"name\":\"Pol\u00edtica de privacidade\"}]},{\"@type\":\"WebSite\",\"@id\":\"https:\\\/\\\/latiendadesami.com\\\/#website\",\"url\":\"https:\\\/\\\/latiendadesami.com\\\/\",\"name\":\"La Tienda de Sami\",\"description\":\"Conservas, azeitonas, vinho, azeite, queijos\",\"publisher\":{\"@id\":\"https:\\\/\\\/latiendadesami.com\\\/#organization\"},\"potentialAction\":[{\"@type\":\"SearchAction\",\"target\":{\"@type\":\"EntryPoint\",\"urlTemplate\":\"https:\\\/\\\/latiendadesami.com\\\/?s={search_term_string}\"},\"query-input\":{\"@type\":\"PropertyValueSpecification\",\"valueRequired\":true,\"valueName\":\"search_term_string\"}}],\"inLanguage\":\"pt-PT\"},{\"@type\":\"Organization\",\"@id\":\"https:\\\/\\\/latiendadesami.com\\\/#organization\",\"name\":\"La Tienda de Sami\",\"url\":\"https:\\\/\\\/latiendadesami.com\\\/\",\"logo\":{\"@type\":\"ImageObject\",\"inLanguage\":\"pt-PT\",\"@id\":\"https:\\\/\\\/latiendadesami.com\\\/#\\\/schema\\\/logo\\\/image\\\/\",\"url\":\"https:\\\/\\\/latiendadesami.com\\\/wp-content\\\/uploads\\\/2020\\\/11\\\/0012222-1.jpg\",\"contentUrl\":\"https:\\\/\\\/latiendadesami.com\\\/wp-content\\\/uploads\\\/2020\\\/11\\\/0012222-1.jpg\",\"width\":250,\"height\":72,\"caption\":\"La Tienda de Sami\"},\"image\":{\"@id\":\"https:\\\/\\\/latiendadesami.com\\\/#\\\/schema\\\/logo\\\/image\\\/\"},\"sameAs\":[\"https:\\\/\\\/www.facebook.com\\\/La-Tienda-de-Sami-106767417920851\",\"https:\\\/\\\/x.com\\\/SamiSuministros\",\"https:\\\/\\\/www.instagram.com\\\/samisuministros\"]}]}<\/script>\n<!-- \/ Yoast SEO plugin. -->","yoast_head_json":{"title":"Pol\u00edtica de privacidade - La Tienda de Sami","robots":{"index":"index","follow":"follow","max-snippet":"max-snippet:-1","max-image-preview":"max-image-preview:large","max-video-preview":"max-video-preview:-1"},"canonical":"https:\/\/latiendadesami.com\/politica-privacidad\/","og_locale":"pt_PT","og_type":"article","og_title":"Pol\u00edtica de privacidade - La Tienda de Sami","og_description":"Pol\u00edtica de Privacidade La confidencialidad y la seguridad son valores primordiales de LA TIENDA DE SAMI y, en consecuencia, asumimos el compromiso de garantizar la privacidad del usuario en todo momento y de no recabar informaci\u00f3n innecesaria. A continuaci\u00f3n, le proporcionamos toda la informaci\u00f3n necesaria sobre nuestra Pol\u00edtica de Privacidad en relaci\u00f3n con los datos [&hellip;]","og_url":"https:\/\/latiendadesami.com\/politica-privacidad\/","og_site_name":"La Tienda de Sami","article_publisher":"https:\/\/www.facebook.com\/La-Tienda-de-Sami-106767417920851","article_modified_time":"2022-08-22T12:24:54+00:00","twitter_card":"summary_large_image","twitter_site":"@SamiSuministros","twitter_misc":{"Tempo estimado de leitura":"6 minutos"},"schema":{"@context":"https:\/\/schema.org","@graph":[{"@type":"WebPage","@id":"https:\/\/latiendadesami.com\/politica-privacidad\/","url":"https:\/\/latiendadesami.com\/politica-privacidad\/","name":"Pol\u00edtica de privacidade - La Tienda de Sami","isPartOf":{"@id":"https:\/\/latiendadesami.com\/#website"},"datePublished":"2020-05-29T07:23:30+00:00","dateModified":"2022-08-22T12:24:54+00:00","breadcrumb":{"@id":"https:\/\/latiendadesami.com\/politica-privacidad\/#breadcrumb"},"inLanguage":"pt-PT","potentialAction":[{"@type":"ReadAction","target":["https:\/\/latiendadesami.com\/politica-privacidad\/"]}]},{"@type":"BreadcrumbList","@id":"https:\/\/latiendadesami.com\/politica-privacidad\/#breadcrumb","itemListElement":[{"@type":"ListItem","position":1,"name":"P\u00e1gina inicial","item":"https:\/\/latiendadesami.com\/pt-pt\/"},{"@type":"ListItem","position":2,"name":"Pol\u00edtica de privacidade"}]},{"@type":"WebSite","@id":"https:\/\/latiendadesami.com\/#website","url":"https:\/\/latiendadesami.com\/","name":"La Tienda de Sami","description":"Conservas, azeitonas, vinho, azeite, queijos","publisher":{"@id":"https:\/\/latiendadesami.com\/#organization"},"potentialAction":[{"@type":"SearchAction","target":{"@type":"EntryPoint","urlTemplate":"https:\/\/latiendadesami.com\/?s={search_term_string}"},"query-input":{"@type":"PropertyValueSpecification","valueRequired":true,"valueName":"search_term_string"}}],"inLanguage":"pt-PT"},{"@type":"Organization","@id":"https:\/\/latiendadesami.com\/#organization","name":"La Tienda de Sami","url":"https:\/\/latiendadesami.com\/","logo":{"@type":"ImageObject","inLanguage":"pt-PT","@id":"https:\/\/latiendadesami.com\/#\/schema\/logo\/image\/","url":"https:\/\/latiendadesami.com\/wp-content\/uploads\/2020\/11\/0012222-1.jpg","contentUrl":"https:\/\/latiendadesami.com\/wp-content\/uploads\/2020\/11\/0012222-1.jpg","width":250,"height":72,"caption":"La Tienda de Sami"},"image":{"@id":"https:\/\/latiendadesami.com\/#\/schema\/logo\/image\/"},"sameAs":["https:\/\/www.facebook.com\/La-Tienda-de-Sami-106767417920851","https:\/\/x.com\/SamiSuministros","https:\/\/www.instagram.com\/samisuministros"]}]}},"_links":{"self":[{"href":"https:\/\/latiendadesami.com\/pt-pt\/wp-json\/wp\/v2\/pages\/11554","targetHints":{"allow":["GET"]}}],"collection":[{"href":"https:\/\/latiendadesami.com\/pt-pt\/wp-json\/wp\/v2\/pages"}],"about":[{"href":"https:\/\/latiendadesami.com\/pt-pt\/wp-json\/wp\/v2\/types\/page"}],"author":[{"embeddable":true,"href":"https:\/\/latiendadesami.com\/pt-pt\/wp-json\/wp\/v2\/users\/1"}],"replies":[{"embeddable":true,"href":"https:\/\/latiendadesami.com\/pt-pt\/wp-json\/wp\/v2\/comments?post=11554"}],"version-history":[{"count":0,"href":"https:\/\/latiendadesami.com\/pt-pt\/wp-json\/wp\/v2\/pages\/11554\/revisions"}],"wp:attachment":[{"href":"https:\/\/latiendadesami.com\/pt-pt\/wp-json\/wp\/v2\/media?parent=11554"}],"curies":[{"name":"wp","href":"https:\/\/api.w.org\/{rel}","templated":true}]}}