{"id":11699,"date":"2020-11-02T09:54:39","date_gmt":"2020-11-02T08:54:39","guid":{"rendered":"https:\/\/latiendadesami.com\/producto\/ovos-mexidos-45-kg\/"},"modified":"2022-09-02T08:43:35","modified_gmt":"2022-09-02T06:43:35","slug":"ovos-mexidos-4-5kg","status":"publish","type":"product","link":"https:\/\/latiendadesami.com\/pt-pt\/producto\/ovos-mexidos-4-5kg\/","title":{"rendered":"Ovos mexidos 4,5 kg"},"content":{"rendered":"<p>Esta fritada de 4,5kg de pickles em \u00e1gua, sal e vinagre inclui azeitonas, cebolas e pepininhos.<\/p>\n<p>Esta <a href=\"https:\/\/www.google.com\/search?q=revuelto+aceitunas+s%C3%A1ngar&amp;sxsrf=APq-WBt1wkTZta0IAEDoueZPBxEuaY8Dtw:1644308614563&amp;source=lnms&amp;tbm=isch&amp;sa=X&amp;ved=2ahUKEwjouvz21u_1AhVV_rsIHacjBd0Q_AUoAXoECAEQAw&amp;biw=1577&amp;bih=780&amp;dpr=1\" target=\"_blank\" rel=\"noopener\">combina\u00e7\u00e3o<\/a> de azeitonas e pickles torna poss\u00edvel desfrutar de um sabor imbat\u00edvel nas suas tapas ou aperitivos.<\/p>\n<p>\u00c9 um complemento muito saud\u00e1vel da nossa dieta mediterr\u00e2nica nutritiva tradicional.<\/p>\n<p>Em Espanha encontramos azeitonas, pepininhos, beringelas de almagro, cenouras, cebolas, sendo alcaparras muito tradicionais, alho ou mesmo uma mistura delas.<\/p>\n<p>S\u00e3o frequentemente servidas como tapas para acompanhar cerveja (n\u00e3o vinho devido ao seu conte\u00fado em vinagre).<\/p>\n<p>Os pickles deixaram de ser uma t\u00e9cnica antiqu\u00edssima para conservar alimentos em todo o mundo para se tornarem um dos mais populares tapas ou aperitivos da gastronomia espanhola.<\/p>\n<h3><strong>Vantagens dos ovos mexidos 4,5kg<\/strong><\/h3>\n<p>Sabia quais s\u00e3o os benef\u00edcios de 4,5 kg de ovos mexidos e pickles em geral? Os mais importantes est\u00e3o listados abaixo:<\/p>\n<ul>\n<li>Rico em probi\u00f3ticos.<\/li>\n<li>Ajudam a digest\u00e3o.<\/li>\n<li>Elas refor\u00e7am o sistema imunit\u00e1rio.<\/li>\n<li>Reduzem os desejos de a\u00e7\u00facar.<\/li>\n<li>Favor\u00e1vel para a ves\u00edcula biliar.<\/li>\n<\/ul>\n<p>&nbsp;<\/p>\n<p>Se quiser comprar azeitonas ou qualquer outro tipo de <a href=\"https:\/\/latiendadesami.com\/categoria-producto\/encurtidos\/\" rel=\"noopener\">pickle<\/a>, n\u00e3o hesite em consultar o nosso cat\u00e1logo online para ver a grande variedade de <a href=\"https:\/\/latiendadesami.com\/categoria-producto\/encurtidos\/aceitunas\/\">azeitonas<\/a> ou Revuelto 4,5kg que temos.<\/p>\n<p>Escreva-nos para mais informa\u00e7\u00f5es.<\/p>\n","protected":false},"excerpt":{"rendered":"<p>Esta fritada de 4,5kg de pickles em \u00e1gua, sal e vinagre inclui azeitonas, cebolas e pepininhos. Esta combina\u00e7\u00e3o de azeitonas e pickles torna poss\u00edvel desfrutar de um sabor imbat\u00edvel nas suas tapas ou aperitivos. \u00c9 um complemento muito saud\u00e1vel da nossa dieta mediterr\u00e2nica nutritiva tradicional. Em Espanha encontramos azeitonas, pepininhos, beringelas de almagro, cenouras, cebolas, [&hellip;]<\/p>\n","protected":false},"featured_media":11292,"template":"","meta":{"_et_pb_use_builder":"","_et_pb_old_content":"","_et_gb_content_width":""},"product_brand":[865],"product_cat":[338,340,337],"product_tag":[342],"class_list":{"0":"post-11699","1":"product","2":"type-product","3":"status-publish","4":"has-post-thumbnail","6":"product_brand-sangar","7":"product_cat-azeitonas","8":"product_cat-gherkins","9":"product_cat-pickles","10":"product_tag-ovos-mexidos","11":"pa_cantidad-unidade-pt-pt","13":"first","14":"outofstock","15":"taxable","16":"shipping-taxable","17":"purchasable","18":"product-type-simple"},"yoast_head":"<!-- This site is optimized with the Yoast SEO plugin v27.3 - https:\/\/yoast.com\/product\/yoast-seo-wordpress\/ -->\n<title>Ovos mexidos 4,5kg de La Tienda de Sami<\/title>\n<meta name=\"description\" content=\"Esta fritada de 4,5kg de pickles em \u00e1gua, sal e vinagre inclui azeitonas, cebolas e pepininhos. A melhor qualidade a um pre\u00e7o \u00fanico.\" \/>\n<meta name=\"robots\" content=\"index, follow, max-snippet:-1, max-image-preview:large, max-video-preview:-1\" \/>\n<link rel=\"canonical\" href=\"https:\/\/latiendadesami.com\/producto\/revuelto-4-5kg\/\" \/>\n<meta property=\"og:locale\" content=\"pt_PT\" \/>\n<meta property=\"og:type\" content=\"article\" \/>\n<meta property=\"og:title\" content=\"Ovos mexidos 4,5kg de La Tienda de Sami\" \/>\n<meta property=\"og:description\" content=\"Esta fritada de 4,5kg de pickles em \u00e1gua, sal e vinagre inclui azeitonas, cebolas e pepininhos. A melhor qualidade a um pre\u00e7o \u00fanico.\" \/>\n<meta property=\"og:url\" content=\"https:\/\/latiendadesami.com\/producto\/revuelto-4-5kg\/\" \/>\n<meta property=\"og:site_name\" content=\"La Tienda de Sami\" \/>\n<meta property=\"article:publisher\" content=\"https:\/\/www.facebook.com\/La-Tienda-de-Sami-106767417920851\" \/>\n<meta property=\"article:modified_time\" content=\"2022-09-02T06:43:35+00:00\" \/>\n<meta property=\"og:image\" content=\"https:\/\/latiendadesami.com\/wp-content\/uploads\/2020\/11\/revuelto.jpg\" \/>\n\t<meta property=\"og:image:width\" content=\"750\" \/>\n\t<meta property=\"og:image:height\" content=\"750\" \/>\n\t<meta property=\"og:image:type\" content=\"image\/jpeg\" \/>\n<meta name=\"twitter:card\" content=\"summary_large_image\" \/>\n<meta name=\"twitter:site\" content=\"@SamiSuministros\" \/>\n<meta name=\"twitter:label1\" content=\"pre\u00e7o\" \/>\n\t<meta name=\"twitter:data1\" content=\"14,50&nbsp;&euro;\" \/>\n\t<meta name=\"twitter:label2\" content=\"Disponibilidade\" \/>\n\t<meta name=\"twitter:data2\" content=\"Esgotado\" \/>\n<script type=\"application\/ld+json\" class=\"yoast-schema-graph\">{\"@context\":\"https:\\\/\\\/schema.org\",\"@graph\":[{\"@type\":\"WebPage\",\"@id\":\"https:\\\/\\\/latiendadesami.com\\\/producto\\\/revuelto-4-5kg\\\/\",\"url\":\"https:\\\/\\\/latiendadesami.com\\\/producto\\\/revuelto-4-5kg\\\/\",\"name\":\"Ovos mexidos 4,5kg de La Tienda de Sami\",\"isPartOf\":{\"@id\":\"https:\\\/\\\/latiendadesami.com\\\/#website\"},\"primaryImageOfPage\":{\"@id\":\"https:\\\/\\\/latiendadesami.com\\\/producto\\\/revuelto-4-5kg\\\/#primaryimage\"},\"image\":{\"@id\":\"https:\\\/\\\/latiendadesami.com\\\/producto\\\/revuelto-4-5kg\\\/#primaryimage\"},\"thumbnailUrl\":\"https:\\\/\\\/latiendadesami.com\\\/wp-content\\\/uploads\\\/2020\\\/11\\\/revuelto.jpg\",\"datePublished\":\"2020-11-02T08:54:39+00:00\",\"dateModified\":\"2022-09-02T06:43:35+00:00\",\"description\":\"Esta fritada de 4,5kg de pickles em \u00e1gua, sal e vinagre inclui azeitonas, cebolas e pepininhos. A melhor qualidade a um pre\u00e7o \u00fanico.\",\"breadcrumb\":{\"@id\":\"https:\\\/\\\/latiendadesami.com\\\/producto\\\/revuelto-4-5kg\\\/#breadcrumb\"},\"inLanguage\":\"pt-PT\",\"potentialAction\":[{\"@type\":\"ReadAction\",\"target\":[\"https:\\\/\\\/latiendadesami.com\\\/producto\\\/revuelto-4-5kg\\\/\"]}]},{\"@type\":\"ImageObject\",\"inLanguage\":\"pt-PT\",\"@id\":\"https:\\\/\\\/latiendadesami.com\\\/producto\\\/revuelto-4-5kg\\\/#primaryimage\",\"url\":\"https:\\\/\\\/latiendadesami.com\\\/wp-content\\\/uploads\\\/2020\\\/11\\\/revuelto.jpg\",\"contentUrl\":\"https:\\\/\\\/latiendadesami.com\\\/wp-content\\\/uploads\\\/2020\\\/11\\\/revuelto.jpg\",\"width\":750,\"height\":750,\"caption\":\"Ovos mexidos 4,5kg\"},{\"@type\":\"BreadcrumbList\",\"@id\":\"https:\\\/\\\/latiendadesami.com\\\/producto\\\/revuelto-4-5kg\\\/#breadcrumb\",\"itemListElement\":[{\"@type\":\"ListItem\",\"position\":1,\"name\":\"P\u00e1gina inicial\",\"item\":\"https:\\\/\\\/latiendadesami.com\\\/pt-pt\\\/\"},{\"@type\":\"ListItem\",\"position\":2,\"name\":\"Shop\",\"item\":\"https:\\\/\\\/latiendadesami.com\\\/pt-pt\\\/\"},{\"@type\":\"ListItem\",\"position\":3,\"name\":\"Pickles\",\"item\":\"https:\\\/\\\/latiendadesami.com\\\/pt-pt\\\/categoria-producto\\\/pickles\\\/\"},{\"@type\":\"ListItem\",\"position\":4,\"name\":\"Azeitonas\",\"item\":\"https:\\\/\\\/latiendadesami.com\\\/pt-pt\\\/categoria-producto\\\/azeitonas\\\/\"},{\"@type\":\"ListItem\",\"position\":5,\"name\":\"Ovos mexidos 4,5 kg\"}]},{\"@type\":\"WebSite\",\"@id\":\"https:\\\/\\\/latiendadesami.com\\\/#website\",\"url\":\"https:\\\/\\\/latiendadesami.com\\\/\",\"name\":\"La Tienda de Sami\",\"description\":\"Conservas, azeitonas, vinho, azeite, queijos\",\"publisher\":{\"@id\":\"https:\\\/\\\/latiendadesami.com\\\/#organization\"},\"potentialAction\":[{\"@type\":\"SearchAction\",\"target\":{\"@type\":\"EntryPoint\",\"urlTemplate\":\"https:\\\/\\\/latiendadesami.com\\\/?s={search_term_string}\"},\"query-input\":{\"@type\":\"PropertyValueSpecification\",\"valueRequired\":true,\"valueName\":\"search_term_string\"}}],\"inLanguage\":\"pt-PT\"},{\"@type\":\"Organization\",\"@id\":\"https:\\\/\\\/latiendadesami.com\\\/#organization\",\"name\":\"La Tienda de Sami\",\"url\":\"https:\\\/\\\/latiendadesami.com\\\/\",\"logo\":{\"@type\":\"ImageObject\",\"inLanguage\":\"pt-PT\",\"@id\":\"https:\\\/\\\/latiendadesami.com\\\/#\\\/schema\\\/logo\\\/image\\\/\",\"url\":\"https:\\\/\\\/latiendadesami.com\\\/wp-content\\\/uploads\\\/2020\\\/11\\\/0012222-1.jpg\",\"contentUrl\":\"https:\\\/\\\/latiendadesami.com\\\/wp-content\\\/uploads\\\/2020\\\/11\\\/0012222-1.jpg\",\"width\":250,\"height\":72,\"caption\":\"La Tienda de Sami\"},\"image\":{\"@id\":\"https:\\\/\\\/latiendadesami.com\\\/#\\\/schema\\\/logo\\\/image\\\/\"},\"sameAs\":[\"https:\\\/\\\/www.facebook.com\\\/La-Tienda-de-Sami-106767417920851\",\"https:\\\/\\\/x.com\\\/SamiSuministros\",\"https:\\\/\\\/www.instagram.com\\\/samisuministros\"]}]}<\/script>\n<meta property=\"product:price:amount\" content=\"14.50\" \/>\n<meta property=\"product:price:currency\" content=\"EUR\" \/>\n<meta property=\"og:availability\" content=\"out of stock\" \/>\n<meta property=\"product:availability\" content=\"out of stock\" \/>\n<meta property=\"product:retailer_item_id\" content=\"revuelto-45-kg\" \/>\n<meta property=\"product:condition\" content=\"new\" \/>\n<!-- \/ Yoast SEO plugin. -->","yoast_head_json":{"title":"Ovos mexidos 4,5kg de La Tienda de Sami","description":"Esta fritada de 4,5kg de pickles em \u00e1gua, sal e vinagre inclui azeitonas, cebolas e pepininhos. A melhor qualidade a um pre\u00e7o \u00fanico.","robots":{"index":"index","follow":"follow","max-snippet":"max-snippet:-1","max-image-preview":"max-image-preview:large","max-video-preview":"max-video-preview:-1"},"canonical":"https:\/\/latiendadesami.com\/producto\/revuelto-4-5kg\/","og_locale":"pt_PT","og_type":"article","og_title":"Ovos mexidos 4,5kg de La Tienda de Sami","og_description":"Esta fritada de 4,5kg de pickles em \u00e1gua, sal e vinagre inclui azeitonas, cebolas e pepininhos. A melhor qualidade a um pre\u00e7o \u00fanico.","og_url":"https:\/\/latiendadesami.com\/producto\/revuelto-4-5kg\/","og_site_name":"La Tienda de Sami","article_publisher":"https:\/\/www.facebook.com\/La-Tienda-de-Sami-106767417920851","article_modified_time":"2022-09-02T06:43:35+00:00","og_image":[{"width":750,"height":750,"url":"https:\/\/latiendadesami.com\/wp-content\/uploads\/2020\/11\/revuelto.jpg","type":"image\/jpeg"}],"twitter_card":"summary_large_image","twitter_site":"@SamiSuministros","twitter_misc":{"pre\u00e7o":"14,50&nbsp;&euro;","Disponibilidade":"Esgotado"},"schema":{"@context":"https:\/\/schema.org","@graph":[{"@type":"WebPage","@id":"https:\/\/latiendadesami.com\/producto\/revuelto-4-5kg\/","url":"https:\/\/latiendadesami.com\/producto\/revuelto-4-5kg\/","name":"Ovos mexidos 4,5kg de La Tienda de Sami","isPartOf":{"@id":"https:\/\/latiendadesami.com\/#website"},"primaryImageOfPage":{"@id":"https:\/\/latiendadesami.com\/producto\/revuelto-4-5kg\/#primaryimage"},"image":{"@id":"https:\/\/latiendadesami.com\/producto\/revuelto-4-5kg\/#primaryimage"},"thumbnailUrl":"https:\/\/latiendadesami.com\/wp-content\/uploads\/2020\/11\/revuelto.jpg","datePublished":"2020-11-02T08:54:39+00:00","dateModified":"2022-09-02T06:43:35+00:00","description":"Esta fritada de 4,5kg de pickles em \u00e1gua, sal e vinagre inclui azeitonas, cebolas e pepininhos. A melhor qualidade a um pre\u00e7o \u00fanico.","breadcrumb":{"@id":"https:\/\/latiendadesami.com\/producto\/revuelto-4-5kg\/#breadcrumb"},"inLanguage":"pt-PT","potentialAction":[{"@type":"ReadAction","target":["https:\/\/latiendadesami.com\/producto\/revuelto-4-5kg\/"]}]},{"@type":"ImageObject","inLanguage":"pt-PT","@id":"https:\/\/latiendadesami.com\/producto\/revuelto-4-5kg\/#primaryimage","url":"https:\/\/latiendadesami.com\/wp-content\/uploads\/2020\/11\/revuelto.jpg","contentUrl":"https:\/\/latiendadesami.com\/wp-content\/uploads\/2020\/11\/revuelto.jpg","width":750,"height":750,"caption":"Ovos mexidos 4,5kg"},{"@type":"BreadcrumbList","@id":"https:\/\/latiendadesami.com\/producto\/revuelto-4-5kg\/#breadcrumb","itemListElement":[{"@type":"ListItem","position":1,"name":"P\u00e1gina inicial","item":"https:\/\/latiendadesami.com\/pt-pt\/"},{"@type":"ListItem","position":2,"name":"Shop","item":"https:\/\/latiendadesami.com\/pt-pt\/"},{"@type":"ListItem","position":3,"name":"Pickles","item":"https:\/\/latiendadesami.com\/pt-pt\/categoria-producto\/pickles\/"},{"@type":"ListItem","position":4,"name":"Azeitonas","item":"https:\/\/latiendadesami.com\/pt-pt\/categoria-producto\/azeitonas\/"},{"@type":"ListItem","position":5,"name":"Ovos mexidos 4,5 kg"}]},{"@type":"WebSite","@id":"https:\/\/latiendadesami.com\/#website","url":"https:\/\/latiendadesami.com\/","name":"La Tienda de Sami","description":"Conservas, azeitonas, vinho, azeite, queijos","publisher":{"@id":"https:\/\/latiendadesami.com\/#organization"},"potentialAction":[{"@type":"SearchAction","target":{"@type":"EntryPoint","urlTemplate":"https:\/\/latiendadesami.com\/?s={search_term_string}"},"query-input":{"@type":"PropertyValueSpecification","valueRequired":true,"valueName":"search_term_string"}}],"inLanguage":"pt-PT"},{"@type":"Organization","@id":"https:\/\/latiendadesami.com\/#organization","name":"La Tienda de Sami","url":"https:\/\/latiendadesami.com\/","logo":{"@type":"ImageObject","inLanguage":"pt-PT","@id":"https:\/\/latiendadesami.com\/#\/schema\/logo\/image\/","url":"https:\/\/latiendadesami.com\/wp-content\/uploads\/2020\/11\/0012222-1.jpg","contentUrl":"https:\/\/latiendadesami.com\/wp-content\/uploads\/2020\/11\/0012222-1.jpg","width":250,"height":72,"caption":"La Tienda de Sami"},"image":{"@id":"https:\/\/latiendadesami.com\/#\/schema\/logo\/image\/"},"sameAs":["https:\/\/www.facebook.com\/La-Tienda-de-Sami-106767417920851","https:\/\/x.com\/SamiSuministros","https:\/\/www.instagram.com\/samisuministros"]}]},"product_price_amount":"14.50","product_price_currency":"EUR","og_availability":"out of stock","product_availability":"out of stock","product_retailer_item_id":"revuelto-45-kg","product_condition":"new"},"_links":{"self":[{"href":"https:\/\/latiendadesami.com\/pt-pt\/wp-json\/wp\/v2\/product\/11699","targetHints":{"allow":["GET"]}}],"collection":[{"href":"https:\/\/latiendadesami.com\/pt-pt\/wp-json\/wp\/v2\/product"}],"about":[{"href":"https:\/\/latiendadesami.com\/pt-pt\/wp-json\/wp\/v2\/types\/product"}],"wp:featuredmedia":[{"embeddable":true,"href":"https:\/\/latiendadesami.com\/pt-pt\/wp-json\/wp\/v2\/media\/11292"}],"wp:attachment":[{"href":"https:\/\/latiendadesami.com\/pt-pt\/wp-json\/wp\/v2\/media?parent=11699"}],"wp:term":[{"taxonomy":"product_brand","embeddable":true,"href":"https:\/\/latiendadesami.com\/pt-pt\/wp-json\/wp\/v2\/product_brand?post=11699"},{"taxonomy":"product_cat","embeddable":true,"href":"https:\/\/latiendadesami.com\/pt-pt\/wp-json\/wp\/v2\/product_cat?post=11699"},{"taxonomy":"product_tag","embeddable":true,"href":"https:\/\/latiendadesami.com\/pt-pt\/wp-json\/wp\/v2\/product_tag?post=11699"}],"curies":[{"name":"wp","href":"https:\/\/api.w.org\/{rel}","templated":true}]}}