{"id":11704,"date":"2020-11-02T09:52:16","date_gmt":"2020-11-02T08:52:16","guid":{"rendered":"https:\/\/latiendadesami.com\/producto\/alho-branco\/"},"modified":"2025-09-30T10:32:30","modified_gmt":"2025-09-30T08:32:30","slug":"alho-branco","status":"publish","type":"product","link":"https:\/\/latiendadesami.com\/pt-pt\/producto\/alho-branco\/","title":{"rendered":"Alho Branco"},"content":{"rendered":"<p><strong>Alho branco em \u00f3leo<\/strong>, descascado, processado e curado para suavizar o seu sabor natural ao mesmo tempo que preserva as suas propriedades iniciais.<\/p>\n<p>O alho em \u00f3leo \u00e9 uma iguaria para o paladar, quer como aperitivo, quer como acompanhamento dos seus melhores pratos.<\/p>\n<h3><strong>Vantagens do <a href=\"https:\/\/aceitunaschiconlebron.com\/catalogo\/ajos-en-aceite\/\">\u00d3leo de<\/a> Alho Branco<\/strong><\/h3>\n<p>Conhece os principais benef\u00edcios do alho em \u00f3leo como pickles? Pois, entre muitas outras propriedades, s\u00e3o ricos em probi\u00f3ticos, refor\u00e7am o sistema imunit\u00e1rio e at\u00e9 ajudam \u00e0 digest\u00e3o.<\/p>\n<p>Os pickles deixaram de ser uma t\u00e9cnica antiqu\u00edssima para conservar alimentos em todo o mundo para se tornarem um dos mais populares tapas ou aperitivos da gastronomia espanhola. Para al\u00e9m do nosso delicioso <strong>alho em \u00f3leo<\/strong>, no nosso cat\u00e1logo online pode encontrar outros tipos de pickles, tais como alcaparras, banderillas doces ou banderillas picantes.<\/p>\n<h3><strong>Propriedades Alho picado<\/strong><\/h3>\n<p>Tem <strong>propriedades antibi\u00f3ticas<\/strong>. O \u00f3leo de alho mata uma vasta gama de micr\u00f3bios, tais como v\u00edrus, bact\u00e9rias, fungos e parasitas.<\/p>\n<p>Fornece um <strong>efeito descongestionante<\/strong>, uma fonte de vitamina C, enzimas e minerais que ajudam a refor\u00e7ar as defesas e imunidade do organismo.<\/p>\n<p> <strong>O alho em \u00f3leo protege o nosso cora\u00e7\u00e3o<\/strong> contra problemas cardiovasculares tais como ataques card\u00edacos e aterosclerose.<\/p>\n<p>Outra <strong>propriedade do alho em conserva<\/strong> \u00e9 que reduz o colesterol, pois tem a capacidade de baixar moderadamente os triglic\u00e9ridos sangu\u00edneos e o colesterol total, o que pode reduzir a placa arterial.<\/p>\n<p>Em resumo, o alho em \u00f3leo ou <a href=\"https:\/\/latiendadesami.com\/categoria-producto\/encurtidos\/\">em conserva<\/a> tem m\u00faltiplas propriedades e benef\u00edcios para a sa\u00fade humana.<\/p>\n","protected":false},"excerpt":{"rendered":"<p>Alho branco<br \/>\nDepende da quantidade<\/p>\n","protected":false},"featured_media":11185,"template":"","meta":{"_et_pb_use_builder":"","_et_pb_old_content":"","_et_gb_content_width":""},"product_brand":[],"product_cat":[348,337],"product_tag":[349,350],"class_list":{"0":"post-11704","1":"product","2":"type-product","3":"status-publish","4":"has-post-thumbnail","6":"product_cat-alho","7":"product_cat-pickles","8":"product_tag-alho","9":"product_tag-branco","10":"pa_cantidad-pacote-de-6-unidades","11":"pa_cantidad-unidade-pt-pt","13":"first","14":"instock","15":"taxable","16":"shipping-taxable","17":"purchasable","18":"product-type-variable"},"yoast_head":"<!-- This site is optimized with the Yoast SEO plugin v27.3 - https:\/\/yoast.com\/product\/yoast-seo-wordpress\/ -->\n<title>Alho Branco - La Tienda de Sami<\/title>\n<meta name=\"description\" content=\"Alho branco em \u00f3leo, descascado, processado e curado para suavizar o seu sabor natural ao mesmo tempo que preserva as suas propriedades iniciais.\" \/>\n<meta name=\"robots\" content=\"index, follow, max-snippet:-1, max-image-preview:large, max-video-preview:-1\" \/>\n<link rel=\"canonical\" href=\"https:\/\/latiendadesami.com\/producto\/ajo-blanco\/\" \/>\n<meta property=\"og:locale\" content=\"pt_PT\" \/>\n<meta property=\"og:type\" content=\"article\" \/>\n<meta property=\"og:title\" content=\"Alho Branco - La Tienda de Sami\" \/>\n<meta property=\"og:description\" content=\"Alho branco em \u00f3leo, descascado, processado e curado para suavizar o seu sabor natural ao mesmo tempo que preserva as suas propriedades iniciais.\" \/>\n<meta property=\"og:url\" content=\"https:\/\/latiendadesami.com\/producto\/ajo-blanco\/\" \/>\n<meta property=\"og:site_name\" content=\"La Tienda de Sami\" \/>\n<meta property=\"article:publisher\" content=\"https:\/\/www.facebook.com\/La-Tienda-de-Sami-106767417920851\" \/>\n<meta property=\"article:modified_time\" content=\"2025-09-30T08:32:30+00:00\" \/>\n<meta property=\"og:image\" content=\"https:\/\/latiendadesami.com\/wp-content\/uploads\/2020\/11\/IMG_20200925_192112.jpg\" \/>\n\t<meta property=\"og:image:width\" content=\"750\" \/>\n\t<meta property=\"og:image:height\" content=\"750\" \/>\n\t<meta property=\"og:image:type\" content=\"image\/jpeg\" \/>\n<meta name=\"twitter:card\" content=\"summary_large_image\" \/>\n<meta name=\"twitter:site\" content=\"@SamiSuministros\" \/>\n<meta name=\"twitter:label1\" content=\"Disponibilidade\" \/>\n\t<meta name=\"twitter:data1\" content=\"Em stock\" \/>\n<script type=\"application\/ld+json\" class=\"yoast-schema-graph\">{\"@context\":\"https:\\\/\\\/schema.org\",\"@graph\":[{\"@type\":\"WebPage\",\"@id\":\"https:\\\/\\\/latiendadesami.com\\\/producto\\\/ajo-blanco\\\/\",\"url\":\"https:\\\/\\\/latiendadesami.com\\\/producto\\\/ajo-blanco\\\/\",\"name\":\"Alho Branco - La Tienda de Sami\",\"isPartOf\":{\"@id\":\"https:\\\/\\\/latiendadesami.com\\\/#website\"},\"primaryImageOfPage\":{\"@id\":\"https:\\\/\\\/latiendadesami.com\\\/producto\\\/ajo-blanco\\\/#primaryimage\"},\"image\":{\"@id\":\"https:\\\/\\\/latiendadesami.com\\\/producto\\\/ajo-blanco\\\/#primaryimage\"},\"thumbnailUrl\":\"https:\\\/\\\/latiendadesami.com\\\/wp-content\\\/uploads\\\/2020\\\/11\\\/IMG_20200925_192112.jpg\",\"datePublished\":\"2020-11-02T08:52:16+00:00\",\"dateModified\":\"2025-09-30T08:32:30+00:00\",\"description\":\"Alho branco em \u00f3leo, descascado, processado e curado para suavizar o seu sabor natural ao mesmo tempo que preserva as suas propriedades iniciais.\",\"breadcrumb\":{\"@id\":\"https:\\\/\\\/latiendadesami.com\\\/producto\\\/ajo-blanco\\\/#breadcrumb\"},\"inLanguage\":\"pt-PT\",\"potentialAction\":[{\"@type\":\"ReadAction\",\"target\":[\"https:\\\/\\\/latiendadesami.com\\\/producto\\\/ajo-blanco\\\/\"]}]},{\"@type\":\"ImageObject\",\"inLanguage\":\"pt-PT\",\"@id\":\"https:\\\/\\\/latiendadesami.com\\\/producto\\\/ajo-blanco\\\/#primaryimage\",\"url\":\"https:\\\/\\\/latiendadesami.com\\\/wp-content\\\/uploads\\\/2020\\\/11\\\/IMG_20200925_192112.jpg\",\"contentUrl\":\"https:\\\/\\\/latiendadesami.com\\\/wp-content\\\/uploads\\\/2020\\\/11\\\/IMG_20200925_192112.jpg\",\"width\":750,\"height\":750,\"caption\":\"Alho Branco\"},{\"@type\":\"BreadcrumbList\",\"@id\":\"https:\\\/\\\/latiendadesami.com\\\/producto\\\/ajo-blanco\\\/#breadcrumb\",\"itemListElement\":[{\"@type\":\"ListItem\",\"position\":1,\"name\":\"P\u00e1gina inicial\",\"item\":\"https:\\\/\\\/latiendadesami.com\\\/pt-pt\\\/\"},{\"@type\":\"ListItem\",\"position\":2,\"name\":\"Shop\",\"item\":\"https:\\\/\\\/latiendadesami.com\\\/pt-pt\\\/\"},{\"@type\":\"ListItem\",\"position\":3,\"name\":\"Pickles\",\"item\":\"https:\\\/\\\/latiendadesami.com\\\/pt-pt\\\/categoria-producto\\\/pickles\\\/\"},{\"@type\":\"ListItem\",\"position\":4,\"name\":\"Alho\",\"item\":\"https:\\\/\\\/latiendadesami.com\\\/pt-pt\\\/categoria-producto\\\/alho\\\/\"},{\"@type\":\"ListItem\",\"position\":5,\"name\":\"Alho Branco\"}]},{\"@type\":\"WebSite\",\"@id\":\"https:\\\/\\\/latiendadesami.com\\\/#website\",\"url\":\"https:\\\/\\\/latiendadesami.com\\\/\",\"name\":\"La Tienda de Sami\",\"description\":\"Conservas, azeitonas, vinho, azeite, queijos\",\"publisher\":{\"@id\":\"https:\\\/\\\/latiendadesami.com\\\/#organization\"},\"potentialAction\":[{\"@type\":\"SearchAction\",\"target\":{\"@type\":\"EntryPoint\",\"urlTemplate\":\"https:\\\/\\\/latiendadesami.com\\\/?s={search_term_string}\"},\"query-input\":{\"@type\":\"PropertyValueSpecification\",\"valueRequired\":true,\"valueName\":\"search_term_string\"}}],\"inLanguage\":\"pt-PT\"},{\"@type\":\"Organization\",\"@id\":\"https:\\\/\\\/latiendadesami.com\\\/#organization\",\"name\":\"La Tienda de Sami\",\"url\":\"https:\\\/\\\/latiendadesami.com\\\/\",\"logo\":{\"@type\":\"ImageObject\",\"inLanguage\":\"pt-PT\",\"@id\":\"https:\\\/\\\/latiendadesami.com\\\/#\\\/schema\\\/logo\\\/image\\\/\",\"url\":\"https:\\\/\\\/latiendadesami.com\\\/wp-content\\\/uploads\\\/2020\\\/11\\\/0012222-1.jpg\",\"contentUrl\":\"https:\\\/\\\/latiendadesami.com\\\/wp-content\\\/uploads\\\/2020\\\/11\\\/0012222-1.jpg\",\"width\":250,\"height\":72,\"caption\":\"La Tienda de Sami\"},\"image\":{\"@id\":\"https:\\\/\\\/latiendadesami.com\\\/#\\\/schema\\\/logo\\\/image\\\/\"},\"sameAs\":[\"https:\\\/\\\/www.facebook.com\\\/La-Tienda-de-Sami-106767417920851\",\"https:\\\/\\\/x.com\\\/SamiSuministros\",\"https:\\\/\\\/www.instagram.com\\\/samisuministros\"]}]}<\/script>\n<meta property=\"og:availability\" content=\"instock\" \/>\n<meta property=\"product:availability\" content=\"instock\" \/>\n<meta property=\"product:retailer_item_id\" content=\"ajo-blanco-900-gr-chicon\" \/>\n<meta property=\"product:condition\" content=\"new\" \/>\n<!-- \/ Yoast SEO plugin. -->","yoast_head_json":{"title":"Alho Branco - La Tienda de Sami","description":"Alho branco em \u00f3leo, descascado, processado e curado para suavizar o seu sabor natural ao mesmo tempo que preserva as suas propriedades iniciais.","robots":{"index":"index","follow":"follow","max-snippet":"max-snippet:-1","max-image-preview":"max-image-preview:large","max-video-preview":"max-video-preview:-1"},"canonical":"https:\/\/latiendadesami.com\/producto\/ajo-blanco\/","og_locale":"pt_PT","og_type":"article","og_title":"Alho Branco - La Tienda de Sami","og_description":"Alho branco em \u00f3leo, descascado, processado e curado para suavizar o seu sabor natural ao mesmo tempo que preserva as suas propriedades iniciais.","og_url":"https:\/\/latiendadesami.com\/producto\/ajo-blanco\/","og_site_name":"La Tienda de Sami","article_publisher":"https:\/\/www.facebook.com\/La-Tienda-de-Sami-106767417920851","article_modified_time":"2025-09-30T08:32:30+00:00","og_image":[{"width":750,"height":750,"url":"https:\/\/latiendadesami.com\/wp-content\/uploads\/2020\/11\/IMG_20200925_192112.jpg","type":"image\/jpeg"}],"twitter_card":"summary_large_image","twitter_site":"@SamiSuministros","twitter_misc":{"Disponibilidade":"Em stock"},"schema":{"@context":"https:\/\/schema.org","@graph":[{"@type":"WebPage","@id":"https:\/\/latiendadesami.com\/producto\/ajo-blanco\/","url":"https:\/\/latiendadesami.com\/producto\/ajo-blanco\/","name":"Alho Branco - La Tienda de Sami","isPartOf":{"@id":"https:\/\/latiendadesami.com\/#website"},"primaryImageOfPage":{"@id":"https:\/\/latiendadesami.com\/producto\/ajo-blanco\/#primaryimage"},"image":{"@id":"https:\/\/latiendadesami.com\/producto\/ajo-blanco\/#primaryimage"},"thumbnailUrl":"https:\/\/latiendadesami.com\/wp-content\/uploads\/2020\/11\/IMG_20200925_192112.jpg","datePublished":"2020-11-02T08:52:16+00:00","dateModified":"2025-09-30T08:32:30+00:00","description":"Alho branco em \u00f3leo, descascado, processado e curado para suavizar o seu sabor natural ao mesmo tempo que preserva as suas propriedades iniciais.","breadcrumb":{"@id":"https:\/\/latiendadesami.com\/producto\/ajo-blanco\/#breadcrumb"},"inLanguage":"pt-PT","potentialAction":[{"@type":"ReadAction","target":["https:\/\/latiendadesami.com\/producto\/ajo-blanco\/"]}]},{"@type":"ImageObject","inLanguage":"pt-PT","@id":"https:\/\/latiendadesami.com\/producto\/ajo-blanco\/#primaryimage","url":"https:\/\/latiendadesami.com\/wp-content\/uploads\/2020\/11\/IMG_20200925_192112.jpg","contentUrl":"https:\/\/latiendadesami.com\/wp-content\/uploads\/2020\/11\/IMG_20200925_192112.jpg","width":750,"height":750,"caption":"Alho Branco"},{"@type":"BreadcrumbList","@id":"https:\/\/latiendadesami.com\/producto\/ajo-blanco\/#breadcrumb","itemListElement":[{"@type":"ListItem","position":1,"name":"P\u00e1gina inicial","item":"https:\/\/latiendadesami.com\/pt-pt\/"},{"@type":"ListItem","position":2,"name":"Shop","item":"https:\/\/latiendadesami.com\/pt-pt\/"},{"@type":"ListItem","position":3,"name":"Pickles","item":"https:\/\/latiendadesami.com\/pt-pt\/categoria-producto\/pickles\/"},{"@type":"ListItem","position":4,"name":"Alho","item":"https:\/\/latiendadesami.com\/pt-pt\/categoria-producto\/alho\/"},{"@type":"ListItem","position":5,"name":"Alho Branco"}]},{"@type":"WebSite","@id":"https:\/\/latiendadesami.com\/#website","url":"https:\/\/latiendadesami.com\/","name":"La Tienda de Sami","description":"Conservas, azeitonas, vinho, azeite, queijos","publisher":{"@id":"https:\/\/latiendadesami.com\/#organization"},"potentialAction":[{"@type":"SearchAction","target":{"@type":"EntryPoint","urlTemplate":"https:\/\/latiendadesami.com\/?s={search_term_string}"},"query-input":{"@type":"PropertyValueSpecification","valueRequired":true,"valueName":"search_term_string"}}],"inLanguage":"pt-PT"},{"@type":"Organization","@id":"https:\/\/latiendadesami.com\/#organization","name":"La Tienda de Sami","url":"https:\/\/latiendadesami.com\/","logo":{"@type":"ImageObject","inLanguage":"pt-PT","@id":"https:\/\/latiendadesami.com\/#\/schema\/logo\/image\/","url":"https:\/\/latiendadesami.com\/wp-content\/uploads\/2020\/11\/0012222-1.jpg","contentUrl":"https:\/\/latiendadesami.com\/wp-content\/uploads\/2020\/11\/0012222-1.jpg","width":250,"height":72,"caption":"La Tienda de Sami"},"image":{"@id":"https:\/\/latiendadesami.com\/#\/schema\/logo\/image\/"},"sameAs":["https:\/\/www.facebook.com\/La-Tienda-de-Sami-106767417920851","https:\/\/x.com\/SamiSuministros","https:\/\/www.instagram.com\/samisuministros"]}]},"og_availability":"instock","product_availability":"instock","product_retailer_item_id":"ajo-blanco-900-gr-chicon","product_condition":"new"},"_links":{"self":[{"href":"https:\/\/latiendadesami.com\/pt-pt\/wp-json\/wp\/v2\/product\/11704","targetHints":{"allow":["GET"]}}],"collection":[{"href":"https:\/\/latiendadesami.com\/pt-pt\/wp-json\/wp\/v2\/product"}],"about":[{"href":"https:\/\/latiendadesami.com\/pt-pt\/wp-json\/wp\/v2\/types\/product"}],"wp:featuredmedia":[{"embeddable":true,"href":"https:\/\/latiendadesami.com\/pt-pt\/wp-json\/wp\/v2\/media\/11185"}],"wp:attachment":[{"href":"https:\/\/latiendadesami.com\/pt-pt\/wp-json\/wp\/v2\/media?parent=11704"}],"wp:term":[{"taxonomy":"product_brand","embeddable":true,"href":"https:\/\/latiendadesami.com\/pt-pt\/wp-json\/wp\/v2\/product_brand?post=11704"},{"taxonomy":"product_cat","embeddable":true,"href":"https:\/\/latiendadesami.com\/pt-pt\/wp-json\/wp\/v2\/product_cat?post=11704"},{"taxonomy":"product_tag","embeddable":true,"href":"https:\/\/latiendadesami.com\/pt-pt\/wp-json\/wp\/v2\/product_tag?post=11704"}],"curies":[{"name":"wp","href":"https:\/\/api.w.org\/{rel}","templated":true}]}}