{"id":11707,"date":"2022-01-21T15:23:05","date_gmt":"2022-01-21T14:23:05","guid":{"rendered":"https:\/\/latiendadesami.com\/producto\/gordal-estilo-caseiro\/"},"modified":"2024-08-12T22:19:15","modified_gmt":"2024-08-12T20:19:15","slug":"gordal-estilo-caseiro","status":"publish","type":"product","link":"https:\/\/latiendadesami.com\/pt-pt\/producto\/gordal-estilo-caseiro\/","title":{"rendered":"Gordal estilo caseiro"},"content":{"rendered":"<p>As azeitonas <strong>Gordal Estilo Casero<\/strong> s\u00e3o <a href=\"https:\/\/aceitunaschiconlebron.com\/catalogo-productos\/comprar-aceitunas\/deshuesadas\/\" target=\"_blank\" rel=\"noopener\">azeitonas sem caro\u00e7o<\/a> e s\u00e3o temperadas segundo uma receita tradicional.<\/p>\n<p>Estas azeitonas gordas caseiras, t\u00edpicas da aldeia de Antequera.<\/p>\n<p>T\u00eam um controlo exaustivo da temperatura que, juntamente com a utiliza\u00e7\u00e3o de especiarias totalmente naturais, lhes confere um sabor inconfund\u00edvel.<\/p>\n<p>A carne saborosa e o tratamento efectuado para reduzir a acidez destas azeitonas caseiras fazem delas um acompanhamento preferido de pratos em casas, terra\u00e7os, restaurantes e hot\u00e9is.<\/p>\n<p>O Gordal Estilo Casero \u00e9 uma das azeitonas de mesa e <a href=\"https:\/\/latiendadesami.com\/categoria-producto\/encurtidos\/\">pickles<\/a> mais consumidas tanto em Espanha como no estrangeiro.<\/p>\n<p>Caracteriza-se pelo seu tamanho, uma vez que \u00e9 normalmente maior do que outras variedades.<\/p>\n<p>Isto torna-o ideal para servir \u00e0 mesa com qualquer tipo de molho ou recheado com alimentos t\u00edpicos, tais como pepininhos ou anchovas.<\/p>\n<p>O nome <em>&#8220;Aceituna Gordal<\/em> &#8221; vem do seu tamanho e pode dizer-se que se destaca pelo seu aspecto atraente e apelativo.<\/p>\n<p>Embora a sua origem esteja na Andaluzia, o consumo de <strong>azeitonas gordas <\/strong>caseiras espalhou-se pelos Estados Unidos, sendo o local onde se tornou mais difundido fora de Espanha.<\/p>\n","protected":false},"excerpt":{"rendered":"<p>As azeitonas Gordal Estilo Casero s\u00e3o azeitonas sem caro\u00e7o e s\u00e3o temperadas segundo uma receita tradicional. Estas azeitonas gordas caseiras, t\u00edpicas da aldeia de Antequera. T\u00eam um controlo exaustivo da temperatura que, juntamente com a utiliza\u00e7\u00e3o de especiarias totalmente naturais, lhes confere um sabor inconfund\u00edvel. A carne saborosa e o tratamento efectuado para reduzir a [&hellip;]<\/p>\n","protected":false},"featured_media":11051,"template":"","meta":{"_et_pb_use_builder":"","_et_pb_old_content":"","_et_gb_content_width":""},"product_brand":[],"product_cat":[338,337],"product_tag":[],"class_list":{"0":"post-11707","1":"product","2":"type-product","3":"status-publish","4":"has-post-thumbnail","6":"product_cat-azeitonas","7":"product_cat-pickles","8":"pa_cantidad-pacote-de-6-unidades-poupanca","9":"pa_cantidad-unidade-pt-pt","11":"first","12":"instock","13":"taxable","14":"shipping-taxable","15":"purchasable","16":"product-type-variable"},"yoast_head":"<!-- This site is optimized with the Yoast SEO plugin v27.5 - https:\/\/yoast.com\/product\/yoast-seo-wordpress\/ -->\n<title>Gordal estilo caseiro - La Tienda de Sami<\/title>\n<meta name=\"description\" content=\"Gordal Estilo Caseiro - As azeitonas gordas caseiras s\u00e3o azeitonas sem caro\u00e7o e s\u00e3o temperadas de acordo com uma receita artesanal da Antquera.\" \/>\n<meta name=\"robots\" content=\"index, follow, max-snippet:-1, max-image-preview:large, max-video-preview:-1\" \/>\n<link rel=\"canonical\" href=\"https:\/\/latiendadesami.com\/pt-pt\/producto\/gordal-estilo-caseiro\/\" \/>\n<meta property=\"og:locale\" content=\"pt_PT\" \/>\n<meta property=\"og:type\" content=\"article\" \/>\n<meta property=\"og:title\" content=\"Gordal estilo caseiro - La Tienda de Sami\" \/>\n<meta property=\"og:description\" content=\"Gordal Estilo Caseiro - As azeitonas gordas caseiras s\u00e3o azeitonas sem caro\u00e7o e s\u00e3o temperadas de acordo com uma receita artesanal da Antquera.\" \/>\n<meta property=\"og:url\" content=\"https:\/\/latiendadesami.com\/pt-pt\/producto\/gordal-estilo-caseiro\/\" \/>\n<meta property=\"og:site_name\" content=\"La Tienda de Sami\" \/>\n<meta property=\"article:publisher\" content=\"https:\/\/www.facebook.com\/La-Tienda-de-Sami-106767417920851\" \/>\n<meta property=\"article:modified_time\" content=\"2024-08-12T20:19:15+00:00\" \/>\n<meta property=\"og:image\" content=\"https:\/\/latiendadesami.com\/wp-content\/uploads\/2020\/11\/gordal-casero.jpg\" \/>\n\t<meta property=\"og:image:width\" content=\"750\" \/>\n\t<meta property=\"og:image:height\" content=\"750\" \/>\n\t<meta property=\"og:image:type\" content=\"image\/jpeg\" \/>\n<meta name=\"twitter:card\" content=\"summary_large_image\" \/>\n<meta name=\"twitter:site\" content=\"@SamiSuministros\" \/>\n<meta name=\"twitter:label1\" content=\"Disponibilidade\" \/>\n\t<meta name=\"twitter:data1\" content=\"Em stock\" \/>\n<script type=\"application\/ld+json\" class=\"yoast-schema-graph\">{\"@context\":\"https:\\\/\\\/schema.org\",\"@graph\":[{\"@type\":\"WebPage\",\"@id\":\"https:\\\/\\\/latiendadesami.com\\\/pt-pt\\\/producto\\\/gordal-estilo-caseiro\\\/\",\"url\":\"https:\\\/\\\/latiendadesami.com\\\/pt-pt\\\/producto\\\/gordal-estilo-caseiro\\\/\",\"name\":\"Gordal estilo caseiro - La Tienda de Sami\",\"isPartOf\":{\"@id\":\"https:\\\/\\\/latiendadesami.com\\\/#website\"},\"primaryImageOfPage\":{\"@id\":\"https:\\\/\\\/latiendadesami.com\\\/pt-pt\\\/producto\\\/gordal-estilo-caseiro\\\/#primaryimage\"},\"image\":{\"@id\":\"https:\\\/\\\/latiendadesami.com\\\/pt-pt\\\/producto\\\/gordal-estilo-caseiro\\\/#primaryimage\"},\"thumbnailUrl\":\"https:\\\/\\\/latiendadesami.com\\\/wp-content\\\/uploads\\\/2020\\\/11\\\/gordal-casero.jpg\",\"datePublished\":\"2022-01-21T14:23:05+00:00\",\"dateModified\":\"2024-08-12T20:19:15+00:00\",\"description\":\"Gordal Estilo Caseiro - As azeitonas gordas caseiras s\u00e3o azeitonas sem caro\u00e7o e s\u00e3o temperadas de acordo com uma receita artesanal da Antquera.\",\"breadcrumb\":{\"@id\":\"https:\\\/\\\/latiendadesami.com\\\/pt-pt\\\/producto\\\/gordal-estilo-caseiro\\\/#breadcrumb\"},\"inLanguage\":\"pt-PT\",\"potentialAction\":[{\"@type\":\"ReadAction\",\"target\":[\"https:\\\/\\\/latiendadesami.com\\\/pt-pt\\\/producto\\\/gordal-estilo-caseiro\\\/\"]}]},{\"@type\":\"ImageObject\",\"inLanguage\":\"pt-PT\",\"@id\":\"https:\\\/\\\/latiendadesami.com\\\/pt-pt\\\/producto\\\/gordal-estilo-caseiro\\\/#primaryimage\",\"url\":\"https:\\\/\\\/latiendadesami.com\\\/wp-content\\\/uploads\\\/2020\\\/11\\\/gordal-casero.jpg\",\"contentUrl\":\"https:\\\/\\\/latiendadesami.com\\\/wp-content\\\/uploads\\\/2020\\\/11\\\/gordal-casero.jpg\",\"width\":750,\"height\":750,\"caption\":\"Gordal estilo caseiro\"},{\"@type\":\"BreadcrumbList\",\"@id\":\"https:\\\/\\\/latiendadesami.com\\\/pt-pt\\\/producto\\\/gordal-estilo-caseiro\\\/#breadcrumb\",\"itemListElement\":[{\"@type\":\"ListItem\",\"position\":1,\"name\":\"P\u00e1gina inicial\",\"item\":\"https:\\\/\\\/latiendadesami.com\\\/pt-pt\\\/\"},{\"@type\":\"ListItem\",\"position\":2,\"name\":\"Shop\",\"item\":\"https:\\\/\\\/latiendadesami.com\\\/pt-pt\\\/\"},{\"@type\":\"ListItem\",\"position\":3,\"name\":\"Encurtidos\",\"item\":\"https:\\\/\\\/latiendadesami.com\\\/categoria-producto\\\/encurtidos\\\/\"},{\"@type\":\"ListItem\",\"position\":4,\"name\":\"Gordal estilo caseiro\"}]},{\"@type\":\"WebSite\",\"@id\":\"https:\\\/\\\/latiendadesami.com\\\/#website\",\"url\":\"https:\\\/\\\/latiendadesami.com\\\/\",\"name\":\"La Tienda de Sami\",\"description\":\"Conservas, azeitonas, vinho, azeite, queijos\",\"publisher\":{\"@id\":\"https:\\\/\\\/latiendadesami.com\\\/#organization\"},\"potentialAction\":[{\"@type\":\"SearchAction\",\"target\":{\"@type\":\"EntryPoint\",\"urlTemplate\":\"https:\\\/\\\/latiendadesami.com\\\/?s={search_term_string}\"},\"query-input\":{\"@type\":\"PropertyValueSpecification\",\"valueRequired\":true,\"valueName\":\"search_term_string\"}}],\"inLanguage\":\"pt-PT\"},{\"@type\":\"Organization\",\"@id\":\"https:\\\/\\\/latiendadesami.com\\\/#organization\",\"name\":\"La Tienda de Sami\",\"url\":\"https:\\\/\\\/latiendadesami.com\\\/\",\"logo\":{\"@type\":\"ImageObject\",\"inLanguage\":\"pt-PT\",\"@id\":\"https:\\\/\\\/latiendadesami.com\\\/#\\\/schema\\\/logo\\\/image\\\/\",\"url\":\"https:\\\/\\\/latiendadesami.com\\\/wp-content\\\/uploads\\\/2020\\\/11\\\/0012222-1.jpg\",\"contentUrl\":\"https:\\\/\\\/latiendadesami.com\\\/wp-content\\\/uploads\\\/2020\\\/11\\\/0012222-1.jpg\",\"width\":250,\"height\":72,\"caption\":\"La Tienda de Sami\"},\"image\":{\"@id\":\"https:\\\/\\\/latiendadesami.com\\\/#\\\/schema\\\/logo\\\/image\\\/\"},\"sameAs\":[\"https:\\\/\\\/www.facebook.com\\\/La-Tienda-de-Sami-106767417920851\",\"https:\\\/\\\/x.com\\\/SamiSuministros\",\"https:\\\/\\\/www.instagram.com\\\/samisuministros\"]}]}<\/script>\n<meta property=\"og:availability\" content=\"instock\" \/>\n<meta property=\"product:availability\" content=\"instock\" \/>\n<meta property=\"product:retailer_item_id\" content=\"gordal-estilo-casero\" \/>\n<meta property=\"product:condition\" content=\"new\" \/>\n<!-- \/ Yoast SEO plugin. -->","yoast_head_json":{"title":"Gordal estilo caseiro - La Tienda de Sami","description":"Gordal Estilo Caseiro - As azeitonas gordas caseiras s\u00e3o azeitonas sem caro\u00e7o e s\u00e3o temperadas de acordo com uma receita artesanal da Antquera.","robots":{"index":"index","follow":"follow","max-snippet":"max-snippet:-1","max-image-preview":"max-image-preview:large","max-video-preview":"max-video-preview:-1"},"canonical":"https:\/\/latiendadesami.com\/pt-pt\/producto\/gordal-estilo-caseiro\/","og_locale":"pt_PT","og_type":"article","og_title":"Gordal estilo caseiro - La Tienda de Sami","og_description":"Gordal Estilo Caseiro - As azeitonas gordas caseiras s\u00e3o azeitonas sem caro\u00e7o e s\u00e3o temperadas de acordo com uma receita artesanal da Antquera.","og_url":"https:\/\/latiendadesami.com\/pt-pt\/producto\/gordal-estilo-caseiro\/","og_site_name":"La Tienda de Sami","article_publisher":"https:\/\/www.facebook.com\/La-Tienda-de-Sami-106767417920851","article_modified_time":"2024-08-12T20:19:15+00:00","og_image":[{"width":750,"height":750,"url":"https:\/\/latiendadesami.com\/wp-content\/uploads\/2020\/11\/gordal-casero.jpg","type":"image\/jpeg"}],"twitter_card":"summary_large_image","twitter_site":"@SamiSuministros","twitter_misc":{"Disponibilidade":"Em stock"},"schema":{"@context":"https:\/\/schema.org","@graph":[{"@type":"WebPage","@id":"https:\/\/latiendadesami.com\/pt-pt\/producto\/gordal-estilo-caseiro\/","url":"https:\/\/latiendadesami.com\/pt-pt\/producto\/gordal-estilo-caseiro\/","name":"Gordal estilo caseiro - La Tienda de Sami","isPartOf":{"@id":"https:\/\/latiendadesami.com\/#website"},"primaryImageOfPage":{"@id":"https:\/\/latiendadesami.com\/pt-pt\/producto\/gordal-estilo-caseiro\/#primaryimage"},"image":{"@id":"https:\/\/latiendadesami.com\/pt-pt\/producto\/gordal-estilo-caseiro\/#primaryimage"},"thumbnailUrl":"https:\/\/latiendadesami.com\/wp-content\/uploads\/2020\/11\/gordal-casero.jpg","datePublished":"2022-01-21T14:23:05+00:00","dateModified":"2024-08-12T20:19:15+00:00","description":"Gordal Estilo Caseiro - As azeitonas gordas caseiras s\u00e3o azeitonas sem caro\u00e7o e s\u00e3o temperadas de acordo com uma receita artesanal da Antquera.","breadcrumb":{"@id":"https:\/\/latiendadesami.com\/pt-pt\/producto\/gordal-estilo-caseiro\/#breadcrumb"},"inLanguage":"pt-PT","potentialAction":[{"@type":"ReadAction","target":["https:\/\/latiendadesami.com\/pt-pt\/producto\/gordal-estilo-caseiro\/"]}]},{"@type":"ImageObject","inLanguage":"pt-PT","@id":"https:\/\/latiendadesami.com\/pt-pt\/producto\/gordal-estilo-caseiro\/#primaryimage","url":"https:\/\/latiendadesami.com\/wp-content\/uploads\/2020\/11\/gordal-casero.jpg","contentUrl":"https:\/\/latiendadesami.com\/wp-content\/uploads\/2020\/11\/gordal-casero.jpg","width":750,"height":750,"caption":"Gordal estilo caseiro"},{"@type":"BreadcrumbList","@id":"https:\/\/latiendadesami.com\/pt-pt\/producto\/gordal-estilo-caseiro\/#breadcrumb","itemListElement":[{"@type":"ListItem","position":1,"name":"P\u00e1gina inicial","item":"https:\/\/latiendadesami.com\/pt-pt\/"},{"@type":"ListItem","position":2,"name":"Shop","item":"https:\/\/latiendadesami.com\/pt-pt\/"},{"@type":"ListItem","position":3,"name":"Encurtidos","item":"https:\/\/latiendadesami.com\/categoria-producto\/encurtidos\/"},{"@type":"ListItem","position":4,"name":"Gordal estilo caseiro"}]},{"@type":"WebSite","@id":"https:\/\/latiendadesami.com\/#website","url":"https:\/\/latiendadesami.com\/","name":"La Tienda de Sami","description":"Conservas, azeitonas, vinho, azeite, queijos","publisher":{"@id":"https:\/\/latiendadesami.com\/#organization"},"potentialAction":[{"@type":"SearchAction","target":{"@type":"EntryPoint","urlTemplate":"https:\/\/latiendadesami.com\/?s={search_term_string}"},"query-input":{"@type":"PropertyValueSpecification","valueRequired":true,"valueName":"search_term_string"}}],"inLanguage":"pt-PT"},{"@type":"Organization","@id":"https:\/\/latiendadesami.com\/#organization","name":"La Tienda de Sami","url":"https:\/\/latiendadesami.com\/","logo":{"@type":"ImageObject","inLanguage":"pt-PT","@id":"https:\/\/latiendadesami.com\/#\/schema\/logo\/image\/","url":"https:\/\/latiendadesami.com\/wp-content\/uploads\/2020\/11\/0012222-1.jpg","contentUrl":"https:\/\/latiendadesami.com\/wp-content\/uploads\/2020\/11\/0012222-1.jpg","width":250,"height":72,"caption":"La Tienda de Sami"},"image":{"@id":"https:\/\/latiendadesami.com\/#\/schema\/logo\/image\/"},"sameAs":["https:\/\/www.facebook.com\/La-Tienda-de-Sami-106767417920851","https:\/\/x.com\/SamiSuministros","https:\/\/www.instagram.com\/samisuministros"]}]},"og_availability":"instock","product_availability":"instock","product_retailer_item_id":"gordal-estilo-casero","product_condition":"new"},"_links":{"self":[{"href":"https:\/\/latiendadesami.com\/pt-pt\/wp-json\/wp\/v2\/product\/11707","targetHints":{"allow":["GET"]}}],"collection":[{"href":"https:\/\/latiendadesami.com\/pt-pt\/wp-json\/wp\/v2\/product"}],"about":[{"href":"https:\/\/latiendadesami.com\/pt-pt\/wp-json\/wp\/v2\/types\/product"}],"wp:featuredmedia":[{"embeddable":true,"href":"https:\/\/latiendadesami.com\/pt-pt\/wp-json\/wp\/v2\/media\/11051"}],"wp:attachment":[{"href":"https:\/\/latiendadesami.com\/pt-pt\/wp-json\/wp\/v2\/media?parent=11707"}],"wp:term":[{"taxonomy":"product_brand","embeddable":true,"href":"https:\/\/latiendadesami.com\/pt-pt\/wp-json\/wp\/v2\/product_brand?post=11707"},{"taxonomy":"product_cat","embeddable":true,"href":"https:\/\/latiendadesami.com\/pt-pt\/wp-json\/wp\/v2\/product_cat?post=11707"},{"taxonomy":"product_tag","embeddable":true,"href":"https:\/\/latiendadesami.com\/pt-pt\/wp-json\/wp\/v2\/product_tag?post=11707"}],"curies":[{"name":"wp","href":"https:\/\/api.w.org\/{rel}","templated":true}]}}