{"id":11763,"date":"2020-11-02T09:51:38","date_gmt":"2020-11-02T08:51:38","guid":{"rendered":"https:\/\/latiendadesami.com\/producto\/ovos-mexidos-extra\/"},"modified":"2022-08-22T14:44:45","modified_gmt":"2022-08-22T12:44:45","slug":"ovos-mexidos-extra","status":"publish","type":"product","link":"https:\/\/latiendadesami.com\/pt-pt\/producto\/ovos-mexidos-extra\/","title":{"rendered":"Ovos mexidos Extra"},"content":{"rendered":"<p>Os nossos ovos mexidos extra com azeitonas e pickles s\u00e3o compostos por <a href=\"https:\/\/aceitunaschiconlebron.com\/catalogo\/revuelto-extra-aceitunas-encurtidos\/\" target=\"_blank\" rel=\"noopener\">azeitonas de<\/a> manzanila, cornich\u00e3o, cebola e cenoura.<\/p>\n<p>Esta combina\u00e7\u00e3o de azeitonas e pickles torna poss\u00edvel desfrutar de um sabor imbat\u00edvel nas suas tapas ou aperitivos.<\/p>\n<p>\u00c9 um complemento muito saud\u00e1vel da nossa dieta mediterr\u00e2nica nutritiva tradicional.<\/p>\n<p>Os pickles deixaram de ser uma t\u00e9cnica antiqu\u00edssima para conservar alimentos em todo o mundo para se tornarem um dos mais populares tapas ou aperitivos da gastronomia espanhola.<\/p>\n<h3><strong>Benef\u00edcios do Scrambled Extra<\/strong><\/h3>\n<p>Conhecia os benef\u00edcios do Revuelto Extra e dos pickles em geral? Os mais importantes est\u00e3o listados abaixo:<\/p>\n<ul>\n<li>Rico em probi\u00f3ticos.<\/li>\n<li>Ajudam a digest\u00e3o.<\/li>\n<li>Elas refor\u00e7am o sistema imunit\u00e1rio.<\/li>\n<li>Reduzem os desejos de a\u00e7\u00facar.<\/li>\n<li>Favor\u00e1vel para a ves\u00edcula biliar.<\/li>\n<\/ul>\n<p>&nbsp;<\/p>\n<p>Se quiser comprar azeitonas ou qualquer outro tipo de <a href=\"https:\/\/latiendadesami.com\/categoria-producto\/encurtidos\/\" rel=\"noopener\">pickles<\/a>, n\u00e3o hesite em consultar o nosso cat\u00e1logo online para ver a grande variedade de <a href=\"https:\/\/latiendadesami.com\/categoria-producto\/encurtidos\/aceitunas\/\">azeitonas<\/a> que temos.<\/p>\n","protected":false},"excerpt":{"rendered":"<p>Os nossos ovos mexidos extra com azeitonas e pickles s\u00e3o compostos por azeitonas de manzanila, cornich\u00e3o, cebola e cenoura. Esta combina\u00e7\u00e3o de azeitonas e pickles torna poss\u00edvel desfrutar de um sabor imbat\u00edvel nas suas tapas ou aperitivos. \u00c9 um complemento muito saud\u00e1vel da nossa dieta mediterr\u00e2nica nutritiva tradicional. Os pickles deixaram de ser uma t\u00e9cnica [&hellip;]<\/p>\n","protected":false},"featured_media":10902,"template":"","meta":{"_et_pb_use_builder":"","_et_pb_old_content":"","_et_gb_content_width":""},"product_brand":[],"product_cat":[338,337],"product_tag":[342],"class_list":{"0":"post-11763","1":"product","2":"type-product","3":"status-publish","4":"has-post-thumbnail","6":"product_cat-azeitonas","7":"product_cat-pickles","8":"product_tag-ovos-mexidos","9":"pa_cantidad-pacote-de-6-unidades","10":"pa_cantidad-unidade-pt-pt","12":"first","13":"instock","14":"taxable","15":"shipping-taxable","16":"purchasable","17":"product-type-variable"},"yoast_head":"<!-- This site is optimized with the Yoast SEO plugin v27.3 - https:\/\/yoast.com\/product\/yoast-seo-wordpress\/ -->\n<title>Ovos mexidos Extra - La Tienda de Sami<\/title>\n<meta name=\"description\" content=\"Os nossos ovos mexidos extra com azeitonas e pickles s\u00e3o compostos por azeitonas de manzanila, cornich\u00e3o, cebola e cenoura.\" \/>\n<meta name=\"robots\" content=\"index, follow, max-snippet:-1, max-image-preview:large, max-video-preview:-1\" \/>\n<link rel=\"canonical\" href=\"https:\/\/latiendadesami.com\/producto\/revuelto-extra\/\" \/>\n<meta property=\"og:locale\" content=\"pt_PT\" \/>\n<meta property=\"og:type\" content=\"article\" \/>\n<meta property=\"og:title\" content=\"Ovos mexidos Extra - La Tienda de Sami\" \/>\n<meta property=\"og:description\" content=\"Os nossos ovos mexidos extra com azeitonas e pickles s\u00e3o compostos por azeitonas de manzanila, cornich\u00e3o, cebola e cenoura.\" \/>\n<meta property=\"og:url\" content=\"https:\/\/latiendadesami.com\/producto\/revuelto-extra\/\" \/>\n<meta property=\"og:site_name\" content=\"La Tienda de Sami\" \/>\n<meta property=\"article:publisher\" content=\"https:\/\/www.facebook.com\/La-Tienda-de-Sami-106767417920851\" \/>\n<meta property=\"article:modified_time\" content=\"2022-08-22T12:44:45+00:00\" \/>\n<meta property=\"og:image\" content=\"https:\/\/latiendadesami.com\/wp-content\/uploads\/2020\/11\/revuelto_extra.jpg\" \/>\n\t<meta property=\"og:image:width\" content=\"750\" \/>\n\t<meta property=\"og:image:height\" content=\"750\" \/>\n\t<meta property=\"og:image:type\" content=\"image\/jpeg\" \/>\n<meta name=\"twitter:card\" content=\"summary_large_image\" \/>\n<meta name=\"twitter:site\" content=\"@SamiSuministros\" \/>\n<meta name=\"twitter:label1\" content=\"Disponibilidade\" \/>\n\t<meta name=\"twitter:data1\" content=\"Em stock\" \/>\n<script type=\"application\/ld+json\" class=\"yoast-schema-graph\">{\"@context\":\"https:\\\/\\\/schema.org\",\"@graph\":[{\"@type\":\"WebPage\",\"@id\":\"https:\\\/\\\/latiendadesami.com\\\/producto\\\/revuelto-extra\\\/\",\"url\":\"https:\\\/\\\/latiendadesami.com\\\/producto\\\/revuelto-extra\\\/\",\"name\":\"Ovos mexidos Extra - La Tienda de Sami\",\"isPartOf\":{\"@id\":\"https:\\\/\\\/latiendadesami.com\\\/#website\"},\"primaryImageOfPage\":{\"@id\":\"https:\\\/\\\/latiendadesami.com\\\/producto\\\/revuelto-extra\\\/#primaryimage\"},\"image\":{\"@id\":\"https:\\\/\\\/latiendadesami.com\\\/producto\\\/revuelto-extra\\\/#primaryimage\"},\"thumbnailUrl\":\"https:\\\/\\\/latiendadesami.com\\\/wp-content\\\/uploads\\\/2020\\\/11\\\/revuelto_extra.jpg\",\"datePublished\":\"2020-11-02T08:51:38+00:00\",\"dateModified\":\"2022-08-22T12:44:45+00:00\",\"description\":\"Os nossos ovos mexidos extra com azeitonas e pickles s\u00e3o compostos por azeitonas de manzanila, cornich\u00e3o, cebola e cenoura.\",\"breadcrumb\":{\"@id\":\"https:\\\/\\\/latiendadesami.com\\\/producto\\\/revuelto-extra\\\/#breadcrumb\"},\"inLanguage\":\"pt-PT\",\"potentialAction\":[{\"@type\":\"ReadAction\",\"target\":[\"https:\\\/\\\/latiendadesami.com\\\/producto\\\/revuelto-extra\\\/\"]}]},{\"@type\":\"ImageObject\",\"inLanguage\":\"pt-PT\",\"@id\":\"https:\\\/\\\/latiendadesami.com\\\/producto\\\/revuelto-extra\\\/#primaryimage\",\"url\":\"https:\\\/\\\/latiendadesami.com\\\/wp-content\\\/uploads\\\/2020\\\/11\\\/revuelto_extra.jpg\",\"contentUrl\":\"https:\\\/\\\/latiendadesami.com\\\/wp-content\\\/uploads\\\/2020\\\/11\\\/revuelto_extra.jpg\",\"width\":750,\"height\":750,\"caption\":\"Ovos mexidos Extra\"},{\"@type\":\"BreadcrumbList\",\"@id\":\"https:\\\/\\\/latiendadesami.com\\\/producto\\\/revuelto-extra\\\/#breadcrumb\",\"itemListElement\":[{\"@type\":\"ListItem\",\"position\":1,\"name\":\"P\u00e1gina inicial\",\"item\":\"https:\\\/\\\/latiendadesami.com\\\/pt-pt\\\/\"},{\"@type\":\"ListItem\",\"position\":2,\"name\":\"Shop\",\"item\":\"https:\\\/\\\/latiendadesami.com\\\/pt-pt\\\/\"},{\"@type\":\"ListItem\",\"position\":3,\"name\":\"Pickles\",\"item\":\"https:\\\/\\\/latiendadesami.com\\\/pt-pt\\\/categoria-producto\\\/pickles\\\/\"},{\"@type\":\"ListItem\",\"position\":4,\"name\":\"Azeitonas\",\"item\":\"https:\\\/\\\/latiendadesami.com\\\/pt-pt\\\/categoria-producto\\\/azeitonas\\\/\"},{\"@type\":\"ListItem\",\"position\":5,\"name\":\"Ovos mexidos Extra\"}]},{\"@type\":\"WebSite\",\"@id\":\"https:\\\/\\\/latiendadesami.com\\\/#website\",\"url\":\"https:\\\/\\\/latiendadesami.com\\\/\",\"name\":\"La Tienda de Sami\",\"description\":\"Conservas, azeitonas, vinho, azeite, queijos\",\"publisher\":{\"@id\":\"https:\\\/\\\/latiendadesami.com\\\/#organization\"},\"potentialAction\":[{\"@type\":\"SearchAction\",\"target\":{\"@type\":\"EntryPoint\",\"urlTemplate\":\"https:\\\/\\\/latiendadesami.com\\\/?s={search_term_string}\"},\"query-input\":{\"@type\":\"PropertyValueSpecification\",\"valueRequired\":true,\"valueName\":\"search_term_string\"}}],\"inLanguage\":\"pt-PT\"},{\"@type\":\"Organization\",\"@id\":\"https:\\\/\\\/latiendadesami.com\\\/#organization\",\"name\":\"La Tienda de Sami\",\"url\":\"https:\\\/\\\/latiendadesami.com\\\/\",\"logo\":{\"@type\":\"ImageObject\",\"inLanguage\":\"pt-PT\",\"@id\":\"https:\\\/\\\/latiendadesami.com\\\/#\\\/schema\\\/logo\\\/image\\\/\",\"url\":\"https:\\\/\\\/latiendadesami.com\\\/wp-content\\\/uploads\\\/2020\\\/11\\\/0012222-1.jpg\",\"contentUrl\":\"https:\\\/\\\/latiendadesami.com\\\/wp-content\\\/uploads\\\/2020\\\/11\\\/0012222-1.jpg\",\"width\":250,\"height\":72,\"caption\":\"La Tienda de Sami\"},\"image\":{\"@id\":\"https:\\\/\\\/latiendadesami.com\\\/#\\\/schema\\\/logo\\\/image\\\/\"},\"sameAs\":[\"https:\\\/\\\/www.facebook.com\\\/La-Tienda-de-Sami-106767417920851\",\"https:\\\/\\\/x.com\\\/SamiSuministros\",\"https:\\\/\\\/www.instagram.com\\\/samisuministros\"]}]}<\/script>\n<meta property=\"og:availability\" content=\"instock\" \/>\n<meta property=\"product:availability\" content=\"instock\" \/>\n<meta property=\"product:retailer_item_id\" content=\"revuelto-extra-900-gr-chicon\" \/>\n<meta property=\"product:condition\" content=\"new\" \/>\n<!-- \/ Yoast SEO plugin. -->","yoast_head_json":{"title":"Ovos mexidos Extra - La Tienda de Sami","description":"Os nossos ovos mexidos extra com azeitonas e pickles s\u00e3o compostos por azeitonas de manzanila, cornich\u00e3o, cebola e cenoura.","robots":{"index":"index","follow":"follow","max-snippet":"max-snippet:-1","max-image-preview":"max-image-preview:large","max-video-preview":"max-video-preview:-1"},"canonical":"https:\/\/latiendadesami.com\/producto\/revuelto-extra\/","og_locale":"pt_PT","og_type":"article","og_title":"Ovos mexidos Extra - La Tienda de Sami","og_description":"Os nossos ovos mexidos extra com azeitonas e pickles s\u00e3o compostos por azeitonas de manzanila, cornich\u00e3o, cebola e cenoura.","og_url":"https:\/\/latiendadesami.com\/producto\/revuelto-extra\/","og_site_name":"La Tienda de Sami","article_publisher":"https:\/\/www.facebook.com\/La-Tienda-de-Sami-106767417920851","article_modified_time":"2022-08-22T12:44:45+00:00","og_image":[{"width":750,"height":750,"url":"https:\/\/latiendadesami.com\/wp-content\/uploads\/2020\/11\/revuelto_extra.jpg","type":"image\/jpeg"}],"twitter_card":"summary_large_image","twitter_site":"@SamiSuministros","twitter_misc":{"Disponibilidade":"Em stock"},"schema":{"@context":"https:\/\/schema.org","@graph":[{"@type":"WebPage","@id":"https:\/\/latiendadesami.com\/producto\/revuelto-extra\/","url":"https:\/\/latiendadesami.com\/producto\/revuelto-extra\/","name":"Ovos mexidos Extra - La Tienda de Sami","isPartOf":{"@id":"https:\/\/latiendadesami.com\/#website"},"primaryImageOfPage":{"@id":"https:\/\/latiendadesami.com\/producto\/revuelto-extra\/#primaryimage"},"image":{"@id":"https:\/\/latiendadesami.com\/producto\/revuelto-extra\/#primaryimage"},"thumbnailUrl":"https:\/\/latiendadesami.com\/wp-content\/uploads\/2020\/11\/revuelto_extra.jpg","datePublished":"2020-11-02T08:51:38+00:00","dateModified":"2022-08-22T12:44:45+00:00","description":"Os nossos ovos mexidos extra com azeitonas e pickles s\u00e3o compostos por azeitonas de manzanila, cornich\u00e3o, cebola e cenoura.","breadcrumb":{"@id":"https:\/\/latiendadesami.com\/producto\/revuelto-extra\/#breadcrumb"},"inLanguage":"pt-PT","potentialAction":[{"@type":"ReadAction","target":["https:\/\/latiendadesami.com\/producto\/revuelto-extra\/"]}]},{"@type":"ImageObject","inLanguage":"pt-PT","@id":"https:\/\/latiendadesami.com\/producto\/revuelto-extra\/#primaryimage","url":"https:\/\/latiendadesami.com\/wp-content\/uploads\/2020\/11\/revuelto_extra.jpg","contentUrl":"https:\/\/latiendadesami.com\/wp-content\/uploads\/2020\/11\/revuelto_extra.jpg","width":750,"height":750,"caption":"Ovos mexidos Extra"},{"@type":"BreadcrumbList","@id":"https:\/\/latiendadesami.com\/producto\/revuelto-extra\/#breadcrumb","itemListElement":[{"@type":"ListItem","position":1,"name":"P\u00e1gina inicial","item":"https:\/\/latiendadesami.com\/pt-pt\/"},{"@type":"ListItem","position":2,"name":"Shop","item":"https:\/\/latiendadesami.com\/pt-pt\/"},{"@type":"ListItem","position":3,"name":"Pickles","item":"https:\/\/latiendadesami.com\/pt-pt\/categoria-producto\/pickles\/"},{"@type":"ListItem","position":4,"name":"Azeitonas","item":"https:\/\/latiendadesami.com\/pt-pt\/categoria-producto\/azeitonas\/"},{"@type":"ListItem","position":5,"name":"Ovos mexidos Extra"}]},{"@type":"WebSite","@id":"https:\/\/latiendadesami.com\/#website","url":"https:\/\/latiendadesami.com\/","name":"La Tienda de Sami","description":"Conservas, azeitonas, vinho, azeite, queijos","publisher":{"@id":"https:\/\/latiendadesami.com\/#organization"},"potentialAction":[{"@type":"SearchAction","target":{"@type":"EntryPoint","urlTemplate":"https:\/\/latiendadesami.com\/?s={search_term_string}"},"query-input":{"@type":"PropertyValueSpecification","valueRequired":true,"valueName":"search_term_string"}}],"inLanguage":"pt-PT"},{"@type":"Organization","@id":"https:\/\/latiendadesami.com\/#organization","name":"La Tienda de Sami","url":"https:\/\/latiendadesami.com\/","logo":{"@type":"ImageObject","inLanguage":"pt-PT","@id":"https:\/\/latiendadesami.com\/#\/schema\/logo\/image\/","url":"https:\/\/latiendadesami.com\/wp-content\/uploads\/2020\/11\/0012222-1.jpg","contentUrl":"https:\/\/latiendadesami.com\/wp-content\/uploads\/2020\/11\/0012222-1.jpg","width":250,"height":72,"caption":"La Tienda de Sami"},"image":{"@id":"https:\/\/latiendadesami.com\/#\/schema\/logo\/image\/"},"sameAs":["https:\/\/www.facebook.com\/La-Tienda-de-Sami-106767417920851","https:\/\/x.com\/SamiSuministros","https:\/\/www.instagram.com\/samisuministros"]}]},"og_availability":"instock","product_availability":"instock","product_retailer_item_id":"revuelto-extra-900-gr-chicon","product_condition":"new"},"_links":{"self":[{"href":"https:\/\/latiendadesami.com\/pt-pt\/wp-json\/wp\/v2\/product\/11763","targetHints":{"allow":["GET"]}}],"collection":[{"href":"https:\/\/latiendadesami.com\/pt-pt\/wp-json\/wp\/v2\/product"}],"about":[{"href":"https:\/\/latiendadesami.com\/pt-pt\/wp-json\/wp\/v2\/types\/product"}],"wp:featuredmedia":[{"embeddable":true,"href":"https:\/\/latiendadesami.com\/pt-pt\/wp-json\/wp\/v2\/media\/10902"}],"wp:attachment":[{"href":"https:\/\/latiendadesami.com\/pt-pt\/wp-json\/wp\/v2\/media?parent=11763"}],"wp:term":[{"taxonomy":"product_brand","embeddable":true,"href":"https:\/\/latiendadesami.com\/pt-pt\/wp-json\/wp\/v2\/product_brand?post=11763"},{"taxonomy":"product_cat","embeddable":true,"href":"https:\/\/latiendadesami.com\/pt-pt\/wp-json\/wp\/v2\/product_cat?post=11763"},{"taxonomy":"product_tag","embeddable":true,"href":"https:\/\/latiendadesami.com\/pt-pt\/wp-json\/wp\/v2\/product_tag?post=11763"}],"curies":[{"name":"wp","href":"https:\/\/api.w.org\/{rel}","templated":true}]}}