{"id":11770,"date":"2020-11-02T09:54:20","date_gmt":"2020-11-02T08:54:20","guid":{"rendered":"https:\/\/latiendadesami.com\/producto\/camomila-recheada-de-pepino-38kg-kimbitos\/"},"modified":"2023-06-26T10:41:07","modified_gmt":"2023-06-26T08:41:07","slug":"camomila-recheada-de-pepino-38kg-kimbitos","status":"publish","type":"product","link":"https:\/\/latiendadesami.com\/pt-pt\/producto\/camomila-recheada-de-pepino-38kg-kimbitos\/","title":{"rendered":"Camomila recheada de pepino 3,8kg Kimbitos"},"content":{"rendered":"<p>Manzanilla Cucumber Stuffed 3,8kg Kimbitos \u00e9 um snack no qual encontramos as azeitonas tradicionais de <a href=\"https:\/\/www.laencajera.es\/encurtidos-de-almagro\" target=\"_blank\" rel=\"noopener\">manzanilla<\/a> recheadas com pepino.<\/p>\n<p>Um acompanhamento ideal para os pratos tradicionais.<\/p>\n<p>Kimbitos \u00e9 o nome pelo qual conhecemos, em certas partes de Espanha, a azeitona manzanilla picada com um picles de pepino.<\/p>\n<p>\u00c9 feito \u00e0 m\u00e3o para fazer esta uni\u00e3o.<\/p>\n<h3>Benef\u00edcios da Camomila Recheada de Pepino 3,8kg de Kimbitos<\/h3>\n<p>Conhecia os m\u00faltiplos benef\u00edcios destas azeitonas? Estes t\u00eam um alto poder de preven\u00e7\u00e3o de doen\u00e7as card\u00edacas e circulat\u00f3rias em geral.<\/p>\n<p>Isto deve-se ao seu elevado teor de gorduras insaturadas. \u00c9 tamb\u00e9m um alimento que cont\u00e9m muito ferro e fibra e \u00e9 altamente saciante, tornando-o um petisco perfeito.<\/p>\n<p>Se quiser comprar azeitonas ou qualquer outro tipo de <a href=\"https:\/\/latiendadesami.com\/categoria-producto\/encurtidos\/\" rel=\"noopener\">pickles<\/a>, n\u00e3o hesite em consultar o nosso cat\u00e1logo online para ver a grande variedade de <a href=\"https:\/\/latiendadesami.com\/categoria-producto\/encurtidos\/aceitunas\/\">azeitonas<\/a> que temos.<\/p>\n<p>Origem: Castilla la Mancha.<\/p>\n<p>Ingredientes: Azeitonas, pepininhos, \u00e1gua, sal, acidulante (E-330), conservantes (E211, E-202, E-260), aromatizantes (E-621, E-631, E-627), antioxidantes (E-300) e aromatizantes naturais. Pode conter vest\u00edgios de sulfitos.<\/p>\n<h3>Informa\u00e7\u00f5es nutricionais<\/h3>\n<p>Valor energ\u00e9tico 132 kcal\/ 553 kj Gordura 13,4 g dos quais saturados 1,7 g Carboidratos 0,8 g dos quais a\u00e7\u00facar 0,09 g Fibra alimentar 0,5 g Prote\u00edna 2,6 g Sal 2,0 g<\/p>\n","protected":false},"excerpt":{"rendered":"<p>Manzanilla Cucumber Stuffed 3,8kg Kimbitos \u00e9 um snack no qual encontramos as azeitonas tradicionais de manzanilla recheadas com pepino. Um acompanhamento ideal para os pratos tradicionais. Kimbitos \u00e9 o nome pelo qual conhecemos, em certas partes de Espanha, a azeitona manzanilla picada com um picles de pepino. \u00c9 feito \u00e0 m\u00e3o para fazer esta uni\u00e3o. [&hellip;]<\/p>\n","protected":false},"featured_media":11038,"template":"","meta":{"_et_pb_use_builder":"","_et_pb_old_content":"","_et_gb_content_width":""},"product_brand":[],"product_cat":[338,340,337],"product_tag":[358],"class_list":{"0":"post-11770","1":"product","2":"type-product","3":"status-publish","4":"has-post-thumbnail","6":"product_cat-azeitonas","7":"product_cat-gherkins","8":"product_cat-pickles","9":"product_tag-kimbo-pt-pt","10":"pa_cantidad-unidade-pt-pt","12":"first","13":"instock","14":"taxable","15":"shipping-taxable","16":"purchasable","17":"product-type-simple"},"yoast_head":"<!-- This site is optimized with the Yoast SEO plugin v27.3 - https:\/\/yoast.com\/product\/yoast-seo-wordpress\/ -->\n<title>Camomila recheada de pepino 3,8kg Kimbitos - La Tienda de Sami<\/title>\n<meta name=\"description\" content=\"Manzanilla recheada com pepino 3,8kg Kimbitos - Um lanche em que encontramos as azeitonas tradicionais de manzanilla recheadas com pepino.\" \/>\n<meta name=\"robots\" content=\"index, follow, max-snippet:-1, max-image-preview:large, max-video-preview:-1\" \/>\n<link rel=\"canonical\" href=\"https:\/\/latiendadesami.com\/producto\/mazanilla-rellena-de-pepino-38kg-kimbitos\/\" \/>\n<meta property=\"og:locale\" content=\"pt_PT\" \/>\n<meta property=\"og:type\" content=\"article\" \/>\n<meta property=\"og:title\" content=\"Camomila recheada de pepino 3,8kg Kimbitos - La Tienda de Sami\" \/>\n<meta property=\"og:description\" content=\"Manzanilla recheada com pepino 3,8kg Kimbitos - Um lanche em que encontramos as azeitonas tradicionais de manzanilla recheadas com pepino.\" \/>\n<meta property=\"og:url\" content=\"https:\/\/latiendadesami.com\/producto\/mazanilla-rellena-de-pepino-38kg-kimbitos\/\" \/>\n<meta property=\"og:site_name\" content=\"La Tienda de Sami\" \/>\n<meta property=\"article:publisher\" content=\"https:\/\/www.facebook.com\/La-Tienda-de-Sami-106767417920851\" \/>\n<meta property=\"article:modified_time\" content=\"2023-06-26T08:41:07+00:00\" \/>\n<meta property=\"og:image\" content=\"http:\/\/latiendadesami.com\/wp-content\/uploads\/2020\/11\/kimbitos-encajera.jpg\" \/>\n\t<meta property=\"og:image:width\" content=\"750\" \/>\n\t<meta property=\"og:image:height\" content=\"750\" \/>\n\t<meta property=\"og:image:type\" content=\"image\/jpeg\" \/>\n<meta name=\"twitter:card\" content=\"summary_large_image\" \/>\n<meta name=\"twitter:site\" content=\"@SamiSuministros\" \/>\n<meta name=\"twitter:label1\" content=\"pre\u00e7o\" \/>\n\t<meta name=\"twitter:data1\" content=\"12,99&nbsp;&euro;\" \/>\n\t<meta name=\"twitter:label2\" content=\"Disponibilidade\" \/>\n\t<meta name=\"twitter:data2\" content=\"Em stock\" \/>\n<script type=\"application\/ld+json\" class=\"yoast-schema-graph\">{\"@context\":\"https:\\\/\\\/schema.org\",\"@graph\":[{\"@type\":\"WebPage\",\"@id\":\"https:\\\/\\\/latiendadesami.com\\\/producto\\\/mazanilla-rellena-de-pepino-38kg-kimbitos\\\/\",\"url\":\"https:\\\/\\\/latiendadesami.com\\\/producto\\\/mazanilla-rellena-de-pepino-38kg-kimbitos\\\/\",\"name\":\"Camomila recheada de pepino 3,8kg Kimbitos - La Tienda de Sami\",\"isPartOf\":{\"@id\":\"https:\\\/\\\/latiendadesami.com\\\/#website\"},\"primaryImageOfPage\":{\"@id\":\"https:\\\/\\\/latiendadesami.com\\\/producto\\\/mazanilla-rellena-de-pepino-38kg-kimbitos\\\/#primaryimage\"},\"image\":{\"@id\":\"https:\\\/\\\/latiendadesami.com\\\/producto\\\/mazanilla-rellena-de-pepino-38kg-kimbitos\\\/#primaryimage\"},\"thumbnailUrl\":\"https:\\\/\\\/latiendadesami.com\\\/wp-content\\\/uploads\\\/2020\\\/11\\\/kimbitos-encajera.jpg\",\"datePublished\":\"2020-11-02T08:54:20+00:00\",\"dateModified\":\"2023-06-26T08:41:07+00:00\",\"description\":\"Manzanilla recheada com pepino 3,8kg Kimbitos - Um lanche em que encontramos as azeitonas tradicionais de manzanilla recheadas com pepino.\",\"breadcrumb\":{\"@id\":\"https:\\\/\\\/latiendadesami.com\\\/producto\\\/mazanilla-rellena-de-pepino-38kg-kimbitos\\\/#breadcrumb\"},\"inLanguage\":\"pt-PT\",\"potentialAction\":[{\"@type\":\"ReadAction\",\"target\":[\"https:\\\/\\\/latiendadesami.com\\\/producto\\\/mazanilla-rellena-de-pepino-38kg-kimbitos\\\/\"]}]},{\"@type\":\"ImageObject\",\"inLanguage\":\"pt-PT\",\"@id\":\"https:\\\/\\\/latiendadesami.com\\\/producto\\\/mazanilla-rellena-de-pepino-38kg-kimbitos\\\/#primaryimage\",\"url\":\"https:\\\/\\\/latiendadesami.com\\\/wp-content\\\/uploads\\\/2020\\\/11\\\/kimbitos-encajera.jpg\",\"contentUrl\":\"https:\\\/\\\/latiendadesami.com\\\/wp-content\\\/uploads\\\/2020\\\/11\\\/kimbitos-encajera.jpg\",\"width\":750,\"height\":750,\"caption\":\"Camomila recheada de pepino 3,8kg Kimbitos\"},{\"@type\":\"BreadcrumbList\",\"@id\":\"https:\\\/\\\/latiendadesami.com\\\/producto\\\/mazanilla-rellena-de-pepino-38kg-kimbitos\\\/#breadcrumb\",\"itemListElement\":[{\"@type\":\"ListItem\",\"position\":1,\"name\":\"P\u00e1gina inicial\",\"item\":\"https:\\\/\\\/latiendadesami.com\\\/pt-pt\\\/\"},{\"@type\":\"ListItem\",\"position\":2,\"name\":\"Shop\",\"item\":\"https:\\\/\\\/latiendadesami.com\\\/pt-pt\\\/\"},{\"@type\":\"ListItem\",\"position\":3,\"name\":\"Pickles\",\"item\":\"https:\\\/\\\/latiendadesami.com\\\/pt-pt\\\/categoria-producto\\\/pickles\\\/\"},{\"@type\":\"ListItem\",\"position\":4,\"name\":\"Azeitonas\",\"item\":\"https:\\\/\\\/latiendadesami.com\\\/pt-pt\\\/categoria-producto\\\/azeitonas\\\/\"},{\"@type\":\"ListItem\",\"position\":5,\"name\":\"Camomila recheada de pepino 3,8kg Kimbitos\"}]},{\"@type\":\"WebSite\",\"@id\":\"https:\\\/\\\/latiendadesami.com\\\/#website\",\"url\":\"https:\\\/\\\/latiendadesami.com\\\/\",\"name\":\"La Tienda de Sami\",\"description\":\"Conservas, azeitonas, vinho, azeite, queijos\",\"publisher\":{\"@id\":\"https:\\\/\\\/latiendadesami.com\\\/#organization\"},\"potentialAction\":[{\"@type\":\"SearchAction\",\"target\":{\"@type\":\"EntryPoint\",\"urlTemplate\":\"https:\\\/\\\/latiendadesami.com\\\/?s={search_term_string}\"},\"query-input\":{\"@type\":\"PropertyValueSpecification\",\"valueRequired\":true,\"valueName\":\"search_term_string\"}}],\"inLanguage\":\"pt-PT\"},{\"@type\":\"Organization\",\"@id\":\"https:\\\/\\\/latiendadesami.com\\\/#organization\",\"name\":\"La Tienda de Sami\",\"url\":\"https:\\\/\\\/latiendadesami.com\\\/\",\"logo\":{\"@type\":\"ImageObject\",\"inLanguage\":\"pt-PT\",\"@id\":\"https:\\\/\\\/latiendadesami.com\\\/#\\\/schema\\\/logo\\\/image\\\/\",\"url\":\"https:\\\/\\\/latiendadesami.com\\\/wp-content\\\/uploads\\\/2020\\\/11\\\/0012222-1.jpg\",\"contentUrl\":\"https:\\\/\\\/latiendadesami.com\\\/wp-content\\\/uploads\\\/2020\\\/11\\\/0012222-1.jpg\",\"width\":250,\"height\":72,\"caption\":\"La Tienda de Sami\"},\"image\":{\"@id\":\"https:\\\/\\\/latiendadesami.com\\\/#\\\/schema\\\/logo\\\/image\\\/\"},\"sameAs\":[\"https:\\\/\\\/www.facebook.com\\\/La-Tienda-de-Sami-106767417920851\",\"https:\\\/\\\/x.com\\\/SamiSuministros\",\"https:\\\/\\\/www.instagram.com\\\/samisuministros\"]}]}<\/script>\n<meta property=\"product:price:amount\" content=\"12.99\" \/>\n<meta property=\"product:price:currency\" content=\"EUR\" \/>\n<meta property=\"og:availability\" content=\"instock\" \/>\n<meta property=\"product:availability\" content=\"instock\" \/>\n<meta property=\"product:retailer_item_id\" content=\"manzanilla-rellena-pepino-38kg-kimbitos\" \/>\n<meta property=\"product:condition\" content=\"new\" \/>\n<!-- \/ Yoast SEO plugin. -->","yoast_head_json":{"title":"Camomila recheada de pepino 3,8kg Kimbitos - La Tienda de Sami","description":"Manzanilla recheada com pepino 3,8kg Kimbitos - Um lanche em que encontramos as azeitonas tradicionais de manzanilla recheadas com pepino.","robots":{"index":"index","follow":"follow","max-snippet":"max-snippet:-1","max-image-preview":"max-image-preview:large","max-video-preview":"max-video-preview:-1"},"canonical":"https:\/\/latiendadesami.com\/producto\/mazanilla-rellena-de-pepino-38kg-kimbitos\/","og_locale":"pt_PT","og_type":"article","og_title":"Camomila recheada de pepino 3,8kg Kimbitos - La Tienda de Sami","og_description":"Manzanilla recheada com pepino 3,8kg Kimbitos - Um lanche em que encontramos as azeitonas tradicionais de manzanilla recheadas com pepino.","og_url":"https:\/\/latiendadesami.com\/producto\/mazanilla-rellena-de-pepino-38kg-kimbitos\/","og_site_name":"La Tienda de Sami","article_publisher":"https:\/\/www.facebook.com\/La-Tienda-de-Sami-106767417920851","article_modified_time":"2023-06-26T08:41:07+00:00","og_image":[{"width":750,"height":750,"url":"http:\/\/latiendadesami.com\/wp-content\/uploads\/2020\/11\/kimbitos-encajera.jpg","type":"image\/jpeg"}],"twitter_card":"summary_large_image","twitter_site":"@SamiSuministros","twitter_misc":{"pre\u00e7o":"12,99&nbsp;&euro;","Disponibilidade":"Em stock"},"schema":{"@context":"https:\/\/schema.org","@graph":[{"@type":"WebPage","@id":"https:\/\/latiendadesami.com\/producto\/mazanilla-rellena-de-pepino-38kg-kimbitos\/","url":"https:\/\/latiendadesami.com\/producto\/mazanilla-rellena-de-pepino-38kg-kimbitos\/","name":"Camomila recheada de pepino 3,8kg Kimbitos - La Tienda de Sami","isPartOf":{"@id":"https:\/\/latiendadesami.com\/#website"},"primaryImageOfPage":{"@id":"https:\/\/latiendadesami.com\/producto\/mazanilla-rellena-de-pepino-38kg-kimbitos\/#primaryimage"},"image":{"@id":"https:\/\/latiendadesami.com\/producto\/mazanilla-rellena-de-pepino-38kg-kimbitos\/#primaryimage"},"thumbnailUrl":"https:\/\/latiendadesami.com\/wp-content\/uploads\/2020\/11\/kimbitos-encajera.jpg","datePublished":"2020-11-02T08:54:20+00:00","dateModified":"2023-06-26T08:41:07+00:00","description":"Manzanilla recheada com pepino 3,8kg Kimbitos - Um lanche em que encontramos as azeitonas tradicionais de manzanilla recheadas com pepino.","breadcrumb":{"@id":"https:\/\/latiendadesami.com\/producto\/mazanilla-rellena-de-pepino-38kg-kimbitos\/#breadcrumb"},"inLanguage":"pt-PT","potentialAction":[{"@type":"ReadAction","target":["https:\/\/latiendadesami.com\/producto\/mazanilla-rellena-de-pepino-38kg-kimbitos\/"]}]},{"@type":"ImageObject","inLanguage":"pt-PT","@id":"https:\/\/latiendadesami.com\/producto\/mazanilla-rellena-de-pepino-38kg-kimbitos\/#primaryimage","url":"https:\/\/latiendadesami.com\/wp-content\/uploads\/2020\/11\/kimbitos-encajera.jpg","contentUrl":"https:\/\/latiendadesami.com\/wp-content\/uploads\/2020\/11\/kimbitos-encajera.jpg","width":750,"height":750,"caption":"Camomila recheada de pepino 3,8kg Kimbitos"},{"@type":"BreadcrumbList","@id":"https:\/\/latiendadesami.com\/producto\/mazanilla-rellena-de-pepino-38kg-kimbitos\/#breadcrumb","itemListElement":[{"@type":"ListItem","position":1,"name":"P\u00e1gina inicial","item":"https:\/\/latiendadesami.com\/pt-pt\/"},{"@type":"ListItem","position":2,"name":"Shop","item":"https:\/\/latiendadesami.com\/pt-pt\/"},{"@type":"ListItem","position":3,"name":"Pickles","item":"https:\/\/latiendadesami.com\/pt-pt\/categoria-producto\/pickles\/"},{"@type":"ListItem","position":4,"name":"Azeitonas","item":"https:\/\/latiendadesami.com\/pt-pt\/categoria-producto\/azeitonas\/"},{"@type":"ListItem","position":5,"name":"Camomila recheada de pepino 3,8kg Kimbitos"}]},{"@type":"WebSite","@id":"https:\/\/latiendadesami.com\/#website","url":"https:\/\/latiendadesami.com\/","name":"La Tienda de Sami","description":"Conservas, azeitonas, vinho, azeite, queijos","publisher":{"@id":"https:\/\/latiendadesami.com\/#organization"},"potentialAction":[{"@type":"SearchAction","target":{"@type":"EntryPoint","urlTemplate":"https:\/\/latiendadesami.com\/?s={search_term_string}"},"query-input":{"@type":"PropertyValueSpecification","valueRequired":true,"valueName":"search_term_string"}}],"inLanguage":"pt-PT"},{"@type":"Organization","@id":"https:\/\/latiendadesami.com\/#organization","name":"La Tienda de Sami","url":"https:\/\/latiendadesami.com\/","logo":{"@type":"ImageObject","inLanguage":"pt-PT","@id":"https:\/\/latiendadesami.com\/#\/schema\/logo\/image\/","url":"https:\/\/latiendadesami.com\/wp-content\/uploads\/2020\/11\/0012222-1.jpg","contentUrl":"https:\/\/latiendadesami.com\/wp-content\/uploads\/2020\/11\/0012222-1.jpg","width":250,"height":72,"caption":"La Tienda de Sami"},"image":{"@id":"https:\/\/latiendadesami.com\/#\/schema\/logo\/image\/"},"sameAs":["https:\/\/www.facebook.com\/La-Tienda-de-Sami-106767417920851","https:\/\/x.com\/SamiSuministros","https:\/\/www.instagram.com\/samisuministros"]}]},"product_price_amount":"12.99","product_price_currency":"EUR","og_availability":"instock","product_availability":"instock","product_retailer_item_id":"manzanilla-rellena-pepino-38kg-kimbitos","product_condition":"new"},"_links":{"self":[{"href":"https:\/\/latiendadesami.com\/pt-pt\/wp-json\/wp\/v2\/product\/11770","targetHints":{"allow":["GET"]}}],"collection":[{"href":"https:\/\/latiendadesami.com\/pt-pt\/wp-json\/wp\/v2\/product"}],"about":[{"href":"https:\/\/latiendadesami.com\/pt-pt\/wp-json\/wp\/v2\/types\/product"}],"wp:featuredmedia":[{"embeddable":true,"href":"https:\/\/latiendadesami.com\/pt-pt\/wp-json\/wp\/v2\/media\/11038"}],"wp:attachment":[{"href":"https:\/\/latiendadesami.com\/pt-pt\/wp-json\/wp\/v2\/media?parent=11770"}],"wp:term":[{"taxonomy":"product_brand","embeddable":true,"href":"https:\/\/latiendadesami.com\/pt-pt\/wp-json\/wp\/v2\/product_brand?post=11770"},{"taxonomy":"product_cat","embeddable":true,"href":"https:\/\/latiendadesami.com\/pt-pt\/wp-json\/wp\/v2\/product_cat?post=11770"},{"taxonomy":"product_tag","embeddable":true,"href":"https:\/\/latiendadesami.com\/pt-pt\/wp-json\/wp\/v2\/product_tag?post=11770"}],"curies":[{"name":"wp","href":"https:\/\/api.w.org\/{rel}","templated":true}]}}