{"id":11922,"date":"2021-05-06T08:25:10","date_gmt":"2021-05-06T06:25:10","guid":{"rendered":"https:\/\/latiendadesami.com\/producto\/mexilhoes-em-salmoura-4-6-pecas-arlequin\/"},"modified":"2022-08-23T09:46:19","modified_gmt":"2022-08-23T07:46:19","slug":"mexilhoes-em-salmoura-4-6-pecas-arlequin","status":"publish","type":"product","link":"https:\/\/latiendadesami.com\/pt-pt\/producto\/mexilhoes-em-salmoura-4-6-pecas-arlequin\/","title":{"rendered":"Mexilh\u00f5es em salmoura 4\/6 pe\u00e7as Arlequ\u00edn"},"content":{"rendered":"<p>O Arlequ\u00edn Mussel 4\/6 pe\u00e7as <a href=\"https:\/\/conservasarlequin.com\/arlequin\/\" target=\"_blank\" rel=\"noopener\">Arlequ\u00edn<\/a> \u00e9 um produto enlatado artesanal.<\/p>\n<p><strong>Peso L\u00edquido\/ Escu:<\/strong> 115g\/69g<br \/>\n<strong>Vida de prateleira:<\/strong> 5 anos<br \/>\n<strong>Conserva\u00e7\u00e3o:<\/strong> Ambiente<br \/>\n<strong>N\u00ba de Filetes\/ N\u00ba de Pe\u00e7as:<\/strong> 4\/6<\/p>\n<p>A miss\u00e3o da Conservas <a href=\"https:\/\/latiendadesami.com\/marca\/arlequin\/\">Arlequ\u00edn<\/a> \u00e9 oferecer um grande produto, o melhor servi\u00e7o e uma vasta gama de peixe enlatado ao melhor pre\u00e7o.<\/p>\n<p>S\u00e3o tamb\u00e9m especializados em Anchovas, Anchovas, Anchovas, Bonito, Atum Albacora, Mexilh\u00f5es, Mexilh\u00f5es Arlequim 4\/6 pe\u00e7as, Cavalas e Sardinhas.<\/p>\n<p>Por exemplo, a Comidista no jornal El Pa\u00eds disse sobre a ventresca: &#8220;\u00c9 t\u00e3o tenra, quase cremosa, que te faz querer casar e viver feliz at\u00e9 que o Senhor te leve&#8221;.<\/p>\n<h4>Principais benef\u00edcios dos alimentos enlatados<\/h4>\n<ol>\n<li>Preservam todas as propriedades nutricionais dos pr\u00f3prios alimentos. Os alimentos ret\u00eam a sua frescura.<\/li>\n<li>Os alimentos utilizados s\u00e3o saud\u00e1veis e portanto adequados para uma dieta \u00f3ptima devido ao seu elevado teor de vitaminas e prote\u00ednas.<\/li>\n<li>Estes produtos t\u00eam uma dura\u00e7\u00e3o de vida mais longa (2-5 anos \u00e9 t\u00edpico).<\/li>\n<li>As conservas s\u00e3o muito f\u00e1ceis de armazenar, uma vez que a sua embalagem permite a sua aplica\u00e7\u00e3o.<\/li>\n<\/ol>\n<p>Se quiser comprar atum ou qualquer outro tipo de <a href=\"https:\/\/latiendadesami.com\/categoria-producto\/conservas\/\" rel=\"noopener\">conservas<\/a>, n\u00e3o hesite em dar uma olhada no nosso cat\u00e1logo online para ver a grande variedade de <a href=\"https:\/\/latiendadesami.com\/categoria-producto\/conservas\/atun-y-bonito\/\">atum<\/a> que temos.<\/p>\n<p>Escreva-nos para mais informa\u00e7\u00f5es.<\/p>\n","protected":false},"excerpt":{"rendered":"<p>mexilh\u00f5es em molho de pickles em azeite<\/p>\n","protected":false},"featured_media":20880,"template":"","meta":{"_et_pb_use_builder":"","_et_pb_old_content":"","_et_gb_content_width":""},"product_brand":[],"product_cat":[367,369],"product_tag":[],"class_list":{"0":"post-11922","1":"product","2":"type-product","3":"status-publish","4":"has-post-thumbnail","6":"product_cat-conservas-pt-pt","7":"product_cat-mexilhoes","8":"pa_cantidad-embalar-50-unidades-poupanca","9":"pa_cantidad-unidade-pt-pt","11":"first","12":"instock","13":"taxable","14":"shipping-taxable","15":"purchasable","16":"product-type-variable"},"yoast_head":"<!-- This site is optimized with the Yoast SEO plugin v27.3 - https:\/\/yoast.com\/product\/yoast-seo-wordpress\/ -->\n<title>Mexilh\u00f5es em salmoura 4\/6 pe\u00e7as Arlequ\u00edn - La Tienda de Sami<\/title>\n<meta name=\"description\" content=\"O Arlequ\u00edn Mussel 4\/6 pe\u00e7as Arlequ\u00edn \u00e9 um produto enlatado artesanal. Mais Qualidade ao melhor pre\u00e7o.\" \/>\n<meta name=\"robots\" content=\"index, follow, max-snippet:-1, max-image-preview:large, max-video-preview:-1\" \/>\n<link rel=\"canonical\" href=\"https:\/\/latiendadesami.com\/pt-pt\/producto\/mexilhoes-em-salmoura-4-6-pecas-arlequin\/\" \/>\n<meta property=\"og:locale\" content=\"pt_PT\" \/>\n<meta property=\"og:type\" content=\"article\" \/>\n<meta property=\"og:title\" content=\"Mexilh\u00f5es em salmoura 4\/6 pe\u00e7as Arlequ\u00edn - La Tienda de Sami\" \/>\n<meta property=\"og:description\" content=\"O Arlequ\u00edn Mussel 4\/6 pe\u00e7as Arlequ\u00edn \u00e9 um produto enlatado artesanal. Mais Qualidade ao melhor pre\u00e7o.\" \/>\n<meta property=\"og:url\" content=\"https:\/\/latiendadesami.com\/pt-pt\/producto\/mexilhoes-em-salmoura-4-6-pecas-arlequin\/\" \/>\n<meta property=\"og:site_name\" content=\"La Tienda de Sami\" \/>\n<meta property=\"article:publisher\" content=\"https:\/\/www.facebook.com\/La-Tienda-de-Sami-106767417920851\" \/>\n<meta property=\"article:modified_time\" content=\"2022-08-23T07:46:19+00:00\" \/>\n<meta property=\"og:image\" content=\"https:\/\/latiendadesami.com\/wp-content\/uploads\/2021\/06\/mejillon46arle.jpg\" \/>\n\t<meta property=\"og:image:width\" content=\"750\" \/>\n\t<meta property=\"og:image:height\" content=\"750\" \/>\n\t<meta property=\"og:image:type\" content=\"image\/jpeg\" \/>\n<meta name=\"twitter:card\" content=\"summary_large_image\" \/>\n<meta name=\"twitter:site\" content=\"@SamiSuministros\" \/>\n<meta name=\"twitter:label1\" content=\"Disponibilidade\" \/>\n\t<meta name=\"twitter:data1\" content=\"Em stock\" \/>\n<script type=\"application\/ld+json\" class=\"yoast-schema-graph\">{\"@context\":\"https:\\\/\\\/schema.org\",\"@graph\":[{\"@type\":\"WebPage\",\"@id\":\"https:\\\/\\\/latiendadesami.com\\\/pt-pt\\\/producto\\\/mexilhoes-em-salmoura-4-6-pecas-arlequin\\\/\",\"url\":\"https:\\\/\\\/latiendadesami.com\\\/pt-pt\\\/producto\\\/mexilhoes-em-salmoura-4-6-pecas-arlequin\\\/\",\"name\":\"Mexilh\u00f5es em salmoura 4\\\/6 pe\u00e7as Arlequ\u00edn - La Tienda de Sami\",\"isPartOf\":{\"@id\":\"https:\\\/\\\/latiendadesami.com\\\/#website\"},\"primaryImageOfPage\":{\"@id\":\"https:\\\/\\\/latiendadesami.com\\\/pt-pt\\\/producto\\\/mexilhoes-em-salmoura-4-6-pecas-arlequin\\\/#primaryimage\"},\"image\":{\"@id\":\"https:\\\/\\\/latiendadesami.com\\\/pt-pt\\\/producto\\\/mexilhoes-em-salmoura-4-6-pecas-arlequin\\\/#primaryimage\"},\"thumbnailUrl\":\"https:\\\/\\\/latiendadesami.com\\\/wp-content\\\/uploads\\\/2023\\\/08\\\/Mejillon-en-escabeche-4-6-piezas-125g-arlequin.jpg\",\"datePublished\":\"2021-05-06T06:25:10+00:00\",\"dateModified\":\"2022-08-23T07:46:19+00:00\",\"description\":\"O Arlequ\u00edn Mussel 4\\\/6 pe\u00e7as Arlequ\u00edn \u00e9 um produto enlatado artesanal. Mais Qualidade ao melhor pre\u00e7o.\",\"breadcrumb\":{\"@id\":\"https:\\\/\\\/latiendadesami.com\\\/pt-pt\\\/producto\\\/mexilhoes-em-salmoura-4-6-pecas-arlequin\\\/#breadcrumb\"},\"inLanguage\":\"pt-PT\",\"potentialAction\":[{\"@type\":\"ReadAction\",\"target\":[\"https:\\\/\\\/latiendadesami.com\\\/pt-pt\\\/producto\\\/mexilhoes-em-salmoura-4-6-pecas-arlequin\\\/\"]}]},{\"@type\":\"ImageObject\",\"inLanguage\":\"pt-PT\",\"@id\":\"https:\\\/\\\/latiendadesami.com\\\/pt-pt\\\/producto\\\/mexilhoes-em-salmoura-4-6-pecas-arlequin\\\/#primaryimage\",\"url\":\"https:\\\/\\\/latiendadesami.com\\\/wp-content\\\/uploads\\\/2023\\\/08\\\/Mejillon-en-escabeche-4-6-piezas-125g-arlequin.jpg\",\"contentUrl\":\"https:\\\/\\\/latiendadesami.com\\\/wp-content\\\/uploads\\\/2023\\\/08\\\/Mejillon-en-escabeche-4-6-piezas-125g-arlequin.jpg\",\"width\":750,\"height\":750,\"caption\":\"Mejill\u00f3n en escabeche 4\\\/6 piezas 125g Arlequ\u00edn\"},{\"@type\":\"BreadcrumbList\",\"@id\":\"https:\\\/\\\/latiendadesami.com\\\/pt-pt\\\/producto\\\/mexilhoes-em-salmoura-4-6-pecas-arlequin\\\/#breadcrumb\",\"itemListElement\":[{\"@type\":\"ListItem\",\"position\":1,\"name\":\"P\u00e1gina inicial\",\"item\":\"https:\\\/\\\/latiendadesami.com\\\/pt-pt\\\/\"},{\"@type\":\"ListItem\",\"position\":2,\"name\":\"Shop\",\"item\":\"https:\\\/\\\/latiendadesami.com\\\/pt-pt\\\/\"},{\"@type\":\"ListItem\",\"position\":3,\"name\":\"Conservas\",\"item\":\"https:\\\/\\\/latiendadesami.com\\\/categoria-producto\\\/conservas\\\/\"},{\"@type\":\"ListItem\",\"position\":4,\"name\":\"Mexilh\u00f5es em salmoura 4\\\/6 pe\u00e7as Arlequ\u00edn\"}]},{\"@type\":\"WebSite\",\"@id\":\"https:\\\/\\\/latiendadesami.com\\\/#website\",\"url\":\"https:\\\/\\\/latiendadesami.com\\\/\",\"name\":\"La Tienda de Sami\",\"description\":\"Conservas, azeitonas, vinho, azeite, queijos\",\"publisher\":{\"@id\":\"https:\\\/\\\/latiendadesami.com\\\/#organization\"},\"potentialAction\":[{\"@type\":\"SearchAction\",\"target\":{\"@type\":\"EntryPoint\",\"urlTemplate\":\"https:\\\/\\\/latiendadesami.com\\\/?s={search_term_string}\"},\"query-input\":{\"@type\":\"PropertyValueSpecification\",\"valueRequired\":true,\"valueName\":\"search_term_string\"}}],\"inLanguage\":\"pt-PT\"},{\"@type\":\"Organization\",\"@id\":\"https:\\\/\\\/latiendadesami.com\\\/#organization\",\"name\":\"La Tienda de Sami\",\"url\":\"https:\\\/\\\/latiendadesami.com\\\/\",\"logo\":{\"@type\":\"ImageObject\",\"inLanguage\":\"pt-PT\",\"@id\":\"https:\\\/\\\/latiendadesami.com\\\/#\\\/schema\\\/logo\\\/image\\\/\",\"url\":\"https:\\\/\\\/latiendadesami.com\\\/wp-content\\\/uploads\\\/2020\\\/11\\\/0012222-1.jpg\",\"contentUrl\":\"https:\\\/\\\/latiendadesami.com\\\/wp-content\\\/uploads\\\/2020\\\/11\\\/0012222-1.jpg\",\"width\":250,\"height\":72,\"caption\":\"La Tienda de Sami\"},\"image\":{\"@id\":\"https:\\\/\\\/latiendadesami.com\\\/#\\\/schema\\\/logo\\\/image\\\/\"},\"sameAs\":[\"https:\\\/\\\/www.facebook.com\\\/La-Tienda-de-Sami-106767417920851\",\"https:\\\/\\\/x.com\\\/SamiSuministros\",\"https:\\\/\\\/www.instagram.com\\\/samisuministros\"]}]}<\/script>\n<meta property=\"og:availability\" content=\"instock\" \/>\n<meta property=\"product:availability\" content=\"instock\" \/>\n<meta property=\"product:retailer_item_id\" content=\"mejillon-escabeche-4-6-piezas-arlequin\" \/>\n<meta property=\"product:condition\" content=\"new\" \/>\n<!-- \/ Yoast SEO plugin. -->","yoast_head_json":{"title":"Mexilh\u00f5es em salmoura 4\/6 pe\u00e7as Arlequ\u00edn - La Tienda de Sami","description":"O Arlequ\u00edn Mussel 4\/6 pe\u00e7as Arlequ\u00edn \u00e9 um produto enlatado artesanal. Mais Qualidade ao melhor pre\u00e7o.","robots":{"index":"index","follow":"follow","max-snippet":"max-snippet:-1","max-image-preview":"max-image-preview:large","max-video-preview":"max-video-preview:-1"},"canonical":"https:\/\/latiendadesami.com\/pt-pt\/producto\/mexilhoes-em-salmoura-4-6-pecas-arlequin\/","og_locale":"pt_PT","og_type":"article","og_title":"Mexilh\u00f5es em salmoura 4\/6 pe\u00e7as Arlequ\u00edn - La Tienda de Sami","og_description":"O Arlequ\u00edn Mussel 4\/6 pe\u00e7as Arlequ\u00edn \u00e9 um produto enlatado artesanal. Mais Qualidade ao melhor pre\u00e7o.","og_url":"https:\/\/latiendadesami.com\/pt-pt\/producto\/mexilhoes-em-salmoura-4-6-pecas-arlequin\/","og_site_name":"La Tienda de Sami","article_publisher":"https:\/\/www.facebook.com\/La-Tienda-de-Sami-106767417920851","article_modified_time":"2022-08-23T07:46:19+00:00","og_image":[{"width":750,"height":750,"url":"https:\/\/latiendadesami.com\/wp-content\/uploads\/2021\/06\/mejillon46arle.jpg","type":"image\/jpeg"}],"twitter_card":"summary_large_image","twitter_site":"@SamiSuministros","twitter_misc":{"Disponibilidade":"Em stock"},"schema":{"@context":"https:\/\/schema.org","@graph":[{"@type":"WebPage","@id":"https:\/\/latiendadesami.com\/pt-pt\/producto\/mexilhoes-em-salmoura-4-6-pecas-arlequin\/","url":"https:\/\/latiendadesami.com\/pt-pt\/producto\/mexilhoes-em-salmoura-4-6-pecas-arlequin\/","name":"Mexilh\u00f5es em salmoura 4\/6 pe\u00e7as Arlequ\u00edn - La Tienda de Sami","isPartOf":{"@id":"https:\/\/latiendadesami.com\/#website"},"primaryImageOfPage":{"@id":"https:\/\/latiendadesami.com\/pt-pt\/producto\/mexilhoes-em-salmoura-4-6-pecas-arlequin\/#primaryimage"},"image":{"@id":"https:\/\/latiendadesami.com\/pt-pt\/producto\/mexilhoes-em-salmoura-4-6-pecas-arlequin\/#primaryimage"},"thumbnailUrl":"https:\/\/latiendadesami.com\/wp-content\/uploads\/2023\/08\/Mejillon-en-escabeche-4-6-piezas-125g-arlequin.jpg","datePublished":"2021-05-06T06:25:10+00:00","dateModified":"2022-08-23T07:46:19+00:00","description":"O Arlequ\u00edn Mussel 4\/6 pe\u00e7as Arlequ\u00edn \u00e9 um produto enlatado artesanal. Mais Qualidade ao melhor pre\u00e7o.","breadcrumb":{"@id":"https:\/\/latiendadesami.com\/pt-pt\/producto\/mexilhoes-em-salmoura-4-6-pecas-arlequin\/#breadcrumb"},"inLanguage":"pt-PT","potentialAction":[{"@type":"ReadAction","target":["https:\/\/latiendadesami.com\/pt-pt\/producto\/mexilhoes-em-salmoura-4-6-pecas-arlequin\/"]}]},{"@type":"ImageObject","inLanguage":"pt-PT","@id":"https:\/\/latiendadesami.com\/pt-pt\/producto\/mexilhoes-em-salmoura-4-6-pecas-arlequin\/#primaryimage","url":"https:\/\/latiendadesami.com\/wp-content\/uploads\/2023\/08\/Mejillon-en-escabeche-4-6-piezas-125g-arlequin.jpg","contentUrl":"https:\/\/latiendadesami.com\/wp-content\/uploads\/2023\/08\/Mejillon-en-escabeche-4-6-piezas-125g-arlequin.jpg","width":750,"height":750,"caption":"Mejill\u00f3n en escabeche 4\/6 piezas 125g Arlequ\u00edn"},{"@type":"BreadcrumbList","@id":"https:\/\/latiendadesami.com\/pt-pt\/producto\/mexilhoes-em-salmoura-4-6-pecas-arlequin\/#breadcrumb","itemListElement":[{"@type":"ListItem","position":1,"name":"P\u00e1gina inicial","item":"https:\/\/latiendadesami.com\/pt-pt\/"},{"@type":"ListItem","position":2,"name":"Shop","item":"https:\/\/latiendadesami.com\/pt-pt\/"},{"@type":"ListItem","position":3,"name":"Conservas","item":"https:\/\/latiendadesami.com\/categoria-producto\/conservas\/"},{"@type":"ListItem","position":4,"name":"Mexilh\u00f5es em salmoura 4\/6 pe\u00e7as Arlequ\u00edn"}]},{"@type":"WebSite","@id":"https:\/\/latiendadesami.com\/#website","url":"https:\/\/latiendadesami.com\/","name":"La Tienda de Sami","description":"Conservas, azeitonas, vinho, azeite, queijos","publisher":{"@id":"https:\/\/latiendadesami.com\/#organization"},"potentialAction":[{"@type":"SearchAction","target":{"@type":"EntryPoint","urlTemplate":"https:\/\/latiendadesami.com\/?s={search_term_string}"},"query-input":{"@type":"PropertyValueSpecification","valueRequired":true,"valueName":"search_term_string"}}],"inLanguage":"pt-PT"},{"@type":"Organization","@id":"https:\/\/latiendadesami.com\/#organization","name":"La Tienda de Sami","url":"https:\/\/latiendadesami.com\/","logo":{"@type":"ImageObject","inLanguage":"pt-PT","@id":"https:\/\/latiendadesami.com\/#\/schema\/logo\/image\/","url":"https:\/\/latiendadesami.com\/wp-content\/uploads\/2020\/11\/0012222-1.jpg","contentUrl":"https:\/\/latiendadesami.com\/wp-content\/uploads\/2020\/11\/0012222-1.jpg","width":250,"height":72,"caption":"La Tienda de Sami"},"image":{"@id":"https:\/\/latiendadesami.com\/#\/schema\/logo\/image\/"},"sameAs":["https:\/\/www.facebook.com\/La-Tienda-de-Sami-106767417920851","https:\/\/x.com\/SamiSuministros","https:\/\/www.instagram.com\/samisuministros"]}]},"og_availability":"instock","product_availability":"instock","product_retailer_item_id":"mejillon-escabeche-4-6-piezas-arlequin","product_condition":"new"},"_links":{"self":[{"href":"https:\/\/latiendadesami.com\/pt-pt\/wp-json\/wp\/v2\/product\/11922","targetHints":{"allow":["GET"]}}],"collection":[{"href":"https:\/\/latiendadesami.com\/pt-pt\/wp-json\/wp\/v2\/product"}],"about":[{"href":"https:\/\/latiendadesami.com\/pt-pt\/wp-json\/wp\/v2\/types\/product"}],"wp:featuredmedia":[{"embeddable":true,"href":"https:\/\/latiendadesami.com\/pt-pt\/wp-json\/wp\/v2\/media\/20880"}],"wp:attachment":[{"href":"https:\/\/latiendadesami.com\/pt-pt\/wp-json\/wp\/v2\/media?parent=11922"}],"wp:term":[{"taxonomy":"product_brand","embeddable":true,"href":"https:\/\/latiendadesami.com\/pt-pt\/wp-json\/wp\/v2\/product_brand?post=11922"},{"taxonomy":"product_cat","embeddable":true,"href":"https:\/\/latiendadesami.com\/pt-pt\/wp-json\/wp\/v2\/product_cat?post=11922"},{"taxonomy":"product_tag","embeddable":true,"href":"https:\/\/latiendadesami.com\/pt-pt\/wp-json\/wp\/v2\/product_tag?post=11922"}],"curies":[{"name":"wp","href":"https:\/\/api.w.org\/{rel}","templated":true}]}}