{"id":11931,"date":"2021-05-20T10:28:26","date_gmt":"2021-05-20T08:28:26","guid":{"rendered":"https:\/\/latiendadesami.com\/producto\/bonito-em-escabeche-el-pecador-de-cantabria-220-g\/"},"modified":"2022-08-23T09:46:20","modified_gmt":"2022-08-23T07:46:20","slug":"bonito-em-escabeche-el-pecador-de-cantabria-220-g","status":"publish","type":"product","link":"https:\/\/latiendadesami.com\/pt-pt\/producto\/bonito-em-escabeche-el-pecador-de-cantabria-220-g\/","title":{"rendered":"Bonito em Escabeche El Pecador de cantabria 220 g"},"content":{"rendered":"<p>Bonito en Escabeche Alta Cocina preparado por El <a href=\"https:\/\/elpescadordecantabria.es\/\" target=\"_blank\" rel=\"noopener\">Pescador<\/a> de Cantabria. Qualidade, Artesanato e Tradi\u00e7\u00e3o.<\/p>\n<p>O frasco de vidro \u00e9 de 250 grs.<\/p>\n<p>Ingredientes: atum branco, \u00e1gua, vinagre, \u00f3leo de girassol e sal.<\/p>\n<p>El Pescador de Cantabria \u00e9 uma empresa localizada em Santo\u00f1a, na Cant\u00e1bria. A partir deste local, preservam a cuidadosa t\u00e9cnica de vinifica\u00e7\u00e3o que lhes foi ensinada na Sic\u00edlia.<\/p>\n<p>Este produto \u00e9 excelente para a sa\u00fade devido ao seu elevado conte\u00fado de \u00f3mega 3 gra\u00e7as \u00e0 sua escolha de \u00f3leos e sal.<\/p>\n<p>\u00c9 um produto saboroso, saud\u00e1vel e conveniente.<\/p>\n<h4>Principais benef\u00edcios dos alimentos enlatados<\/h4>\n<ol>\n<li>Preservam todas as propriedades nutricionais dos pr\u00f3prios alimentos. Os alimentos ret\u00eam a sua frescura.<\/li>\n<li>Os alimentos utilizados s\u00e3o saud\u00e1veis e portanto adequados para uma dieta \u00f3ptima devido ao seu elevado teor de vitaminas e prote\u00ednas.<\/li>\n<li>Estes produtos t\u00eam uma dura\u00e7\u00e3o de vida mais longa (2-5 anos \u00e9 t\u00edpico).<\/li>\n<li>As conservas s\u00e3o muito f\u00e1ceis de armazenar, uma vez que a sua embalagem permite a sua aplica\u00e7\u00e3o.<\/li>\n<\/ol>\n<p>Se quiser comprar atum albacora em Escabeche Alta Cocina ou qualquer outro tipo de <a href=\"https:\/\/latiendadesami.com\/categoria-producto\/conservas\/\" rel=\"noopener\">conservas<\/a>, n\u00e3o hesite em consultar o nosso cat\u00e1logo online para ver a grande variedade de <a href=\"https:\/\/latiendadesami.com\/categoria-producto\/conservas\/atun-y-bonito\/\">atum<\/a> que temos.<\/p>\n<p>Escreva-nos para mais informa\u00e7\u00f5es.<\/p>\n","protected":false},"excerpt":{"rendered":"<p>gr de atum arlequim em salmoura<\/p>\n","protected":false},"featured_media":20796,"template":"","meta":{"_et_pb_use_builder":"","_et_pb_old_content":"","_et_gb_content_width":""},"product_brand":[],"product_cat":[391,367],"product_tag":[],"class_list":{"0":"post-11931","1":"product","2":"type-product","3":"status-publish","4":"has-post-thumbnail","6":"product_cat-atum-e-bonito","7":"product_cat-conservas-pt-pt","8":"pa_cantidad-pacote-de-12-unidades-poupanca","9":"pa_cantidad-unidade-pt-pt","11":"first","12":"instock","13":"taxable","14":"shipping-taxable","15":"product-type-variable"},"yoast_head":"<!-- This site is optimized with the Yoast SEO plugin v27.3 - https:\/\/yoast.com\/product\/yoast-seo-wordpress\/ -->\n<title>Bonito em Escabeche El Pecador de cantabria 220 g - La Tienda de Sami<\/title>\n<meta name=\"description\" content=\"Bonito en Escabeche Alta Cocina preparado por El Pescador de Cantabria. Qualidade, Artesanato e Tradi\u00e7\u00e3o ao melhor pre\u00e7o em La Tienda de Sami\" \/>\n<meta name=\"robots\" content=\"index, follow, max-snippet:-1, max-image-preview:large, max-video-preview:-1\" \/>\n<link rel=\"canonical\" href=\"https:\/\/latiendadesami.com\/producto\/bonito-escabeche-pescador-cantabria\/\" \/>\n<meta property=\"og:locale\" content=\"pt_PT\" \/>\n<meta property=\"og:type\" content=\"article\" \/>\n<meta property=\"og:title\" content=\"Bonito em Escabeche El Pecador de cantabria 220 g - La Tienda de Sami\" \/>\n<meta property=\"og:description\" content=\"Bonito en Escabeche Alta Cocina preparado por El Pescador de Cantabria. Qualidade, Artesanato e Tradi\u00e7\u00e3o ao melhor pre\u00e7o em La Tienda de Sami\" \/>\n<meta property=\"og:url\" content=\"https:\/\/latiendadesami.com\/producto\/bonito-escabeche-pescador-cantabria\/\" \/>\n<meta property=\"og:site_name\" content=\"La Tienda de Sami\" \/>\n<meta property=\"article:publisher\" content=\"https:\/\/www.facebook.com\/La-Tienda-de-Sami-106767417920851\" \/>\n<meta property=\"article:modified_time\" content=\"2022-08-23T07:46:20+00:00\" \/>\n<meta property=\"og:image\" content=\"https:\/\/latiendadesami.com\/wp-content\/uploads\/2021\/05\/IMG_20210527_145029.jpg\" \/>\n\t<meta property=\"og:image:width\" content=\"750\" \/>\n\t<meta property=\"og:image:height\" content=\"750\" \/>\n\t<meta property=\"og:image:type\" content=\"image\/jpeg\" \/>\n<meta name=\"twitter:card\" content=\"summary_large_image\" \/>\n<meta name=\"twitter:site\" content=\"@SamiSuministros\" \/>\n<meta name=\"twitter:label1\" content=\"Disponibilidade\" \/>\n\t<meta name=\"twitter:data1\" content=\"Em stock\" \/>\n<script type=\"application\/ld+json\" class=\"yoast-schema-graph\">{\"@context\":\"https:\\\/\\\/schema.org\",\"@graph\":[{\"@type\":\"WebPage\",\"@id\":\"https:\\\/\\\/latiendadesami.com\\\/producto\\\/bonito-escabeche-pescador-cantabria\\\/\",\"url\":\"https:\\\/\\\/latiendadesami.com\\\/producto\\\/bonito-escabeche-pescador-cantabria\\\/\",\"name\":\"Bonito em Escabeche El Pecador de cantabria 220 g - La Tienda de Sami\",\"isPartOf\":{\"@id\":\"https:\\\/\\\/latiendadesami.com\\\/#website\"},\"primaryImageOfPage\":{\"@id\":\"https:\\\/\\\/latiendadesami.com\\\/producto\\\/bonito-escabeche-pescador-cantabria\\\/#primaryimage\"},\"image\":{\"@id\":\"https:\\\/\\\/latiendadesami.com\\\/producto\\\/bonito-escabeche-pescador-cantabria\\\/#primaryimage\"},\"thumbnailUrl\":\"https:\\\/\\\/latiendadesami.com\\\/wp-content\\\/uploads\\\/2023\\\/08\\\/Bonito-en-Escabeche-220-g-El-Pescador-de-cantabria.jpg\",\"datePublished\":\"2021-05-20T08:28:26+00:00\",\"dateModified\":\"2022-08-23T07:46:20+00:00\",\"description\":\"Bonito en Escabeche Alta Cocina preparado por El Pescador de Cantabria. Qualidade, Artesanato e Tradi\u00e7\u00e3o ao melhor pre\u00e7o em La Tienda de Sami\",\"breadcrumb\":{\"@id\":\"https:\\\/\\\/latiendadesami.com\\\/producto\\\/bonito-escabeche-pescador-cantabria\\\/#breadcrumb\"},\"inLanguage\":\"pt-PT\",\"potentialAction\":[{\"@type\":\"ReadAction\",\"target\":[\"https:\\\/\\\/latiendadesami.com\\\/producto\\\/bonito-escabeche-pescador-cantabria\\\/\"]}]},{\"@type\":\"ImageObject\",\"inLanguage\":\"pt-PT\",\"@id\":\"https:\\\/\\\/latiendadesami.com\\\/producto\\\/bonito-escabeche-pescador-cantabria\\\/#primaryimage\",\"url\":\"https:\\\/\\\/latiendadesami.com\\\/wp-content\\\/uploads\\\/2023\\\/08\\\/Bonito-en-Escabeche-220-g-El-Pescador-de-cantabria.jpg\",\"contentUrl\":\"https:\\\/\\\/latiendadesami.com\\\/wp-content\\\/uploads\\\/2023\\\/08\\\/Bonito-en-Escabeche-220-g-El-Pescador-de-cantabria.jpg\",\"width\":750,\"height\":750,\"caption\":\"Bonito en Escabeche El Pescador de Cantabria 220 gr\"},{\"@type\":\"BreadcrumbList\",\"@id\":\"https:\\\/\\\/latiendadesami.com\\\/producto\\\/bonito-escabeche-pescador-cantabria\\\/#breadcrumb\",\"itemListElement\":[{\"@type\":\"ListItem\",\"position\":1,\"name\":\"P\u00e1gina inicial\",\"item\":\"https:\\\/\\\/latiendadesami.com\\\/pt-pt\\\/\"},{\"@type\":\"ListItem\",\"position\":2,\"name\":\"Shop\",\"item\":\"https:\\\/\\\/latiendadesami.com\\\/pt-pt\\\/\"},{\"@type\":\"ListItem\",\"position\":3,\"name\":\"Conservas\",\"item\":\"https:\\\/\\\/latiendadesami.com\\\/pt-pt\\\/categoria-producto\\\/conservas-pt-pt\\\/\"},{\"@type\":\"ListItem\",\"position\":4,\"name\":\"Atum e Bonito\",\"item\":\"https:\\\/\\\/latiendadesami.com\\\/pt-pt\\\/categoria-producto\\\/atum-e-bonito\\\/\"},{\"@type\":\"ListItem\",\"position\":5,\"name\":\"Bonito em Escabeche El Pecador de cantabria 220 g\"}]},{\"@type\":\"WebSite\",\"@id\":\"https:\\\/\\\/latiendadesami.com\\\/#website\",\"url\":\"https:\\\/\\\/latiendadesami.com\\\/\",\"name\":\"La Tienda de Sami\",\"description\":\"Conservas, azeitonas, vinho, azeite, queijos\",\"publisher\":{\"@id\":\"https:\\\/\\\/latiendadesami.com\\\/#organization\"},\"potentialAction\":[{\"@type\":\"SearchAction\",\"target\":{\"@type\":\"EntryPoint\",\"urlTemplate\":\"https:\\\/\\\/latiendadesami.com\\\/?s={search_term_string}\"},\"query-input\":{\"@type\":\"PropertyValueSpecification\",\"valueRequired\":true,\"valueName\":\"search_term_string\"}}],\"inLanguage\":\"pt-PT\"},{\"@type\":\"Organization\",\"@id\":\"https:\\\/\\\/latiendadesami.com\\\/#organization\",\"name\":\"La Tienda de Sami\",\"url\":\"https:\\\/\\\/latiendadesami.com\\\/\",\"logo\":{\"@type\":\"ImageObject\",\"inLanguage\":\"pt-PT\",\"@id\":\"https:\\\/\\\/latiendadesami.com\\\/#\\\/schema\\\/logo\\\/image\\\/\",\"url\":\"https:\\\/\\\/latiendadesami.com\\\/wp-content\\\/uploads\\\/2020\\\/11\\\/0012222-1.jpg\",\"contentUrl\":\"https:\\\/\\\/latiendadesami.com\\\/wp-content\\\/uploads\\\/2020\\\/11\\\/0012222-1.jpg\",\"width\":250,\"height\":72,\"caption\":\"La Tienda de Sami\"},\"image\":{\"@id\":\"https:\\\/\\\/latiendadesami.com\\\/#\\\/schema\\\/logo\\\/image\\\/\"},\"sameAs\":[\"https:\\\/\\\/www.facebook.com\\\/La-Tienda-de-Sami-106767417920851\",\"https:\\\/\\\/x.com\\\/SamiSuministros\",\"https:\\\/\\\/www.instagram.com\\\/samisuministros\"]}]}<\/script>\n<meta property=\"og:availability\" content=\"instock\" \/>\n<meta property=\"product:availability\" content=\"instock\" \/>\n<meta property=\"product:retailer_item_id\" content=\"bonito-escabeche-pescador-cantabria-220-gr\" \/>\n<meta property=\"product:condition\" content=\"new\" \/>\n<!-- \/ Yoast SEO plugin. -->","yoast_head_json":{"title":"Bonito em Escabeche El Pecador de cantabria 220 g - La Tienda de Sami","description":"Bonito en Escabeche Alta Cocina preparado por El Pescador de Cantabria. Qualidade, Artesanato e Tradi\u00e7\u00e3o ao melhor pre\u00e7o em La Tienda de Sami","robots":{"index":"index","follow":"follow","max-snippet":"max-snippet:-1","max-image-preview":"max-image-preview:large","max-video-preview":"max-video-preview:-1"},"canonical":"https:\/\/latiendadesami.com\/producto\/bonito-escabeche-pescador-cantabria\/","og_locale":"pt_PT","og_type":"article","og_title":"Bonito em Escabeche El Pecador de cantabria 220 g - La Tienda de Sami","og_description":"Bonito en Escabeche Alta Cocina preparado por El Pescador de Cantabria. Qualidade, Artesanato e Tradi\u00e7\u00e3o ao melhor pre\u00e7o em La Tienda de Sami","og_url":"https:\/\/latiendadesami.com\/producto\/bonito-escabeche-pescador-cantabria\/","og_site_name":"La Tienda de Sami","article_publisher":"https:\/\/www.facebook.com\/La-Tienda-de-Sami-106767417920851","article_modified_time":"2022-08-23T07:46:20+00:00","og_image":[{"width":750,"height":750,"url":"https:\/\/latiendadesami.com\/wp-content\/uploads\/2021\/05\/IMG_20210527_145029.jpg","type":"image\/jpeg"}],"twitter_card":"summary_large_image","twitter_site":"@SamiSuministros","twitter_misc":{"Disponibilidade":"Em stock"},"schema":{"@context":"https:\/\/schema.org","@graph":[{"@type":"WebPage","@id":"https:\/\/latiendadesami.com\/producto\/bonito-escabeche-pescador-cantabria\/","url":"https:\/\/latiendadesami.com\/producto\/bonito-escabeche-pescador-cantabria\/","name":"Bonito em Escabeche El Pecador de cantabria 220 g - La Tienda de Sami","isPartOf":{"@id":"https:\/\/latiendadesami.com\/#website"},"primaryImageOfPage":{"@id":"https:\/\/latiendadesami.com\/producto\/bonito-escabeche-pescador-cantabria\/#primaryimage"},"image":{"@id":"https:\/\/latiendadesami.com\/producto\/bonito-escabeche-pescador-cantabria\/#primaryimage"},"thumbnailUrl":"https:\/\/latiendadesami.com\/wp-content\/uploads\/2023\/08\/Bonito-en-Escabeche-220-g-El-Pescador-de-cantabria.jpg","datePublished":"2021-05-20T08:28:26+00:00","dateModified":"2022-08-23T07:46:20+00:00","description":"Bonito en Escabeche Alta Cocina preparado por El Pescador de Cantabria. Qualidade, Artesanato e Tradi\u00e7\u00e3o ao melhor pre\u00e7o em La Tienda de Sami","breadcrumb":{"@id":"https:\/\/latiendadesami.com\/producto\/bonito-escabeche-pescador-cantabria\/#breadcrumb"},"inLanguage":"pt-PT","potentialAction":[{"@type":"ReadAction","target":["https:\/\/latiendadesami.com\/producto\/bonito-escabeche-pescador-cantabria\/"]}]},{"@type":"ImageObject","inLanguage":"pt-PT","@id":"https:\/\/latiendadesami.com\/producto\/bonito-escabeche-pescador-cantabria\/#primaryimage","url":"https:\/\/latiendadesami.com\/wp-content\/uploads\/2023\/08\/Bonito-en-Escabeche-220-g-El-Pescador-de-cantabria.jpg","contentUrl":"https:\/\/latiendadesami.com\/wp-content\/uploads\/2023\/08\/Bonito-en-Escabeche-220-g-El-Pescador-de-cantabria.jpg","width":750,"height":750,"caption":"Bonito en Escabeche El Pescador de Cantabria 220 gr"},{"@type":"BreadcrumbList","@id":"https:\/\/latiendadesami.com\/producto\/bonito-escabeche-pescador-cantabria\/#breadcrumb","itemListElement":[{"@type":"ListItem","position":1,"name":"P\u00e1gina inicial","item":"https:\/\/latiendadesami.com\/pt-pt\/"},{"@type":"ListItem","position":2,"name":"Shop","item":"https:\/\/latiendadesami.com\/pt-pt\/"},{"@type":"ListItem","position":3,"name":"Conservas","item":"https:\/\/latiendadesami.com\/pt-pt\/categoria-producto\/conservas-pt-pt\/"},{"@type":"ListItem","position":4,"name":"Atum e Bonito","item":"https:\/\/latiendadesami.com\/pt-pt\/categoria-producto\/atum-e-bonito\/"},{"@type":"ListItem","position":5,"name":"Bonito em Escabeche El Pecador de cantabria 220 g"}]},{"@type":"WebSite","@id":"https:\/\/latiendadesami.com\/#website","url":"https:\/\/latiendadesami.com\/","name":"La Tienda de Sami","description":"Conservas, azeitonas, vinho, azeite, queijos","publisher":{"@id":"https:\/\/latiendadesami.com\/#organization"},"potentialAction":[{"@type":"SearchAction","target":{"@type":"EntryPoint","urlTemplate":"https:\/\/latiendadesami.com\/?s={search_term_string}"},"query-input":{"@type":"PropertyValueSpecification","valueRequired":true,"valueName":"search_term_string"}}],"inLanguage":"pt-PT"},{"@type":"Organization","@id":"https:\/\/latiendadesami.com\/#organization","name":"La Tienda de Sami","url":"https:\/\/latiendadesami.com\/","logo":{"@type":"ImageObject","inLanguage":"pt-PT","@id":"https:\/\/latiendadesami.com\/#\/schema\/logo\/image\/","url":"https:\/\/latiendadesami.com\/wp-content\/uploads\/2020\/11\/0012222-1.jpg","contentUrl":"https:\/\/latiendadesami.com\/wp-content\/uploads\/2020\/11\/0012222-1.jpg","width":250,"height":72,"caption":"La Tienda de Sami"},"image":{"@id":"https:\/\/latiendadesami.com\/#\/schema\/logo\/image\/"},"sameAs":["https:\/\/www.facebook.com\/La-Tienda-de-Sami-106767417920851","https:\/\/x.com\/SamiSuministros","https:\/\/www.instagram.com\/samisuministros"]}]},"og_availability":"instock","product_availability":"instock","product_retailer_item_id":"bonito-escabeche-pescador-cantabria-220-gr","product_condition":"new"},"_links":{"self":[{"href":"https:\/\/latiendadesami.com\/pt-pt\/wp-json\/wp\/v2\/product\/11931","targetHints":{"allow":["GET"]}}],"collection":[{"href":"https:\/\/latiendadesami.com\/pt-pt\/wp-json\/wp\/v2\/product"}],"about":[{"href":"https:\/\/latiendadesami.com\/pt-pt\/wp-json\/wp\/v2\/types\/product"}],"wp:featuredmedia":[{"embeddable":true,"href":"https:\/\/latiendadesami.com\/pt-pt\/wp-json\/wp\/v2\/media\/20796"}],"wp:attachment":[{"href":"https:\/\/latiendadesami.com\/pt-pt\/wp-json\/wp\/v2\/media?parent=11931"}],"wp:term":[{"taxonomy":"product_brand","embeddable":true,"href":"https:\/\/latiendadesami.com\/pt-pt\/wp-json\/wp\/v2\/product_brand?post=11931"},{"taxonomy":"product_cat","embeddable":true,"href":"https:\/\/latiendadesami.com\/pt-pt\/wp-json\/wp\/v2\/product_cat?post=11931"},{"taxonomy":"product_tag","embeddable":true,"href":"https:\/\/latiendadesami.com\/pt-pt\/wp-json\/wp\/v2\/product_tag?post=11931"}],"curies":[{"name":"wp","href":"https:\/\/api.w.org\/{rel}","templated":true}]}}