{"id":11974,"date":"2021-05-25T09:00:51","date_gmt":"2021-05-25T07:00:51","guid":{"rendered":"https:\/\/latiendadesami.com\/producto\/azeite-virgem-extra-valdezarza-5-litros-pack-3-unidades-429-euros-litro\/"},"modified":"2022-08-23T09:46:30","modified_gmt":"2022-08-23T07:46:30","slug":"azeite-virgem-extra-valdezarza-5-litros-pack-3-unidades-429-euros-litro","status":"publish","type":"product","link":"https:\/\/latiendadesami.com\/pt-pt\/producto\/azeite-virgem-extra-valdezarza-5-litros-pack-3-unidades-429-euros-litro\/","title":{"rendered":"Azeite virgem extra VALDEZARZA 5 litros PACK 3 UNIDADES 4,29 euros\/litro"},"content":{"rendered":"<p>O Azeite Virgem Extra Valdezarza 5l \u00e9 um Azeite Virgem Extra de categoria superior, obtido directamente a partir de azeitonas e apenas por procedimentos mec\u00e2nicos.<\/p>\n<p>Valdezarza est\u00e1 localizada no cora\u00e7\u00e3o dos Montes de Toledo (Espanha) e tem um ecossistema integrado de olivais e natureza.<\/p>\n<p>O melhor sumo de azeitona \u00e9 feito a partir de azeitonas: Azeite Virgem Extra <a href=\"https:\/\/aceitesvaldezarza.com\/quienes-somos\/\" target=\"_blank\" rel=\"noopener\">VALDEZARZA<\/a>.<\/p>\n<p>A Quinta de Valdezarza est\u00e1 localizada no munic\u00edpio de San Mart\u00edn de Montalb\u00e1n, integrada geograficamente nos Montes de Toledo.<\/p>\n<p>Com uma \u00e1rea de 700 hectares, a maior parte desta terra \u00e9 considerada floresta mediterr\u00e2nica protegida e um ecossistema controlado.<\/p>\n<p>Este s\u00edtio faz parte do projecto de reintrodu\u00e7\u00e3o do lince ib\u00e9rico e pode desfrutar de imagens espectaculares de v\u00e1rios linces que descansam debaixo das oliveiras.<\/p>\n<p>A sua planta de embalagem d\u00e1-lhes maior controlo sobre todo o circuito, desde a oliveira at\u00e9 \u00e0 embalagem.<\/p>\n<p>Al\u00e9m disso, esta empresa tem verdadeiros projectos de investiga\u00e7\u00e3o, desenvolvimento e implementa\u00e7\u00e3o, tais como o Projecto Messor.<\/p>\n<p>Se quiser comprar <a href=\"https:\/\/latiendadesami.com\/categoria-producto\/aceite\/\" rel=\"noopener\">azeite<\/a>, n\u00e3o hesite em consultar o nosso cat\u00e1logo online para ver a grande variedade de produtos que temos, tais como Azeite Virgem Extra Valdezarza 5l.<\/p>\n<p>Escreva-nos para obter mais informa\u00e7\u00f5es sobre qualquer um dos nossos alimentos.<\/p>\n","protected":false},"excerpt":{"rendered":"<p>O Azeite Virgem Extra Valdezarza 5l \u00e9 um Azeite Virgem Extra de categoria superior, obtido directamente a partir de azeitonas e apenas por procedimentos mec\u00e2nicos. Valdezarza est\u00e1 localizada no cora\u00e7\u00e3o dos Montes de Toledo (Espanha) e tem um ecossistema integrado de olivais e natureza. O melhor sumo de azeitona \u00e9 feito a partir de azeitonas: [&hellip;]<\/p>\n","protected":false},"featured_media":11497,"template":"","meta":{"_et_pb_use_builder":"","_et_pb_old_content":"","_et_gb_content_width":""},"product_brand":[],"product_cat":[420,419],"product_tag":[421],"class_list":{"0":"post-11974","1":"product","2":"type-product","3":"status-publish","4":"has-post-thumbnail","6":"product_cat-azeitona-virgem-extra","7":"product_cat-oleo","8":"product_tag-petroleo","10":"first","11":"outofstock","12":"featured","13":"taxable","14":"shipping-taxable","15":"product-type-variable"},"yoast_head":"<!-- This site is optimized with the Yoast SEO plugin v27.3 - https:\/\/yoast.com\/product\/yoast-seo-wordpress\/ -->\n<title>Azeite Virgem Extra Valdezarza 5l - La Tienda de Sami<\/title>\n<meta name=\"description\" content=\"Valdezarza Extra Virgin Oil 5l de categoria superior, obtido directamente a partir de azeitonas e apenas por processos mec\u00e2nicos.\" \/>\n<meta name=\"robots\" content=\"index, follow, max-snippet:-1, max-image-preview:large, max-video-preview:-1\" \/>\n<link rel=\"canonical\" href=\"https:\/\/latiendadesami.com\/producto\/valdezarza-aceite-virgen-extra-5l\/\" \/>\n<meta property=\"og:locale\" content=\"pt_PT\" \/>\n<meta property=\"og:type\" content=\"article\" \/>\n<meta property=\"og:title\" content=\"Azeite Virgem Extra Valdezarza 5l - La Tienda de Sami\" \/>\n<meta property=\"og:description\" content=\"Valdezarza Extra Virgin Oil 5l de categoria superior, obtido directamente a partir de azeitonas e apenas por processos mec\u00e2nicos.\" \/>\n<meta property=\"og:url\" content=\"https:\/\/latiendadesami.com\/producto\/valdezarza-aceite-virgen-extra-5l\/\" \/>\n<meta property=\"og:site_name\" content=\"La Tienda de Sami\" \/>\n<meta property=\"article:publisher\" content=\"https:\/\/www.facebook.com\/La-Tienda-de-Sami-106767417920851\" \/>\n<meta property=\"article:modified_time\" content=\"2022-08-23T07:46:30+00:00\" \/>\n<meta property=\"og:image\" content=\"https:\/\/latiendadesami.com\/wp-content\/uploads\/2021\/05\/valdezarza-aceite-oliva-virgen-extra-5-pack3.jpg\" \/>\n\t<meta property=\"og:image:width\" content=\"750\" \/>\n\t<meta property=\"og:image:height\" content=\"625\" \/>\n\t<meta property=\"og:image:type\" content=\"image\/jpeg\" \/>\n<meta name=\"twitter:card\" content=\"summary_large_image\" \/>\n<meta name=\"twitter:site\" content=\"@SamiSuministros\" \/>\n<meta name=\"twitter:label1\" content=\"Disponibilidade\" \/>\n\t<meta name=\"twitter:data1\" content=\"Esgotado\" \/>\n<script type=\"application\/ld+json\" class=\"yoast-schema-graph\">{\"@context\":\"https:\\\/\\\/schema.org\",\"@graph\":[{\"@type\":\"WebPage\",\"@id\":\"https:\\\/\\\/latiendadesami.com\\\/producto\\\/valdezarza-aceite-virgen-extra-5l\\\/\",\"url\":\"https:\\\/\\\/latiendadesami.com\\\/producto\\\/valdezarza-aceite-virgen-extra-5l\\\/\",\"name\":\"Azeite Virgem Extra Valdezarza 5l - La Tienda de Sami\",\"isPartOf\":{\"@id\":\"https:\\\/\\\/latiendadesami.com\\\/#website\"},\"primaryImageOfPage\":{\"@id\":\"https:\\\/\\\/latiendadesami.com\\\/producto\\\/valdezarza-aceite-virgen-extra-5l\\\/#primaryimage\"},\"image\":{\"@id\":\"https:\\\/\\\/latiendadesami.com\\\/producto\\\/valdezarza-aceite-virgen-extra-5l\\\/#primaryimage\"},\"thumbnailUrl\":\"https:\\\/\\\/latiendadesami.com\\\/wp-content\\\/uploads\\\/2021\\\/05\\\/valdezarza-aceite-oliva-virgen-extra-5-pack3.jpg\",\"datePublished\":\"2021-05-25T07:00:51+00:00\",\"dateModified\":\"2022-08-23T07:46:30+00:00\",\"description\":\"Valdezarza Extra Virgin Oil 5l de categoria superior, obtido directamente a partir de azeitonas e apenas por processos mec\u00e2nicos.\",\"breadcrumb\":{\"@id\":\"https:\\\/\\\/latiendadesami.com\\\/producto\\\/valdezarza-aceite-virgen-extra-5l\\\/#breadcrumb\"},\"inLanguage\":\"pt-PT\",\"potentialAction\":[{\"@type\":\"ReadAction\",\"target\":[\"https:\\\/\\\/latiendadesami.com\\\/producto\\\/valdezarza-aceite-virgen-extra-5l\\\/\"]}]},{\"@type\":\"ImageObject\",\"inLanguage\":\"pt-PT\",\"@id\":\"https:\\\/\\\/latiendadesami.com\\\/producto\\\/valdezarza-aceite-virgen-extra-5l\\\/#primaryimage\",\"url\":\"https:\\\/\\\/latiendadesami.com\\\/wp-content\\\/uploads\\\/2021\\\/05\\\/valdezarza-aceite-oliva-virgen-extra-5-pack3.jpg\",\"contentUrl\":\"https:\\\/\\\/latiendadesami.com\\\/wp-content\\\/uploads\\\/2021\\\/05\\\/valdezarza-aceite-oliva-virgen-extra-5-pack3.jpg\",\"width\":750,\"height\":625},{\"@type\":\"BreadcrumbList\",\"@id\":\"https:\\\/\\\/latiendadesami.com\\\/producto\\\/valdezarza-aceite-virgen-extra-5l\\\/#breadcrumb\",\"itemListElement\":[{\"@type\":\"ListItem\",\"position\":1,\"name\":\"P\u00e1gina inicial\",\"item\":\"https:\\\/\\\/latiendadesami.com\\\/pt-pt\\\/\"},{\"@type\":\"ListItem\",\"position\":2,\"name\":\"Shop\",\"item\":\"https:\\\/\\\/latiendadesami.com\\\/pt-pt\\\/\"},{\"@type\":\"ListItem\",\"position\":3,\"name\":\"\u00d3leo\",\"item\":\"https:\\\/\\\/latiendadesami.com\\\/pt-pt\\\/categoria-producto\\\/petroleo\\\/\"},{\"@type\":\"ListItem\",\"position\":4,\"name\":\"Azeitona Virgem Extra\",\"item\":\"https:\\\/\\\/latiendadesami.com\\\/pt-pt\\\/categoria-producto\\\/azeitona-virgem-extra\\\/\"},{\"@type\":\"ListItem\",\"position\":5,\"name\":\"Azeite virgem extra VALDEZARZA 5 litros PACK 3 UNIDADES 4,29 euros\\\/litro\"}]},{\"@type\":\"WebSite\",\"@id\":\"https:\\\/\\\/latiendadesami.com\\\/#website\",\"url\":\"https:\\\/\\\/latiendadesami.com\\\/\",\"name\":\"La Tienda de Sami\",\"description\":\"Conservas, azeitonas, vinho, azeite, queijos\",\"publisher\":{\"@id\":\"https:\\\/\\\/latiendadesami.com\\\/#organization\"},\"potentialAction\":[{\"@type\":\"SearchAction\",\"target\":{\"@type\":\"EntryPoint\",\"urlTemplate\":\"https:\\\/\\\/latiendadesami.com\\\/?s={search_term_string}\"},\"query-input\":{\"@type\":\"PropertyValueSpecification\",\"valueRequired\":true,\"valueName\":\"search_term_string\"}}],\"inLanguage\":\"pt-PT\"},{\"@type\":\"Organization\",\"@id\":\"https:\\\/\\\/latiendadesami.com\\\/#organization\",\"name\":\"La Tienda de Sami\",\"url\":\"https:\\\/\\\/latiendadesami.com\\\/\",\"logo\":{\"@type\":\"ImageObject\",\"inLanguage\":\"pt-PT\",\"@id\":\"https:\\\/\\\/latiendadesami.com\\\/#\\\/schema\\\/logo\\\/image\\\/\",\"url\":\"https:\\\/\\\/latiendadesami.com\\\/wp-content\\\/uploads\\\/2020\\\/11\\\/0012222-1.jpg\",\"contentUrl\":\"https:\\\/\\\/latiendadesami.com\\\/wp-content\\\/uploads\\\/2020\\\/11\\\/0012222-1.jpg\",\"width\":250,\"height\":72,\"caption\":\"La Tienda de Sami\"},\"image\":{\"@id\":\"https:\\\/\\\/latiendadesami.com\\\/#\\\/schema\\\/logo\\\/image\\\/\"},\"sameAs\":[\"https:\\\/\\\/www.facebook.com\\\/La-Tienda-de-Sami-106767417920851\",\"https:\\\/\\\/x.com\\\/SamiSuministros\",\"https:\\\/\\\/www.instagram.com\\\/samisuministros\"]}]}<\/script>\n<meta property=\"og:availability\" content=\"out of stock\" \/>\n<meta property=\"product:availability\" content=\"out of stock\" \/>\n<meta property=\"product:retailer_item_id\" content=\"aceite-oliva-virgen-extra-valdezarza-5-litros\" \/>\n<meta property=\"product:condition\" content=\"new\" \/>\n<!-- \/ Yoast SEO plugin. -->","yoast_head_json":{"title":"Azeite Virgem Extra Valdezarza 5l - La Tienda de Sami","description":"Valdezarza Extra Virgin Oil 5l de categoria superior, obtido directamente a partir de azeitonas e apenas por processos mec\u00e2nicos.","robots":{"index":"index","follow":"follow","max-snippet":"max-snippet:-1","max-image-preview":"max-image-preview:large","max-video-preview":"max-video-preview:-1"},"canonical":"https:\/\/latiendadesami.com\/producto\/valdezarza-aceite-virgen-extra-5l\/","og_locale":"pt_PT","og_type":"article","og_title":"Azeite Virgem Extra Valdezarza 5l - La Tienda de Sami","og_description":"Valdezarza Extra Virgin Oil 5l de categoria superior, obtido directamente a partir de azeitonas e apenas por processos mec\u00e2nicos.","og_url":"https:\/\/latiendadesami.com\/producto\/valdezarza-aceite-virgen-extra-5l\/","og_site_name":"La Tienda de Sami","article_publisher":"https:\/\/www.facebook.com\/La-Tienda-de-Sami-106767417920851","article_modified_time":"2022-08-23T07:46:30+00:00","og_image":[{"width":750,"height":625,"url":"https:\/\/latiendadesami.com\/wp-content\/uploads\/2021\/05\/valdezarza-aceite-oliva-virgen-extra-5-pack3.jpg","type":"image\/jpeg"}],"twitter_card":"summary_large_image","twitter_site":"@SamiSuministros","twitter_misc":{"Disponibilidade":"Esgotado"},"schema":{"@context":"https:\/\/schema.org","@graph":[{"@type":"WebPage","@id":"https:\/\/latiendadesami.com\/producto\/valdezarza-aceite-virgen-extra-5l\/","url":"https:\/\/latiendadesami.com\/producto\/valdezarza-aceite-virgen-extra-5l\/","name":"Azeite Virgem Extra Valdezarza 5l - La Tienda de Sami","isPartOf":{"@id":"https:\/\/latiendadesami.com\/#website"},"primaryImageOfPage":{"@id":"https:\/\/latiendadesami.com\/producto\/valdezarza-aceite-virgen-extra-5l\/#primaryimage"},"image":{"@id":"https:\/\/latiendadesami.com\/producto\/valdezarza-aceite-virgen-extra-5l\/#primaryimage"},"thumbnailUrl":"https:\/\/latiendadesami.com\/wp-content\/uploads\/2021\/05\/valdezarza-aceite-oliva-virgen-extra-5-pack3.jpg","datePublished":"2021-05-25T07:00:51+00:00","dateModified":"2022-08-23T07:46:30+00:00","description":"Valdezarza Extra Virgin Oil 5l de categoria superior, obtido directamente a partir de azeitonas e apenas por processos mec\u00e2nicos.","breadcrumb":{"@id":"https:\/\/latiendadesami.com\/producto\/valdezarza-aceite-virgen-extra-5l\/#breadcrumb"},"inLanguage":"pt-PT","potentialAction":[{"@type":"ReadAction","target":["https:\/\/latiendadesami.com\/producto\/valdezarza-aceite-virgen-extra-5l\/"]}]},{"@type":"ImageObject","inLanguage":"pt-PT","@id":"https:\/\/latiendadesami.com\/producto\/valdezarza-aceite-virgen-extra-5l\/#primaryimage","url":"https:\/\/latiendadesami.com\/wp-content\/uploads\/2021\/05\/valdezarza-aceite-oliva-virgen-extra-5-pack3.jpg","contentUrl":"https:\/\/latiendadesami.com\/wp-content\/uploads\/2021\/05\/valdezarza-aceite-oliva-virgen-extra-5-pack3.jpg","width":750,"height":625},{"@type":"BreadcrumbList","@id":"https:\/\/latiendadesami.com\/producto\/valdezarza-aceite-virgen-extra-5l\/#breadcrumb","itemListElement":[{"@type":"ListItem","position":1,"name":"P\u00e1gina inicial","item":"https:\/\/latiendadesami.com\/pt-pt\/"},{"@type":"ListItem","position":2,"name":"Shop","item":"https:\/\/latiendadesami.com\/pt-pt\/"},{"@type":"ListItem","position":3,"name":"\u00d3leo","item":"https:\/\/latiendadesami.com\/pt-pt\/categoria-producto\/petroleo\/"},{"@type":"ListItem","position":4,"name":"Azeitona Virgem Extra","item":"https:\/\/latiendadesami.com\/pt-pt\/categoria-producto\/azeitona-virgem-extra\/"},{"@type":"ListItem","position":5,"name":"Azeite virgem extra VALDEZARZA 5 litros PACK 3 UNIDADES 4,29 euros\/litro"}]},{"@type":"WebSite","@id":"https:\/\/latiendadesami.com\/#website","url":"https:\/\/latiendadesami.com\/","name":"La Tienda de Sami","description":"Conservas, azeitonas, vinho, azeite, queijos","publisher":{"@id":"https:\/\/latiendadesami.com\/#organization"},"potentialAction":[{"@type":"SearchAction","target":{"@type":"EntryPoint","urlTemplate":"https:\/\/latiendadesami.com\/?s={search_term_string}"},"query-input":{"@type":"PropertyValueSpecification","valueRequired":true,"valueName":"search_term_string"}}],"inLanguage":"pt-PT"},{"@type":"Organization","@id":"https:\/\/latiendadesami.com\/#organization","name":"La Tienda de Sami","url":"https:\/\/latiendadesami.com\/","logo":{"@type":"ImageObject","inLanguage":"pt-PT","@id":"https:\/\/latiendadesami.com\/#\/schema\/logo\/image\/","url":"https:\/\/latiendadesami.com\/wp-content\/uploads\/2020\/11\/0012222-1.jpg","contentUrl":"https:\/\/latiendadesami.com\/wp-content\/uploads\/2020\/11\/0012222-1.jpg","width":250,"height":72,"caption":"La Tienda de Sami"},"image":{"@id":"https:\/\/latiendadesami.com\/#\/schema\/logo\/image\/"},"sameAs":["https:\/\/www.facebook.com\/La-Tienda-de-Sami-106767417920851","https:\/\/x.com\/SamiSuministros","https:\/\/www.instagram.com\/samisuministros"]}]},"og_availability":"out of stock","product_availability":"out of stock","product_retailer_item_id":"aceite-oliva-virgen-extra-valdezarza-5-litros","product_condition":"new"},"_links":{"self":[{"href":"https:\/\/latiendadesami.com\/pt-pt\/wp-json\/wp\/v2\/product\/11974","targetHints":{"allow":["GET"]}}],"collection":[{"href":"https:\/\/latiendadesami.com\/pt-pt\/wp-json\/wp\/v2\/product"}],"about":[{"href":"https:\/\/latiendadesami.com\/pt-pt\/wp-json\/wp\/v2\/types\/product"}],"wp:featuredmedia":[{"embeddable":true,"href":"https:\/\/latiendadesami.com\/pt-pt\/wp-json\/wp\/v2\/media\/11497"}],"wp:attachment":[{"href":"https:\/\/latiendadesami.com\/pt-pt\/wp-json\/wp\/v2\/media?parent=11974"}],"wp:term":[{"taxonomy":"product_brand","embeddable":true,"href":"https:\/\/latiendadesami.com\/pt-pt\/wp-json\/wp\/v2\/product_brand?post=11974"},{"taxonomy":"product_cat","embeddable":true,"href":"https:\/\/latiendadesami.com\/pt-pt\/wp-json\/wp\/v2\/product_cat?post=11974"},{"taxonomy":"product_tag","embeddable":true,"href":"https:\/\/latiendadesami.com\/pt-pt\/wp-json\/wp\/v2\/product_tag?post=11974"}],"curies":[{"name":"wp","href":"https:\/\/api.w.org\/{rel}","templated":true}]}}