{"id":11978,"date":"2021-05-20T12:08:27","date_gmt":"2021-05-20T10:08:27","guid":{"rendered":"https:\/\/latiendadesami.com\/producto\/mel-de-flores-1-kg\/"},"modified":"2024-04-16T11:28:06","modified_gmt":"2024-04-16T09:28:06","slug":"mel-de-flores-1-kg","status":"publish","type":"product","link":"https:\/\/latiendadesami.com\/pt-pt\/producto\/mel-de-flores-1-kg\/","title":{"rendered":"Mel de flores 1 kg"},"content":{"rendered":"<p style=\"text-align: center;\">Miel de Flores 1 kg \u00e9 um produto produzido gra\u00e7as \u00e0s extensas instala\u00e7\u00f5es equipadas com linhas de <a href=\"https:\/\/es.wikipedia.org\/wiki\/Miel\" target=\"_blank\" rel=\"noopener\">produ\u00e7\u00e3o<\/a> automatizadas e um sistema de qualidade integrado.<\/p>\n<p>Ap\u00f3s ter sido colhido por apicultores experientes, o produto \u00e9 embalado num processo que assegura a m\u00e1xima preserva\u00e7\u00e3o das suas propriedades naturais.<\/p>\n<p>Este produto evolui gra\u00e7as \u00e0 experi\u00eancia, conhecimento e entusiasmo de todos aqueles que o comp\u00f5em, com um compromisso equilibrado com a melhor tradi\u00e7\u00e3o, preservando o bom trabalho de outrora, e atrav\u00e9s de processos de produ\u00e7\u00e3o que asseguram a <strong>qualidade do produto final<\/strong>.<\/p>\n<p>O mel \u00e9 um alimento completo produzido pelas abelhas a partir do n\u00e9ctar que extraem das flores.<\/p>\n<p>\u00c9 um l\u00edquido de cor dourada, viscoso, doce e delicioso que as abelhas guardam para se alimentarem durante a esta\u00e7\u00e3o do Ver\u00e3o.<\/p>\n<p>Tem muitos benef\u00edcios, como por exemplo:<\/p>\n<ul>\n<li>\u00c9 um substituto do a\u00e7\u00facar. De uma forma natural e deliciosa.<\/li>\n<li>Torna as suas defesas mais fortes. Protege-o organicamente.<\/li>\n<li>Previne infec\u00e7\u00f5es. Cuide da sua sa\u00fade.<\/li>\n<li>D\u00e1-lhe essa energia extra no dia-a-dia.<\/li>\n<li>  Ajuda a promover a digest\u00e3o<\/li>\n<\/ul>\n<p>Se quiser comprar Miel de Flores 1 kg ou qualquer outro tipo de <a href=\"https:\/\/latiendadesami.com\/categoria-producto\/conservas\/\" rel=\"noopener\">comida enlatada<\/a>, n\u00e3o hesite em consultar o nosso cat\u00e1logo online para ver a grande variedade que temos.<\/p>\n<p>Escreva-nos para mais informa\u00e7\u00f5es.<\/p>\n","protected":false},"excerpt":{"rendered":"<p>Mel de flores 1 kg<\/p>\n","protected":false},"featured_media":11020,"template":"","meta":{"_et_pb_use_builder":"","_et_pb_old_content":"","_et_gb_content_width":""},"product_brand":[],"product_cat":[367,447],"product_tag":[],"class_list":{"0":"post-11978","1":"product","2":"type-product","3":"status-publish","4":"has-post-thumbnail","6":"product_cat-conservas-pt-pt","7":"product_cat-mel","8":"pa_cantidad-pacote-de-6-unidades-poupanca","9":"pa_cantidad-unidade-pt-pt","11":"first","12":"instock","13":"sale","14":"taxable","15":"shipping-taxable","16":"purchasable","17":"product-type-variable"},"yoast_head":"<!-- This site is optimized with the Yoast SEO plugin v27.3 - https:\/\/yoast.com\/product\/yoast-seo-wordpress\/ -->\n<title>Mel de flores 1 kg - La Tienda de Sami<\/title>\n<meta name=\"description\" content=\"Miel de Flores 1 kg \u00e9 um produto de qualidade. Todos os alimentos e bebidas ao melhor pre\u00e7o a La Tienda de Sami\" \/>\n<meta name=\"robots\" content=\"index, follow, max-snippet:-1, max-image-preview:large, max-video-preview:-1\" \/>\n<link rel=\"canonical\" href=\"https:\/\/latiendadesami.com\/pt-pt\/producto\/mel-de-flores-1-kg\/\" \/>\n<meta property=\"og:locale\" content=\"pt_PT\" \/>\n<meta property=\"og:type\" content=\"article\" \/>\n<meta property=\"og:title\" content=\"Mel de flores 1 kg - La Tienda de Sami\" \/>\n<meta property=\"og:description\" content=\"Miel de Flores 1 kg \u00e9 um produto de qualidade. Todos os alimentos e bebidas ao melhor pre\u00e7o a La Tienda de Sami\" \/>\n<meta property=\"og:url\" content=\"https:\/\/latiendadesami.com\/pt-pt\/producto\/mel-de-flores-1-kg\/\" \/>\n<meta property=\"og:site_name\" content=\"La Tienda de Sami\" \/>\n<meta property=\"article:publisher\" content=\"https:\/\/www.facebook.com\/La-Tienda-de-Sami-106767417920851\" \/>\n<meta property=\"article:modified_time\" content=\"2024-04-16T09:28:06+00:00\" \/>\n<meta property=\"og:image\" content=\"https:\/\/latiendadesami.com\/wp-content\/uploads\/2021\/05\/miel-1kg-1.jpg\" \/>\n\t<meta property=\"og:image:width\" content=\"750\" \/>\n\t<meta property=\"og:image:height\" content=\"750\" \/>\n\t<meta property=\"og:image:type\" content=\"image\/jpeg\" \/>\n<meta name=\"twitter:card\" content=\"summary_large_image\" \/>\n<meta name=\"twitter:site\" content=\"@SamiSuministros\" \/>\n<meta name=\"twitter:label1\" content=\"Disponibilidade\" \/>\n\t<meta name=\"twitter:data1\" content=\"Em stock\" \/>\n<script type=\"application\/ld+json\" class=\"yoast-schema-graph\">{\"@context\":\"https:\\\/\\\/schema.org\",\"@graph\":[{\"@type\":\"WebPage\",\"@id\":\"https:\\\/\\\/latiendadesami.com\\\/pt-pt\\\/producto\\\/mel-de-flores-1-kg\\\/\",\"url\":\"https:\\\/\\\/latiendadesami.com\\\/pt-pt\\\/producto\\\/mel-de-flores-1-kg\\\/\",\"name\":\"Mel de flores 1 kg - La Tienda de Sami\",\"isPartOf\":{\"@id\":\"https:\\\/\\\/latiendadesami.com\\\/#website\"},\"primaryImageOfPage\":{\"@id\":\"https:\\\/\\\/latiendadesami.com\\\/pt-pt\\\/producto\\\/mel-de-flores-1-kg\\\/#primaryimage\"},\"image\":{\"@id\":\"https:\\\/\\\/latiendadesami.com\\\/pt-pt\\\/producto\\\/mel-de-flores-1-kg\\\/#primaryimage\"},\"thumbnailUrl\":\"https:\\\/\\\/latiendadesami.com\\\/wp-content\\\/uploads\\\/2021\\\/05\\\/miel-1kg-1.jpg\",\"datePublished\":\"2021-05-20T10:08:27+00:00\",\"dateModified\":\"2024-04-16T09:28:06+00:00\",\"description\":\"Miel de Flores 1 kg \u00e9 um produto de qualidade. Todos os alimentos e bebidas ao melhor pre\u00e7o a La Tienda de Sami\",\"breadcrumb\":{\"@id\":\"https:\\\/\\\/latiendadesami.com\\\/pt-pt\\\/producto\\\/mel-de-flores-1-kg\\\/#breadcrumb\"},\"inLanguage\":\"pt-PT\",\"potentialAction\":[{\"@type\":\"ReadAction\",\"target\":[\"https:\\\/\\\/latiendadesami.com\\\/pt-pt\\\/producto\\\/mel-de-flores-1-kg\\\/\"]}]},{\"@type\":\"ImageObject\",\"inLanguage\":\"pt-PT\",\"@id\":\"https:\\\/\\\/latiendadesami.com\\\/pt-pt\\\/producto\\\/mel-de-flores-1-kg\\\/#primaryimage\",\"url\":\"https:\\\/\\\/latiendadesami.com\\\/wp-content\\\/uploads\\\/2021\\\/05\\\/miel-1kg-1.jpg\",\"contentUrl\":\"https:\\\/\\\/latiendadesami.com\\\/wp-content\\\/uploads\\\/2021\\\/05\\\/miel-1kg-1.jpg\",\"width\":750,\"height\":750,\"caption\":\"Mel de flores 1 kg\"},{\"@type\":\"BreadcrumbList\",\"@id\":\"https:\\\/\\\/latiendadesami.com\\\/pt-pt\\\/producto\\\/mel-de-flores-1-kg\\\/#breadcrumb\",\"itemListElement\":[{\"@type\":\"ListItem\",\"position\":1,\"name\":\"P\u00e1gina inicial\",\"item\":\"https:\\\/\\\/latiendadesami.com\\\/pt-pt\\\/\"},{\"@type\":\"ListItem\",\"position\":2,\"name\":\"Shop\",\"item\":\"https:\\\/\\\/latiendadesami.com\\\/pt-pt\\\/\"},{\"@type\":\"ListItem\",\"position\":3,\"name\":\"Conservas\",\"item\":\"https:\\\/\\\/latiendadesami.com\\\/categoria-producto\\\/conservas\\\/\"},{\"@type\":\"ListItem\",\"position\":4,\"name\":\"Mel de flores 1 kg\"}]},{\"@type\":\"WebSite\",\"@id\":\"https:\\\/\\\/latiendadesami.com\\\/#website\",\"url\":\"https:\\\/\\\/latiendadesami.com\\\/\",\"name\":\"La Tienda de Sami\",\"description\":\"Conservas, azeitonas, vinho, azeite, queijos\",\"publisher\":{\"@id\":\"https:\\\/\\\/latiendadesami.com\\\/#organization\"},\"potentialAction\":[{\"@type\":\"SearchAction\",\"target\":{\"@type\":\"EntryPoint\",\"urlTemplate\":\"https:\\\/\\\/latiendadesami.com\\\/?s={search_term_string}\"},\"query-input\":{\"@type\":\"PropertyValueSpecification\",\"valueRequired\":true,\"valueName\":\"search_term_string\"}}],\"inLanguage\":\"pt-PT\"},{\"@type\":\"Organization\",\"@id\":\"https:\\\/\\\/latiendadesami.com\\\/#organization\",\"name\":\"La Tienda de Sami\",\"url\":\"https:\\\/\\\/latiendadesami.com\\\/\",\"logo\":{\"@type\":\"ImageObject\",\"inLanguage\":\"pt-PT\",\"@id\":\"https:\\\/\\\/latiendadesami.com\\\/#\\\/schema\\\/logo\\\/image\\\/\",\"url\":\"https:\\\/\\\/latiendadesami.com\\\/wp-content\\\/uploads\\\/2020\\\/11\\\/0012222-1.jpg\",\"contentUrl\":\"https:\\\/\\\/latiendadesami.com\\\/wp-content\\\/uploads\\\/2020\\\/11\\\/0012222-1.jpg\",\"width\":250,\"height\":72,\"caption\":\"La Tienda de Sami\"},\"image\":{\"@id\":\"https:\\\/\\\/latiendadesami.com\\\/#\\\/schema\\\/logo\\\/image\\\/\"},\"sameAs\":[\"https:\\\/\\\/www.facebook.com\\\/La-Tienda-de-Sami-106767417920851\",\"https:\\\/\\\/x.com\\\/SamiSuministros\",\"https:\\\/\\\/www.instagram.com\\\/samisuministros\"]}]}<\/script>\n<meta property=\"og:availability\" content=\"instock\" \/>\n<meta property=\"product:availability\" content=\"instock\" \/>\n<meta property=\"product:retailer_item_id\" content=\"miel-flores-1-kg\" \/>\n<meta property=\"product:condition\" content=\"new\" \/>\n<!-- \/ Yoast SEO plugin. -->","yoast_head_json":{"title":"Mel de flores 1 kg - La Tienda de Sami","description":"Miel de Flores 1 kg \u00e9 um produto de qualidade. Todos os alimentos e bebidas ao melhor pre\u00e7o a La Tienda de Sami","robots":{"index":"index","follow":"follow","max-snippet":"max-snippet:-1","max-image-preview":"max-image-preview:large","max-video-preview":"max-video-preview:-1"},"canonical":"https:\/\/latiendadesami.com\/pt-pt\/producto\/mel-de-flores-1-kg\/","og_locale":"pt_PT","og_type":"article","og_title":"Mel de flores 1 kg - La Tienda de Sami","og_description":"Miel de Flores 1 kg \u00e9 um produto de qualidade. Todos os alimentos e bebidas ao melhor pre\u00e7o a La Tienda de Sami","og_url":"https:\/\/latiendadesami.com\/pt-pt\/producto\/mel-de-flores-1-kg\/","og_site_name":"La Tienda de Sami","article_publisher":"https:\/\/www.facebook.com\/La-Tienda-de-Sami-106767417920851","article_modified_time":"2024-04-16T09:28:06+00:00","og_image":[{"width":750,"height":750,"url":"https:\/\/latiendadesami.com\/wp-content\/uploads\/2021\/05\/miel-1kg-1.jpg","type":"image\/jpeg"}],"twitter_card":"summary_large_image","twitter_site":"@SamiSuministros","twitter_misc":{"Disponibilidade":"Em stock"},"schema":{"@context":"https:\/\/schema.org","@graph":[{"@type":"WebPage","@id":"https:\/\/latiendadesami.com\/pt-pt\/producto\/mel-de-flores-1-kg\/","url":"https:\/\/latiendadesami.com\/pt-pt\/producto\/mel-de-flores-1-kg\/","name":"Mel de flores 1 kg - La Tienda de Sami","isPartOf":{"@id":"https:\/\/latiendadesami.com\/#website"},"primaryImageOfPage":{"@id":"https:\/\/latiendadesami.com\/pt-pt\/producto\/mel-de-flores-1-kg\/#primaryimage"},"image":{"@id":"https:\/\/latiendadesami.com\/pt-pt\/producto\/mel-de-flores-1-kg\/#primaryimage"},"thumbnailUrl":"https:\/\/latiendadesami.com\/wp-content\/uploads\/2021\/05\/miel-1kg-1.jpg","datePublished":"2021-05-20T10:08:27+00:00","dateModified":"2024-04-16T09:28:06+00:00","description":"Miel de Flores 1 kg \u00e9 um produto de qualidade. Todos os alimentos e bebidas ao melhor pre\u00e7o a La Tienda de Sami","breadcrumb":{"@id":"https:\/\/latiendadesami.com\/pt-pt\/producto\/mel-de-flores-1-kg\/#breadcrumb"},"inLanguage":"pt-PT","potentialAction":[{"@type":"ReadAction","target":["https:\/\/latiendadesami.com\/pt-pt\/producto\/mel-de-flores-1-kg\/"]}]},{"@type":"ImageObject","inLanguage":"pt-PT","@id":"https:\/\/latiendadesami.com\/pt-pt\/producto\/mel-de-flores-1-kg\/#primaryimage","url":"https:\/\/latiendadesami.com\/wp-content\/uploads\/2021\/05\/miel-1kg-1.jpg","contentUrl":"https:\/\/latiendadesami.com\/wp-content\/uploads\/2021\/05\/miel-1kg-1.jpg","width":750,"height":750,"caption":"Mel de flores 1 kg"},{"@type":"BreadcrumbList","@id":"https:\/\/latiendadesami.com\/pt-pt\/producto\/mel-de-flores-1-kg\/#breadcrumb","itemListElement":[{"@type":"ListItem","position":1,"name":"P\u00e1gina inicial","item":"https:\/\/latiendadesami.com\/pt-pt\/"},{"@type":"ListItem","position":2,"name":"Shop","item":"https:\/\/latiendadesami.com\/pt-pt\/"},{"@type":"ListItem","position":3,"name":"Conservas","item":"https:\/\/latiendadesami.com\/categoria-producto\/conservas\/"},{"@type":"ListItem","position":4,"name":"Mel de flores 1 kg"}]},{"@type":"WebSite","@id":"https:\/\/latiendadesami.com\/#website","url":"https:\/\/latiendadesami.com\/","name":"La Tienda de Sami","description":"Conservas, azeitonas, vinho, azeite, queijos","publisher":{"@id":"https:\/\/latiendadesami.com\/#organization"},"potentialAction":[{"@type":"SearchAction","target":{"@type":"EntryPoint","urlTemplate":"https:\/\/latiendadesami.com\/?s={search_term_string}"},"query-input":{"@type":"PropertyValueSpecification","valueRequired":true,"valueName":"search_term_string"}}],"inLanguage":"pt-PT"},{"@type":"Organization","@id":"https:\/\/latiendadesami.com\/#organization","name":"La Tienda de Sami","url":"https:\/\/latiendadesami.com\/","logo":{"@type":"ImageObject","inLanguage":"pt-PT","@id":"https:\/\/latiendadesami.com\/#\/schema\/logo\/image\/","url":"https:\/\/latiendadesami.com\/wp-content\/uploads\/2020\/11\/0012222-1.jpg","contentUrl":"https:\/\/latiendadesami.com\/wp-content\/uploads\/2020\/11\/0012222-1.jpg","width":250,"height":72,"caption":"La Tienda de Sami"},"image":{"@id":"https:\/\/latiendadesami.com\/#\/schema\/logo\/image\/"},"sameAs":["https:\/\/www.facebook.com\/La-Tienda-de-Sami-106767417920851","https:\/\/x.com\/SamiSuministros","https:\/\/www.instagram.com\/samisuministros"]}]},"og_availability":"instock","product_availability":"instock","product_retailer_item_id":"miel-flores-1-kg","product_condition":"new"},"_links":{"self":[{"href":"https:\/\/latiendadesami.com\/pt-pt\/wp-json\/wp\/v2\/product\/11978","targetHints":{"allow":["GET"]}}],"collection":[{"href":"https:\/\/latiendadesami.com\/pt-pt\/wp-json\/wp\/v2\/product"}],"about":[{"href":"https:\/\/latiendadesami.com\/pt-pt\/wp-json\/wp\/v2\/types\/product"}],"wp:featuredmedia":[{"embeddable":true,"href":"https:\/\/latiendadesami.com\/pt-pt\/wp-json\/wp\/v2\/media\/11020"}],"wp:attachment":[{"href":"https:\/\/latiendadesami.com\/pt-pt\/wp-json\/wp\/v2\/media?parent=11978"}],"wp:term":[{"taxonomy":"product_brand","embeddable":true,"href":"https:\/\/latiendadesami.com\/pt-pt\/wp-json\/wp\/v2\/product_brand?post=11978"},{"taxonomy":"product_cat","embeddable":true,"href":"https:\/\/latiendadesami.com\/pt-pt\/wp-json\/wp\/v2\/product_cat?post=11978"},{"taxonomy":"product_tag","embeddable":true,"href":"https:\/\/latiendadesami.com\/pt-pt\/wp-json\/wp\/v2\/product_tag?post=11978"}],"curies":[{"name":"wp","href":"https:\/\/api.w.org\/{rel}","templated":true}]}}