{"id":11980,"date":"2021-06-03T12:40:56","date_gmt":"2021-06-03T10:40:56","guid":{"rendered":"https:\/\/latiendadesami.com\/producto\/ribera-senorio-de-nava\/"},"modified":"2022-08-23T09:46:31","modified_gmt":"2022-08-23T07:46:31","slug":"ribera-senorio-de-nava","status":"publish","type":"product","link":"https:\/\/latiendadesami.com\/pt-pt\/producto\/ribera-senorio-de-nava\/","title":{"rendered":"Ribera. Se\u00f1or\u00edo de Nava"},"content":{"rendered":"<p>Notas de degusta\u00e7\u00e3o Cor vermelho cereja, bem coberto, com bordo granada; aspecto vigoroso e jovem, elegante, brilhante, inconfund\u00edvel, que enche o copo com rendas vermelhas \u00e0 medida que cai da garrafa. Aroma complexo e fino; especiarias muito persistentes, com um pico de aromas bals\u00e2micos, caf\u00e9 torrado e alca\u00e7uz. Na boca mostra concentra\u00e7\u00e3o, estrutura espl\u00eandida, amplo, bom tanino, equilibrado, com um toque untuoso e deixa uma sensa\u00e7\u00e3o de delicadeza. Elegante, com uma vasta gama de sensa\u00e7\u00f5es.<br \/>\nPratos Gastron\u00f3micos-Recomendados Para acompanhar carne, peixe, assados e queijos frescos.<\/p>\n","protected":false},"excerpt":{"rendered":"<p>Notas de degusta\u00e7\u00e3o Cor vermelho cereja, bem coberto, com bordo granada; aspecto vigoroso e jovem, elegante, brilhante, inconfund\u00edvel, que enche o copo com rendas vermelhas \u00e0 medida que cai da garrafa. Aroma complexo e fino; especiarias muito persistentes, com um pico de aromas bals\u00e2micos, caf\u00e9 torrado e alca\u00e7uz. Na boca mostra concentra\u00e7\u00e3o, estrutura espl\u00eandida, amplo, [&hellip;]<\/p>\n","protected":false},"featured_media":11069,"template":"","meta":{"_et_pb_use_builder":"","_et_pb_old_content":"","_et_gb_content_width":""},"product_brand":[],"product_cat":[404,405],"product_tag":[429],"class_list":{"0":"post-11980","1":"product","2":"type-product","3":"status-publish","4":"has-post-thumbnail","6":"product_cat-bebidas-pt-pt","7":"product_cat-vinho","8":"product_tag-educacao","9":"pa_cantidad-embalagem-de-6-garrafaspoupanca","10":"pa_cantidad-unidade-pt-pt","12":"first","13":"outofstock","14":"taxable","15":"shipping-taxable","16":"product-type-variable"},"yoast_head":"<!-- This site is optimized with the Yoast SEO plugin v27.3 - https:\/\/yoast.com\/product\/yoast-seo-wordpress\/ -->\n<title>Ribera. Se\u00f1or\u00edo de Nava - La Tienda de Sami<\/title>\n<meta name=\"description\" content=\"Notas de degusta\u00e7\u00e3o Cor vermelho cereja, bem coberto, com bordo granada; aspecto vigoroso e jovem, elegante, brilhante, inconfund\u00edvel, que enche o copo com rendas vermelhas \u00e0 medida que cai da garrafa. Aroma complexo e fino; especiarias muito persistentes, com um pico de aromas bals\u00e2micos, caf\u00e9 torrado e alca\u00e7uz. Na boca mostra concentra\u00e7\u00e3o, estrutura espl\u00eandida, amplo, bom tanino, equilibrado, com um toque untuoso e deixa uma sensa\u00e7\u00e3o de delicadeza. Elegante, com uma vasta gama de sensa\u00e7\u00f5es. Pratos Gastron\u00f3micos-Recomendados Para acompanhar carnes, peixes, assados e queijos frescos.\" \/>\n<meta name=\"robots\" content=\"index, follow, max-snippet:-1, max-image-preview:large, max-video-preview:-1\" \/>\n<link rel=\"canonical\" href=\"https:\/\/latiendadesami.com\/pt-pt\/producto\/ribera-senorio-de-nava\/\" \/>\n<meta property=\"og:locale\" content=\"pt_PT\" \/>\n<meta property=\"og:type\" content=\"article\" \/>\n<meta property=\"og:title\" content=\"Ribera. Se\u00f1or\u00edo de Nava - La Tienda de Sami\" \/>\n<meta property=\"og:description\" content=\"Notas de degusta\u00e7\u00e3o Cor vermelho cereja, bem coberto, com bordo granada; aspecto vigoroso e jovem, elegante, brilhante, inconfund\u00edvel, que enche o copo com rendas vermelhas \u00e0 medida que cai da garrafa. Aroma complexo e fino; especiarias muito persistentes, com um pico de aromas bals\u00e2micos, caf\u00e9 torrado e alca\u00e7uz. Na boca mostra concentra\u00e7\u00e3o, estrutura espl\u00eandida, amplo, bom tanino, equilibrado, com um toque untuoso e deixa uma sensa\u00e7\u00e3o de delicadeza. Elegante, com uma vasta gama de sensa\u00e7\u00f5es. Pratos Gastron\u00f3micos-Recomendados Para acompanhar carnes, peixes, assados e queijos frescos.\" \/>\n<meta property=\"og:url\" content=\"https:\/\/latiendadesami.com\/pt-pt\/producto\/ribera-senorio-de-nava\/\" \/>\n<meta property=\"og:site_name\" content=\"La Tienda de Sami\" \/>\n<meta property=\"article:publisher\" content=\"https:\/\/www.facebook.com\/La-Tienda-de-Sami-106767417920851\" \/>\n<meta property=\"article:modified_time\" content=\"2022-08-23T07:46:31+00:00\" \/>\n<meta property=\"og:image\" content=\"https:\/\/latiendadesami.com\/wp-content\/uploads\/2021\/06\/senorio-nava-crianza.jpg\" \/>\n\t<meta property=\"og:image:width\" content=\"750\" \/>\n\t<meta property=\"og:image:height\" content=\"750\" \/>\n\t<meta property=\"og:image:type\" content=\"image\/jpeg\" \/>\n<meta name=\"twitter:card\" content=\"summary_large_image\" \/>\n<meta name=\"twitter:site\" content=\"@SamiSuministros\" \/>\n<meta name=\"twitter:label1\" content=\"Disponibilidade\" \/>\n\t<meta name=\"twitter:data1\" content=\"Esgotado\" \/>\n<script type=\"application\/ld+json\" class=\"yoast-schema-graph\">{\"@context\":\"https:\\\/\\\/schema.org\",\"@graph\":[{\"@type\":\"WebPage\",\"@id\":\"https:\\\/\\\/latiendadesami.com\\\/pt-pt\\\/producto\\\/ribera-senorio-de-nava\\\/\",\"url\":\"https:\\\/\\\/latiendadesami.com\\\/pt-pt\\\/producto\\\/ribera-senorio-de-nava\\\/\",\"name\":\"Ribera. Se\u00f1or\u00edo de Nava - La Tienda de Sami\",\"isPartOf\":{\"@id\":\"https:\\\/\\\/latiendadesami.com\\\/#website\"},\"primaryImageOfPage\":{\"@id\":\"https:\\\/\\\/latiendadesami.com\\\/pt-pt\\\/producto\\\/ribera-senorio-de-nava\\\/#primaryimage\"},\"image\":{\"@id\":\"https:\\\/\\\/latiendadesami.com\\\/pt-pt\\\/producto\\\/ribera-senorio-de-nava\\\/#primaryimage\"},\"thumbnailUrl\":\"https:\\\/\\\/latiendadesami.com\\\/wp-content\\\/uploads\\\/2021\\\/06\\\/senorio-nava-crianza.jpg\",\"datePublished\":\"2021-06-03T10:40:56+00:00\",\"dateModified\":\"2022-08-23T07:46:31+00:00\",\"description\":\"Notas de degusta\u00e7\u00e3o Cor vermelho cereja, bem coberto, com bordo granada; aspecto vigoroso e jovem, elegante, brilhante, inconfund\u00edvel, que enche o copo com rendas vermelhas \u00e0 medida que cai da garrafa. Aroma complexo e fino; especiarias muito persistentes, com um pico de aromas bals\u00e2micos, caf\u00e9 torrado e alca\u00e7uz. Na boca mostra concentra\u00e7\u00e3o, estrutura espl\u00eandida, amplo, bom tanino, equilibrado, com um toque untuoso e deixa uma sensa\u00e7\u00e3o de delicadeza. Elegante, com uma vasta gama de sensa\u00e7\u00f5es. Pratos Gastron\u00f3micos-Recomendados Para acompanhar carnes, peixes, assados e queijos frescos.\",\"breadcrumb\":{\"@id\":\"https:\\\/\\\/latiendadesami.com\\\/pt-pt\\\/producto\\\/ribera-senorio-de-nava\\\/#breadcrumb\"},\"inLanguage\":\"pt-PT\",\"potentialAction\":[{\"@type\":\"ReadAction\",\"target\":[\"https:\\\/\\\/latiendadesami.com\\\/pt-pt\\\/producto\\\/ribera-senorio-de-nava\\\/\"]}]},{\"@type\":\"ImageObject\",\"inLanguage\":\"pt-PT\",\"@id\":\"https:\\\/\\\/latiendadesami.com\\\/pt-pt\\\/producto\\\/ribera-senorio-de-nava\\\/#primaryimage\",\"url\":\"https:\\\/\\\/latiendadesami.com\\\/wp-content\\\/uploads\\\/2021\\\/06\\\/senorio-nava-crianza.jpg\",\"contentUrl\":\"https:\\\/\\\/latiendadesami.com\\\/wp-content\\\/uploads\\\/2021\\\/06\\\/senorio-nava-crianza.jpg\",\"width\":750,\"height\":750},{\"@type\":\"BreadcrumbList\",\"@id\":\"https:\\\/\\\/latiendadesami.com\\\/pt-pt\\\/producto\\\/ribera-senorio-de-nava\\\/#breadcrumb\",\"itemListElement\":[{\"@type\":\"ListItem\",\"position\":1,\"name\":\"P\u00e1gina inicial\",\"item\":\"https:\\\/\\\/latiendadesami.com\\\/pt-pt\\\/\"},{\"@type\":\"ListItem\",\"position\":2,\"name\":\"Shop\",\"item\":\"https:\\\/\\\/latiendadesami.com\\\/pt-pt\\\/\"},{\"@type\":\"ListItem\",\"position\":3,\"name\":\"Bebidas\",\"item\":\"https:\\\/\\\/latiendadesami.com\\\/categoria-producto\\\/bebidas\\\/\"},{\"@type\":\"ListItem\",\"position\":4,\"name\":\"Ribera. Se\u00f1or\u00edo de Nava\"}]},{\"@type\":\"WebSite\",\"@id\":\"https:\\\/\\\/latiendadesami.com\\\/#website\",\"url\":\"https:\\\/\\\/latiendadesami.com\\\/\",\"name\":\"La Tienda de Sami\",\"description\":\"Conservas, azeitonas, vinho, azeite, queijos\",\"publisher\":{\"@id\":\"https:\\\/\\\/latiendadesami.com\\\/#organization\"},\"potentialAction\":[{\"@type\":\"SearchAction\",\"target\":{\"@type\":\"EntryPoint\",\"urlTemplate\":\"https:\\\/\\\/latiendadesami.com\\\/?s={search_term_string}\"},\"query-input\":{\"@type\":\"PropertyValueSpecification\",\"valueRequired\":true,\"valueName\":\"search_term_string\"}}],\"inLanguage\":\"pt-PT\"},{\"@type\":\"Organization\",\"@id\":\"https:\\\/\\\/latiendadesami.com\\\/#organization\",\"name\":\"La Tienda de Sami\",\"url\":\"https:\\\/\\\/latiendadesami.com\\\/\",\"logo\":{\"@type\":\"ImageObject\",\"inLanguage\":\"pt-PT\",\"@id\":\"https:\\\/\\\/latiendadesami.com\\\/#\\\/schema\\\/logo\\\/image\\\/\",\"url\":\"https:\\\/\\\/latiendadesami.com\\\/wp-content\\\/uploads\\\/2020\\\/11\\\/0012222-1.jpg\",\"contentUrl\":\"https:\\\/\\\/latiendadesami.com\\\/wp-content\\\/uploads\\\/2020\\\/11\\\/0012222-1.jpg\",\"width\":250,\"height\":72,\"caption\":\"La Tienda de Sami\"},\"image\":{\"@id\":\"https:\\\/\\\/latiendadesami.com\\\/#\\\/schema\\\/logo\\\/image\\\/\"},\"sameAs\":[\"https:\\\/\\\/www.facebook.com\\\/La-Tienda-de-Sami-106767417920851\",\"https:\\\/\\\/x.com\\\/SamiSuministros\",\"https:\\\/\\\/www.instagram.com\\\/samisuministros\"]}]}<\/script>\n<meta property=\"og:availability\" content=\"out of stock\" \/>\n<meta property=\"product:availability\" content=\"out of stock\" \/>\n<meta property=\"product:retailer_item_id\" content=\"ribera-senorio-nava-2022-vino-joven\" \/>\n<meta property=\"product:condition\" content=\"new\" \/>\n<!-- \/ Yoast SEO plugin. -->","yoast_head_json":{"title":"Ribera. Se\u00f1or\u00edo de Nava - La Tienda de Sami","description":"Notas de degusta\u00e7\u00e3o Cor vermelho cereja, bem coberto, com bordo granada; aspecto vigoroso e jovem, elegante, brilhante, inconfund\u00edvel, que enche o copo com rendas vermelhas \u00e0 medida que cai da garrafa. Aroma complexo e fino; especiarias muito persistentes, com um pico de aromas bals\u00e2micos, caf\u00e9 torrado e alca\u00e7uz. Na boca mostra concentra\u00e7\u00e3o, estrutura espl\u00eandida, amplo, bom tanino, equilibrado, com um toque untuoso e deixa uma sensa\u00e7\u00e3o de delicadeza. Elegante, com uma vasta gama de sensa\u00e7\u00f5es. Pratos Gastron\u00f3micos-Recomendados Para acompanhar carnes, peixes, assados e queijos frescos.","robots":{"index":"index","follow":"follow","max-snippet":"max-snippet:-1","max-image-preview":"max-image-preview:large","max-video-preview":"max-video-preview:-1"},"canonical":"https:\/\/latiendadesami.com\/pt-pt\/producto\/ribera-senorio-de-nava\/","og_locale":"pt_PT","og_type":"article","og_title":"Ribera. Se\u00f1or\u00edo de Nava - La Tienda de Sami","og_description":"Notas de degusta\u00e7\u00e3o Cor vermelho cereja, bem coberto, com bordo granada; aspecto vigoroso e jovem, elegante, brilhante, inconfund\u00edvel, que enche o copo com rendas vermelhas \u00e0 medida que cai da garrafa. Aroma complexo e fino; especiarias muito persistentes, com um pico de aromas bals\u00e2micos, caf\u00e9 torrado e alca\u00e7uz. Na boca mostra concentra\u00e7\u00e3o, estrutura espl\u00eandida, amplo, bom tanino, equilibrado, com um toque untuoso e deixa uma sensa\u00e7\u00e3o de delicadeza. Elegante, com uma vasta gama de sensa\u00e7\u00f5es. Pratos Gastron\u00f3micos-Recomendados Para acompanhar carnes, peixes, assados e queijos frescos.","og_url":"https:\/\/latiendadesami.com\/pt-pt\/producto\/ribera-senorio-de-nava\/","og_site_name":"La Tienda de Sami","article_publisher":"https:\/\/www.facebook.com\/La-Tienda-de-Sami-106767417920851","article_modified_time":"2022-08-23T07:46:31+00:00","og_image":[{"width":750,"height":750,"url":"https:\/\/latiendadesami.com\/wp-content\/uploads\/2021\/06\/senorio-nava-crianza.jpg","type":"image\/jpeg"}],"twitter_card":"summary_large_image","twitter_site":"@SamiSuministros","twitter_misc":{"Disponibilidade":"Esgotado"},"schema":{"@context":"https:\/\/schema.org","@graph":[{"@type":"WebPage","@id":"https:\/\/latiendadesami.com\/pt-pt\/producto\/ribera-senorio-de-nava\/","url":"https:\/\/latiendadesami.com\/pt-pt\/producto\/ribera-senorio-de-nava\/","name":"Ribera. Se\u00f1or\u00edo de Nava - La Tienda de Sami","isPartOf":{"@id":"https:\/\/latiendadesami.com\/#website"},"primaryImageOfPage":{"@id":"https:\/\/latiendadesami.com\/pt-pt\/producto\/ribera-senorio-de-nava\/#primaryimage"},"image":{"@id":"https:\/\/latiendadesami.com\/pt-pt\/producto\/ribera-senorio-de-nava\/#primaryimage"},"thumbnailUrl":"https:\/\/latiendadesami.com\/wp-content\/uploads\/2021\/06\/senorio-nava-crianza.jpg","datePublished":"2021-06-03T10:40:56+00:00","dateModified":"2022-08-23T07:46:31+00:00","description":"Notas de degusta\u00e7\u00e3o Cor vermelho cereja, bem coberto, com bordo granada; aspecto vigoroso e jovem, elegante, brilhante, inconfund\u00edvel, que enche o copo com rendas vermelhas \u00e0 medida que cai da garrafa. Aroma complexo e fino; especiarias muito persistentes, com um pico de aromas bals\u00e2micos, caf\u00e9 torrado e alca\u00e7uz. Na boca mostra concentra\u00e7\u00e3o, estrutura espl\u00eandida, amplo, bom tanino, equilibrado, com um toque untuoso e deixa uma sensa\u00e7\u00e3o de delicadeza. Elegante, com uma vasta gama de sensa\u00e7\u00f5es. Pratos Gastron\u00f3micos-Recomendados Para acompanhar carnes, peixes, assados e queijos frescos.","breadcrumb":{"@id":"https:\/\/latiendadesami.com\/pt-pt\/producto\/ribera-senorio-de-nava\/#breadcrumb"},"inLanguage":"pt-PT","potentialAction":[{"@type":"ReadAction","target":["https:\/\/latiendadesami.com\/pt-pt\/producto\/ribera-senorio-de-nava\/"]}]},{"@type":"ImageObject","inLanguage":"pt-PT","@id":"https:\/\/latiendadesami.com\/pt-pt\/producto\/ribera-senorio-de-nava\/#primaryimage","url":"https:\/\/latiendadesami.com\/wp-content\/uploads\/2021\/06\/senorio-nava-crianza.jpg","contentUrl":"https:\/\/latiendadesami.com\/wp-content\/uploads\/2021\/06\/senorio-nava-crianza.jpg","width":750,"height":750},{"@type":"BreadcrumbList","@id":"https:\/\/latiendadesami.com\/pt-pt\/producto\/ribera-senorio-de-nava\/#breadcrumb","itemListElement":[{"@type":"ListItem","position":1,"name":"P\u00e1gina inicial","item":"https:\/\/latiendadesami.com\/pt-pt\/"},{"@type":"ListItem","position":2,"name":"Shop","item":"https:\/\/latiendadesami.com\/pt-pt\/"},{"@type":"ListItem","position":3,"name":"Bebidas","item":"https:\/\/latiendadesami.com\/categoria-producto\/bebidas\/"},{"@type":"ListItem","position":4,"name":"Ribera. Se\u00f1or\u00edo de Nava"}]},{"@type":"WebSite","@id":"https:\/\/latiendadesami.com\/#website","url":"https:\/\/latiendadesami.com\/","name":"La Tienda de Sami","description":"Conservas, azeitonas, vinho, azeite, queijos","publisher":{"@id":"https:\/\/latiendadesami.com\/#organization"},"potentialAction":[{"@type":"SearchAction","target":{"@type":"EntryPoint","urlTemplate":"https:\/\/latiendadesami.com\/?s={search_term_string}"},"query-input":{"@type":"PropertyValueSpecification","valueRequired":true,"valueName":"search_term_string"}}],"inLanguage":"pt-PT"},{"@type":"Organization","@id":"https:\/\/latiendadesami.com\/#organization","name":"La Tienda de Sami","url":"https:\/\/latiendadesami.com\/","logo":{"@type":"ImageObject","inLanguage":"pt-PT","@id":"https:\/\/latiendadesami.com\/#\/schema\/logo\/image\/","url":"https:\/\/latiendadesami.com\/wp-content\/uploads\/2020\/11\/0012222-1.jpg","contentUrl":"https:\/\/latiendadesami.com\/wp-content\/uploads\/2020\/11\/0012222-1.jpg","width":250,"height":72,"caption":"La Tienda de Sami"},"image":{"@id":"https:\/\/latiendadesami.com\/#\/schema\/logo\/image\/"},"sameAs":["https:\/\/www.facebook.com\/La-Tienda-de-Sami-106767417920851","https:\/\/x.com\/SamiSuministros","https:\/\/www.instagram.com\/samisuministros"]}]},"og_availability":"out of stock","product_availability":"out of stock","product_retailer_item_id":"ribera-senorio-nava-2022-vino-joven","product_condition":"new"},"_links":{"self":[{"href":"https:\/\/latiendadesami.com\/pt-pt\/wp-json\/wp\/v2\/product\/11980","targetHints":{"allow":["GET"]}}],"collection":[{"href":"https:\/\/latiendadesami.com\/pt-pt\/wp-json\/wp\/v2\/product"}],"about":[{"href":"https:\/\/latiendadesami.com\/pt-pt\/wp-json\/wp\/v2\/types\/product"}],"wp:featuredmedia":[{"embeddable":true,"href":"https:\/\/latiendadesami.com\/pt-pt\/wp-json\/wp\/v2\/media\/11069"}],"wp:attachment":[{"href":"https:\/\/latiendadesami.com\/pt-pt\/wp-json\/wp\/v2\/media?parent=11980"}],"wp:term":[{"taxonomy":"product_brand","embeddable":true,"href":"https:\/\/latiendadesami.com\/pt-pt\/wp-json\/wp\/v2\/product_brand?post=11980"},{"taxonomy":"product_cat","embeddable":true,"href":"https:\/\/latiendadesami.com\/pt-pt\/wp-json\/wp\/v2\/product_cat?post=11980"},{"taxonomy":"product_tag","embeddable":true,"href":"https:\/\/latiendadesami.com\/pt-pt\/wp-json\/wp\/v2\/product_tag?post=11980"}],"curies":[{"name":"wp","href":"https:\/\/api.w.org\/{rel}","templated":true}]}}