{"id":12008,"date":"2021-06-10T13:23:24","date_gmt":"2021-06-10T11:23:24","guid":{"rendered":"https:\/\/latiendadesami.com\/producto\/campo-real-azeitonas-45-kg\/"},"modified":"2025-12-21T19:05:52","modified_gmt":"2025-12-21T18:05:52","slug":"campo-real-azeitonas-45-kg","status":"publish","type":"product","link":"https:\/\/latiendadesami.com\/pt-pt\/producto\/campo-real-azeitonas-45-kg\/","title":{"rendered":"Campo Real azeitonas 4,5 kg"},"content":{"rendered":"<p>Se o munic\u00edpio de Campo Real \u00e9 conhecido por alguma coisa, \u00e9 pelo seu famoso Campo Real Olives 4,5 kg.<\/p>\n<p>Pertencendo \u00e0s variedades manzanilla de Campo Real e cacere\u00f1a, o segredo das suas azeitonas reside nas oliveiras centen\u00e1rias de onde prov\u00eam, na experi\u00eancia dos olivicultores e no tempero das azeitonas.<\/p>\n<p>Esta <a href=\"https:\/\/www.google.com\/search?q=revuelto+aceitunas+s%C3%A1ngar&amp;sxsrf=APq-WBt1wkTZta0IAEDoueZPBxEuaY8Dtw:1644308614563&amp;source=lnms&amp;tbm=isch&amp;sa=X&amp;ved=2ahUKEwjouvz21u_1AhVV_rsIHacjBd0Q_AUoAXoECAEQAw&amp;biw=1577&amp;bih=780&amp;dpr=1\" target=\"_blank\" rel=\"noopener\">combina\u00e7\u00e3o<\/a> de azeitonas e pickles torna poss\u00edvel desfrutar de um sabor imbat\u00edvel nas suas tapas ou aperitivos.<\/p>\n<p>\u00c9 um complemento muito saud\u00e1vel da nossa dieta mediterr\u00e2nica nutritiva tradicional.<\/p>\n<p>Em Espanha encontramos azeitonas, pepininhos, beringelas de almagro, cenouras, cebolas, sendo alcaparras muito tradicionais, alho ou mesmo uma mistura delas.<\/p>\n<p>S\u00e3o frequentemente servidas como tapas para acompanhar cerveja (n\u00e3o vinho devido ao seu conte\u00fado em vinagre).<\/p>\n<p>Os pickles deixaram de ser uma t\u00e9cnica antiqu\u00edssima para conservar alimentos em todo o mundo para se tornarem um dos mais populares tapas ou aperitivos da gastronomia espanhola.<\/p>\n<h3><strong>Benef\u00edcios do Campo Real Olive 4,5 kg<\/strong><\/h3>\n<p>Conhecia os benef\u00edcios do Campo Real Olives 4,5 kg e dos pickles em geral? Os mais importantes est\u00e3o listados abaixo:<\/p>\n<ul>\n<li>Rico em probi\u00f3ticos.<\/li>\n<li>Ajudam a digest\u00e3o.<\/li>\n<li>Elas refor\u00e7am o sistema imunit\u00e1rio.<\/li>\n<li>Reduzem os desejos de a\u00e7\u00facar.<\/li>\n<li>Favor\u00e1vel para a ves\u00edcula biliar.<\/li>\n<\/ul>\n<p>&nbsp;<\/p>\n<p>Se quiser comprar azeitonas ou qualquer outro tipo de <a href=\"https:\/\/latiendadesami.com\/categoria-producto\/encurtidos\/\" rel=\"noopener\">pickles<\/a>, n\u00e3o hesite em consultar o nosso cat\u00e1logo online para ver a grande variedade de <a href=\"https:\/\/latiendadesami.com\/categoria-producto\/encurtidos\/aceitunas\/\">azeitonas<\/a> que temos.<\/p>\n<p>Escreva-nos para mais informa\u00e7\u00f5es.<\/p>\n","protected":false},"excerpt":{"rendered":"<p>Se o munic\u00edpio de Campo Real \u00e9 conhecido por alguma coisa, \u00e9 pelo seu famoso Campo Real Olives 4,5 kg. Pertencendo \u00e0s variedades manzanilla de Campo Real e cacere\u00f1a, o segredo das suas azeitonas reside nas oliveiras centen\u00e1rias de onde prov\u00eam, na experi\u00eancia dos olivicultores e no tempero das azeitonas. Esta combina\u00e7\u00e3o de azeitonas e [&hellip;]<\/p>\n","protected":false},"featured_media":11291,"template":"","meta":{"_et_pb_use_builder":"","_et_pb_old_content":"","_et_gb_content_width":""},"product_brand":[865],"product_cat":[338,337],"product_tag":[383],"class_list":{"0":"post-12008","1":"product","2":"type-product","3":"status-publish","4":"has-post-thumbnail","6":"product_brand-sangar","7":"product_cat-azeitonas","8":"product_cat-pickles","9":"product_tag-campo-real-pt-pt","10":"pa_cantidad-unidade-pt-pt","12":"first","13":"outofstock","14":"taxable","15":"shipping-taxable","16":"purchasable","17":"product-type-simple"},"yoast_head":"<!-- This site is optimized with the Yoast SEO plugin v27.3 - https:\/\/yoast.com\/product\/yoast-seo-wordpress\/ -->\n<title>Aceituna Campo Real 4,5 kg La Tienda de Sami<\/title>\n<meta name=\"description\" content=\"Campo Real azeitonas 4,5 kg Esta combina\u00e7\u00e3o permite-lhe desfrutar de um sabor imbat\u00edvel nas suas tapas ou petiscos.\" \/>\n<meta name=\"robots\" content=\"index, follow, max-snippet:-1, max-image-preview:large, max-video-preview:-1\" \/>\n<link rel=\"canonical\" href=\"https:\/\/latiendadesami.com\/producto\/aceituna-campo-real-45-kg\/\" \/>\n<meta property=\"og:locale\" content=\"pt_PT\" \/>\n<meta property=\"og:type\" content=\"article\" \/>\n<meta property=\"og:title\" content=\"Aceituna Campo Real 4,5 kg La Tienda de Sami\" \/>\n<meta property=\"og:description\" content=\"Campo Real azeitonas 4,5 kg Esta combina\u00e7\u00e3o permite-lhe desfrutar de um sabor imbat\u00edvel nas suas tapas ou petiscos.\" \/>\n<meta property=\"og:url\" content=\"https:\/\/latiendadesami.com\/producto\/aceituna-campo-real-45-kg\/\" \/>\n<meta property=\"og:site_name\" content=\"La Tienda de Sami\" \/>\n<meta property=\"article:publisher\" content=\"https:\/\/www.facebook.com\/La-Tienda-de-Sami-106767417920851\" \/>\n<meta property=\"article:modified_time\" content=\"2025-12-21T18:05:52+00:00\" \/>\n<meta property=\"og:image\" content=\"https:\/\/latiendadesami.com\/wp-content\/uploads\/2021\/06\/camporeal.jpg\" \/>\n\t<meta property=\"og:image:width\" content=\"750\" \/>\n\t<meta property=\"og:image:height\" content=\"750\" \/>\n\t<meta property=\"og:image:type\" content=\"image\/jpeg\" \/>\n<meta name=\"twitter:card\" content=\"summary_large_image\" \/>\n<meta name=\"twitter:site\" content=\"@SamiSuministros\" \/>\n<meta name=\"twitter:label1\" content=\"pre\u00e7o\" \/>\n\t<meta name=\"twitter:data1\" content=\"18,99&nbsp;&euro;\" \/>\n\t<meta name=\"twitter:label2\" content=\"Disponibilidade\" \/>\n\t<meta name=\"twitter:data2\" content=\"Esgotado\" \/>\n<script type=\"application\/ld+json\" class=\"yoast-schema-graph\">{\"@context\":\"https:\\\/\\\/schema.org\",\"@graph\":[{\"@type\":\"WebPage\",\"@id\":\"https:\\\/\\\/latiendadesami.com\\\/producto\\\/aceituna-campo-real-45-kg\\\/\",\"url\":\"https:\\\/\\\/latiendadesami.com\\\/producto\\\/aceituna-campo-real-45-kg\\\/\",\"name\":\"Aceituna Campo Real 4,5 kg La Tienda de Sami\",\"isPartOf\":{\"@id\":\"https:\\\/\\\/latiendadesami.com\\\/#website\"},\"primaryImageOfPage\":{\"@id\":\"https:\\\/\\\/latiendadesami.com\\\/producto\\\/aceituna-campo-real-45-kg\\\/#primaryimage\"},\"image\":{\"@id\":\"https:\\\/\\\/latiendadesami.com\\\/producto\\\/aceituna-campo-real-45-kg\\\/#primaryimage\"},\"thumbnailUrl\":\"https:\\\/\\\/latiendadesami.com\\\/wp-content\\\/uploads\\\/2021\\\/06\\\/camporeal.jpg\",\"datePublished\":\"2021-06-10T11:23:24+00:00\",\"dateModified\":\"2025-12-21T18:05:52+00:00\",\"description\":\"Campo Real azeitonas 4,5 kg Esta combina\u00e7\u00e3o permite-lhe desfrutar de um sabor imbat\u00edvel nas suas tapas ou petiscos.\",\"breadcrumb\":{\"@id\":\"https:\\\/\\\/latiendadesami.com\\\/producto\\\/aceituna-campo-real-45-kg\\\/#breadcrumb\"},\"inLanguage\":\"pt-PT\",\"potentialAction\":[{\"@type\":\"ReadAction\",\"target\":[\"https:\\\/\\\/latiendadesami.com\\\/producto\\\/aceituna-campo-real-45-kg\\\/\"]}]},{\"@type\":\"ImageObject\",\"inLanguage\":\"pt-PT\",\"@id\":\"https:\\\/\\\/latiendadesami.com\\\/producto\\\/aceituna-campo-real-45-kg\\\/#primaryimage\",\"url\":\"https:\\\/\\\/latiendadesami.com\\\/wp-content\\\/uploads\\\/2021\\\/06\\\/camporeal.jpg\",\"contentUrl\":\"https:\\\/\\\/latiendadesami.com\\\/wp-content\\\/uploads\\\/2021\\\/06\\\/camporeal.jpg\",\"width\":750,\"height\":750,\"caption\":\"Campo Real Olive 4,5 kg\"},{\"@type\":\"BreadcrumbList\",\"@id\":\"https:\\\/\\\/latiendadesami.com\\\/producto\\\/aceituna-campo-real-45-kg\\\/#breadcrumb\",\"itemListElement\":[{\"@type\":\"ListItem\",\"position\":1,\"name\":\"P\u00e1gina inicial\",\"item\":\"https:\\\/\\\/latiendadesami.com\\\/pt-pt\\\/\"},{\"@type\":\"ListItem\",\"position\":2,\"name\":\"Shop\",\"item\":\"https:\\\/\\\/latiendadesami.com\\\/pt-pt\\\/\"},{\"@type\":\"ListItem\",\"position\":3,\"name\":\"Pickles\",\"item\":\"https:\\\/\\\/latiendadesami.com\\\/pt-pt\\\/categoria-producto\\\/pickles\\\/\"},{\"@type\":\"ListItem\",\"position\":4,\"name\":\"Azeitonas\",\"item\":\"https:\\\/\\\/latiendadesami.com\\\/pt-pt\\\/categoria-producto\\\/azeitonas\\\/\"},{\"@type\":\"ListItem\",\"position\":5,\"name\":\"Campo Real azeitonas 4,5 kg\"}]},{\"@type\":\"WebSite\",\"@id\":\"https:\\\/\\\/latiendadesami.com\\\/#website\",\"url\":\"https:\\\/\\\/latiendadesami.com\\\/\",\"name\":\"La Tienda de Sami\",\"description\":\"Conservas, azeitonas, vinho, azeite, queijos\",\"publisher\":{\"@id\":\"https:\\\/\\\/latiendadesami.com\\\/#organization\"},\"potentialAction\":[{\"@type\":\"SearchAction\",\"target\":{\"@type\":\"EntryPoint\",\"urlTemplate\":\"https:\\\/\\\/latiendadesami.com\\\/?s={search_term_string}\"},\"query-input\":{\"@type\":\"PropertyValueSpecification\",\"valueRequired\":true,\"valueName\":\"search_term_string\"}}],\"inLanguage\":\"pt-PT\"},{\"@type\":\"Organization\",\"@id\":\"https:\\\/\\\/latiendadesami.com\\\/#organization\",\"name\":\"La Tienda de Sami\",\"url\":\"https:\\\/\\\/latiendadesami.com\\\/\",\"logo\":{\"@type\":\"ImageObject\",\"inLanguage\":\"pt-PT\",\"@id\":\"https:\\\/\\\/latiendadesami.com\\\/#\\\/schema\\\/logo\\\/image\\\/\",\"url\":\"https:\\\/\\\/latiendadesami.com\\\/wp-content\\\/uploads\\\/2020\\\/11\\\/0012222-1.jpg\",\"contentUrl\":\"https:\\\/\\\/latiendadesami.com\\\/wp-content\\\/uploads\\\/2020\\\/11\\\/0012222-1.jpg\",\"width\":250,\"height\":72,\"caption\":\"La Tienda de Sami\"},\"image\":{\"@id\":\"https:\\\/\\\/latiendadesami.com\\\/#\\\/schema\\\/logo\\\/image\\\/\"},\"sameAs\":[\"https:\\\/\\\/www.facebook.com\\\/La-Tienda-de-Sami-106767417920851\",\"https:\\\/\\\/x.com\\\/SamiSuministros\",\"https:\\\/\\\/www.instagram.com\\\/samisuministros\"]}]}<\/script>\n<meta property=\"product:price:amount\" content=\"18.99\" \/>\n<meta property=\"product:price:currency\" content=\"EUR\" \/>\n<meta property=\"og:availability\" content=\"out of stock\" \/>\n<meta property=\"product:availability\" content=\"out of stock\" \/>\n<meta property=\"product:retailer_item_id\" content=\"aceituna-campo-real-4-5-kg\" \/>\n<meta property=\"product:condition\" content=\"new\" \/>\n<!-- \/ Yoast SEO plugin. -->","yoast_head_json":{"title":"Aceituna Campo Real 4,5 kg La Tienda de Sami","description":"Campo Real azeitonas 4,5 kg Esta combina\u00e7\u00e3o permite-lhe desfrutar de um sabor imbat\u00edvel nas suas tapas ou petiscos.","robots":{"index":"index","follow":"follow","max-snippet":"max-snippet:-1","max-image-preview":"max-image-preview:large","max-video-preview":"max-video-preview:-1"},"canonical":"https:\/\/latiendadesami.com\/producto\/aceituna-campo-real-45-kg\/","og_locale":"pt_PT","og_type":"article","og_title":"Aceituna Campo Real 4,5 kg La Tienda de Sami","og_description":"Campo Real azeitonas 4,5 kg Esta combina\u00e7\u00e3o permite-lhe desfrutar de um sabor imbat\u00edvel nas suas tapas ou petiscos.","og_url":"https:\/\/latiendadesami.com\/producto\/aceituna-campo-real-45-kg\/","og_site_name":"La Tienda de Sami","article_publisher":"https:\/\/www.facebook.com\/La-Tienda-de-Sami-106767417920851","article_modified_time":"2025-12-21T18:05:52+00:00","og_image":[{"width":750,"height":750,"url":"https:\/\/latiendadesami.com\/wp-content\/uploads\/2021\/06\/camporeal.jpg","type":"image\/jpeg"}],"twitter_card":"summary_large_image","twitter_site":"@SamiSuministros","twitter_misc":{"pre\u00e7o":"18,99&nbsp;&euro;","Disponibilidade":"Esgotado"},"schema":{"@context":"https:\/\/schema.org","@graph":[{"@type":"WebPage","@id":"https:\/\/latiendadesami.com\/producto\/aceituna-campo-real-45-kg\/","url":"https:\/\/latiendadesami.com\/producto\/aceituna-campo-real-45-kg\/","name":"Aceituna Campo Real 4,5 kg La Tienda de Sami","isPartOf":{"@id":"https:\/\/latiendadesami.com\/#website"},"primaryImageOfPage":{"@id":"https:\/\/latiendadesami.com\/producto\/aceituna-campo-real-45-kg\/#primaryimage"},"image":{"@id":"https:\/\/latiendadesami.com\/producto\/aceituna-campo-real-45-kg\/#primaryimage"},"thumbnailUrl":"https:\/\/latiendadesami.com\/wp-content\/uploads\/2021\/06\/camporeal.jpg","datePublished":"2021-06-10T11:23:24+00:00","dateModified":"2025-12-21T18:05:52+00:00","description":"Campo Real azeitonas 4,5 kg Esta combina\u00e7\u00e3o permite-lhe desfrutar de um sabor imbat\u00edvel nas suas tapas ou petiscos.","breadcrumb":{"@id":"https:\/\/latiendadesami.com\/producto\/aceituna-campo-real-45-kg\/#breadcrumb"},"inLanguage":"pt-PT","potentialAction":[{"@type":"ReadAction","target":["https:\/\/latiendadesami.com\/producto\/aceituna-campo-real-45-kg\/"]}]},{"@type":"ImageObject","inLanguage":"pt-PT","@id":"https:\/\/latiendadesami.com\/producto\/aceituna-campo-real-45-kg\/#primaryimage","url":"https:\/\/latiendadesami.com\/wp-content\/uploads\/2021\/06\/camporeal.jpg","contentUrl":"https:\/\/latiendadesami.com\/wp-content\/uploads\/2021\/06\/camporeal.jpg","width":750,"height":750,"caption":"Campo Real Olive 4,5 kg"},{"@type":"BreadcrumbList","@id":"https:\/\/latiendadesami.com\/producto\/aceituna-campo-real-45-kg\/#breadcrumb","itemListElement":[{"@type":"ListItem","position":1,"name":"P\u00e1gina inicial","item":"https:\/\/latiendadesami.com\/pt-pt\/"},{"@type":"ListItem","position":2,"name":"Shop","item":"https:\/\/latiendadesami.com\/pt-pt\/"},{"@type":"ListItem","position":3,"name":"Pickles","item":"https:\/\/latiendadesami.com\/pt-pt\/categoria-producto\/pickles\/"},{"@type":"ListItem","position":4,"name":"Azeitonas","item":"https:\/\/latiendadesami.com\/pt-pt\/categoria-producto\/azeitonas\/"},{"@type":"ListItem","position":5,"name":"Campo Real azeitonas 4,5 kg"}]},{"@type":"WebSite","@id":"https:\/\/latiendadesami.com\/#website","url":"https:\/\/latiendadesami.com\/","name":"La Tienda de Sami","description":"Conservas, azeitonas, vinho, azeite, queijos","publisher":{"@id":"https:\/\/latiendadesami.com\/#organization"},"potentialAction":[{"@type":"SearchAction","target":{"@type":"EntryPoint","urlTemplate":"https:\/\/latiendadesami.com\/?s={search_term_string}"},"query-input":{"@type":"PropertyValueSpecification","valueRequired":true,"valueName":"search_term_string"}}],"inLanguage":"pt-PT"},{"@type":"Organization","@id":"https:\/\/latiendadesami.com\/#organization","name":"La Tienda de Sami","url":"https:\/\/latiendadesami.com\/","logo":{"@type":"ImageObject","inLanguage":"pt-PT","@id":"https:\/\/latiendadesami.com\/#\/schema\/logo\/image\/","url":"https:\/\/latiendadesami.com\/wp-content\/uploads\/2020\/11\/0012222-1.jpg","contentUrl":"https:\/\/latiendadesami.com\/wp-content\/uploads\/2020\/11\/0012222-1.jpg","width":250,"height":72,"caption":"La Tienda de Sami"},"image":{"@id":"https:\/\/latiendadesami.com\/#\/schema\/logo\/image\/"},"sameAs":["https:\/\/www.facebook.com\/La-Tienda-de-Sami-106767417920851","https:\/\/x.com\/SamiSuministros","https:\/\/www.instagram.com\/samisuministros"]}]},"product_price_amount":"18.99","product_price_currency":"EUR","og_availability":"out of stock","product_availability":"out of stock","product_retailer_item_id":"aceituna-campo-real-4-5-kg","product_condition":"new"},"_links":{"self":[{"href":"https:\/\/latiendadesami.com\/pt-pt\/wp-json\/wp\/v2\/product\/12008","targetHints":{"allow":["GET"]}}],"collection":[{"href":"https:\/\/latiendadesami.com\/pt-pt\/wp-json\/wp\/v2\/product"}],"about":[{"href":"https:\/\/latiendadesami.com\/pt-pt\/wp-json\/wp\/v2\/types\/product"}],"wp:featuredmedia":[{"embeddable":true,"href":"https:\/\/latiendadesami.com\/pt-pt\/wp-json\/wp\/v2\/media\/11291"}],"wp:attachment":[{"href":"https:\/\/latiendadesami.com\/pt-pt\/wp-json\/wp\/v2\/media?parent=12008"}],"wp:term":[{"taxonomy":"product_brand","embeddable":true,"href":"https:\/\/latiendadesami.com\/pt-pt\/wp-json\/wp\/v2\/product_brand?post=12008"},{"taxonomy":"product_cat","embeddable":true,"href":"https:\/\/latiendadesami.com\/pt-pt\/wp-json\/wp\/v2\/product_cat?post=12008"},{"taxonomy":"product_tag","embeddable":true,"href":"https:\/\/latiendadesami.com\/pt-pt\/wp-json\/wp\/v2\/product_tag?post=12008"}],"curies":[{"name":"wp","href":"https:\/\/api.w.org\/{rel}","templated":true}]}}