{"id":12019,"date":"2021-06-22T09:35:21","date_gmt":"2021-06-22T07:35:21","guid":{"rendered":"https:\/\/latiendadesami.com\/producto\/cornichoes-grandes-225-kg-de-peso-liquido\/"},"modified":"2022-08-23T09:48:30","modified_gmt":"2022-08-23T07:48:30","slug":"cornichoes-grandes-225-kg-de-peso-liquido","status":"publish","type":"product","link":"https:\/\/latiendadesami.com\/pt-pt\/producto\/cornichoes-grandes-225-kg-de-peso-liquido\/","title":{"rendered":"Cornich\u00f5es grandes 2,25 kg de peso l\u00edquido"},"content":{"rendered":"<p>Gherkin Pickles 2,25 kg de peso l\u00edquido &#8211; Com apenas \u00c1gua &amp; Sal Gherkins obt\u00e9m-se um dos <a href=\"https:\/\/www.google.com\/search?q=pepinillos+gordos&amp;tbm=isch&amp;ved=2ahUKEwj6xNCv8-_1AhWXiP0HHcNGC0QQ2-cCegQIABAA&amp;oq=pepinillos+gordos&amp;gs_lcp=CgNpbWcQA1DZFVjlJ2DcK2gAcAB4AIABYYgB4wqSAQIxOJgBAKABAaoBC2d3cy13aXotaW1nwAEB&amp;sclient=img&amp;ei=WUYCYrq0IpeR9u8Pw42toAQ&amp;bih=780&amp;biw=1577\" target=\"_blank\" rel=\"noopener\">petiscos<\/a> mais deliciosos de sempre.<\/p>\n<p>A mistura de sabores fornecida pelos ingredientes juntamente com o toque do vinagre confere-lhe um sabor especial que \u00e9 muito agrad\u00e1vel ao paladar.<\/p>\n<p>Os pickles s\u00e3o um lanche que refor\u00e7a a imunidade, o que significa que apoiam o sistema imunit\u00e1rio e a sa\u00fade em geral.<\/p>\n<h3><strong>Benef\u00edcios dos pepininhos gordos<\/strong><\/h3>\n<p>Conhecia os benef\u00edcios dos pickles em geral? Os mais importantes est\u00e3o listados abaixo:<\/p>\n<ul>\n<li>Rico em probi\u00f3ticos.<\/li>\n<li>Ajudam a digest\u00e3o.<\/li>\n<li>Elas refor\u00e7am o sistema imunit\u00e1rio.<\/li>\n<li>Reduzem os desejos de a\u00e7\u00facar.<\/li>\n<li>Favor\u00e1vel para a ves\u00edcula biliar.<\/li>\n<\/ul>\n<p>Se quiser comprar azeitonas ou qualquer outro tipo de <a href=\"https:\/\/latiendadesami.com\/categoria-producto\/encurtidos\/\" rel=\"noopener\">picles<\/a>, n\u00e3o hesite em consultar o nosso cat\u00e1logo online para ver a grande variedade de <a href=\"https:\/\/latiendadesami.com\/categoria-producto\/encurtidos\/pepinillos\/\">picles<\/a> que temos.<\/p>\n","protected":false},"excerpt":{"rendered":"<p>Gherkin Pickles 2,25 kg de peso l\u00edquido &#8211; Com apenas \u00c1gua &amp; Sal Gherkins obt\u00e9m-se um dos petiscos mais deliciosos de sempre. A mistura de sabores fornecida pelos ingredientes juntamente com o toque do vinagre confere-lhe um sabor especial que \u00e9 muito agrad\u00e1vel ao paladar. Os pickles s\u00e3o um lanche que refor\u00e7a a imunidade, o [&hellip;]<\/p>\n","protected":false},"featured_media":11133,"template":"","meta":{"_et_pb_use_builder":"","_et_pb_old_content":"","_et_gb_content_width":""},"product_brand":[],"product_cat":[340,337],"product_tag":[359],"class_list":{"0":"post-12019","1":"product","2":"type-product","3":"status-publish","4":"has-post-thumbnail","6":"product_cat-gherkins","7":"product_cat-pickles","8":"product_tag-gherkin","9":"pa_cantidad-unidade-pt-pt","11":"first","12":"instock","13":"taxable","14":"shipping-taxable","15":"purchasable","16":"product-type-simple"},"yoast_head":"<!-- This site is optimized with the Yoast SEO plugin v27.3 - https:\/\/yoast.com\/product\/yoast-seo-wordpress\/ -->\n<title>Cornich\u00f5es grandes 2,25 kg de peso l\u00edquido - La Tienda de Sami<\/title>\n<meta name=\"description\" content=\"Gherkin Pickles 2,25 kg de peso l\u00edquido - Com apenas \u00c1gua &amp; Sal Gherkins obt\u00e9m-se um dos petiscos mais deliciosos de sempre.\" \/>\n<meta name=\"robots\" content=\"index, follow, max-snippet:-1, max-image-preview:large, max-video-preview:-1\" \/>\n<link rel=\"canonical\" href=\"https:\/\/latiendadesami.com\/producto\/pepinillos-gordos\/\" \/>\n<meta property=\"og:locale\" content=\"pt_PT\" \/>\n<meta property=\"og:type\" content=\"article\" \/>\n<meta property=\"og:title\" content=\"Cornich\u00f5es grandes 2,25 kg de peso l\u00edquido - La Tienda de Sami\" \/>\n<meta property=\"og:description\" content=\"Gherkin Pickles 2,25 kg de peso l\u00edquido - Com apenas \u00c1gua &amp; Sal Gherkins obt\u00e9m-se um dos petiscos mais deliciosos de sempre.\" \/>\n<meta property=\"og:url\" content=\"https:\/\/latiendadesami.com\/producto\/pepinillos-gordos\/\" \/>\n<meta property=\"og:site_name\" content=\"La Tienda de Sami\" \/>\n<meta property=\"article:publisher\" content=\"https:\/\/www.facebook.com\/La-Tienda-de-Sami-106767417920851\" \/>\n<meta property=\"article:modified_time\" content=\"2022-08-23T07:48:30+00:00\" \/>\n<meta property=\"og:image\" content=\"http:\/\/latiendadesami.com\/wp-content\/uploads\/2021\/06\/pepino-grande.jpg\" \/>\n\t<meta property=\"og:image:width\" content=\"750\" \/>\n\t<meta property=\"og:image:height\" content=\"750\" \/>\n\t<meta property=\"og:image:type\" content=\"image\/jpeg\" \/>\n<meta name=\"twitter:card\" content=\"summary_large_image\" \/>\n<meta name=\"twitter:site\" content=\"@SamiSuministros\" \/>\n<meta name=\"twitter:label1\" content=\"pre\u00e7o\" \/>\n\t<meta name=\"twitter:data1\" content=\"9,99&nbsp;&euro;\" \/>\n\t<meta name=\"twitter:label2\" content=\"Disponibilidade\" \/>\n\t<meta name=\"twitter:data2\" content=\"Em stock\" \/>\n<script type=\"application\/ld+json\" class=\"yoast-schema-graph\">{\"@context\":\"https:\\\/\\\/schema.org\",\"@graph\":[{\"@type\":\"WebPage\",\"@id\":\"https:\\\/\\\/latiendadesami.com\\\/producto\\\/pepinillos-gordos\\\/\",\"url\":\"https:\\\/\\\/latiendadesami.com\\\/producto\\\/pepinillos-gordos\\\/\",\"name\":\"Cornich\u00f5es grandes 2,25 kg de peso l\u00edquido - La Tienda de Sami\",\"isPartOf\":{\"@id\":\"https:\\\/\\\/latiendadesami.com\\\/#website\"},\"primaryImageOfPage\":{\"@id\":\"https:\\\/\\\/latiendadesami.com\\\/producto\\\/pepinillos-gordos\\\/#primaryimage\"},\"image\":{\"@id\":\"https:\\\/\\\/latiendadesami.com\\\/producto\\\/pepinillos-gordos\\\/#primaryimage\"},\"thumbnailUrl\":\"https:\\\/\\\/latiendadesami.com\\\/wp-content\\\/uploads\\\/2021\\\/06\\\/pepino-grande.jpg\",\"datePublished\":\"2021-06-22T07:35:21+00:00\",\"dateModified\":\"2022-08-23T07:48:30+00:00\",\"description\":\"Gherkin Pickles 2,25 kg de peso l\u00edquido - Com apenas \u00c1gua & Sal Gherkins obt\u00e9m-se um dos petiscos mais deliciosos de sempre.\",\"breadcrumb\":{\"@id\":\"https:\\\/\\\/latiendadesami.com\\\/producto\\\/pepinillos-gordos\\\/#breadcrumb\"},\"inLanguage\":\"pt-PT\",\"potentialAction\":[{\"@type\":\"ReadAction\",\"target\":[\"https:\\\/\\\/latiendadesami.com\\\/producto\\\/pepinillos-gordos\\\/\"]}]},{\"@type\":\"ImageObject\",\"inLanguage\":\"pt-PT\",\"@id\":\"https:\\\/\\\/latiendadesami.com\\\/producto\\\/pepinillos-gordos\\\/#primaryimage\",\"url\":\"https:\\\/\\\/latiendadesami.com\\\/wp-content\\\/uploads\\\/2021\\\/06\\\/pepino-grande.jpg\",\"contentUrl\":\"https:\\\/\\\/latiendadesami.com\\\/wp-content\\\/uploads\\\/2021\\\/06\\\/pepino-grande.jpg\",\"width\":750,\"height\":750,\"caption\":\"Pepininhos Gordos\"},{\"@type\":\"BreadcrumbList\",\"@id\":\"https:\\\/\\\/latiendadesami.com\\\/producto\\\/pepinillos-gordos\\\/#breadcrumb\",\"itemListElement\":[{\"@type\":\"ListItem\",\"position\":1,\"name\":\"P\u00e1gina inicial\",\"item\":\"https:\\\/\\\/latiendadesami.com\\\/pt-pt\\\/\"},{\"@type\":\"ListItem\",\"position\":2,\"name\":\"Shop\",\"item\":\"https:\\\/\\\/latiendadesami.com\\\/pt-pt\\\/\"},{\"@type\":\"ListItem\",\"position\":3,\"name\":\"Pickles\",\"item\":\"https:\\\/\\\/latiendadesami.com\\\/pt-pt\\\/categoria-producto\\\/pickles\\\/\"},{\"@type\":\"ListItem\",\"position\":4,\"name\":\"Gherkins\",\"item\":\"https:\\\/\\\/latiendadesami.com\\\/pt-pt\\\/categoria-producto\\\/gherkins\\\/\"},{\"@type\":\"ListItem\",\"position\":5,\"name\":\"Cornich\u00f5es grandes 2,25 kg de peso l\u00edquido\"}]},{\"@type\":\"WebSite\",\"@id\":\"https:\\\/\\\/latiendadesami.com\\\/#website\",\"url\":\"https:\\\/\\\/latiendadesami.com\\\/\",\"name\":\"La Tienda de Sami\",\"description\":\"Conservas, azeitonas, vinho, azeite, queijos\",\"publisher\":{\"@id\":\"https:\\\/\\\/latiendadesami.com\\\/#organization\"},\"potentialAction\":[{\"@type\":\"SearchAction\",\"target\":{\"@type\":\"EntryPoint\",\"urlTemplate\":\"https:\\\/\\\/latiendadesami.com\\\/?s={search_term_string}\"},\"query-input\":{\"@type\":\"PropertyValueSpecification\",\"valueRequired\":true,\"valueName\":\"search_term_string\"}}],\"inLanguage\":\"pt-PT\"},{\"@type\":\"Organization\",\"@id\":\"https:\\\/\\\/latiendadesami.com\\\/#organization\",\"name\":\"La Tienda de Sami\",\"url\":\"https:\\\/\\\/latiendadesami.com\\\/\",\"logo\":{\"@type\":\"ImageObject\",\"inLanguage\":\"pt-PT\",\"@id\":\"https:\\\/\\\/latiendadesami.com\\\/#\\\/schema\\\/logo\\\/image\\\/\",\"url\":\"https:\\\/\\\/latiendadesami.com\\\/wp-content\\\/uploads\\\/2020\\\/11\\\/0012222-1.jpg\",\"contentUrl\":\"https:\\\/\\\/latiendadesami.com\\\/wp-content\\\/uploads\\\/2020\\\/11\\\/0012222-1.jpg\",\"width\":250,\"height\":72,\"caption\":\"La Tienda de Sami\"},\"image\":{\"@id\":\"https:\\\/\\\/latiendadesami.com\\\/#\\\/schema\\\/logo\\\/image\\\/\"},\"sameAs\":[\"https:\\\/\\\/www.facebook.com\\\/La-Tienda-de-Sami-106767417920851\",\"https:\\\/\\\/x.com\\\/SamiSuministros\",\"https:\\\/\\\/www.instagram.com\\\/samisuministros\"]}]}<\/script>\n<meta property=\"product:price:amount\" content=\"9.99\" \/>\n<meta property=\"product:price:currency\" content=\"EUR\" \/>\n<meta property=\"og:availability\" content=\"instock\" \/>\n<meta property=\"product:availability\" content=\"instock\" \/>\n<meta property=\"product:retailer_item_id\" content=\"pepinillos-gordos-2-25-kg-peso-n\" \/>\n<meta property=\"product:condition\" content=\"new\" \/>\n<!-- \/ Yoast SEO plugin. -->","yoast_head_json":{"title":"Cornich\u00f5es grandes 2,25 kg de peso l\u00edquido - La Tienda de Sami","description":"Gherkin Pickles 2,25 kg de peso l\u00edquido - Com apenas \u00c1gua & Sal Gherkins obt\u00e9m-se um dos petiscos mais deliciosos de sempre.","robots":{"index":"index","follow":"follow","max-snippet":"max-snippet:-1","max-image-preview":"max-image-preview:large","max-video-preview":"max-video-preview:-1"},"canonical":"https:\/\/latiendadesami.com\/producto\/pepinillos-gordos\/","og_locale":"pt_PT","og_type":"article","og_title":"Cornich\u00f5es grandes 2,25 kg de peso l\u00edquido - La Tienda de Sami","og_description":"Gherkin Pickles 2,25 kg de peso l\u00edquido - Com apenas \u00c1gua & Sal Gherkins obt\u00e9m-se um dos petiscos mais deliciosos de sempre.","og_url":"https:\/\/latiendadesami.com\/producto\/pepinillos-gordos\/","og_site_name":"La Tienda de Sami","article_publisher":"https:\/\/www.facebook.com\/La-Tienda-de-Sami-106767417920851","article_modified_time":"2022-08-23T07:48:30+00:00","og_image":[{"width":750,"height":750,"url":"http:\/\/latiendadesami.com\/wp-content\/uploads\/2021\/06\/pepino-grande.jpg","type":"image\/jpeg"}],"twitter_card":"summary_large_image","twitter_site":"@SamiSuministros","twitter_misc":{"pre\u00e7o":"9,99&nbsp;&euro;","Disponibilidade":"Em stock"},"schema":{"@context":"https:\/\/schema.org","@graph":[{"@type":"WebPage","@id":"https:\/\/latiendadesami.com\/producto\/pepinillos-gordos\/","url":"https:\/\/latiendadesami.com\/producto\/pepinillos-gordos\/","name":"Cornich\u00f5es grandes 2,25 kg de peso l\u00edquido - La Tienda de Sami","isPartOf":{"@id":"https:\/\/latiendadesami.com\/#website"},"primaryImageOfPage":{"@id":"https:\/\/latiendadesami.com\/producto\/pepinillos-gordos\/#primaryimage"},"image":{"@id":"https:\/\/latiendadesami.com\/producto\/pepinillos-gordos\/#primaryimage"},"thumbnailUrl":"https:\/\/latiendadesami.com\/wp-content\/uploads\/2021\/06\/pepino-grande.jpg","datePublished":"2021-06-22T07:35:21+00:00","dateModified":"2022-08-23T07:48:30+00:00","description":"Gherkin Pickles 2,25 kg de peso l\u00edquido - Com apenas \u00c1gua & Sal Gherkins obt\u00e9m-se um dos petiscos mais deliciosos de sempre.","breadcrumb":{"@id":"https:\/\/latiendadesami.com\/producto\/pepinillos-gordos\/#breadcrumb"},"inLanguage":"pt-PT","potentialAction":[{"@type":"ReadAction","target":["https:\/\/latiendadesami.com\/producto\/pepinillos-gordos\/"]}]},{"@type":"ImageObject","inLanguage":"pt-PT","@id":"https:\/\/latiendadesami.com\/producto\/pepinillos-gordos\/#primaryimage","url":"https:\/\/latiendadesami.com\/wp-content\/uploads\/2021\/06\/pepino-grande.jpg","contentUrl":"https:\/\/latiendadesami.com\/wp-content\/uploads\/2021\/06\/pepino-grande.jpg","width":750,"height":750,"caption":"Pepininhos Gordos"},{"@type":"BreadcrumbList","@id":"https:\/\/latiendadesami.com\/producto\/pepinillos-gordos\/#breadcrumb","itemListElement":[{"@type":"ListItem","position":1,"name":"P\u00e1gina inicial","item":"https:\/\/latiendadesami.com\/pt-pt\/"},{"@type":"ListItem","position":2,"name":"Shop","item":"https:\/\/latiendadesami.com\/pt-pt\/"},{"@type":"ListItem","position":3,"name":"Pickles","item":"https:\/\/latiendadesami.com\/pt-pt\/categoria-producto\/pickles\/"},{"@type":"ListItem","position":4,"name":"Gherkins","item":"https:\/\/latiendadesami.com\/pt-pt\/categoria-producto\/gherkins\/"},{"@type":"ListItem","position":5,"name":"Cornich\u00f5es grandes 2,25 kg de peso l\u00edquido"}]},{"@type":"WebSite","@id":"https:\/\/latiendadesami.com\/#website","url":"https:\/\/latiendadesami.com\/","name":"La Tienda de Sami","description":"Conservas, azeitonas, vinho, azeite, queijos","publisher":{"@id":"https:\/\/latiendadesami.com\/#organization"},"potentialAction":[{"@type":"SearchAction","target":{"@type":"EntryPoint","urlTemplate":"https:\/\/latiendadesami.com\/?s={search_term_string}"},"query-input":{"@type":"PropertyValueSpecification","valueRequired":true,"valueName":"search_term_string"}}],"inLanguage":"pt-PT"},{"@type":"Organization","@id":"https:\/\/latiendadesami.com\/#organization","name":"La Tienda de Sami","url":"https:\/\/latiendadesami.com\/","logo":{"@type":"ImageObject","inLanguage":"pt-PT","@id":"https:\/\/latiendadesami.com\/#\/schema\/logo\/image\/","url":"https:\/\/latiendadesami.com\/wp-content\/uploads\/2020\/11\/0012222-1.jpg","contentUrl":"https:\/\/latiendadesami.com\/wp-content\/uploads\/2020\/11\/0012222-1.jpg","width":250,"height":72,"caption":"La Tienda de Sami"},"image":{"@id":"https:\/\/latiendadesami.com\/#\/schema\/logo\/image\/"},"sameAs":["https:\/\/www.facebook.com\/La-Tienda-de-Sami-106767417920851","https:\/\/x.com\/SamiSuministros","https:\/\/www.instagram.com\/samisuministros"]}]},"product_price_amount":"9.99","product_price_currency":"EUR","og_availability":"instock","product_availability":"instock","product_retailer_item_id":"pepinillos-gordos-2-25-kg-peso-n","product_condition":"new"},"_links":{"self":[{"href":"https:\/\/latiendadesami.com\/pt-pt\/wp-json\/wp\/v2\/product\/12019","targetHints":{"allow":["GET"]}}],"collection":[{"href":"https:\/\/latiendadesami.com\/pt-pt\/wp-json\/wp\/v2\/product"}],"about":[{"href":"https:\/\/latiendadesami.com\/pt-pt\/wp-json\/wp\/v2\/types\/product"}],"wp:featuredmedia":[{"embeddable":true,"href":"https:\/\/latiendadesami.com\/pt-pt\/wp-json\/wp\/v2\/media\/11133"}],"wp:attachment":[{"href":"https:\/\/latiendadesami.com\/pt-pt\/wp-json\/wp\/v2\/media?parent=12019"}],"wp:term":[{"taxonomy":"product_brand","embeddable":true,"href":"https:\/\/latiendadesami.com\/pt-pt\/wp-json\/wp\/v2\/product_brand?post=12019"},{"taxonomy":"product_cat","embeddable":true,"href":"https:\/\/latiendadesami.com\/pt-pt\/wp-json\/wp\/v2\/product_cat?post=12019"},{"taxonomy":"product_tag","embeddable":true,"href":"https:\/\/latiendadesami.com\/pt-pt\/wp-json\/wp\/v2\/product_tag?post=12019"}],"curies":[{"name":"wp","href":"https:\/\/api.w.org\/{rel}","templated":true}]}}