{"id":12025,"date":"2021-06-21T11:23:29","date_gmt":"2021-06-21T09:23:29","guid":{"rendered":"https:\/\/latiendadesami.com\/producto\/queijo-de-cabra-curado-com-paprica-aprox-320gr\/"},"modified":"2022-09-22T10:35:04","modified_gmt":"2022-09-22T08:35:04","slug":"queijo-de-cabra-curado-com-paprica-aprox-320gr","status":"publish","type":"product","link":"https:\/\/latiendadesami.com\/pt-pt\/producto\/queijo-de-cabra-curado-com-paprica-aprox-320gr\/","title":{"rendered":"Queijo de cabra curado com p\u00e1prica aprox. 320gr"},"content":{"rendered":"<p>Queijo de cabra curado com p\u00e1prica aproximadamente 320gr \u00e9 produzido pela Queser\u00eda El <a href=\"https:\/\/www.facebook.com\/Queser%C3%ADa-El-Manjar-1564604537177140\/\" target=\"_blank\" rel=\"noopener\">Manjar<\/a>.<\/p>\n<p>Esta queijaria est\u00e1 localizada em Velada, Toledo, perto de Talavera de la Reina.<\/p>\n<p>\u00c9 feito com leite pasteurizado e \u00e9 coberto com uma camada de p\u00e1prica na casca, o que lhe confere o seu sabor especial e inconfund\u00edvel.<\/p>\n<p>Para al\u00e9m de produzir queijo de cabra curado em paprika, o seu cat\u00e1logo de produtos inclui tamb\u00e9m uma variedade de outros queijos, tais como queijos frescos.<\/p>\n<p>Todos os produtos s\u00e3o feitos \u00e0 m\u00e3o. O peso aproximado de cada por\u00e7\u00e3o \u00e9 de 320 gramas.<\/p>\n<p>Este produto tem de ser mantido refrigerado de 0\u00ba a 8\u00ba.<\/p>\n<p>O queijo de cabra, ou mais propriamente queijo de leite de cabra, \u00e9 conhecido como ch\u00e8vre (que \u00e9 franc\u00eas para cabra) e \u00e9 o nome dado a qualquer queijo feito de leite de cabra.<\/p>\n<p>O queijo de cabra \u00e9 feito h\u00e1 milhares de anos, e foi provavelmente um dos primeiros produtos l\u00e1cteos preparados. Na sua forma mais simples, o queijo de cabra \u00e9 preparado permitindo que o leite cru seja cortado naturalmente, depois escorrimento e prensagem da coalhada.<\/p>\n<p>Se quiser comprar outros queijos ou qualquer outro tipo de <a href=\"https:\/\/latiendadesami.com\/\" rel=\"noopener\">comida<\/a>, n\u00e3o hesite em consultar o nosso cat\u00e1logo online para ver a grande variedade de produtos que temos.<\/p>\n<p>Escreva-nos para mais informa\u00e7\u00f5es.<\/p>\n","protected":false},"excerpt":{"rendered":"<p>Queijo de cabra curado com p\u00e1prica aproximadamente 320gr \u00e9 produzido pela Queser\u00eda El Manjar. Esta queijaria est\u00e1 localizada em Velada, Toledo, perto de Talavera de la Reina. \u00c9 feito com leite pasteurizado e \u00e9 coberto com uma camada de p\u00e1prica na casca, o que lhe confere o seu sabor especial e inconfund\u00edvel. Para al\u00e9m de [&hellip;]<\/p>\n","protected":false},"featured_media":11119,"template":"","meta":{"_et_pb_use_builder":"","_et_pb_old_content":"","_et_gb_content_width":""},"product_brand":[881],"product_cat":[459,396,386],"product_tag":[],"class_list":{"0":"post-12025","1":"product","2":"type-product","3":"status-publish","4":"has-post-thumbnail","6":"product_brand-el-manjar","7":"product_cat-cura","8":"product_cat-frio-pt-pt","9":"product_cat-queijo-e-salsicha","10":"product_shipping_class-envio-de-frio","11":"pa_cantidad-unidade-pt-pt","13":"first","14":"instock","15":"taxable","16":"shipping-taxable","17":"purchasable","18":"product-type-simple"},"yoast_head":"<!-- This site is optimized with the Yoast SEO plugin v27.3 - https:\/\/yoast.com\/product\/yoast-seo-wordpress\/ -->\n<title>Queijo de cabra curado com p\u00e1prica aprox. 320gr - La Tienda de Sami<\/title>\n<meta name=\"description\" content=\"Queijo de cabra curado com paprica aprox. 320g, feito \u00e0 m\u00e3o por Quesos El Manjar. Mais Qualidade ao melhor pre\u00e7o.\" \/>\n<meta name=\"robots\" content=\"index, follow, max-snippet:-1, max-image-preview:large, max-video-preview:-1\" \/>\n<link rel=\"canonical\" href=\"https:\/\/latiendadesami.com\/producto\/queso-de-cabra-madurado-con-pimenton\/\" \/>\n<meta property=\"og:locale\" content=\"pt_PT\" \/>\n<meta property=\"og:type\" content=\"article\" \/>\n<meta property=\"og:title\" content=\"Queijo de cabra curado com p\u00e1prica aprox. 320gr - La Tienda de Sami\" \/>\n<meta property=\"og:description\" content=\"Queijo de cabra curado com paprica aprox. 320g, feito \u00e0 m\u00e3o por Quesos El Manjar. Mais Qualidade ao melhor pre\u00e7o.\" \/>\n<meta property=\"og:url\" content=\"https:\/\/latiendadesami.com\/producto\/queso-de-cabra-madurado-con-pimenton\/\" \/>\n<meta property=\"og:site_name\" content=\"La Tienda de Sami\" \/>\n<meta property=\"article:publisher\" content=\"https:\/\/www.facebook.com\/La-Tienda-de-Sami-106767417920851\" \/>\n<meta property=\"article:modified_time\" content=\"2022-09-22T08:35:04+00:00\" \/>\n<meta property=\"og:image\" content=\"https:\/\/latiendadesami.com\/wp-content\/uploads\/2021\/06\/IMG_20210610_162447.jpg\" \/>\n\t<meta property=\"og:image:width\" content=\"750\" \/>\n\t<meta property=\"og:image:height\" content=\"750\" \/>\n\t<meta property=\"og:image:type\" content=\"image\/jpeg\" \/>\n<meta name=\"twitter:card\" content=\"summary_large_image\" \/>\n<meta name=\"twitter:site\" content=\"@SamiSuministros\" \/>\n<meta name=\"twitter:label1\" content=\"pre\u00e7o\" \/>\n\t<meta name=\"twitter:data1\" content=\"6,60&nbsp;&euro;\" \/>\n\t<meta name=\"twitter:label2\" content=\"Disponibilidade\" \/>\n\t<meta name=\"twitter:data2\" content=\"Em stock\" \/>\n<script type=\"application\/ld+json\" class=\"yoast-schema-graph\">{\"@context\":\"https:\\\/\\\/schema.org\",\"@graph\":[{\"@type\":\"WebPage\",\"@id\":\"https:\\\/\\\/latiendadesami.com\\\/producto\\\/queso-de-cabra-madurado-con-pimenton\\\/\",\"url\":\"https:\\\/\\\/latiendadesami.com\\\/producto\\\/queso-de-cabra-madurado-con-pimenton\\\/\",\"name\":\"Queijo de cabra curado com p\u00e1prica aprox. 320gr - La Tienda de Sami\",\"isPartOf\":{\"@id\":\"https:\\\/\\\/latiendadesami.com\\\/#website\"},\"primaryImageOfPage\":{\"@id\":\"https:\\\/\\\/latiendadesami.com\\\/producto\\\/queso-de-cabra-madurado-con-pimenton\\\/#primaryimage\"},\"image\":{\"@id\":\"https:\\\/\\\/latiendadesami.com\\\/producto\\\/queso-de-cabra-madurado-con-pimenton\\\/#primaryimage\"},\"thumbnailUrl\":\"https:\\\/\\\/latiendadesami.com\\\/wp-content\\\/uploads\\\/2021\\\/06\\\/IMG_20210610_162447.jpg\",\"datePublished\":\"2021-06-21T09:23:29+00:00\",\"dateModified\":\"2022-09-22T08:35:04+00:00\",\"description\":\"Queijo de cabra curado com paprica aprox. 320g, feito \u00e0 m\u00e3o por Quesos El Manjar. Mais Qualidade ao melhor pre\u00e7o.\",\"breadcrumb\":{\"@id\":\"https:\\\/\\\/latiendadesami.com\\\/producto\\\/queso-de-cabra-madurado-con-pimenton\\\/#breadcrumb\"},\"inLanguage\":\"pt-PT\",\"potentialAction\":[{\"@type\":\"ReadAction\",\"target\":[\"https:\\\/\\\/latiendadesami.com\\\/producto\\\/queso-de-cabra-madurado-con-pimenton\\\/\"]}]},{\"@type\":\"ImageObject\",\"inLanguage\":\"pt-PT\",\"@id\":\"https:\\\/\\\/latiendadesami.com\\\/producto\\\/queso-de-cabra-madurado-con-pimenton\\\/#primaryimage\",\"url\":\"https:\\\/\\\/latiendadesami.com\\\/wp-content\\\/uploads\\\/2021\\\/06\\\/IMG_20210610_162447.jpg\",\"contentUrl\":\"https:\\\/\\\/latiendadesami.com\\\/wp-content\\\/uploads\\\/2021\\\/06\\\/IMG_20210610_162447.jpg\",\"width\":750,\"height\":750,\"caption\":\"Queijo de cabra curado com p\u00e1prica\"},{\"@type\":\"BreadcrumbList\",\"@id\":\"https:\\\/\\\/latiendadesami.com\\\/producto\\\/queso-de-cabra-madurado-con-pimenton\\\/#breadcrumb\",\"itemListElement\":[{\"@type\":\"ListItem\",\"position\":1,\"name\":\"P\u00e1gina inicial\",\"item\":\"https:\\\/\\\/latiendadesami.com\\\/pt-pt\\\/\"},{\"@type\":\"ListItem\",\"position\":2,\"name\":\"Shop\",\"item\":\"https:\\\/\\\/latiendadesami.com\\\/pt-pt\\\/\"},{\"@type\":\"ListItem\",\"position\":3,\"name\":\"Queijo e Salsicha\",\"item\":\"https:\\\/\\\/latiendadesami.com\\\/pt-pt\\\/categoria-producto\\\/queijo-e-salsicha\\\/\"},{\"@type\":\"ListItem\",\"position\":4,\"name\":\"Cura\",\"item\":\"https:\\\/\\\/latiendadesami.com\\\/pt-pt\\\/categoria-producto\\\/cura\\\/\"},{\"@type\":\"ListItem\",\"position\":5,\"name\":\"Queijo de cabra curado com p\u00e1prica aprox. 320gr\"}]},{\"@type\":\"WebSite\",\"@id\":\"https:\\\/\\\/latiendadesami.com\\\/#website\",\"url\":\"https:\\\/\\\/latiendadesami.com\\\/\",\"name\":\"La Tienda de Sami\",\"description\":\"Conservas, azeitonas, vinho, azeite, queijos\",\"publisher\":{\"@id\":\"https:\\\/\\\/latiendadesami.com\\\/#organization\"},\"potentialAction\":[{\"@type\":\"SearchAction\",\"target\":{\"@type\":\"EntryPoint\",\"urlTemplate\":\"https:\\\/\\\/latiendadesami.com\\\/?s={search_term_string}\"},\"query-input\":{\"@type\":\"PropertyValueSpecification\",\"valueRequired\":true,\"valueName\":\"search_term_string\"}}],\"inLanguage\":\"pt-PT\"},{\"@type\":\"Organization\",\"@id\":\"https:\\\/\\\/latiendadesami.com\\\/#organization\",\"name\":\"La Tienda de Sami\",\"url\":\"https:\\\/\\\/latiendadesami.com\\\/\",\"logo\":{\"@type\":\"ImageObject\",\"inLanguage\":\"pt-PT\",\"@id\":\"https:\\\/\\\/latiendadesami.com\\\/#\\\/schema\\\/logo\\\/image\\\/\",\"url\":\"https:\\\/\\\/latiendadesami.com\\\/wp-content\\\/uploads\\\/2020\\\/11\\\/0012222-1.jpg\",\"contentUrl\":\"https:\\\/\\\/latiendadesami.com\\\/wp-content\\\/uploads\\\/2020\\\/11\\\/0012222-1.jpg\",\"width\":250,\"height\":72,\"caption\":\"La Tienda de Sami\"},\"image\":{\"@id\":\"https:\\\/\\\/latiendadesami.com\\\/#\\\/schema\\\/logo\\\/image\\\/\"},\"sameAs\":[\"https:\\\/\\\/www.facebook.com\\\/La-Tienda-de-Sami-106767417920851\",\"https:\\\/\\\/x.com\\\/SamiSuministros\",\"https:\\\/\\\/www.instagram.com\\\/samisuministros\"]}]}<\/script>\n<meta property=\"product:price:amount\" content=\"6.60\" \/>\n<meta property=\"product:price:currency\" content=\"EUR\" \/>\n<meta property=\"og:availability\" content=\"instock\" \/>\n<meta property=\"product:availability\" content=\"instock\" \/>\n<meta property=\"product:retailer_item_id\" content=\"queso-cabra-madurado-con-pimenton-aprox-320gr\" \/>\n<meta property=\"product:condition\" content=\"new\" \/>\n<!-- \/ Yoast SEO plugin. -->","yoast_head_json":{"title":"Queijo de cabra curado com p\u00e1prica aprox. 320gr - La Tienda de Sami","description":"Queijo de cabra curado com paprica aprox. 320g, feito \u00e0 m\u00e3o por Quesos El Manjar. Mais Qualidade ao melhor pre\u00e7o.","robots":{"index":"index","follow":"follow","max-snippet":"max-snippet:-1","max-image-preview":"max-image-preview:large","max-video-preview":"max-video-preview:-1"},"canonical":"https:\/\/latiendadesami.com\/producto\/queso-de-cabra-madurado-con-pimenton\/","og_locale":"pt_PT","og_type":"article","og_title":"Queijo de cabra curado com p\u00e1prica aprox. 320gr - La Tienda de Sami","og_description":"Queijo de cabra curado com paprica aprox. 320g, feito \u00e0 m\u00e3o por Quesos El Manjar. Mais Qualidade ao melhor pre\u00e7o.","og_url":"https:\/\/latiendadesami.com\/producto\/queso-de-cabra-madurado-con-pimenton\/","og_site_name":"La Tienda de Sami","article_publisher":"https:\/\/www.facebook.com\/La-Tienda-de-Sami-106767417920851","article_modified_time":"2022-09-22T08:35:04+00:00","og_image":[{"width":750,"height":750,"url":"https:\/\/latiendadesami.com\/wp-content\/uploads\/2021\/06\/IMG_20210610_162447.jpg","type":"image\/jpeg"}],"twitter_card":"summary_large_image","twitter_site":"@SamiSuministros","twitter_misc":{"pre\u00e7o":"6,60&nbsp;&euro;","Disponibilidade":"Em stock"},"schema":{"@context":"https:\/\/schema.org","@graph":[{"@type":"WebPage","@id":"https:\/\/latiendadesami.com\/producto\/queso-de-cabra-madurado-con-pimenton\/","url":"https:\/\/latiendadesami.com\/producto\/queso-de-cabra-madurado-con-pimenton\/","name":"Queijo de cabra curado com p\u00e1prica aprox. 320gr - La Tienda de Sami","isPartOf":{"@id":"https:\/\/latiendadesami.com\/#website"},"primaryImageOfPage":{"@id":"https:\/\/latiendadesami.com\/producto\/queso-de-cabra-madurado-con-pimenton\/#primaryimage"},"image":{"@id":"https:\/\/latiendadesami.com\/producto\/queso-de-cabra-madurado-con-pimenton\/#primaryimage"},"thumbnailUrl":"https:\/\/latiendadesami.com\/wp-content\/uploads\/2021\/06\/IMG_20210610_162447.jpg","datePublished":"2021-06-21T09:23:29+00:00","dateModified":"2022-09-22T08:35:04+00:00","description":"Queijo de cabra curado com paprica aprox. 320g, feito \u00e0 m\u00e3o por Quesos El Manjar. Mais Qualidade ao melhor pre\u00e7o.","breadcrumb":{"@id":"https:\/\/latiendadesami.com\/producto\/queso-de-cabra-madurado-con-pimenton\/#breadcrumb"},"inLanguage":"pt-PT","potentialAction":[{"@type":"ReadAction","target":["https:\/\/latiendadesami.com\/producto\/queso-de-cabra-madurado-con-pimenton\/"]}]},{"@type":"ImageObject","inLanguage":"pt-PT","@id":"https:\/\/latiendadesami.com\/producto\/queso-de-cabra-madurado-con-pimenton\/#primaryimage","url":"https:\/\/latiendadesami.com\/wp-content\/uploads\/2021\/06\/IMG_20210610_162447.jpg","contentUrl":"https:\/\/latiendadesami.com\/wp-content\/uploads\/2021\/06\/IMG_20210610_162447.jpg","width":750,"height":750,"caption":"Queijo de cabra curado com p\u00e1prica"},{"@type":"BreadcrumbList","@id":"https:\/\/latiendadesami.com\/producto\/queso-de-cabra-madurado-con-pimenton\/#breadcrumb","itemListElement":[{"@type":"ListItem","position":1,"name":"P\u00e1gina inicial","item":"https:\/\/latiendadesami.com\/pt-pt\/"},{"@type":"ListItem","position":2,"name":"Shop","item":"https:\/\/latiendadesami.com\/pt-pt\/"},{"@type":"ListItem","position":3,"name":"Queijo e Salsicha","item":"https:\/\/latiendadesami.com\/pt-pt\/categoria-producto\/queijo-e-salsicha\/"},{"@type":"ListItem","position":4,"name":"Cura","item":"https:\/\/latiendadesami.com\/pt-pt\/categoria-producto\/cura\/"},{"@type":"ListItem","position":5,"name":"Queijo de cabra curado com p\u00e1prica aprox. 320gr"}]},{"@type":"WebSite","@id":"https:\/\/latiendadesami.com\/#website","url":"https:\/\/latiendadesami.com\/","name":"La Tienda de Sami","description":"Conservas, azeitonas, vinho, azeite, queijos","publisher":{"@id":"https:\/\/latiendadesami.com\/#organization"},"potentialAction":[{"@type":"SearchAction","target":{"@type":"EntryPoint","urlTemplate":"https:\/\/latiendadesami.com\/?s={search_term_string}"},"query-input":{"@type":"PropertyValueSpecification","valueRequired":true,"valueName":"search_term_string"}}],"inLanguage":"pt-PT"},{"@type":"Organization","@id":"https:\/\/latiendadesami.com\/#organization","name":"La Tienda de Sami","url":"https:\/\/latiendadesami.com\/","logo":{"@type":"ImageObject","inLanguage":"pt-PT","@id":"https:\/\/latiendadesami.com\/#\/schema\/logo\/image\/","url":"https:\/\/latiendadesami.com\/wp-content\/uploads\/2020\/11\/0012222-1.jpg","contentUrl":"https:\/\/latiendadesami.com\/wp-content\/uploads\/2020\/11\/0012222-1.jpg","width":250,"height":72,"caption":"La Tienda de Sami"},"image":{"@id":"https:\/\/latiendadesami.com\/#\/schema\/logo\/image\/"},"sameAs":["https:\/\/www.facebook.com\/La-Tienda-de-Sami-106767417920851","https:\/\/x.com\/SamiSuministros","https:\/\/www.instagram.com\/samisuministros"]}]},"product_price_amount":"6.60","product_price_currency":"EUR","og_availability":"instock","product_availability":"instock","product_retailer_item_id":"queso-cabra-madurado-con-pimenton-aprox-320gr","product_condition":"new"},"_links":{"self":[{"href":"https:\/\/latiendadesami.com\/pt-pt\/wp-json\/wp\/v2\/product\/12025","targetHints":{"allow":["GET"]}}],"collection":[{"href":"https:\/\/latiendadesami.com\/pt-pt\/wp-json\/wp\/v2\/product"}],"about":[{"href":"https:\/\/latiendadesami.com\/pt-pt\/wp-json\/wp\/v2\/types\/product"}],"wp:featuredmedia":[{"embeddable":true,"href":"https:\/\/latiendadesami.com\/pt-pt\/wp-json\/wp\/v2\/media\/11119"}],"wp:attachment":[{"href":"https:\/\/latiendadesami.com\/pt-pt\/wp-json\/wp\/v2\/media?parent=12025"}],"wp:term":[{"taxonomy":"product_brand","embeddable":true,"href":"https:\/\/latiendadesami.com\/pt-pt\/wp-json\/wp\/v2\/product_brand?post=12025"},{"taxonomy":"product_cat","embeddable":true,"href":"https:\/\/latiendadesami.com\/pt-pt\/wp-json\/wp\/v2\/product_cat?post=12025"},{"taxonomy":"product_tag","embeddable":true,"href":"https:\/\/latiendadesami.com\/pt-pt\/wp-json\/wp\/v2\/product_tag?post=12025"}],"curies":[{"name":"wp","href":"https:\/\/api.w.org\/{rel}","templated":true}]}}