{"id":12065,"date":"2021-09-30T16:09:38","date_gmt":"2021-09-30T14:09:38","guid":{"rendered":"https:\/\/latiendadesami.com\/producto\/partida-de-la-abuela-pode-5kg-extra\/"},"modified":"2024-03-01T17:52:05","modified_gmt":"2024-03-01T16:52:05","slug":"partida-de-la-abuela-pode-5kg-extra","status":"publish","type":"product","link":"https:\/\/latiendadesami.com\/pt-pt\/producto\/partida-de-la-abuela-pode-5kg-extra\/","title":{"rendered":"Partida de la Abuela pode 5Kg EXTRA"},"content":{"rendered":"<p>Benef\u00edcios de Partida de la Abuela Azeitonas pode 5Kg EXTRA<\/p>\n<p>Os benef\u00edcios das azeitonas partidas da av\u00f3 s\u00e3o numerosos, e para al\u00e9m do seu tremendo sabor, as suas propriedades s\u00e3o tamb\u00e9m muito ben\u00e9ficas para a sa\u00fade.<\/p>\n<p>Reduzem o colesterol. Gra\u00e7as ao \u00e1cido oleico, as azeitonas rachadas da av\u00f3 ajudam a manter o colesterol \u00e0 dist\u00e2ncia.<br \/>\nAjudam a digest\u00e3o. Devido ao seu elevado teor de fibras, estas azeitonas ajudam a eliminar toxinas e a melhorar o tr\u00e2nsito em geral.<br \/>\nBenef\u00edcios para a pele. As vitaminas A e E s\u00e3o boas para a pele e t\u00eam benef\u00edcios anti-envelhecimento.<br \/>\nEles fornecem energia. S\u00e3o ricos em ferro, o que ajuda a sintetizar a carnitina e a produzir energia.<\/p>\n<p>Compre as suas azeitonas Partida de la Abuela azeitonas enlatadas 5Kg EXTRA<\/p>\n<p>As azeitonas da av\u00f3 destacam-se pelo seu sabor doce mas intenso, bem como pelo seu tempero caracter\u00edstico, que \u00e9 criado utilizando especiarias naturais.<\/p>\n<p>Ap\u00f3s 5 anos de conserva\u00e7\u00e3o, os frutos da oliveira s\u00e3o macerados at\u00e9 atingirem a textura agrad\u00e1vel dos nossos <a href=\"https:\/\/latiendadesami.com\/categoria-producto\/encurtidos\/\">&#8220;Encurtidos<\/a> Aceitunas de la Abuela&#8221; ( <a href=\"https:\/\/latiendadesami.com\/categoria-producto\/encurtidos\/\">Pickles de<\/a> Azeitonas da Av\u00f3).<\/p>\n<p>Estas azeitonas inteiras, de carne firme, ligeiramente trituradas e <a href=\"https:\/\/es.wikipedia.org\/wiki\/Aceitunas_ali%C3%B1adas\" target=\"_blank\" rel=\"noopener\">temperadas<\/a> segundo a receita da av\u00f3, s\u00e3o o resultado de uma longa tradi\u00e7\u00e3o familiar, originalmente de Antequera, M\u00e1laga.<\/p>\n","protected":false},"excerpt":{"rendered":"<p>Benef\u00edcios de Partida de la Abuela Azeitonas pode 5Kg EXTRA Os benef\u00edcios das azeitonas partidas da av\u00f3 s\u00e3o numerosos, e para al\u00e9m do seu tremendo sabor, as suas propriedades s\u00e3o tamb\u00e9m muito ben\u00e9ficas para a sa\u00fade. Reduzem o colesterol. Gra\u00e7as ao \u00e1cido oleico, as azeitonas rachadas da av\u00f3 ajudam a manter o colesterol \u00e0 dist\u00e2ncia. [&hellip;]<\/p>\n","protected":false},"featured_media":11336,"template":"","meta":{"_et_pb_use_builder":"","_et_pb_old_content":"","_et_gb_content_width":""},"product_brand":[863],"product_cat":[338,337],"product_tag":[356,357],"class_list":{"0":"post-12065","1":"product","2":"type-product","3":"status-publish","4":"has-post-thumbnail","6":"product_brand-chicon","7":"product_cat-azeitonas","8":"product_cat-pickles","9":"product_tag-avo","10":"product_tag-item","11":"pa_cantidad-extra-pt-pt","12":"pa_cantidad-normal-pt-pt","14":"first","15":"instock","16":"taxable","17":"shipping-taxable","18":"purchasable","19":"product-type-simple"},"yoast_head":"<!-- This site is optimized with the Yoast SEO plugin v27.3 - https:\/\/yoast.com\/product\/yoast-seo-wordpress\/ -->\n<title>Partida de la Abuela pode 5Kg EXTRA - La Tienda de Sami<\/title>\n<meta name=\"description\" content=\"Partida de la Abuela pode 5Kg de EXTRA Chic\u00f3n. S\u00e3o de carne firme e inteiros, ligeiramente amassados e temperados de acordo com a receita de Abuelal.\" \/>\n<meta name=\"robots\" content=\"index, follow, max-snippet:-1, max-image-preview:large, max-video-preview:-1\" \/>\n<link rel=\"canonical\" href=\"https:\/\/latiendadesami.com\/producto\/partida-de-la-abuela-lata-5kg-extra\/\" \/>\n<meta property=\"og:locale\" content=\"pt_PT\" \/>\n<meta property=\"og:type\" content=\"article\" \/>\n<meta property=\"og:title\" content=\"Partida de la Abuela pode 5Kg EXTRA - La Tienda de Sami\" \/>\n<meta property=\"og:description\" content=\"Partida de la Abuela pode 5Kg de EXTRA Chic\u00f3n. S\u00e3o de carne firme e inteiros, ligeiramente amassados e temperados de acordo com a receita de Abuelal.\" \/>\n<meta property=\"og:url\" content=\"https:\/\/latiendadesami.com\/producto\/partida-de-la-abuela-lata-5kg-extra\/\" \/>\n<meta property=\"og:site_name\" content=\"La Tienda de Sami\" \/>\n<meta property=\"article:publisher\" content=\"https:\/\/www.facebook.com\/La-Tienda-de-Sami-106767417920851\" \/>\n<meta property=\"article:modified_time\" content=\"2024-03-01T16:52:05+00:00\" \/>\n<meta property=\"og:image\" content=\"http:\/\/latiendadesami.com\/wp-content\/uploads\/2021\/09\/Partida-de-la-abuela-lata.jpg\" \/>\n\t<meta property=\"og:image:width\" content=\"750\" \/>\n\t<meta property=\"og:image:height\" content=\"750\" \/>\n\t<meta property=\"og:image:type\" content=\"image\/jpeg\" \/>\n<meta name=\"twitter:card\" content=\"summary_large_image\" \/>\n<meta name=\"twitter:site\" content=\"@SamiSuministros\" \/>\n<meta name=\"twitter:label1\" content=\"pre\u00e7o\" \/>\n\t<meta name=\"twitter:data1\" content=\"28,50&nbsp;&euro;\" \/>\n\t<meta name=\"twitter:label2\" content=\"Disponibilidade\" \/>\n\t<meta name=\"twitter:data2\" content=\"Em stock\" \/>\n<script type=\"application\/ld+json\" class=\"yoast-schema-graph\">{\"@context\":\"https:\\\/\\\/schema.org\",\"@graph\":[{\"@type\":\"WebPage\",\"@id\":\"https:\\\/\\\/latiendadesami.com\\\/producto\\\/partida-de-la-abuela-lata-5kg-extra\\\/\",\"url\":\"https:\\\/\\\/latiendadesami.com\\\/producto\\\/partida-de-la-abuela-lata-5kg-extra\\\/\",\"name\":\"Partida de la Abuela pode 5Kg EXTRA - La Tienda de Sami\",\"isPartOf\":{\"@id\":\"https:\\\/\\\/latiendadesami.com\\\/#website\"},\"primaryImageOfPage\":{\"@id\":\"https:\\\/\\\/latiendadesami.com\\\/producto\\\/partida-de-la-abuela-lata-5kg-extra\\\/#primaryimage\"},\"image\":{\"@id\":\"https:\\\/\\\/latiendadesami.com\\\/producto\\\/partida-de-la-abuela-lata-5kg-extra\\\/#primaryimage\"},\"thumbnailUrl\":\"https:\\\/\\\/latiendadesami.com\\\/wp-content\\\/uploads\\\/2021\\\/09\\\/Partida-de-la-abuela-lata.jpg\",\"datePublished\":\"2021-09-30T14:09:38+00:00\",\"dateModified\":\"2024-03-01T16:52:05+00:00\",\"description\":\"Partida de la Abuela pode 5Kg de EXTRA Chic\u00f3n. S\u00e3o de carne firme e inteiros, ligeiramente amassados e temperados de acordo com a receita de Abuelal.\",\"breadcrumb\":{\"@id\":\"https:\\\/\\\/latiendadesami.com\\\/producto\\\/partida-de-la-abuela-lata-5kg-extra\\\/#breadcrumb\"},\"inLanguage\":\"pt-PT\",\"potentialAction\":[{\"@type\":\"ReadAction\",\"target\":[\"https:\\\/\\\/latiendadesami.com\\\/producto\\\/partida-de-la-abuela-lata-5kg-extra\\\/\"]}]},{\"@type\":\"ImageObject\",\"inLanguage\":\"pt-PT\",\"@id\":\"https:\\\/\\\/latiendadesami.com\\\/producto\\\/partida-de-la-abuela-lata-5kg-extra\\\/#primaryimage\",\"url\":\"https:\\\/\\\/latiendadesami.com\\\/wp-content\\\/uploads\\\/2021\\\/09\\\/Partida-de-la-abuela-lata.jpg\",\"contentUrl\":\"https:\\\/\\\/latiendadesami.com\\\/wp-content\\\/uploads\\\/2021\\\/09\\\/Partida-de-la-abuela-lata.jpg\",\"width\":750,\"height\":750,\"caption\":\"Partida de la Abuela lata 5Kg\"},{\"@type\":\"BreadcrumbList\",\"@id\":\"https:\\\/\\\/latiendadesami.com\\\/producto\\\/partida-de-la-abuela-lata-5kg-extra\\\/#breadcrumb\",\"itemListElement\":[{\"@type\":\"ListItem\",\"position\":1,\"name\":\"P\u00e1gina inicial\",\"item\":\"https:\\\/\\\/latiendadesami.com\\\/pt-pt\\\/\"},{\"@type\":\"ListItem\",\"position\":2,\"name\":\"Shop\",\"item\":\"https:\\\/\\\/latiendadesami.com\\\/pt-pt\\\/\"},{\"@type\":\"ListItem\",\"position\":3,\"name\":\"Pickles\",\"item\":\"https:\\\/\\\/latiendadesami.com\\\/pt-pt\\\/categoria-producto\\\/pickles\\\/\"},{\"@type\":\"ListItem\",\"position\":4,\"name\":\"Azeitonas\",\"item\":\"https:\\\/\\\/latiendadesami.com\\\/pt-pt\\\/categoria-producto\\\/azeitonas\\\/\"},{\"@type\":\"ListItem\",\"position\":5,\"name\":\"Partida de la Abuela pode 5Kg EXTRA\"}]},{\"@type\":\"WebSite\",\"@id\":\"https:\\\/\\\/latiendadesami.com\\\/#website\",\"url\":\"https:\\\/\\\/latiendadesami.com\\\/\",\"name\":\"La Tienda de Sami\",\"description\":\"Conservas, azeitonas, vinho, azeite, queijos\",\"publisher\":{\"@id\":\"https:\\\/\\\/latiendadesami.com\\\/#organization\"},\"potentialAction\":[{\"@type\":\"SearchAction\",\"target\":{\"@type\":\"EntryPoint\",\"urlTemplate\":\"https:\\\/\\\/latiendadesami.com\\\/?s={search_term_string}\"},\"query-input\":{\"@type\":\"PropertyValueSpecification\",\"valueRequired\":true,\"valueName\":\"search_term_string\"}}],\"inLanguage\":\"pt-PT\"},{\"@type\":\"Organization\",\"@id\":\"https:\\\/\\\/latiendadesami.com\\\/#organization\",\"name\":\"La Tienda de Sami\",\"url\":\"https:\\\/\\\/latiendadesami.com\\\/\",\"logo\":{\"@type\":\"ImageObject\",\"inLanguage\":\"pt-PT\",\"@id\":\"https:\\\/\\\/latiendadesami.com\\\/#\\\/schema\\\/logo\\\/image\\\/\",\"url\":\"https:\\\/\\\/latiendadesami.com\\\/wp-content\\\/uploads\\\/2020\\\/11\\\/0012222-1.jpg\",\"contentUrl\":\"https:\\\/\\\/latiendadesami.com\\\/wp-content\\\/uploads\\\/2020\\\/11\\\/0012222-1.jpg\",\"width\":250,\"height\":72,\"caption\":\"La Tienda de Sami\"},\"image\":{\"@id\":\"https:\\\/\\\/latiendadesami.com\\\/#\\\/schema\\\/logo\\\/image\\\/\"},\"sameAs\":[\"https:\\\/\\\/www.facebook.com\\\/La-Tienda-de-Sami-106767417920851\",\"https:\\\/\\\/x.com\\\/SamiSuministros\",\"https:\\\/\\\/www.instagram.com\\\/samisuministros\"]}]}<\/script>\n<meta property=\"product:price:amount\" content=\"28.50\" \/>\n<meta property=\"product:price:currency\" content=\"EUR\" \/>\n<meta property=\"og:availability\" content=\"instock\" \/>\n<meta property=\"product:availability\" content=\"instock\" \/>\n<meta property=\"product:retailer_item_id\" content=\"partida-abuela-lata-5kg-extra\" \/>\n<meta property=\"product:condition\" content=\"new\" \/>\n<!-- \/ Yoast SEO plugin. -->","yoast_head_json":{"title":"Partida de la Abuela pode 5Kg EXTRA - La Tienda de Sami","description":"Partida de la Abuela pode 5Kg de EXTRA Chic\u00f3n. S\u00e3o de carne firme e inteiros, ligeiramente amassados e temperados de acordo com a receita de Abuelal.","robots":{"index":"index","follow":"follow","max-snippet":"max-snippet:-1","max-image-preview":"max-image-preview:large","max-video-preview":"max-video-preview:-1"},"canonical":"https:\/\/latiendadesami.com\/producto\/partida-de-la-abuela-lata-5kg-extra\/","og_locale":"pt_PT","og_type":"article","og_title":"Partida de la Abuela pode 5Kg EXTRA - La Tienda de Sami","og_description":"Partida de la Abuela pode 5Kg de EXTRA Chic\u00f3n. S\u00e3o de carne firme e inteiros, ligeiramente amassados e temperados de acordo com a receita de Abuelal.","og_url":"https:\/\/latiendadesami.com\/producto\/partida-de-la-abuela-lata-5kg-extra\/","og_site_name":"La Tienda de Sami","article_publisher":"https:\/\/www.facebook.com\/La-Tienda-de-Sami-106767417920851","article_modified_time":"2024-03-01T16:52:05+00:00","og_image":[{"width":750,"height":750,"url":"http:\/\/latiendadesami.com\/wp-content\/uploads\/2021\/09\/Partida-de-la-abuela-lata.jpg","type":"image\/jpeg"}],"twitter_card":"summary_large_image","twitter_site":"@SamiSuministros","twitter_misc":{"pre\u00e7o":"28,50&nbsp;&euro;","Disponibilidade":"Em stock"},"schema":{"@context":"https:\/\/schema.org","@graph":[{"@type":"WebPage","@id":"https:\/\/latiendadesami.com\/producto\/partida-de-la-abuela-lata-5kg-extra\/","url":"https:\/\/latiendadesami.com\/producto\/partida-de-la-abuela-lata-5kg-extra\/","name":"Partida de la Abuela pode 5Kg EXTRA - La Tienda de Sami","isPartOf":{"@id":"https:\/\/latiendadesami.com\/#website"},"primaryImageOfPage":{"@id":"https:\/\/latiendadesami.com\/producto\/partida-de-la-abuela-lata-5kg-extra\/#primaryimage"},"image":{"@id":"https:\/\/latiendadesami.com\/producto\/partida-de-la-abuela-lata-5kg-extra\/#primaryimage"},"thumbnailUrl":"https:\/\/latiendadesami.com\/wp-content\/uploads\/2021\/09\/Partida-de-la-abuela-lata.jpg","datePublished":"2021-09-30T14:09:38+00:00","dateModified":"2024-03-01T16:52:05+00:00","description":"Partida de la Abuela pode 5Kg de EXTRA Chic\u00f3n. S\u00e3o de carne firme e inteiros, ligeiramente amassados e temperados de acordo com a receita de Abuelal.","breadcrumb":{"@id":"https:\/\/latiendadesami.com\/producto\/partida-de-la-abuela-lata-5kg-extra\/#breadcrumb"},"inLanguage":"pt-PT","potentialAction":[{"@type":"ReadAction","target":["https:\/\/latiendadesami.com\/producto\/partida-de-la-abuela-lata-5kg-extra\/"]}]},{"@type":"ImageObject","inLanguage":"pt-PT","@id":"https:\/\/latiendadesami.com\/producto\/partida-de-la-abuela-lata-5kg-extra\/#primaryimage","url":"https:\/\/latiendadesami.com\/wp-content\/uploads\/2021\/09\/Partida-de-la-abuela-lata.jpg","contentUrl":"https:\/\/latiendadesami.com\/wp-content\/uploads\/2021\/09\/Partida-de-la-abuela-lata.jpg","width":750,"height":750,"caption":"Partida de la Abuela lata 5Kg"},{"@type":"BreadcrumbList","@id":"https:\/\/latiendadesami.com\/producto\/partida-de-la-abuela-lata-5kg-extra\/#breadcrumb","itemListElement":[{"@type":"ListItem","position":1,"name":"P\u00e1gina inicial","item":"https:\/\/latiendadesami.com\/pt-pt\/"},{"@type":"ListItem","position":2,"name":"Shop","item":"https:\/\/latiendadesami.com\/pt-pt\/"},{"@type":"ListItem","position":3,"name":"Pickles","item":"https:\/\/latiendadesami.com\/pt-pt\/categoria-producto\/pickles\/"},{"@type":"ListItem","position":4,"name":"Azeitonas","item":"https:\/\/latiendadesami.com\/pt-pt\/categoria-producto\/azeitonas\/"},{"@type":"ListItem","position":5,"name":"Partida de la Abuela pode 5Kg EXTRA"}]},{"@type":"WebSite","@id":"https:\/\/latiendadesami.com\/#website","url":"https:\/\/latiendadesami.com\/","name":"La Tienda de Sami","description":"Conservas, azeitonas, vinho, azeite, queijos","publisher":{"@id":"https:\/\/latiendadesami.com\/#organization"},"potentialAction":[{"@type":"SearchAction","target":{"@type":"EntryPoint","urlTemplate":"https:\/\/latiendadesami.com\/?s={search_term_string}"},"query-input":{"@type":"PropertyValueSpecification","valueRequired":true,"valueName":"search_term_string"}}],"inLanguage":"pt-PT"},{"@type":"Organization","@id":"https:\/\/latiendadesami.com\/#organization","name":"La Tienda de Sami","url":"https:\/\/latiendadesami.com\/","logo":{"@type":"ImageObject","inLanguage":"pt-PT","@id":"https:\/\/latiendadesami.com\/#\/schema\/logo\/image\/","url":"https:\/\/latiendadesami.com\/wp-content\/uploads\/2020\/11\/0012222-1.jpg","contentUrl":"https:\/\/latiendadesami.com\/wp-content\/uploads\/2020\/11\/0012222-1.jpg","width":250,"height":72,"caption":"La Tienda de Sami"},"image":{"@id":"https:\/\/latiendadesami.com\/#\/schema\/logo\/image\/"},"sameAs":["https:\/\/www.facebook.com\/La-Tienda-de-Sami-106767417920851","https:\/\/x.com\/SamiSuministros","https:\/\/www.instagram.com\/samisuministros"]}]},"product_price_amount":"28.50","product_price_currency":"EUR","og_availability":"instock","product_availability":"instock","product_retailer_item_id":"partida-abuela-lata-5kg-extra","product_condition":"new"},"_links":{"self":[{"href":"https:\/\/latiendadesami.com\/pt-pt\/wp-json\/wp\/v2\/product\/12065","targetHints":{"allow":["GET"]}}],"collection":[{"href":"https:\/\/latiendadesami.com\/pt-pt\/wp-json\/wp\/v2\/product"}],"about":[{"href":"https:\/\/latiendadesami.com\/pt-pt\/wp-json\/wp\/v2\/types\/product"}],"wp:featuredmedia":[{"embeddable":true,"href":"https:\/\/latiendadesami.com\/pt-pt\/wp-json\/wp\/v2\/media\/11336"}],"wp:attachment":[{"href":"https:\/\/latiendadesami.com\/pt-pt\/wp-json\/wp\/v2\/media?parent=12065"}],"wp:term":[{"taxonomy":"product_brand","embeddable":true,"href":"https:\/\/latiendadesami.com\/pt-pt\/wp-json\/wp\/v2\/product_brand?post=12065"},{"taxonomy":"product_cat","embeddable":true,"href":"https:\/\/latiendadesami.com\/pt-pt\/wp-json\/wp\/v2\/product_cat?post=12065"},{"taxonomy":"product_tag","embeddable":true,"href":"https:\/\/latiendadesami.com\/pt-pt\/wp-json\/wp\/v2\/product_tag?post=12065"}],"curies":[{"name":"wp","href":"https:\/\/api.w.org\/{rel}","templated":true}]}}