{"id":12067,"date":"2021-08-12T10:48:12","date_gmt":"2021-08-12T08:48:12","guid":{"rendered":"https:\/\/latiendadesami.com\/producto\/asparagus-short-6-12-oti\/"},"modified":"2022-08-23T09:48:42","modified_gmt":"2022-08-23T07:48:42","slug":"asparagus-short-6-12-oti","status":"publish","type":"product","link":"https:\/\/latiendadesami.com\/pt-pt\/producto\/asparagus-short-6-12-oti\/","title":{"rendered":"Asparagus short 6\/12 OTI"},"content":{"rendered":"<p>Asparagus short 6\/12 OTI<\/p>\n<p>Espargos curtos 6\/12 Refere-se \u00e0 \u00e9poca de pesca ou \u00e0 \u00e9poca de pesca do famoso Atum do Norte, com carne e sabor intenso.<br \/>\nEste per\u00edodo tem normalmente lugar entre Junho e Setembro, embora por vezes possa tamb\u00e9m ter in\u00edcio em Maio e prolongar-se at\u00e9 Outubro. Tal como com outros ciclos, a \u00e9poca de pesca de bonitos \u00e9 determinada por condi\u00e7\u00f5es naturais tais como o tempo e as correntes mar\u00edtimas, pelo que nem todas as \u00e9pocas de pesca ser\u00e3o as mesmas. Esta \u00e9 tamb\u00e9m a raz\u00e3o pela qual as suas datas podem variar.<\/p>\n","protected":false},"excerpt":{"rendered":"<p>Asparagus short 6\/12 OTI Espargos curtos 6\/12 Refere-se \u00e0 \u00e9poca de pesca ou \u00e0 \u00e9poca de pesca do famoso Atum do Norte, com carne e sabor intenso. Este per\u00edodo tem normalmente lugar entre Junho e Setembro, embora por vezes possa tamb\u00e9m ter in\u00edcio em Maio e prolongar-se at\u00e9 Outubro. Tal como com outros ciclos, a [&hellip;]<\/p>\n","protected":false},"featured_media":11250,"template":"","meta":{"_et_pb_use_builder":"","_et_pb_old_content":"","_et_gb_content_width":""},"product_brand":[],"product_cat":[],"product_tag":[],"class_list":{"0":"post-12067","1":"product","2":"type-product","3":"status-publish","4":"has-post-thumbnail","7":"first","8":"outofstock","9":"taxable","10":"shipping-taxable","11":"product-type-variable"},"yoast_head":"<!-- This site is optimized with the Yoast SEO plugin v27.3 - https:\/\/yoast.com\/product\/yoast-seo-wordpress\/ -->\n<title>Comprar espargos curtos 6\/12 OTI online - Sami&#039;s Shop<\/title>\n<meta name=\"description\" content=\"Aspargos curto 6\/12 OTI Refere-se \u00e0 \u00e9poca de pesca ou pesca do famoso Atum do Norte, com carne e sabor intenso.\" \/>\n<meta name=\"robots\" content=\"index, follow, max-snippet:-1, max-image-preview:large, max-video-preview:-1\" \/>\n<link rel=\"canonical\" href=\"https:\/\/latiendadesami.com\/pt-pt\/producto\/asparagus-short-6-12-oti\/\" \/>\n<meta property=\"og:locale\" content=\"pt_PT\" \/>\n<meta property=\"og:type\" content=\"article\" \/>\n<meta property=\"og:title\" content=\"Comprar espargos curtos 6\/12 OTI online - Sami&#039;s Shop\" \/>\n<meta property=\"og:description\" content=\"Aspargos curto 6\/12 OTI Refere-se \u00e0 \u00e9poca de pesca ou pesca do famoso Atum do Norte, com carne e sabor intenso.\" \/>\n<meta property=\"og:url\" content=\"https:\/\/latiendadesami.com\/pt-pt\/producto\/asparagus-short-6-12-oti\/\" \/>\n<meta property=\"og:site_name\" content=\"La Tienda de Sami\" \/>\n<meta property=\"article:publisher\" content=\"https:\/\/www.facebook.com\/La-Tienda-de-Sami-106767417920851\" \/>\n<meta property=\"article:modified_time\" content=\"2022-08-23T07:48:42+00:00\" \/>\n<meta property=\"og:image\" content=\"https:\/\/latiendadesami.com\/wp-content\/uploads\/2021\/08\/esparragos-cortoos.png\" \/>\n\t<meta property=\"og:image:width\" content=\"750\" \/>\n\t<meta property=\"og:image:height\" content=\"563\" \/>\n\t<meta property=\"og:image:type\" content=\"image\/png\" \/>\n<meta name=\"twitter:card\" content=\"summary_large_image\" \/>\n<meta name=\"twitter:site\" content=\"@SamiSuministros\" \/>\n<meta name=\"twitter:label1\" content=\"Disponibilidade\" \/>\n\t<meta name=\"twitter:data1\" content=\"Esgotado\" \/>\n<script type=\"application\/ld+json\" class=\"yoast-schema-graph\">{\"@context\":\"https:\\\/\\\/schema.org\",\"@graph\":[{\"@type\":\"WebPage\",\"@id\":\"https:\\\/\\\/latiendadesami.com\\\/pt-pt\\\/producto\\\/asparagus-short-6-12-oti\\\/\",\"url\":\"https:\\\/\\\/latiendadesami.com\\\/pt-pt\\\/producto\\\/asparagus-short-6-12-oti\\\/\",\"name\":\"Comprar espargos curtos 6\\\/12 OTI online - Sami's Shop\",\"isPartOf\":{\"@id\":\"https:\\\/\\\/latiendadesami.com\\\/#website\"},\"primaryImageOfPage\":{\"@id\":\"https:\\\/\\\/latiendadesami.com\\\/pt-pt\\\/producto\\\/asparagus-short-6-12-oti\\\/#primaryimage\"},\"image\":{\"@id\":\"https:\\\/\\\/latiendadesami.com\\\/pt-pt\\\/producto\\\/asparagus-short-6-12-oti\\\/#primaryimage\"},\"thumbnailUrl\":\"https:\\\/\\\/latiendadesami.com\\\/wp-content\\\/uploads\\\/2021\\\/08\\\/esparragos-cortoos.png\",\"datePublished\":\"2021-08-12T08:48:12+00:00\",\"dateModified\":\"2022-08-23T07:48:42+00:00\",\"description\":\"Aspargos curto 6\\\/12 OTI Refere-se \u00e0 \u00e9poca de pesca ou pesca do famoso Atum do Norte, com carne e sabor intenso.\",\"breadcrumb\":{\"@id\":\"https:\\\/\\\/latiendadesami.com\\\/pt-pt\\\/producto\\\/asparagus-short-6-12-oti\\\/#breadcrumb\"},\"inLanguage\":\"pt-PT\",\"potentialAction\":[{\"@type\":\"ReadAction\",\"target\":[\"https:\\\/\\\/latiendadesami.com\\\/pt-pt\\\/producto\\\/asparagus-short-6-12-oti\\\/\"]}]},{\"@type\":\"ImageObject\",\"inLanguage\":\"pt-PT\",\"@id\":\"https:\\\/\\\/latiendadesami.com\\\/pt-pt\\\/producto\\\/asparagus-short-6-12-oti\\\/#primaryimage\",\"url\":\"https:\\\/\\\/latiendadesami.com\\\/wp-content\\\/uploads\\\/2021\\\/08\\\/esparragos-cortoos.png\",\"contentUrl\":\"https:\\\/\\\/latiendadesami.com\\\/wp-content\\\/uploads\\\/2021\\\/08\\\/esparragos-cortoos.png\",\"width\":750,\"height\":563},{\"@type\":\"BreadcrumbList\",\"@id\":\"https:\\\/\\\/latiendadesami.com\\\/pt-pt\\\/producto\\\/asparagus-short-6-12-oti\\\/#breadcrumb\",\"itemListElement\":[{\"@type\":\"ListItem\",\"position\":1,\"name\":\"P\u00e1gina inicial\",\"item\":\"https:\\\/\\\/latiendadesami.com\\\/pt-pt\\\/\"},{\"@type\":\"ListItem\",\"position\":2,\"name\":\"Shop\",\"item\":\"https:\\\/\\\/latiendadesami.com\\\/pt-pt\\\/\"},{\"@type\":\"ListItem\",\"position\":3,\"name\":\"Conservas\",\"item\":\"https:\\\/\\\/latiendadesami.com\\\/categoria-producto\\\/conservas\\\/\"},{\"@type\":\"ListItem\",\"position\":4,\"name\":\"Asparagus short 6\\\/12 OTI\"}]},{\"@type\":\"WebSite\",\"@id\":\"https:\\\/\\\/latiendadesami.com\\\/#website\",\"url\":\"https:\\\/\\\/latiendadesami.com\\\/\",\"name\":\"La Tienda de Sami\",\"description\":\"Conservas, azeitonas, vinho, azeite, queijos\",\"publisher\":{\"@id\":\"https:\\\/\\\/latiendadesami.com\\\/#organization\"},\"potentialAction\":[{\"@type\":\"SearchAction\",\"target\":{\"@type\":\"EntryPoint\",\"urlTemplate\":\"https:\\\/\\\/latiendadesami.com\\\/?s={search_term_string}\"},\"query-input\":{\"@type\":\"PropertyValueSpecification\",\"valueRequired\":true,\"valueName\":\"search_term_string\"}}],\"inLanguage\":\"pt-PT\"},{\"@type\":\"Organization\",\"@id\":\"https:\\\/\\\/latiendadesami.com\\\/#organization\",\"name\":\"La Tienda de Sami\",\"url\":\"https:\\\/\\\/latiendadesami.com\\\/\",\"logo\":{\"@type\":\"ImageObject\",\"inLanguage\":\"pt-PT\",\"@id\":\"https:\\\/\\\/latiendadesami.com\\\/#\\\/schema\\\/logo\\\/image\\\/\",\"url\":\"https:\\\/\\\/latiendadesami.com\\\/wp-content\\\/uploads\\\/2020\\\/11\\\/0012222-1.jpg\",\"contentUrl\":\"https:\\\/\\\/latiendadesami.com\\\/wp-content\\\/uploads\\\/2020\\\/11\\\/0012222-1.jpg\",\"width\":250,\"height\":72,\"caption\":\"La Tienda de Sami\"},\"image\":{\"@id\":\"https:\\\/\\\/latiendadesami.com\\\/#\\\/schema\\\/logo\\\/image\\\/\"},\"sameAs\":[\"https:\\\/\\\/www.facebook.com\\\/La-Tienda-de-Sami-106767417920851\",\"https:\\\/\\\/x.com\\\/SamiSuministros\",\"https:\\\/\\\/www.instagram.com\\\/samisuministros\"]}]}<\/script>\n<meta property=\"og:availability\" content=\"out of stock\" \/>\n<meta property=\"product:availability\" content=\"out of stock\" \/>\n<meta property=\"product:retailer_item_id\" content=\"esparrago-oti-46-2\" \/>\n<meta property=\"product:condition\" content=\"new\" \/>\n<!-- \/ Yoast SEO plugin. -->","yoast_head_json":{"title":"Comprar espargos curtos 6\/12 OTI online - Sami's Shop","description":"Aspargos curto 6\/12 OTI Refere-se \u00e0 \u00e9poca de pesca ou pesca do famoso Atum do Norte, com carne e sabor intenso.","robots":{"index":"index","follow":"follow","max-snippet":"max-snippet:-1","max-image-preview":"max-image-preview:large","max-video-preview":"max-video-preview:-1"},"canonical":"https:\/\/latiendadesami.com\/pt-pt\/producto\/asparagus-short-6-12-oti\/","og_locale":"pt_PT","og_type":"article","og_title":"Comprar espargos curtos 6\/12 OTI online - Sami's Shop","og_description":"Aspargos curto 6\/12 OTI Refere-se \u00e0 \u00e9poca de pesca ou pesca do famoso Atum do Norte, com carne e sabor intenso.","og_url":"https:\/\/latiendadesami.com\/pt-pt\/producto\/asparagus-short-6-12-oti\/","og_site_name":"La Tienda de Sami","article_publisher":"https:\/\/www.facebook.com\/La-Tienda-de-Sami-106767417920851","article_modified_time":"2022-08-23T07:48:42+00:00","og_image":[{"width":750,"height":563,"url":"https:\/\/latiendadesami.com\/wp-content\/uploads\/2021\/08\/esparragos-cortoos.png","type":"image\/png"}],"twitter_card":"summary_large_image","twitter_site":"@SamiSuministros","twitter_misc":{"Disponibilidade":"Esgotado"},"schema":{"@context":"https:\/\/schema.org","@graph":[{"@type":"WebPage","@id":"https:\/\/latiendadesami.com\/pt-pt\/producto\/asparagus-short-6-12-oti\/","url":"https:\/\/latiendadesami.com\/pt-pt\/producto\/asparagus-short-6-12-oti\/","name":"Comprar espargos curtos 6\/12 OTI online - Sami's Shop","isPartOf":{"@id":"https:\/\/latiendadesami.com\/#website"},"primaryImageOfPage":{"@id":"https:\/\/latiendadesami.com\/pt-pt\/producto\/asparagus-short-6-12-oti\/#primaryimage"},"image":{"@id":"https:\/\/latiendadesami.com\/pt-pt\/producto\/asparagus-short-6-12-oti\/#primaryimage"},"thumbnailUrl":"https:\/\/latiendadesami.com\/wp-content\/uploads\/2021\/08\/esparragos-cortoos.png","datePublished":"2021-08-12T08:48:12+00:00","dateModified":"2022-08-23T07:48:42+00:00","description":"Aspargos curto 6\/12 OTI Refere-se \u00e0 \u00e9poca de pesca ou pesca do famoso Atum do Norte, com carne e sabor intenso.","breadcrumb":{"@id":"https:\/\/latiendadesami.com\/pt-pt\/producto\/asparagus-short-6-12-oti\/#breadcrumb"},"inLanguage":"pt-PT","potentialAction":[{"@type":"ReadAction","target":["https:\/\/latiendadesami.com\/pt-pt\/producto\/asparagus-short-6-12-oti\/"]}]},{"@type":"ImageObject","inLanguage":"pt-PT","@id":"https:\/\/latiendadesami.com\/pt-pt\/producto\/asparagus-short-6-12-oti\/#primaryimage","url":"https:\/\/latiendadesami.com\/wp-content\/uploads\/2021\/08\/esparragos-cortoos.png","contentUrl":"https:\/\/latiendadesami.com\/wp-content\/uploads\/2021\/08\/esparragos-cortoos.png","width":750,"height":563},{"@type":"BreadcrumbList","@id":"https:\/\/latiendadesami.com\/pt-pt\/producto\/asparagus-short-6-12-oti\/#breadcrumb","itemListElement":[{"@type":"ListItem","position":1,"name":"P\u00e1gina inicial","item":"https:\/\/latiendadesami.com\/pt-pt\/"},{"@type":"ListItem","position":2,"name":"Shop","item":"https:\/\/latiendadesami.com\/pt-pt\/"},{"@type":"ListItem","position":3,"name":"Conservas","item":"https:\/\/latiendadesami.com\/categoria-producto\/conservas\/"},{"@type":"ListItem","position":4,"name":"Asparagus short 6\/12 OTI"}]},{"@type":"WebSite","@id":"https:\/\/latiendadesami.com\/#website","url":"https:\/\/latiendadesami.com\/","name":"La Tienda de Sami","description":"Conservas, azeitonas, vinho, azeite, queijos","publisher":{"@id":"https:\/\/latiendadesami.com\/#organization"},"potentialAction":[{"@type":"SearchAction","target":{"@type":"EntryPoint","urlTemplate":"https:\/\/latiendadesami.com\/?s={search_term_string}"},"query-input":{"@type":"PropertyValueSpecification","valueRequired":true,"valueName":"search_term_string"}}],"inLanguage":"pt-PT"},{"@type":"Organization","@id":"https:\/\/latiendadesami.com\/#organization","name":"La Tienda de Sami","url":"https:\/\/latiendadesami.com\/","logo":{"@type":"ImageObject","inLanguage":"pt-PT","@id":"https:\/\/latiendadesami.com\/#\/schema\/logo\/image\/","url":"https:\/\/latiendadesami.com\/wp-content\/uploads\/2020\/11\/0012222-1.jpg","contentUrl":"https:\/\/latiendadesami.com\/wp-content\/uploads\/2020\/11\/0012222-1.jpg","width":250,"height":72,"caption":"La Tienda de Sami"},"image":{"@id":"https:\/\/latiendadesami.com\/#\/schema\/logo\/image\/"},"sameAs":["https:\/\/www.facebook.com\/La-Tienda-de-Sami-106767417920851","https:\/\/x.com\/SamiSuministros","https:\/\/www.instagram.com\/samisuministros"]}]},"og_availability":"out of stock","product_availability":"out of stock","product_retailer_item_id":"esparrago-oti-46-2","product_condition":"new"},"_links":{"self":[{"href":"https:\/\/latiendadesami.com\/pt-pt\/wp-json\/wp\/v2\/product\/12067","targetHints":{"allow":["GET"]}}],"collection":[{"href":"https:\/\/latiendadesami.com\/pt-pt\/wp-json\/wp\/v2\/product"}],"about":[{"href":"https:\/\/latiendadesami.com\/pt-pt\/wp-json\/wp\/v2\/types\/product"}],"wp:featuredmedia":[{"embeddable":true,"href":"https:\/\/latiendadesami.com\/pt-pt\/wp-json\/wp\/v2\/media\/11250"}],"wp:attachment":[{"href":"https:\/\/latiendadesami.com\/pt-pt\/wp-json\/wp\/v2\/media?parent=12067"}],"wp:term":[{"taxonomy":"product_brand","embeddable":true,"href":"https:\/\/latiendadesami.com\/pt-pt\/wp-json\/wp\/v2\/product_brand?post=12067"},{"taxonomy":"product_cat","embeddable":true,"href":"https:\/\/latiendadesami.com\/pt-pt\/wp-json\/wp\/v2\/product_cat?post=12067"},{"taxonomy":"product_tag","embeddable":true,"href":"https:\/\/latiendadesami.com\/pt-pt\/wp-json\/wp\/v2\/product_tag?post=12067"}],"curies":[{"name":"wp","href":"https:\/\/api.w.org\/{rel}","templated":true}]}}