{"id":12068,"date":"2021-10-26T08:02:43","date_gmt":"2021-10-26T06:02:43","guid":{"rendered":"https:\/\/latiendadesami.com\/producto\/oti-picles-de-mexilhao-8-12\/"},"modified":"2022-08-23T09:48:42","modified_gmt":"2022-08-23T07:48:42","slug":"oti-picles-de-mexilhao-8-12","status":"publish","type":"product","link":"https:\/\/latiendadesami.com\/pt-pt\/producto\/oti-picles-de-mexilhao-8-12\/","title":{"rendered":"Oti picles de mexilh\u00e3o 8\/12"},"content":{"rendered":"<p>Os mexilh\u00f5es Oti 8\/12 s\u00e3o um produto natural elaborado de uma <a href=\"http:\/\/www.conservasoti.es\/paginas\/historia.html\" target=\"_blank\" rel=\"noopener\">forma tradicional<\/a>.<\/p>\n<p>Conservas Oti \u00e9 uma empresa com tradi\u00e7\u00e3o familiar cujo bom trabalho tem sido transmitido de gera\u00e7\u00e3o em gera\u00e7\u00e3o.<\/p>\n<p>O trabalho \u00e1rduo e o esfor\u00e7o da fam\u00edlia tem permitido em grande parte o crescimento e a expans\u00e3o da <span class=\"negrita\">Conservas Oti<\/span>.<\/p>\n<p>As principais \u00e1reas de neg\u00f3cio s\u00e3o Do Mar, Da Terra e Da Quinta.<\/p>\n<p>Do mar: Mexilh\u00f5es, Ventresca, Sardinillas, Melva&#8230; Mexilh\u00e3o Oti 8\/12<\/p>\n<p>Os produtos locais incluem: Gr\u00e3o de Bico Leite, Feij\u00e3o Branco, Feij\u00e3o Pinta, Lentilhas Pardina&#8230;<\/p>\n<p>Da quinta: Queijo de ovelha puro, Presunto Ib\u00e9rico Acorn-fed, Salchich\u00f3n Ib\u00e9rico Acorn-fed, Chorizo Ib\u00e9rico Acorn-fed,&#8230;<\/p>\n<h4>Principais benef\u00edcios dos alimentos enlatados<\/h4>\n<ol>\n<li>Preservam todas as propriedades nutricionais dos pr\u00f3prios alimentos. Os alimentos ret\u00eam a sua frescura.<\/li>\n<li>Os alimentos utilizados s\u00e3o saud\u00e1veis e portanto adequados para uma dieta \u00f3ptima devido ao seu elevado teor de vitaminas e prote\u00ednas.<\/li>\n<li>Estes produtos t\u00eam uma dura\u00e7\u00e3o de vida mais longa (2-5 anos \u00e9 t\u00edpico).<\/li>\n<li>As conservas s\u00e3o muito f\u00e1ceis de armazenar, uma vez que a sua embalagem permite a sua aplica\u00e7\u00e3o.<\/li>\n<\/ol>\n<p>Se quiser comprar atum ou qualquer outro tipo de <a href=\"https:\/\/latiendadesami.com\/categoria-producto\/conservas\/\" rel=\"noopener\">conservas<\/a>, n\u00e3o hesite em dar uma olhada no nosso cat\u00e1logo online para ver a grande variedade de <a href=\"https:\/\/latiendadesami.com\/categoria-producto\/conservas\/atun-y-bonito\/\">atum<\/a> que temos.<\/p>\n<p>Escreva-nos para mais informa\u00e7\u00f5es.<\/p>\n","protected":false},"excerpt":{"rendered":"<p>Os mexilh\u00f5es Oti 8\/12 s\u00e3o um produto natural elaborado de uma forma tradicional. Conservas Oti \u00e9 uma empresa com tradi\u00e7\u00e3o familiar cujo bom trabalho tem sido transmitido de gera\u00e7\u00e3o em gera\u00e7\u00e3o. O trabalho \u00e1rduo e o esfor\u00e7o da fam\u00edlia tem permitido em grande parte o crescimento e a expans\u00e3o da Conservas Oti. As principais \u00e1reas [&hellip;]<\/p>\n","protected":false},"featured_media":11296,"template":"","meta":{"_et_pb_use_builder":"","_et_pb_old_content":"","_et_gb_content_width":""},"product_brand":[],"product_cat":[],"product_tag":[],"class_list":{"0":"post-12068","1":"product","2":"type-product","3":"status-publish","4":"has-post-thumbnail","7":"first","8":"outofstock","9":"taxable","10":"shipping-taxable","11":"product-type-variable"},"yoast_head":"<!-- This site is optimized with the Yoast SEO plugin v27.3 - https:\/\/yoast.com\/product\/yoast-seo-wordpress\/ -->\n<title>mexilh\u00f5es em conserva em azeite OTI 8\/12 pe\u00e7as , mexilh\u00e3o Oti<\/title>\n<meta name=\"description\" content=\"Os mexilh\u00f5es Oti 8\/12 s\u00e3o um produto natural elaborado de uma forma tradicional. Mais Qualidade ao melhor pre\u00e7o a La Tienda de Sami.\" \/>\n<meta name=\"robots\" content=\"index, follow, max-snippet:-1, max-image-preview:large, max-video-preview:-1\" \/>\n<link rel=\"canonical\" href=\"https:\/\/latiendadesami.com\/pt-pt\/producto\/oti-picles-de-mexilhao-8-12\/\" \/>\n<meta property=\"og:locale\" content=\"pt_PT\" \/>\n<meta property=\"og:type\" content=\"article\" \/>\n<meta property=\"og:title\" content=\"mexilh\u00f5es em conserva em azeite OTI 8\/12 pe\u00e7as , mexilh\u00e3o Oti\" \/>\n<meta property=\"og:description\" content=\"Os mexilh\u00f5es Oti 8\/12 s\u00e3o um produto natural elaborado de uma forma tradicional. Mais Qualidade ao melhor pre\u00e7o a La Tienda de Sami.\" \/>\n<meta property=\"og:url\" content=\"https:\/\/latiendadesami.com\/pt-pt\/producto\/oti-picles-de-mexilhao-8-12\/\" \/>\n<meta property=\"og:site_name\" content=\"La Tienda de Sami\" \/>\n<meta property=\"article:publisher\" content=\"https:\/\/www.facebook.com\/La-Tienda-de-Sami-106767417920851\" \/>\n<meta property=\"article:modified_time\" content=\"2022-08-23T07:48:42+00:00\" \/>\n<meta property=\"og:image\" content=\"https:\/\/latiendadesami.com\/wp-content\/uploads\/2021\/10\/Mejillon812.jpg\" \/>\n\t<meta property=\"og:image:width\" content=\"750\" \/>\n\t<meta property=\"og:image:height\" content=\"750\" \/>\n\t<meta property=\"og:image:type\" content=\"image\/jpeg\" \/>\n<meta name=\"twitter:card\" content=\"summary_large_image\" \/>\n<meta name=\"twitter:site\" content=\"@SamiSuministros\" \/>\n<meta name=\"twitter:label1\" content=\"Disponibilidade\" \/>\n\t<meta name=\"twitter:data1\" content=\"Esgotado\" \/>\n<script type=\"application\/ld+json\" class=\"yoast-schema-graph\">{\"@context\":\"https:\\\/\\\/schema.org\",\"@graph\":[{\"@type\":\"WebPage\",\"@id\":\"https:\\\/\\\/latiendadesami.com\\\/pt-pt\\\/producto\\\/oti-picles-de-mexilhao-8-12\\\/\",\"url\":\"https:\\\/\\\/latiendadesami.com\\\/pt-pt\\\/producto\\\/oti-picles-de-mexilhao-8-12\\\/\",\"name\":\"mexilh\u00f5es em conserva em azeite OTI 8\\\/12 pe\u00e7as , mexilh\u00e3o Oti\",\"isPartOf\":{\"@id\":\"https:\\\/\\\/latiendadesami.com\\\/#website\"},\"primaryImageOfPage\":{\"@id\":\"https:\\\/\\\/latiendadesami.com\\\/pt-pt\\\/producto\\\/oti-picles-de-mexilhao-8-12\\\/#primaryimage\"},\"image\":{\"@id\":\"https:\\\/\\\/latiendadesami.com\\\/pt-pt\\\/producto\\\/oti-picles-de-mexilhao-8-12\\\/#primaryimage\"},\"thumbnailUrl\":\"https:\\\/\\\/latiendadesami.com\\\/wp-content\\\/uploads\\\/2021\\\/10\\\/Mejillon812.jpg\",\"datePublished\":\"2021-10-26T06:02:43+00:00\",\"dateModified\":\"2022-08-23T07:48:42+00:00\",\"description\":\"Os mexilh\u00f5es Oti 8\\\/12 s\u00e3o um produto natural elaborado de uma forma tradicional. Mais Qualidade ao melhor pre\u00e7o a La Tienda de Sami.\",\"breadcrumb\":{\"@id\":\"https:\\\/\\\/latiendadesami.com\\\/pt-pt\\\/producto\\\/oti-picles-de-mexilhao-8-12\\\/#breadcrumb\"},\"inLanguage\":\"pt-PT\",\"potentialAction\":[{\"@type\":\"ReadAction\",\"target\":[\"https:\\\/\\\/latiendadesami.com\\\/pt-pt\\\/producto\\\/oti-picles-de-mexilhao-8-12\\\/\"]}]},{\"@type\":\"ImageObject\",\"inLanguage\":\"pt-PT\",\"@id\":\"https:\\\/\\\/latiendadesami.com\\\/pt-pt\\\/producto\\\/oti-picles-de-mexilhao-8-12\\\/#primaryimage\",\"url\":\"https:\\\/\\\/latiendadesami.com\\\/wp-content\\\/uploads\\\/2021\\\/10\\\/Mejillon812.jpg\",\"contentUrl\":\"https:\\\/\\\/latiendadesami.com\\\/wp-content\\\/uploads\\\/2021\\\/10\\\/Mejillon812.jpg\",\"width\":750,\"height\":750,\"caption\":\"Mexilh\u00e3o Oti 8\\\/12\"},{\"@type\":\"BreadcrumbList\",\"@id\":\"https:\\\/\\\/latiendadesami.com\\\/pt-pt\\\/producto\\\/oti-picles-de-mexilhao-8-12\\\/#breadcrumb\",\"itemListElement\":[{\"@type\":\"ListItem\",\"position\":1,\"name\":\"P\u00e1gina inicial\",\"item\":\"https:\\\/\\\/latiendadesami.com\\\/pt-pt\\\/\"},{\"@type\":\"ListItem\",\"position\":2,\"name\":\"Shop\",\"item\":\"https:\\\/\\\/latiendadesami.com\\\/pt-pt\\\/\"},{\"@type\":\"ListItem\",\"position\":3,\"name\":\"Conservas\",\"item\":\"https:\\\/\\\/latiendadesami.com\\\/pt-pt\\\/categoria-producto\\\/conservas-pt-pt\\\/\"},{\"@type\":\"ListItem\",\"position\":4,\"name\":\"Mexilh\u00f5es\",\"item\":\"https:\\\/\\\/latiendadesami.com\\\/pt-pt\\\/categoria-producto\\\/mexilhoes\\\/\"},{\"@type\":\"ListItem\",\"position\":5,\"name\":\"Oti picles de mexilh\u00e3o 8\\\/12\"}]},{\"@type\":\"WebSite\",\"@id\":\"https:\\\/\\\/latiendadesami.com\\\/#website\",\"url\":\"https:\\\/\\\/latiendadesami.com\\\/\",\"name\":\"La Tienda de Sami\",\"description\":\"Conservas, azeitonas, vinho, azeite, queijos\",\"publisher\":{\"@id\":\"https:\\\/\\\/latiendadesami.com\\\/#organization\"},\"potentialAction\":[{\"@type\":\"SearchAction\",\"target\":{\"@type\":\"EntryPoint\",\"urlTemplate\":\"https:\\\/\\\/latiendadesami.com\\\/?s={search_term_string}\"},\"query-input\":{\"@type\":\"PropertyValueSpecification\",\"valueRequired\":true,\"valueName\":\"search_term_string\"}}],\"inLanguage\":\"pt-PT\"},{\"@type\":\"Organization\",\"@id\":\"https:\\\/\\\/latiendadesami.com\\\/#organization\",\"name\":\"La Tienda de Sami\",\"url\":\"https:\\\/\\\/latiendadesami.com\\\/\",\"logo\":{\"@type\":\"ImageObject\",\"inLanguage\":\"pt-PT\",\"@id\":\"https:\\\/\\\/latiendadesami.com\\\/#\\\/schema\\\/logo\\\/image\\\/\",\"url\":\"https:\\\/\\\/latiendadesami.com\\\/wp-content\\\/uploads\\\/2020\\\/11\\\/0012222-1.jpg\",\"contentUrl\":\"https:\\\/\\\/latiendadesami.com\\\/wp-content\\\/uploads\\\/2020\\\/11\\\/0012222-1.jpg\",\"width\":250,\"height\":72,\"caption\":\"La Tienda de Sami\"},\"image\":{\"@id\":\"https:\\\/\\\/latiendadesami.com\\\/#\\\/schema\\\/logo\\\/image\\\/\"},\"sameAs\":[\"https:\\\/\\\/www.facebook.com\\\/La-Tienda-de-Sami-106767417920851\",\"https:\\\/\\\/x.com\\\/SamiSuministros\",\"https:\\\/\\\/www.instagram.com\\\/samisuministros\"]}]}<\/script>\n<meta property=\"og:availability\" content=\"out of stock\" \/>\n<meta property=\"product:availability\" content=\"out of stock\" \/>\n<meta property=\"product:retailer_item_id\" content=\"mejillon-oti-812\" \/>\n<meta property=\"product:condition\" content=\"new\" \/>\n<!-- \/ Yoast SEO plugin. -->","yoast_head_json":{"title":"mexilh\u00f5es em conserva em azeite OTI 8\/12 pe\u00e7as , mexilh\u00e3o Oti","description":"Os mexilh\u00f5es Oti 8\/12 s\u00e3o um produto natural elaborado de uma forma tradicional. Mais Qualidade ao melhor pre\u00e7o a La Tienda de Sami.","robots":{"index":"index","follow":"follow","max-snippet":"max-snippet:-1","max-image-preview":"max-image-preview:large","max-video-preview":"max-video-preview:-1"},"canonical":"https:\/\/latiendadesami.com\/pt-pt\/producto\/oti-picles-de-mexilhao-8-12\/","og_locale":"pt_PT","og_type":"article","og_title":"mexilh\u00f5es em conserva em azeite OTI 8\/12 pe\u00e7as , mexilh\u00e3o Oti","og_description":"Os mexilh\u00f5es Oti 8\/12 s\u00e3o um produto natural elaborado de uma forma tradicional. Mais Qualidade ao melhor pre\u00e7o a La Tienda de Sami.","og_url":"https:\/\/latiendadesami.com\/pt-pt\/producto\/oti-picles-de-mexilhao-8-12\/","og_site_name":"La Tienda de Sami","article_publisher":"https:\/\/www.facebook.com\/La-Tienda-de-Sami-106767417920851","article_modified_time":"2022-08-23T07:48:42+00:00","og_image":[{"width":750,"height":750,"url":"https:\/\/latiendadesami.com\/wp-content\/uploads\/2021\/10\/Mejillon812.jpg","type":"image\/jpeg"}],"twitter_card":"summary_large_image","twitter_site":"@SamiSuministros","twitter_misc":{"Disponibilidade":"Esgotado"},"schema":{"@context":"https:\/\/schema.org","@graph":[{"@type":"WebPage","@id":"https:\/\/latiendadesami.com\/pt-pt\/producto\/oti-picles-de-mexilhao-8-12\/","url":"https:\/\/latiendadesami.com\/pt-pt\/producto\/oti-picles-de-mexilhao-8-12\/","name":"mexilh\u00f5es em conserva em azeite OTI 8\/12 pe\u00e7as , mexilh\u00e3o Oti","isPartOf":{"@id":"https:\/\/latiendadesami.com\/#website"},"primaryImageOfPage":{"@id":"https:\/\/latiendadesami.com\/pt-pt\/producto\/oti-picles-de-mexilhao-8-12\/#primaryimage"},"image":{"@id":"https:\/\/latiendadesami.com\/pt-pt\/producto\/oti-picles-de-mexilhao-8-12\/#primaryimage"},"thumbnailUrl":"https:\/\/latiendadesami.com\/wp-content\/uploads\/2021\/10\/Mejillon812.jpg","datePublished":"2021-10-26T06:02:43+00:00","dateModified":"2022-08-23T07:48:42+00:00","description":"Os mexilh\u00f5es Oti 8\/12 s\u00e3o um produto natural elaborado de uma forma tradicional. Mais Qualidade ao melhor pre\u00e7o a La Tienda de Sami.","breadcrumb":{"@id":"https:\/\/latiendadesami.com\/pt-pt\/producto\/oti-picles-de-mexilhao-8-12\/#breadcrumb"},"inLanguage":"pt-PT","potentialAction":[{"@type":"ReadAction","target":["https:\/\/latiendadesami.com\/pt-pt\/producto\/oti-picles-de-mexilhao-8-12\/"]}]},{"@type":"ImageObject","inLanguage":"pt-PT","@id":"https:\/\/latiendadesami.com\/pt-pt\/producto\/oti-picles-de-mexilhao-8-12\/#primaryimage","url":"https:\/\/latiendadesami.com\/wp-content\/uploads\/2021\/10\/Mejillon812.jpg","contentUrl":"https:\/\/latiendadesami.com\/wp-content\/uploads\/2021\/10\/Mejillon812.jpg","width":750,"height":750,"caption":"Mexilh\u00e3o Oti 8\/12"},{"@type":"BreadcrumbList","@id":"https:\/\/latiendadesami.com\/pt-pt\/producto\/oti-picles-de-mexilhao-8-12\/#breadcrumb","itemListElement":[{"@type":"ListItem","position":1,"name":"P\u00e1gina inicial","item":"https:\/\/latiendadesami.com\/pt-pt\/"},{"@type":"ListItem","position":2,"name":"Shop","item":"https:\/\/latiendadesami.com\/pt-pt\/"},{"@type":"ListItem","position":3,"name":"Conservas","item":"https:\/\/latiendadesami.com\/pt-pt\/categoria-producto\/conservas-pt-pt\/"},{"@type":"ListItem","position":4,"name":"Mexilh\u00f5es","item":"https:\/\/latiendadesami.com\/pt-pt\/categoria-producto\/mexilhoes\/"},{"@type":"ListItem","position":5,"name":"Oti picles de mexilh\u00e3o 8\/12"}]},{"@type":"WebSite","@id":"https:\/\/latiendadesami.com\/#website","url":"https:\/\/latiendadesami.com\/","name":"La Tienda de Sami","description":"Conservas, azeitonas, vinho, azeite, queijos","publisher":{"@id":"https:\/\/latiendadesami.com\/#organization"},"potentialAction":[{"@type":"SearchAction","target":{"@type":"EntryPoint","urlTemplate":"https:\/\/latiendadesami.com\/?s={search_term_string}"},"query-input":{"@type":"PropertyValueSpecification","valueRequired":true,"valueName":"search_term_string"}}],"inLanguage":"pt-PT"},{"@type":"Organization","@id":"https:\/\/latiendadesami.com\/#organization","name":"La Tienda de Sami","url":"https:\/\/latiendadesami.com\/","logo":{"@type":"ImageObject","inLanguage":"pt-PT","@id":"https:\/\/latiendadesami.com\/#\/schema\/logo\/image\/","url":"https:\/\/latiendadesami.com\/wp-content\/uploads\/2020\/11\/0012222-1.jpg","contentUrl":"https:\/\/latiendadesami.com\/wp-content\/uploads\/2020\/11\/0012222-1.jpg","width":250,"height":72,"caption":"La Tienda de Sami"},"image":{"@id":"https:\/\/latiendadesami.com\/#\/schema\/logo\/image\/"},"sameAs":["https:\/\/www.facebook.com\/La-Tienda-de-Sami-106767417920851","https:\/\/x.com\/SamiSuministros","https:\/\/www.instagram.com\/samisuministros"]}]},"og_availability":"out of stock","product_availability":"out of stock","product_retailer_item_id":"mejillon-oti-812","product_condition":"new"},"_links":{"self":[{"href":"https:\/\/latiendadesami.com\/pt-pt\/wp-json\/wp\/v2\/product\/12068","targetHints":{"allow":["GET"]}}],"collection":[{"href":"https:\/\/latiendadesami.com\/pt-pt\/wp-json\/wp\/v2\/product"}],"about":[{"href":"https:\/\/latiendadesami.com\/pt-pt\/wp-json\/wp\/v2\/types\/product"}],"wp:featuredmedia":[{"embeddable":true,"href":"https:\/\/latiendadesami.com\/pt-pt\/wp-json\/wp\/v2\/media\/11296"}],"wp:attachment":[{"href":"https:\/\/latiendadesami.com\/pt-pt\/wp-json\/wp\/v2\/media?parent=12068"}],"wp:term":[{"taxonomy":"product_brand","embeddable":true,"href":"https:\/\/latiendadesami.com\/pt-pt\/wp-json\/wp\/v2\/product_brand?post=12068"},{"taxonomy":"product_cat","embeddable":true,"href":"https:\/\/latiendadesami.com\/pt-pt\/wp-json\/wp\/v2\/product_cat?post=12068"},{"taxonomy":"product_tag","embeddable":true,"href":"https:\/\/latiendadesami.com\/pt-pt\/wp-json\/wp\/v2\/product_tag?post=12068"}],"curies":[{"name":"wp","href":"https:\/\/api.w.org\/{rel}","templated":true}]}}