{"id":12074,"date":"2021-09-09T14:49:40","date_gmt":"2021-09-09T12:49:40","guid":{"rendered":"https:\/\/latiendadesami.com\/producto\/gildas-picarpicar-100-unidades\/"},"modified":"2022-08-23T09:48:43","modified_gmt":"2022-08-23T07:48:43","slug":"gildas-picarpicar-100-unidades","status":"publish","type":"product","link":"https:\/\/latiendadesami.com\/pt-pt\/producto\/gildas-picarpicar-100-unidades\/","title":{"rendered":"Gildas Picar&amp;Picar 100 unidades"},"content":{"rendered":"<p>Gildas de Picar 100 pe\u00e7as feitas com tr\u00eas azeitonas <a href=\"https:\/\/picaripicar.com\/producto\/gildas-de-anchoa\/\" target=\"_blank\" rel=\"noopener\">sem caro\u00e7o<\/a>, um filete de anchova e um peda\u00e7o de pimenta malagueta.<\/p>\n<p>S\u00e3o frequentemente servidas como tapas para acompanhar cerveja (n\u00e3o vinho devido ao seu conte\u00fado em vinagre).<\/p>\n<p>Os pickles deixaram de ser uma t\u00e9cnica antiqu\u00edssima para conservar alimentos em todo o mundo para se tornarem um dos mais populares tapas ou aperitivos da gastronomia espanhola.<\/p>\n<h3><strong>Vantagens de Gildas de Picar 100 unidades<\/strong><\/h3>\n<p>Conhecia os benef\u00edcios dos gildas e dos pickles em geral? Os mais importantes est\u00e3o listados abaixo:<\/p>\n<ul>\n<li>Rico em probi\u00f3ticos.<\/li>\n<li>Ajudam a digest\u00e3o.<\/li>\n<li>Elas refor\u00e7am o sistema imunit\u00e1rio.<\/li>\n<li>Reduzem os desejos de a\u00e7\u00facar.<\/li>\n<li>Favor\u00e1vel para a ves\u00edcula biliar.<\/li>\n<\/ul>\n<p>&nbsp;<\/p>\n<p>Se quiser comprar azeitonas ou qualquer outro tipo de <a href=\"https:\/\/latiendadesami.com\/categoria-producto\/encurtidos\/\" rel=\"noopener\">pickle<\/a>, n\u00e3o hesite em consultar o nosso cat\u00e1logo online para ver a grande variedade de <a href=\"https:\/\/latiendadesami.com\/categoria-producto\/encurtidos\/aceitunas\/\">azeitonas<\/a> ou Revuelto 4,5kg que temos.<\/p>\n<p>Escreva-nos para mais informa\u00e7\u00f5es.<\/p>\n","protected":false},"excerpt":{"rendered":"<p>Gildas de Picar 100 pe\u00e7as feitas com tr\u00eas azeitonas sem caro\u00e7o, um filete de anchova e um peda\u00e7o de pimenta malagueta. S\u00e3o frequentemente servidas como tapas para acompanhar cerveja (n\u00e3o vinho devido ao seu conte\u00fado em vinagre). Os pickles deixaram de ser uma t\u00e9cnica antiqu\u00edssima para conservar alimentos em todo o mundo para se tornarem [&hellip;]<\/p>\n","protected":false},"featured_media":11266,"template":"","meta":{"_et_pb_use_builder":"","_et_pb_old_content":"","_et_gb_content_width":""},"product_brand":[],"product_cat":[],"product_tag":[],"class_list":{"0":"post-12074","1":"product","2":"type-product","3":"status-publish","4":"has-post-thumbnail","7":"first","8":"outofstock","9":"taxable","10":"shipping-taxable","11":"purchasable","12":"product-type-simple"},"yoast_head":"<!-- This site is optimized with the Yoast SEO plugin v27.5 - https:\/\/yoast.com\/product\/yoast-seo-wordpress\/ -->\n<title>Gildas de Picar 100 unidades - La Tienda de Sami<\/title>\n<meta name=\"description\" content=\"Gildas de Picar 100 pe\u00e7as feitas com tr\u00eas azeitonas sem caro\u00e7o, um filete de anchova e um peda\u00e7o de pimenta malagueta.\" \/>\n<meta name=\"robots\" content=\"index, follow, max-snippet:-1, max-image-preview:large, max-video-preview:-1\" \/>\n<link rel=\"canonical\" href=\"https:\/\/latiendadesami.com\/producto\/gildas-de-picar-100\/\" \/>\n<meta property=\"og:locale\" content=\"pt_PT\" \/>\n<meta property=\"og:type\" content=\"article\" \/>\n<meta property=\"og:title\" content=\"Gildas de Picar 100 unidades - La Tienda de Sami\" \/>\n<meta property=\"og:description\" content=\"Gildas de Picar 100 pe\u00e7as feitas com tr\u00eas azeitonas sem caro\u00e7o, um filete de anchova e um peda\u00e7o de pimenta malagueta.\" \/>\n<meta property=\"og:url\" content=\"https:\/\/latiendadesami.com\/producto\/gildas-de-picar-100\/\" \/>\n<meta property=\"og:site_name\" content=\"La Tienda de Sami\" \/>\n<meta property=\"article:publisher\" content=\"https:\/\/www.facebook.com\/La-Tienda-de-Sami-106767417920851\" \/>\n<meta property=\"article:modified_time\" content=\"2022-08-23T07:48:43+00:00\" \/>\n<meta property=\"og:image\" content=\"https:\/\/latiendadesami.com\/wp-content\/uploads\/2021\/09\/Gilda100.jpg\" \/>\n\t<meta property=\"og:image:width\" content=\"750\" \/>\n\t<meta property=\"og:image:height\" content=\"750\" \/>\n\t<meta property=\"og:image:type\" content=\"image\/jpeg\" \/>\n<meta name=\"twitter:card\" content=\"summary_large_image\" \/>\n<meta name=\"twitter:site\" content=\"@SamiSuministros\" \/>\n<meta name=\"twitter:label1\" content=\"pre\u00e7o\" \/>\n\t<meta name=\"twitter:data1\" content=\"49,99&nbsp;&euro;\" \/>\n\t<meta name=\"twitter:label2\" content=\"Disponibilidade\" \/>\n\t<meta name=\"twitter:data2\" content=\"Esgotado\" \/>\n<script type=\"application\/ld+json\" class=\"yoast-schema-graph\">{\"@context\":\"https:\\\/\\\/schema.org\",\"@graph\":[{\"@type\":\"WebPage\",\"@id\":\"https:\\\/\\\/latiendadesami.com\\\/producto\\\/gildas-de-picar-100\\\/\",\"url\":\"https:\\\/\\\/latiendadesami.com\\\/producto\\\/gildas-de-picar-100\\\/\",\"name\":\"Gildas de Picar 100 unidades - La Tienda de Sami\",\"isPartOf\":{\"@id\":\"https:\\\/\\\/latiendadesami.com\\\/#website\"},\"primaryImageOfPage\":{\"@id\":\"https:\\\/\\\/latiendadesami.com\\\/producto\\\/gildas-de-picar-100\\\/#primaryimage\"},\"image\":{\"@id\":\"https:\\\/\\\/latiendadesami.com\\\/producto\\\/gildas-de-picar-100\\\/#primaryimage\"},\"thumbnailUrl\":\"https:\\\/\\\/latiendadesami.com\\\/wp-content\\\/uploads\\\/2021\\\/09\\\/Gilda100.jpg\",\"datePublished\":\"2021-09-09T12:49:40+00:00\",\"dateModified\":\"2022-08-23T07:48:43+00:00\",\"description\":\"Gildas de Picar 100 pe\u00e7as feitas com tr\u00eas azeitonas sem caro\u00e7o, um filete de anchova e um peda\u00e7o de pimenta malagueta.\",\"breadcrumb\":{\"@id\":\"https:\\\/\\\/latiendadesami.com\\\/producto\\\/gildas-de-picar-100\\\/#breadcrumb\"},\"inLanguage\":\"pt-PT\",\"potentialAction\":[{\"@type\":\"ReadAction\",\"target\":[\"https:\\\/\\\/latiendadesami.com\\\/producto\\\/gildas-de-picar-100\\\/\"]}]},{\"@type\":\"ImageObject\",\"inLanguage\":\"pt-PT\",\"@id\":\"https:\\\/\\\/latiendadesami.com\\\/producto\\\/gildas-de-picar-100\\\/#primaryimage\",\"url\":\"https:\\\/\\\/latiendadesami.com\\\/wp-content\\\/uploads\\\/2021\\\/09\\\/Gilda100.jpg\",\"contentUrl\":\"https:\\\/\\\/latiendadesami.com\\\/wp-content\\\/uploads\\\/2021\\\/09\\\/Gilda100.jpg\",\"width\":750,\"height\":750,\"caption\":\"Gildas de Picar 100\"},{\"@type\":\"BreadcrumbList\",\"@id\":\"https:\\\/\\\/latiendadesami.com\\\/producto\\\/gildas-de-picar-100\\\/#breadcrumb\",\"itemListElement\":[{\"@type\":\"ListItem\",\"position\":1,\"name\":\"P\u00e1gina inicial\",\"item\":\"https:\\\/\\\/latiendadesami.com\\\/pt-pt\\\/\"},{\"@type\":\"ListItem\",\"position\":2,\"name\":\"Shop\",\"item\":\"https:\\\/\\\/latiendadesami.com\\\/pt-pt\\\/\"},{\"@type\":\"ListItem\",\"position\":3,\"name\":\"Frio\",\"item\":\"https:\\\/\\\/latiendadesami.com\\\/pt-pt\\\/categoria-producto\\\/frio-pt-pt\\\/\"},{\"@type\":\"ListItem\",\"position\":4,\"name\":\"Anchovies\",\"item\":\"https:\\\/\\\/latiendadesami.com\\\/pt-pt\\\/categoria-producto\\\/anchovies-pt-pt\\\/\"},{\"@type\":\"ListItem\",\"position\":5,\"name\":\"Gildas Picar&amp;Picar 100 unidades\"}]},{\"@type\":\"WebSite\",\"@id\":\"https:\\\/\\\/latiendadesami.com\\\/#website\",\"url\":\"https:\\\/\\\/latiendadesami.com\\\/\",\"name\":\"La Tienda de Sami\",\"description\":\"Conservas, azeitonas, vinho, azeite, queijos\",\"publisher\":{\"@id\":\"https:\\\/\\\/latiendadesami.com\\\/#organization\"},\"potentialAction\":[{\"@type\":\"SearchAction\",\"target\":{\"@type\":\"EntryPoint\",\"urlTemplate\":\"https:\\\/\\\/latiendadesami.com\\\/?s={search_term_string}\"},\"query-input\":{\"@type\":\"PropertyValueSpecification\",\"valueRequired\":true,\"valueName\":\"search_term_string\"}}],\"inLanguage\":\"pt-PT\"},{\"@type\":\"Organization\",\"@id\":\"https:\\\/\\\/latiendadesami.com\\\/#organization\",\"name\":\"La Tienda de Sami\",\"url\":\"https:\\\/\\\/latiendadesami.com\\\/\",\"logo\":{\"@type\":\"ImageObject\",\"inLanguage\":\"pt-PT\",\"@id\":\"https:\\\/\\\/latiendadesami.com\\\/#\\\/schema\\\/logo\\\/image\\\/\",\"url\":\"https:\\\/\\\/latiendadesami.com\\\/wp-content\\\/uploads\\\/2020\\\/11\\\/0012222-1.jpg\",\"contentUrl\":\"https:\\\/\\\/latiendadesami.com\\\/wp-content\\\/uploads\\\/2020\\\/11\\\/0012222-1.jpg\",\"width\":250,\"height\":72,\"caption\":\"La Tienda de Sami\"},\"image\":{\"@id\":\"https:\\\/\\\/latiendadesami.com\\\/#\\\/schema\\\/logo\\\/image\\\/\"},\"sameAs\":[\"https:\\\/\\\/www.facebook.com\\\/La-Tienda-de-Sami-106767417920851\",\"https:\\\/\\\/x.com\\\/SamiSuministros\",\"https:\\\/\\\/www.instagram.com\\\/samisuministros\"]}]}<\/script>\n<meta property=\"product:price:amount\" content=\"49.99\" \/>\n<meta property=\"product:price:currency\" content=\"EUR\" \/>\n<meta property=\"og:availability\" content=\"out of stock\" \/>\n<meta property=\"product:availability\" content=\"out of stock\" \/>\n<meta property=\"product:retailer_item_id\" content=\"gilda-picar-grande\" \/>\n<meta property=\"product:condition\" content=\"new\" \/>\n<!-- \/ Yoast SEO plugin. -->","yoast_head_json":{"title":"Gildas de Picar 100 unidades - La Tienda de Sami","description":"Gildas de Picar 100 pe\u00e7as feitas com tr\u00eas azeitonas sem caro\u00e7o, um filete de anchova e um peda\u00e7o de pimenta malagueta.","robots":{"index":"index","follow":"follow","max-snippet":"max-snippet:-1","max-image-preview":"max-image-preview:large","max-video-preview":"max-video-preview:-1"},"canonical":"https:\/\/latiendadesami.com\/producto\/gildas-de-picar-100\/","og_locale":"pt_PT","og_type":"article","og_title":"Gildas de Picar 100 unidades - La Tienda de Sami","og_description":"Gildas de Picar 100 pe\u00e7as feitas com tr\u00eas azeitonas sem caro\u00e7o, um filete de anchova e um peda\u00e7o de pimenta malagueta.","og_url":"https:\/\/latiendadesami.com\/producto\/gildas-de-picar-100\/","og_site_name":"La Tienda de Sami","article_publisher":"https:\/\/www.facebook.com\/La-Tienda-de-Sami-106767417920851","article_modified_time":"2022-08-23T07:48:43+00:00","og_image":[{"width":750,"height":750,"url":"https:\/\/latiendadesami.com\/wp-content\/uploads\/2021\/09\/Gilda100.jpg","type":"image\/jpeg"}],"twitter_card":"summary_large_image","twitter_site":"@SamiSuministros","twitter_misc":{"pre\u00e7o":"49,99&nbsp;&euro;","Disponibilidade":"Esgotado"},"schema":{"@context":"https:\/\/schema.org","@graph":[{"@type":"WebPage","@id":"https:\/\/latiendadesami.com\/producto\/gildas-de-picar-100\/","url":"https:\/\/latiendadesami.com\/producto\/gildas-de-picar-100\/","name":"Gildas de Picar 100 unidades - La Tienda de Sami","isPartOf":{"@id":"https:\/\/latiendadesami.com\/#website"},"primaryImageOfPage":{"@id":"https:\/\/latiendadesami.com\/producto\/gildas-de-picar-100\/#primaryimage"},"image":{"@id":"https:\/\/latiendadesami.com\/producto\/gildas-de-picar-100\/#primaryimage"},"thumbnailUrl":"https:\/\/latiendadesami.com\/wp-content\/uploads\/2021\/09\/Gilda100.jpg","datePublished":"2021-09-09T12:49:40+00:00","dateModified":"2022-08-23T07:48:43+00:00","description":"Gildas de Picar 100 pe\u00e7as feitas com tr\u00eas azeitonas sem caro\u00e7o, um filete de anchova e um peda\u00e7o de pimenta malagueta.","breadcrumb":{"@id":"https:\/\/latiendadesami.com\/producto\/gildas-de-picar-100\/#breadcrumb"},"inLanguage":"pt-PT","potentialAction":[{"@type":"ReadAction","target":["https:\/\/latiendadesami.com\/producto\/gildas-de-picar-100\/"]}]},{"@type":"ImageObject","inLanguage":"pt-PT","@id":"https:\/\/latiendadesami.com\/producto\/gildas-de-picar-100\/#primaryimage","url":"https:\/\/latiendadesami.com\/wp-content\/uploads\/2021\/09\/Gilda100.jpg","contentUrl":"https:\/\/latiendadesami.com\/wp-content\/uploads\/2021\/09\/Gilda100.jpg","width":750,"height":750,"caption":"Gildas de Picar 100"},{"@type":"BreadcrumbList","@id":"https:\/\/latiendadesami.com\/producto\/gildas-de-picar-100\/#breadcrumb","itemListElement":[{"@type":"ListItem","position":1,"name":"P\u00e1gina inicial","item":"https:\/\/latiendadesami.com\/pt-pt\/"},{"@type":"ListItem","position":2,"name":"Shop","item":"https:\/\/latiendadesami.com\/pt-pt\/"},{"@type":"ListItem","position":3,"name":"Frio","item":"https:\/\/latiendadesami.com\/pt-pt\/categoria-producto\/frio-pt-pt\/"},{"@type":"ListItem","position":4,"name":"Anchovies","item":"https:\/\/latiendadesami.com\/pt-pt\/categoria-producto\/anchovies-pt-pt\/"},{"@type":"ListItem","position":5,"name":"Gildas Picar&amp;Picar 100 unidades"}]},{"@type":"WebSite","@id":"https:\/\/latiendadesami.com\/#website","url":"https:\/\/latiendadesami.com\/","name":"La Tienda de Sami","description":"Conservas, azeitonas, vinho, azeite, queijos","publisher":{"@id":"https:\/\/latiendadesami.com\/#organization"},"potentialAction":[{"@type":"SearchAction","target":{"@type":"EntryPoint","urlTemplate":"https:\/\/latiendadesami.com\/?s={search_term_string}"},"query-input":{"@type":"PropertyValueSpecification","valueRequired":true,"valueName":"search_term_string"}}],"inLanguage":"pt-PT"},{"@type":"Organization","@id":"https:\/\/latiendadesami.com\/#organization","name":"La Tienda de Sami","url":"https:\/\/latiendadesami.com\/","logo":{"@type":"ImageObject","inLanguage":"pt-PT","@id":"https:\/\/latiendadesami.com\/#\/schema\/logo\/image\/","url":"https:\/\/latiendadesami.com\/wp-content\/uploads\/2020\/11\/0012222-1.jpg","contentUrl":"https:\/\/latiendadesami.com\/wp-content\/uploads\/2020\/11\/0012222-1.jpg","width":250,"height":72,"caption":"La Tienda de Sami"},"image":{"@id":"https:\/\/latiendadesami.com\/#\/schema\/logo\/image\/"},"sameAs":["https:\/\/www.facebook.com\/La-Tienda-de-Sami-106767417920851","https:\/\/x.com\/SamiSuministros","https:\/\/www.instagram.com\/samisuministros"]}]},"product_price_amount":"49.99","product_price_currency":"EUR","og_availability":"out of stock","product_availability":"out of stock","product_retailer_item_id":"gilda-picar-grande","product_condition":"new"},"_links":{"self":[{"href":"https:\/\/latiendadesami.com\/pt-pt\/wp-json\/wp\/v2\/product\/12074","targetHints":{"allow":["GET"]}}],"collection":[{"href":"https:\/\/latiendadesami.com\/pt-pt\/wp-json\/wp\/v2\/product"}],"about":[{"href":"https:\/\/latiendadesami.com\/pt-pt\/wp-json\/wp\/v2\/types\/product"}],"wp:featuredmedia":[{"embeddable":true,"href":"https:\/\/latiendadesami.com\/pt-pt\/wp-json\/wp\/v2\/media\/11266"}],"wp:attachment":[{"href":"https:\/\/latiendadesami.com\/pt-pt\/wp-json\/wp\/v2\/media?parent=12074"}],"wp:term":[{"taxonomy":"product_brand","embeddable":true,"href":"https:\/\/latiendadesami.com\/pt-pt\/wp-json\/wp\/v2\/product_brand?post=12074"},{"taxonomy":"product_cat","embeddable":true,"href":"https:\/\/latiendadesami.com\/pt-pt\/wp-json\/wp\/v2\/product_cat?post=12074"},{"taxonomy":"product_tag","embeddable":true,"href":"https:\/\/latiendadesami.com\/pt-pt\/wp-json\/wp\/v2\/product_tag?post=12074"}],"curies":[{"name":"wp","href":"https:\/\/api.w.org\/{rel}","templated":true}]}}