{"id":12076,"date":"2021-10-22T14:14:59","date_gmt":"2021-10-22T12:14:59","guid":{"rendered":"https:\/\/latiendadesami.com\/producto\/protos-oak-2020\/"},"modified":"2022-08-23T09:48:43","modified_gmt":"2022-08-23T07:48:43","slug":"protos-oak-2020","status":"publish","type":"product","link":"https:\/\/latiendadesami.com\/pt-pt\/producto\/protos-oak-2020\/","title":{"rendered":"Protos Oak 2020"},"content":{"rendered":"<div class=\"elementor-element elementor-element-3231827 elementor-position-left elementor-vertical-align-top elementor-widget elementor-widget-image-box\" data-id=\"3231827\" data-element_type=\"widget\" data-widget_type=\"image-box.default\">\n<div class=\"elementor-widget-container\">\n<div class=\"elementor-image-box-wrapper\">\n<div class=\"elementor-image-box-content\">\n<h4 class=\"elementor-image-box-title\">Variedade de uva<\/h4>\n<p class=\"elementor-image-box-description\">Tinta 100% local<\/p>\n<\/div>\n<\/div>\n<\/div>\n<\/div>\n<div class=\"elementor-element elementor-element-3443aec elementor-position-left elementor-vertical-align-top elementor-widget elementor-widget-image-box\" data-id=\"3443aec\" data-element_type=\"widget\" data-widget_type=\"image-box.default\">\n<div class=\"elementor-widget-container\">\n<div class=\"elementor-image-box-wrapper\">\n<figure class=\"elementor-image-box-img\"><\/figure>\n<div class=\"elementor-image-box-content\">\n<h4 class=\"elementor-image-box-title\">Vinhedos<\/h4>\n<p class=\"elementor-image-box-description\">Golpe de diferentes parcelas para conseguir uma express\u00e3o dos nossos terroirs nos vinhos. Vinhas com cerca de 25 anos de idade.<\/p>\n<\/div>\n<\/div>\n<\/div>\n<\/div>\n<div class=\"elementor-element elementor-element-8812cdc elementor-position-left elementor-vertical-align-top elementor-widget elementor-widget-image-box\" data-id=\"8812cdc\" data-element_type=\"widget\" data-widget_type=\"image-box.default\">\n<div class=\"elementor-widget-container\">\n<div class=\"elementor-image-box-wrapper\">\n<figure class=\"elementor-image-box-img\"><\/figure>\n<div class=\"elementor-image-box-content\">\n<h4 class=\"elementor-image-box-title\">Educa\u00e7\u00e3o<\/h4>\n<p class=\"elementor-image-box-description\">6 meses em barris de carvalho franc\u00eas e americano.<br \/>\n6 meses em garrafa.<\/p>\n<\/div>\n<\/div>\n<\/div>\n<\/div>\n<div class=\"elementor-element elementor-element-fc031ed elementor-position-left elementor-vertical-align-top elementor-widget elementor-widget-image-box\" data-id=\"fc031ed\" data-element_type=\"widget\" data-widget_type=\"image-box.default\">\n<div class=\"elementor-widget-container\">\n<div class=\"elementor-image-box-wrapper\">\n<figure class=\"elementor-image-box-img\"><\/figure>\n<div class=\"elementor-image-box-content\">\n<h4 class=\"elementor-image-box-title\">Caracter\u00edsticas<\/h4>\n<p class=\"elementor-image-box-description\">Colhido \u00e0 m\u00e3o em caixotes de 20 kg. Tabela de selec\u00e7\u00e3o. Macera\u00e7\u00e3o com peles durante 15 dias a 24 \u00b0C.<\/p>\n<\/div>\n<\/div>\n<\/div>\n<\/div>\n<div class=\"elementor-element elementor-element-a918b0e elementor-position-left elementor-vertical-align-top elementor-widget elementor-widget-image-box\" data-id=\"a918b0e\" data-element_type=\"widget\" data-widget_type=\"image-box.default\">\n<div class=\"elementor-widget-container\">\n<div class=\"elementor-image-box-wrapper\">\n<figure class=\"elementor-image-box-img\"><\/figure>\n<div class=\"elementor-image-box-content\">\n<h4 class=\"elementor-image-box-title\">Temperatura de funcionamento<\/h4>\n<p class=\"elementor-image-box-description\">15-16 \u00b0C<\/p>\n<\/div>\n<\/div>\n<\/div>\n<\/div>\n","protected":false},"excerpt":{"rendered":"<p>Variedade de uva Tinta 100% local Vinhedos Golpe de diferentes parcelas para conseguir uma express\u00e3o dos nossos terroirs nos vinhos. Vinhas com cerca de 25 anos de idade. Educa\u00e7\u00e3o 6 meses em barris de carvalho franc\u00eas e americano. 6 meses em garrafa. Caracter\u00edsticas Colhido \u00e0 m\u00e3o em caixotes de 20 kg. Tabela de selec\u00e7\u00e3o. Macera\u00e7\u00e3o [&hellip;]<\/p>\n","protected":false},"featured_media":11294,"template":"","meta":{"_et_pb_use_builder":"","_et_pb_old_content":"","_et_gb_content_width":""},"product_brand":[],"product_cat":[404,405],"product_tag":[],"class_list":{"0":"post-12076","1":"product","2":"type-product","3":"status-publish","4":"has-post-thumbnail","6":"product_cat-bebidas-pt-pt","7":"product_cat-vinho","8":"pa_cantidad-embalagem-de-6-garrafaspoupanca","9":"pa_cantidad-unidade-pt-pt","11":"first","12":"outofstock","13":"featured","14":"taxable","15":"shipping-taxable","16":"product-type-variable"},"yoast_head":"<!-- This site is optimized with the Yoast SEO plugin v27.3 - https:\/\/yoast.com\/product\/yoast-seo-wordpress\/ -->\n<title>Protos Oak 2020 - La Tienda de Sami<\/title>\n<meta name=\"description\" content=\"Ribera del Duero%Variedade GrapeTinta del pa\u00eds 100%Vi\u00f1edosCoupage de diferentes parcelas para conseguir uma express\u00e3o dos nossos terroirs nos vinhos. Vinhas com cerca de 25 anos.6 meses em barris de carvalho franc\u00eas e americano.6 meses em garrafa.Caracter\u00edsticasVindima \u00e0 m\u00e3o em caixas de 20 kg.6 meses em garrafa. Tabela de selec\u00e7\u00e3o. 15 dias de macera\u00e7\u00e3o em peles a 24 \u00b0C. Temperatura de servi\u00e7o 15-16 \u00b0C.\" \/>\n<meta name=\"robots\" content=\"index, follow, max-snippet:-1, max-image-preview:large, max-video-preview:-1\" \/>\n<link rel=\"canonical\" href=\"https:\/\/latiendadesami.com\/pt-pt\/producto\/protos-oak-2020\/\" \/>\n<meta property=\"og:locale\" content=\"pt_PT\" \/>\n<meta property=\"og:type\" content=\"article\" \/>\n<meta property=\"og:title\" content=\"Protos Oak 2020 - La Tienda de Sami\" \/>\n<meta property=\"og:description\" content=\"Ribera del Duero%Variedade GrapeTinta del pa\u00eds 100%Vi\u00f1edosCoupage de diferentes parcelas para conseguir uma express\u00e3o dos nossos terroirs nos vinhos. Vinhas com cerca de 25 anos.6 meses em barris de carvalho franc\u00eas e americano.6 meses em garrafa.Caracter\u00edsticasVindima \u00e0 m\u00e3o em caixas de 20 kg.6 meses em garrafa. Tabela de selec\u00e7\u00e3o. 15 dias de macera\u00e7\u00e3o em peles a 24 \u00b0C. Temperatura de servi\u00e7o 15-16 \u00b0C.\" \/>\n<meta property=\"og:url\" content=\"https:\/\/latiendadesami.com\/pt-pt\/producto\/protos-oak-2020\/\" \/>\n<meta property=\"og:site_name\" content=\"La Tienda de Sami\" \/>\n<meta property=\"article:publisher\" content=\"https:\/\/www.facebook.com\/La-Tienda-de-Sami-106767417920851\" \/>\n<meta property=\"article:modified_time\" content=\"2022-08-23T07:48:43+00:00\" \/>\n<meta property=\"og:image\" content=\"https:\/\/latiendadesami.com\/wp-content\/uploads\/2021\/10\/protos-roble.jpg\" \/>\n\t<meta property=\"og:image:width\" content=\"700\" \/>\n\t<meta property=\"og:image:height\" content=\"933\" \/>\n\t<meta property=\"og:image:type\" content=\"image\/jpeg\" \/>\n<meta name=\"twitter:card\" content=\"summary_large_image\" \/>\n<meta name=\"twitter:site\" content=\"@SamiSuministros\" \/>\n<meta name=\"twitter:label1\" content=\"Disponibilidade\" \/>\n\t<meta name=\"twitter:data1\" content=\"Esgotado\" \/>\n<script type=\"application\/ld+json\" class=\"yoast-schema-graph\">{\"@context\":\"https:\\\/\\\/schema.org\",\"@graph\":[{\"@type\":\"WebPage\",\"@id\":\"https:\\\/\\\/latiendadesami.com\\\/pt-pt\\\/producto\\\/protos-oak-2020\\\/\",\"url\":\"https:\\\/\\\/latiendadesami.com\\\/pt-pt\\\/producto\\\/protos-oak-2020\\\/\",\"name\":\"Protos Oak 2020 - La Tienda de Sami\",\"isPartOf\":{\"@id\":\"https:\\\/\\\/latiendadesami.com\\\/#website\"},\"primaryImageOfPage\":{\"@id\":\"https:\\\/\\\/latiendadesami.com\\\/pt-pt\\\/producto\\\/protos-oak-2020\\\/#primaryimage\"},\"image\":{\"@id\":\"https:\\\/\\\/latiendadesami.com\\\/pt-pt\\\/producto\\\/protos-oak-2020\\\/#primaryimage\"},\"thumbnailUrl\":\"https:\\\/\\\/latiendadesami.com\\\/wp-content\\\/uploads\\\/2021\\\/10\\\/protos-roble.jpg\",\"datePublished\":\"2021-10-22T12:14:59+00:00\",\"dateModified\":\"2022-08-23T07:48:43+00:00\",\"description\":\"Ribera del Duero%Variedade GrapeTinta del pa\u00eds 100%Vi\u00f1edosCoupage de diferentes parcelas para conseguir uma express\u00e3o dos nossos terroirs nos vinhos. Vinhas com cerca de 25 anos.6 meses em barris de carvalho franc\u00eas e americano.6 meses em garrafa.Caracter\u00edsticasVindima \u00e0 m\u00e3o em caixas de 20 kg.6 meses em garrafa. Tabela de selec\u00e7\u00e3o. 15 dias de macera\u00e7\u00e3o em peles a 24 \u00b0C. Temperatura de servi\u00e7o 15-16 \u00b0C.\",\"breadcrumb\":{\"@id\":\"https:\\\/\\\/latiendadesami.com\\\/pt-pt\\\/producto\\\/protos-oak-2020\\\/#breadcrumb\"},\"inLanguage\":\"pt-PT\",\"potentialAction\":[{\"@type\":\"ReadAction\",\"target\":[\"https:\\\/\\\/latiendadesami.com\\\/pt-pt\\\/producto\\\/protos-oak-2020\\\/\"]}]},{\"@type\":\"ImageObject\",\"inLanguage\":\"pt-PT\",\"@id\":\"https:\\\/\\\/latiendadesami.com\\\/pt-pt\\\/producto\\\/protos-oak-2020\\\/#primaryimage\",\"url\":\"https:\\\/\\\/latiendadesami.com\\\/wp-content\\\/uploads\\\/2021\\\/10\\\/protos-roble.jpg\",\"contentUrl\":\"https:\\\/\\\/latiendadesami.com\\\/wp-content\\\/uploads\\\/2021\\\/10\\\/protos-roble.jpg\",\"width\":700,\"height\":933},{\"@type\":\"BreadcrumbList\",\"@id\":\"https:\\\/\\\/latiendadesami.com\\\/pt-pt\\\/producto\\\/protos-oak-2020\\\/#breadcrumb\",\"itemListElement\":[{\"@type\":\"ListItem\",\"position\":1,\"name\":\"P\u00e1gina inicial\",\"item\":\"https:\\\/\\\/latiendadesami.com\\\/pt-pt\\\/\"},{\"@type\":\"ListItem\",\"position\":2,\"name\":\"Shop\",\"item\":\"https:\\\/\\\/latiendadesami.com\\\/pt-pt\\\/\"},{\"@type\":\"ListItem\",\"position\":3,\"name\":\"Bebidas\",\"item\":\"https:\\\/\\\/latiendadesami.com\\\/categoria-producto\\\/bebidas\\\/\"},{\"@type\":\"ListItem\",\"position\":4,\"name\":\"Protos Oak 2020\"}]},{\"@type\":\"WebSite\",\"@id\":\"https:\\\/\\\/latiendadesami.com\\\/#website\",\"url\":\"https:\\\/\\\/latiendadesami.com\\\/\",\"name\":\"La Tienda de Sami\",\"description\":\"Conservas, azeitonas, vinho, azeite, queijos\",\"publisher\":{\"@id\":\"https:\\\/\\\/latiendadesami.com\\\/#organization\"},\"potentialAction\":[{\"@type\":\"SearchAction\",\"target\":{\"@type\":\"EntryPoint\",\"urlTemplate\":\"https:\\\/\\\/latiendadesami.com\\\/?s={search_term_string}\"},\"query-input\":{\"@type\":\"PropertyValueSpecification\",\"valueRequired\":true,\"valueName\":\"search_term_string\"}}],\"inLanguage\":\"pt-PT\"},{\"@type\":\"Organization\",\"@id\":\"https:\\\/\\\/latiendadesami.com\\\/#organization\",\"name\":\"La Tienda de Sami\",\"url\":\"https:\\\/\\\/latiendadesami.com\\\/\",\"logo\":{\"@type\":\"ImageObject\",\"inLanguage\":\"pt-PT\",\"@id\":\"https:\\\/\\\/latiendadesami.com\\\/#\\\/schema\\\/logo\\\/image\\\/\",\"url\":\"https:\\\/\\\/latiendadesami.com\\\/wp-content\\\/uploads\\\/2020\\\/11\\\/0012222-1.jpg\",\"contentUrl\":\"https:\\\/\\\/latiendadesami.com\\\/wp-content\\\/uploads\\\/2020\\\/11\\\/0012222-1.jpg\",\"width\":250,\"height\":72,\"caption\":\"La Tienda de Sami\"},\"image\":{\"@id\":\"https:\\\/\\\/latiendadesami.com\\\/#\\\/schema\\\/logo\\\/image\\\/\"},\"sameAs\":[\"https:\\\/\\\/www.facebook.com\\\/La-Tienda-de-Sami-106767417920851\",\"https:\\\/\\\/x.com\\\/SamiSuministros\",\"https:\\\/\\\/www.instagram.com\\\/samisuministros\"]}]}<\/script>\n<meta property=\"og:availability\" content=\"out of stock\" \/>\n<meta property=\"product:availability\" content=\"out of stock\" \/>\n<meta property=\"product:retailer_item_id\" content=\"protos-roble-2022-ribera-vino\" \/>\n<meta property=\"product:condition\" content=\"new\" \/>\n<!-- \/ Yoast SEO plugin. -->","yoast_head_json":{"title":"Protos Oak 2020 - La Tienda de Sami","description":"Ribera del Duero%Variedade GrapeTinta del pa\u00eds 100%Vi\u00f1edosCoupage de diferentes parcelas para conseguir uma express\u00e3o dos nossos terroirs nos vinhos. Vinhas com cerca de 25 anos.6 meses em barris de carvalho franc\u00eas e americano.6 meses em garrafa.Caracter\u00edsticasVindima \u00e0 m\u00e3o em caixas de 20 kg.6 meses em garrafa. Tabela de selec\u00e7\u00e3o. 15 dias de macera\u00e7\u00e3o em peles a 24 \u00b0C. Temperatura de servi\u00e7o 15-16 \u00b0C.","robots":{"index":"index","follow":"follow","max-snippet":"max-snippet:-1","max-image-preview":"max-image-preview:large","max-video-preview":"max-video-preview:-1"},"canonical":"https:\/\/latiendadesami.com\/pt-pt\/producto\/protos-oak-2020\/","og_locale":"pt_PT","og_type":"article","og_title":"Protos Oak 2020 - La Tienda de Sami","og_description":"Ribera del Duero%Variedade GrapeTinta del pa\u00eds 100%Vi\u00f1edosCoupage de diferentes parcelas para conseguir uma express\u00e3o dos nossos terroirs nos vinhos. Vinhas com cerca de 25 anos.6 meses em barris de carvalho franc\u00eas e americano.6 meses em garrafa.Caracter\u00edsticasVindima \u00e0 m\u00e3o em caixas de 20 kg.6 meses em garrafa. Tabela de selec\u00e7\u00e3o. 15 dias de macera\u00e7\u00e3o em peles a 24 \u00b0C. Temperatura de servi\u00e7o 15-16 \u00b0C.","og_url":"https:\/\/latiendadesami.com\/pt-pt\/producto\/protos-oak-2020\/","og_site_name":"La Tienda de Sami","article_publisher":"https:\/\/www.facebook.com\/La-Tienda-de-Sami-106767417920851","article_modified_time":"2022-08-23T07:48:43+00:00","og_image":[{"width":700,"height":933,"url":"https:\/\/latiendadesami.com\/wp-content\/uploads\/2021\/10\/protos-roble.jpg","type":"image\/jpeg"}],"twitter_card":"summary_large_image","twitter_site":"@SamiSuministros","twitter_misc":{"Disponibilidade":"Esgotado"},"schema":{"@context":"https:\/\/schema.org","@graph":[{"@type":"WebPage","@id":"https:\/\/latiendadesami.com\/pt-pt\/producto\/protos-oak-2020\/","url":"https:\/\/latiendadesami.com\/pt-pt\/producto\/protos-oak-2020\/","name":"Protos Oak 2020 - La Tienda de Sami","isPartOf":{"@id":"https:\/\/latiendadesami.com\/#website"},"primaryImageOfPage":{"@id":"https:\/\/latiendadesami.com\/pt-pt\/producto\/protos-oak-2020\/#primaryimage"},"image":{"@id":"https:\/\/latiendadesami.com\/pt-pt\/producto\/protos-oak-2020\/#primaryimage"},"thumbnailUrl":"https:\/\/latiendadesami.com\/wp-content\/uploads\/2021\/10\/protos-roble.jpg","datePublished":"2021-10-22T12:14:59+00:00","dateModified":"2022-08-23T07:48:43+00:00","description":"Ribera del Duero%Variedade GrapeTinta del pa\u00eds 100%Vi\u00f1edosCoupage de diferentes parcelas para conseguir uma express\u00e3o dos nossos terroirs nos vinhos. Vinhas com cerca de 25 anos.6 meses em barris de carvalho franc\u00eas e americano.6 meses em garrafa.Caracter\u00edsticasVindima \u00e0 m\u00e3o em caixas de 20 kg.6 meses em garrafa. Tabela de selec\u00e7\u00e3o. 15 dias de macera\u00e7\u00e3o em peles a 24 \u00b0C. Temperatura de servi\u00e7o 15-16 \u00b0C.","breadcrumb":{"@id":"https:\/\/latiendadesami.com\/pt-pt\/producto\/protos-oak-2020\/#breadcrumb"},"inLanguage":"pt-PT","potentialAction":[{"@type":"ReadAction","target":["https:\/\/latiendadesami.com\/pt-pt\/producto\/protos-oak-2020\/"]}]},{"@type":"ImageObject","inLanguage":"pt-PT","@id":"https:\/\/latiendadesami.com\/pt-pt\/producto\/protos-oak-2020\/#primaryimage","url":"https:\/\/latiendadesami.com\/wp-content\/uploads\/2021\/10\/protos-roble.jpg","contentUrl":"https:\/\/latiendadesami.com\/wp-content\/uploads\/2021\/10\/protos-roble.jpg","width":700,"height":933},{"@type":"BreadcrumbList","@id":"https:\/\/latiendadesami.com\/pt-pt\/producto\/protos-oak-2020\/#breadcrumb","itemListElement":[{"@type":"ListItem","position":1,"name":"P\u00e1gina inicial","item":"https:\/\/latiendadesami.com\/pt-pt\/"},{"@type":"ListItem","position":2,"name":"Shop","item":"https:\/\/latiendadesami.com\/pt-pt\/"},{"@type":"ListItem","position":3,"name":"Bebidas","item":"https:\/\/latiendadesami.com\/categoria-producto\/bebidas\/"},{"@type":"ListItem","position":4,"name":"Protos Oak 2020"}]},{"@type":"WebSite","@id":"https:\/\/latiendadesami.com\/#website","url":"https:\/\/latiendadesami.com\/","name":"La Tienda de Sami","description":"Conservas, azeitonas, vinho, azeite, queijos","publisher":{"@id":"https:\/\/latiendadesami.com\/#organization"},"potentialAction":[{"@type":"SearchAction","target":{"@type":"EntryPoint","urlTemplate":"https:\/\/latiendadesami.com\/?s={search_term_string}"},"query-input":{"@type":"PropertyValueSpecification","valueRequired":true,"valueName":"search_term_string"}}],"inLanguage":"pt-PT"},{"@type":"Organization","@id":"https:\/\/latiendadesami.com\/#organization","name":"La Tienda de Sami","url":"https:\/\/latiendadesami.com\/","logo":{"@type":"ImageObject","inLanguage":"pt-PT","@id":"https:\/\/latiendadesami.com\/#\/schema\/logo\/image\/","url":"https:\/\/latiendadesami.com\/wp-content\/uploads\/2020\/11\/0012222-1.jpg","contentUrl":"https:\/\/latiendadesami.com\/wp-content\/uploads\/2020\/11\/0012222-1.jpg","width":250,"height":72,"caption":"La Tienda de Sami"},"image":{"@id":"https:\/\/latiendadesami.com\/#\/schema\/logo\/image\/"},"sameAs":["https:\/\/www.facebook.com\/La-Tienda-de-Sami-106767417920851","https:\/\/x.com\/SamiSuministros","https:\/\/www.instagram.com\/samisuministros"]}]},"og_availability":"out of stock","product_availability":"out of stock","product_retailer_item_id":"protos-roble-2022-ribera-vino","product_condition":"new"},"_links":{"self":[{"href":"https:\/\/latiendadesami.com\/pt-pt\/wp-json\/wp\/v2\/product\/12076","targetHints":{"allow":["GET"]}}],"collection":[{"href":"https:\/\/latiendadesami.com\/pt-pt\/wp-json\/wp\/v2\/product"}],"about":[{"href":"https:\/\/latiendadesami.com\/pt-pt\/wp-json\/wp\/v2\/types\/product"}],"wp:featuredmedia":[{"embeddable":true,"href":"https:\/\/latiendadesami.com\/pt-pt\/wp-json\/wp\/v2\/media\/11294"}],"wp:attachment":[{"href":"https:\/\/latiendadesami.com\/pt-pt\/wp-json\/wp\/v2\/media?parent=12076"}],"wp:term":[{"taxonomy":"product_brand","embeddable":true,"href":"https:\/\/latiendadesami.com\/pt-pt\/wp-json\/wp\/v2\/product_brand?post=12076"},{"taxonomy":"product_cat","embeddable":true,"href":"https:\/\/latiendadesami.com\/pt-pt\/wp-json\/wp\/v2\/product_cat?post=12076"},{"taxonomy":"product_tag","embeddable":true,"href":"https:\/\/latiendadesami.com\/pt-pt\/wp-json\/wp\/v2\/product_tag?post=12076"}],"curies":[{"name":"wp","href":"https:\/\/api.w.org\/{rel}","templated":true}]}}