{"id":12087,"date":"2021-09-14T13:16:33","date_gmt":"2021-09-14T11:16:33","guid":{"rendered":"https:\/\/latiendadesami.com\/producto\/cusumano-bonito-fresco-costeiro-18-kg\/"},"modified":"2022-08-23T09:48:46","modified_gmt":"2022-08-23T07:48:46","slug":"cusumano-bonito-fresco-costeiro-18-kg","status":"publish","type":"product","link":"https:\/\/latiendadesami.com\/pt-pt\/producto\/cusumano-bonito-fresco-costeiro-18-kg\/","title":{"rendered":"Cusumano bonito fresco costeiro 1&#8217;8 kg"},"content":{"rendered":"<div id=\"product-description-short-5\" class=\"rte-content\">\n<p style=\"text-align: left;\">O atum fresco costeiro Cusumano \u00e9 um atum branco capturado um a um no mar Cant\u00e1brico e <a href=\"https:\/\/es.wikipedia.org\/wiki\/Thunnus\" target=\"_blank\" rel=\"noopener\">preparado<\/a> FRESH.<\/p>\n<p>Este alimento tem um sabor aut\u00eantico e uma textura excepcional.<\/p>\n<p>Finalmente, pode ter uma reserva tradicional na sua mesa.<\/p>\n<p>Fresco de Costera.<\/p>\n<p>Sendo esta uma pesca sazonal que decorre de Junho a Outubro, Cusumano garante que este Atum Branco n\u00e3o sofreu qualquer processo de congelamento desde a sua captura at\u00e9 \u00e0 sua produ\u00e7\u00e3o.<\/p>\n<p>Este atum mant\u00e9m intactas todas as suas qualidades organol\u00e9pticas de cor, sabor e textura.<\/p>\n<p>Conservas Cusumano disp\u00f5e de novas e modernas instala\u00e7\u00f5es de quase 6.000 m\u00b2 localizadas em Mundaka.<\/p>\n<p>Conservas Cusumano \u00e9 uma empresa que h\u00e1 mais de 60 anos tem mantido o amor pela tradi\u00e7\u00e3o e pelo know-how num dos of\u00edcios mais antigos e tradicionais do mundo: a pesca e a conserva de atum branco fresco da costa.<\/p>\n<p>Dentro da incompar\u00e1vel Reserva da Biosfera de Urdaibai, que lhes permite ter o peixe mais fresco devido \u00e0 sua localiza\u00e7\u00e3o t\u00e3o perto do mar que permeia a nossa ess\u00eancia.<\/p>\n<p>Se quiser comprar atum fresco Cusumano Coastal ou qualquer outro tipo de <a href=\"https:\/\/latiendadesami.com\/categoria-producto\/conservas\/\" rel=\"noopener\">atum enlatado<\/a>, n\u00e3o hesite em consultar todo o nosso cat\u00e1logo online para ver a grande variedade de <a href=\"https:\/\/latiendadesami.com\/categoria-producto\/conservas\/atun-y-bonito\/\">atum<\/a> que temos.<\/p>\n<p>Escreva-nos para mais informa\u00e7\u00f5es.<\/p>\n<p>&nbsp;<\/p>\n<\/div>\n","protected":false},"excerpt":{"rendered":"<p>O atum fresco costeiro Cusumano \u00e9 um atum branco capturado um a um no mar Cant\u00e1brico e preparado FRESH. Este alimento tem um sabor aut\u00eantico e uma textura excepcional. Finalmente, pode ter uma reserva tradicional na sua mesa. Fresco de Costera. Sendo esta uma pesca sazonal que decorre de Junho a Outubro, Cusumano garante que [&hellip;]<\/p>\n","protected":false},"featured_media":20802,"template":"","meta":{"_et_pb_use_builder":"","_et_pb_old_content":"","_et_gb_content_width":""},"product_brand":[],"product_cat":[391,367],"product_tag":[],"class_list":{"0":"post-12087","1":"product","2":"type-product","3":"status-publish","4":"has-post-thumbnail","6":"product_cat-atum-e-bonito","7":"product_cat-conservas-pt-pt","8":"pa_cantidad-unidade-pt-pt","10":"first","11":"instock","12":"taxable","13":"shipping-taxable","14":"purchasable","15":"product-type-variable"},"yoast_head":"<!-- This site is optimized with the Yoast SEO plugin v27.3 - https:\/\/yoast.com\/product\/yoast-seo-wordpress\/ -->\n<title>Atum fresco da costa de Cusumano - La Tienda de Sami<\/title>\n<meta name=\"description\" content=\"Atum Cusumano costeiro fresco capturado um a um no mar Cant\u00e1brico e processado FRESCO. Mais Qualidade e ao melhor pre\u00e7o ao seu alcance.\" \/>\n<meta name=\"robots\" content=\"index, follow, max-snippet:-1, max-image-preview:large, max-video-preview:-1\" \/>\n<link rel=\"canonical\" href=\"https:\/\/latiendadesami.com\/pt-pt\/producto\/cusumano-bonito-fresco-costeiro-18-kg\/\" \/>\n<meta property=\"og:locale\" content=\"pt_PT\" \/>\n<meta property=\"og:type\" content=\"article\" \/>\n<meta property=\"og:title\" content=\"Atum fresco da costa de Cusumano - La Tienda de Sami\" \/>\n<meta property=\"og:description\" content=\"Atum Cusumano costeiro fresco capturado um a um no mar Cant\u00e1brico e processado FRESCO. Mais Qualidade e ao melhor pre\u00e7o ao seu alcance.\" \/>\n<meta property=\"og:url\" content=\"https:\/\/latiendadesami.com\/pt-pt\/producto\/cusumano-bonito-fresco-costeiro-18-kg\/\" \/>\n<meta property=\"og:site_name\" content=\"La Tienda de Sami\" \/>\n<meta property=\"article:publisher\" content=\"https:\/\/www.facebook.com\/La-Tienda-de-Sami-106767417920851\" \/>\n<meta property=\"article:modified_time\" content=\"2022-08-23T07:48:46+00:00\" \/>\n<meta property=\"og:image\" content=\"https:\/\/latiendadesami.com\/wp-content\/uploads\/2021\/09\/bonito-costera-fresco.jpg\" \/>\n\t<meta property=\"og:image:width\" content=\"750\" \/>\n\t<meta property=\"og:image:height\" content=\"750\" \/>\n\t<meta property=\"og:image:type\" content=\"image\/jpeg\" \/>\n<meta name=\"twitter:card\" content=\"summary_large_image\" \/>\n<meta name=\"twitter:site\" content=\"@SamiSuministros\" \/>\n<meta name=\"twitter:label1\" content=\"Disponibilidade\" \/>\n\t<meta name=\"twitter:data1\" content=\"Em stock\" \/>\n<script type=\"application\/ld+json\" class=\"yoast-schema-graph\">{\"@context\":\"https:\\\/\\\/schema.org\",\"@graph\":[{\"@type\":\"WebPage\",\"@id\":\"https:\\\/\\\/latiendadesami.com\\\/pt-pt\\\/producto\\\/cusumano-bonito-fresco-costeiro-18-kg\\\/\",\"url\":\"https:\\\/\\\/latiendadesami.com\\\/pt-pt\\\/producto\\\/cusumano-bonito-fresco-costeiro-18-kg\\\/\",\"name\":\"Atum fresco da costa de Cusumano - La Tienda de Sami\",\"isPartOf\":{\"@id\":\"https:\\\/\\\/latiendadesami.com\\\/#website\"},\"primaryImageOfPage\":{\"@id\":\"https:\\\/\\\/latiendadesami.com\\\/pt-pt\\\/producto\\\/cusumano-bonito-fresco-costeiro-18-kg\\\/#primaryimage\"},\"image\":{\"@id\":\"https:\\\/\\\/latiendadesami.com\\\/pt-pt\\\/producto\\\/cusumano-bonito-fresco-costeiro-18-kg\\\/#primaryimage\"},\"thumbnailUrl\":\"https:\\\/\\\/latiendadesami.com\\\/wp-content\\\/uploads\\\/2023\\\/08\\\/Bonito-fresco-costera-en-escabeche-Cusumano-18-kg-1.jpg\",\"datePublished\":\"2021-09-14T11:16:33+00:00\",\"dateModified\":\"2022-08-23T07:48:46+00:00\",\"description\":\"Atum Cusumano costeiro fresco capturado um a um no mar Cant\u00e1brico e processado FRESCO. Mais Qualidade e ao melhor pre\u00e7o ao seu alcance.\",\"breadcrumb\":{\"@id\":\"https:\\\/\\\/latiendadesami.com\\\/pt-pt\\\/producto\\\/cusumano-bonito-fresco-costeiro-18-kg\\\/#breadcrumb\"},\"inLanguage\":\"pt-PT\",\"potentialAction\":[{\"@type\":\"ReadAction\",\"target\":[\"https:\\\/\\\/latiendadesami.com\\\/pt-pt\\\/producto\\\/cusumano-bonito-fresco-costeiro-18-kg\\\/\"]}]},{\"@type\":\"ImageObject\",\"inLanguage\":\"pt-PT\",\"@id\":\"https:\\\/\\\/latiendadesami.com\\\/pt-pt\\\/producto\\\/cusumano-bonito-fresco-costeiro-18-kg\\\/#primaryimage\",\"url\":\"https:\\\/\\\/latiendadesami.com\\\/wp-content\\\/uploads\\\/2023\\\/08\\\/Bonito-fresco-costera-en-escabeche-Cusumano-18-kg-1.jpg\",\"contentUrl\":\"https:\\\/\\\/latiendadesami.com\\\/wp-content\\\/uploads\\\/2023\\\/08\\\/Bonito-fresco-costera-en-escabeche-Cusumano-18-kg-1.jpg\",\"width\":750,\"height\":750,\"caption\":\"Bonito fresco costera Cusumano 1'8 kg\"},{\"@type\":\"BreadcrumbList\",\"@id\":\"https:\\\/\\\/latiendadesami.com\\\/pt-pt\\\/producto\\\/cusumano-bonito-fresco-costeiro-18-kg\\\/#breadcrumb\",\"itemListElement\":[{\"@type\":\"ListItem\",\"position\":1,\"name\":\"P\u00e1gina inicial\",\"item\":\"https:\\\/\\\/latiendadesami.com\\\/pt-pt\\\/\"},{\"@type\":\"ListItem\",\"position\":2,\"name\":\"Shop\",\"item\":\"https:\\\/\\\/latiendadesami.com\\\/pt-pt\\\/\"},{\"@type\":\"ListItem\",\"position\":3,\"name\":\"Conservas\",\"item\":\"https:\\\/\\\/latiendadesami.com\\\/categoria-producto\\\/conservas\\\/\"},{\"@type\":\"ListItem\",\"position\":4,\"name\":\"Cusumano bonito fresco costeiro 1&#8217;8 kg\"}]},{\"@type\":\"WebSite\",\"@id\":\"https:\\\/\\\/latiendadesami.com\\\/#website\",\"url\":\"https:\\\/\\\/latiendadesami.com\\\/\",\"name\":\"La Tienda de Sami\",\"description\":\"Conservas, azeitonas, vinho, azeite, queijos\",\"publisher\":{\"@id\":\"https:\\\/\\\/latiendadesami.com\\\/#organization\"},\"potentialAction\":[{\"@type\":\"SearchAction\",\"target\":{\"@type\":\"EntryPoint\",\"urlTemplate\":\"https:\\\/\\\/latiendadesami.com\\\/?s={search_term_string}\"},\"query-input\":{\"@type\":\"PropertyValueSpecification\",\"valueRequired\":true,\"valueName\":\"search_term_string\"}}],\"inLanguage\":\"pt-PT\"},{\"@type\":\"Organization\",\"@id\":\"https:\\\/\\\/latiendadesami.com\\\/#organization\",\"name\":\"La Tienda de Sami\",\"url\":\"https:\\\/\\\/latiendadesami.com\\\/\",\"logo\":{\"@type\":\"ImageObject\",\"inLanguage\":\"pt-PT\",\"@id\":\"https:\\\/\\\/latiendadesami.com\\\/#\\\/schema\\\/logo\\\/image\\\/\",\"url\":\"https:\\\/\\\/latiendadesami.com\\\/wp-content\\\/uploads\\\/2020\\\/11\\\/0012222-1.jpg\",\"contentUrl\":\"https:\\\/\\\/latiendadesami.com\\\/wp-content\\\/uploads\\\/2020\\\/11\\\/0012222-1.jpg\",\"width\":250,\"height\":72,\"caption\":\"La Tienda de Sami\"},\"image\":{\"@id\":\"https:\\\/\\\/latiendadesami.com\\\/#\\\/schema\\\/logo\\\/image\\\/\"},\"sameAs\":[\"https:\\\/\\\/www.facebook.com\\\/La-Tienda-de-Sami-106767417920851\",\"https:\\\/\\\/x.com\\\/SamiSuministros\",\"https:\\\/\\\/www.instagram.com\\\/samisuministros\"]}]}<\/script>\n<meta property=\"og:availability\" content=\"instock\" \/>\n<meta property=\"product:availability\" content=\"instock\" \/>\n<meta property=\"product:retailer_item_id\" content=\"bonito-fresco-costera-cusumano-1-8-kg\" \/>\n<meta property=\"product:condition\" content=\"new\" \/>\n<!-- \/ Yoast SEO plugin. -->","yoast_head_json":{"title":"Atum fresco da costa de Cusumano - La Tienda de Sami","description":"Atum Cusumano costeiro fresco capturado um a um no mar Cant\u00e1brico e processado FRESCO. Mais Qualidade e ao melhor pre\u00e7o ao seu alcance.","robots":{"index":"index","follow":"follow","max-snippet":"max-snippet:-1","max-image-preview":"max-image-preview:large","max-video-preview":"max-video-preview:-1"},"canonical":"https:\/\/latiendadesami.com\/pt-pt\/producto\/cusumano-bonito-fresco-costeiro-18-kg\/","og_locale":"pt_PT","og_type":"article","og_title":"Atum fresco da costa de Cusumano - La Tienda de Sami","og_description":"Atum Cusumano costeiro fresco capturado um a um no mar Cant\u00e1brico e processado FRESCO. Mais Qualidade e ao melhor pre\u00e7o ao seu alcance.","og_url":"https:\/\/latiendadesami.com\/pt-pt\/producto\/cusumano-bonito-fresco-costeiro-18-kg\/","og_site_name":"La Tienda de Sami","article_publisher":"https:\/\/www.facebook.com\/La-Tienda-de-Sami-106767417920851","article_modified_time":"2022-08-23T07:48:46+00:00","og_image":[{"width":750,"height":750,"url":"https:\/\/latiendadesami.com\/wp-content\/uploads\/2021\/09\/bonito-costera-fresco.jpg","type":"image\/jpeg"}],"twitter_card":"summary_large_image","twitter_site":"@SamiSuministros","twitter_misc":{"Disponibilidade":"Em stock"},"schema":{"@context":"https:\/\/schema.org","@graph":[{"@type":"WebPage","@id":"https:\/\/latiendadesami.com\/pt-pt\/producto\/cusumano-bonito-fresco-costeiro-18-kg\/","url":"https:\/\/latiendadesami.com\/pt-pt\/producto\/cusumano-bonito-fresco-costeiro-18-kg\/","name":"Atum fresco da costa de Cusumano - La Tienda de Sami","isPartOf":{"@id":"https:\/\/latiendadesami.com\/#website"},"primaryImageOfPage":{"@id":"https:\/\/latiendadesami.com\/pt-pt\/producto\/cusumano-bonito-fresco-costeiro-18-kg\/#primaryimage"},"image":{"@id":"https:\/\/latiendadesami.com\/pt-pt\/producto\/cusumano-bonito-fresco-costeiro-18-kg\/#primaryimage"},"thumbnailUrl":"https:\/\/latiendadesami.com\/wp-content\/uploads\/2023\/08\/Bonito-fresco-costera-en-escabeche-Cusumano-18-kg-1.jpg","datePublished":"2021-09-14T11:16:33+00:00","dateModified":"2022-08-23T07:48:46+00:00","description":"Atum Cusumano costeiro fresco capturado um a um no mar Cant\u00e1brico e processado FRESCO. Mais Qualidade e ao melhor pre\u00e7o ao seu alcance.","breadcrumb":{"@id":"https:\/\/latiendadesami.com\/pt-pt\/producto\/cusumano-bonito-fresco-costeiro-18-kg\/#breadcrumb"},"inLanguage":"pt-PT","potentialAction":[{"@type":"ReadAction","target":["https:\/\/latiendadesami.com\/pt-pt\/producto\/cusumano-bonito-fresco-costeiro-18-kg\/"]}]},{"@type":"ImageObject","inLanguage":"pt-PT","@id":"https:\/\/latiendadesami.com\/pt-pt\/producto\/cusumano-bonito-fresco-costeiro-18-kg\/#primaryimage","url":"https:\/\/latiendadesami.com\/wp-content\/uploads\/2023\/08\/Bonito-fresco-costera-en-escabeche-Cusumano-18-kg-1.jpg","contentUrl":"https:\/\/latiendadesami.com\/wp-content\/uploads\/2023\/08\/Bonito-fresco-costera-en-escabeche-Cusumano-18-kg-1.jpg","width":750,"height":750,"caption":"Bonito fresco costera Cusumano 1'8 kg"},{"@type":"BreadcrumbList","@id":"https:\/\/latiendadesami.com\/pt-pt\/producto\/cusumano-bonito-fresco-costeiro-18-kg\/#breadcrumb","itemListElement":[{"@type":"ListItem","position":1,"name":"P\u00e1gina inicial","item":"https:\/\/latiendadesami.com\/pt-pt\/"},{"@type":"ListItem","position":2,"name":"Shop","item":"https:\/\/latiendadesami.com\/pt-pt\/"},{"@type":"ListItem","position":3,"name":"Conservas","item":"https:\/\/latiendadesami.com\/categoria-producto\/conservas\/"},{"@type":"ListItem","position":4,"name":"Cusumano bonito fresco costeiro 1&#8217;8 kg"}]},{"@type":"WebSite","@id":"https:\/\/latiendadesami.com\/#website","url":"https:\/\/latiendadesami.com\/","name":"La Tienda de Sami","description":"Conservas, azeitonas, vinho, azeite, queijos","publisher":{"@id":"https:\/\/latiendadesami.com\/#organization"},"potentialAction":[{"@type":"SearchAction","target":{"@type":"EntryPoint","urlTemplate":"https:\/\/latiendadesami.com\/?s={search_term_string}"},"query-input":{"@type":"PropertyValueSpecification","valueRequired":true,"valueName":"search_term_string"}}],"inLanguage":"pt-PT"},{"@type":"Organization","@id":"https:\/\/latiendadesami.com\/#organization","name":"La Tienda de Sami","url":"https:\/\/latiendadesami.com\/","logo":{"@type":"ImageObject","inLanguage":"pt-PT","@id":"https:\/\/latiendadesami.com\/#\/schema\/logo\/image\/","url":"https:\/\/latiendadesami.com\/wp-content\/uploads\/2020\/11\/0012222-1.jpg","contentUrl":"https:\/\/latiendadesami.com\/wp-content\/uploads\/2020\/11\/0012222-1.jpg","width":250,"height":72,"caption":"La Tienda de Sami"},"image":{"@id":"https:\/\/latiendadesami.com\/#\/schema\/logo\/image\/"},"sameAs":["https:\/\/www.facebook.com\/La-Tienda-de-Sami-106767417920851","https:\/\/x.com\/SamiSuministros","https:\/\/www.instagram.com\/samisuministros"]}]},"og_availability":"instock","product_availability":"instock","product_retailer_item_id":"bonito-fresco-costera-cusumano-1-8-kg","product_condition":"new"},"_links":{"self":[{"href":"https:\/\/latiendadesami.com\/pt-pt\/wp-json\/wp\/v2\/product\/12087","targetHints":{"allow":["GET"]}}],"collection":[{"href":"https:\/\/latiendadesami.com\/pt-pt\/wp-json\/wp\/v2\/product"}],"about":[{"href":"https:\/\/latiendadesami.com\/pt-pt\/wp-json\/wp\/v2\/types\/product"}],"wp:featuredmedia":[{"embeddable":true,"href":"https:\/\/latiendadesami.com\/pt-pt\/wp-json\/wp\/v2\/media\/20802"}],"wp:attachment":[{"href":"https:\/\/latiendadesami.com\/pt-pt\/wp-json\/wp\/v2\/media?parent=12087"}],"wp:term":[{"taxonomy":"product_brand","embeddable":true,"href":"https:\/\/latiendadesami.com\/pt-pt\/wp-json\/wp\/v2\/product_brand?post=12087"},{"taxonomy":"product_cat","embeddable":true,"href":"https:\/\/latiendadesami.com\/pt-pt\/wp-json\/wp\/v2\/product_cat?post=12087"},{"taxonomy":"product_tag","embeddable":true,"href":"https:\/\/latiendadesami.com\/pt-pt\/wp-json\/wp\/v2\/product_tag?post=12087"}],"curies":[{"name":"wp","href":"https:\/\/api.w.org\/{rel}","templated":true}]}}