{"id":12107,"date":"2022-03-08T12:44:49","date_gmt":"2022-03-08T11:44:49","guid":{"rendered":"https:\/\/latiendadesami.com\/producto\/kokotxas-islandia-extra-500gr\/"},"modified":"2022-08-23T09:48:55","modified_gmt":"2022-08-23T07:48:55","slug":"kokotxas-islandia-extra-500gr","status":"publish","type":"product","link":"https:\/\/latiendadesami.com\/pt-pt\/producto\/kokotxas-islandia-extra-500gr\/","title":{"rendered":"Kokotxas Isl\u00e2ndia Extra 500gr"},"content":{"rendered":"<p> <a href=\"https:\/\/labarajilla.es\/bacalao\/\">La Barajilla<\/a> &#8216;s Kokotxas Islandia Extra 500gr s\u00e3o muito apreciados pela sua textura.<\/p>\n<p>Estes kokotxas t\u00eam uma boa massa muscular localizada entre as duas mand\u00edbulas inferiores do peixe.<\/p>\n<ul>\n<li><strong>ESP\u00c9CIES<\/strong>: Bacalhau ( Gadus Morhua )<u><\/u><u><\/u><\/li>\n<li><strong>ZONA DE PESCA<\/strong>: Atl\u00e2ntico Noroeste ( FAO 27 )<u><\/u><u><\/u><\/li>\n<li><strong>ARMAZENAMENTO<\/strong>: entre 0\u00baC e 5\u00baC.<\/li>\n<\/ul>\n<p>Do ponto de vista nutricional, o bacalhau \u00e9 um alimento rico em prote\u00ednas de alto valor biol\u00f3gico e digestibilidade, com baixo teor de gordura e calorias.<\/p>\n<p>O teor de \u00e1gua \u00e9 de cerca de 80% (em bacalhau fresco).<\/p>\n<p>Este bacalhau \u00e9 uma boa fonte de vitaminas (principalmente do grupo B) e sais minerais essenciais para o organismo.<\/p>\n<p>O bacalhau fresco ou dessalgado pode ser consumido por pessoas com tens\u00e3o arterial elevada, uma vez que \u00e9 baixo em s\u00f3dio e rico em pot\u00e1ssio.<\/p>\n<p>&#8220;Bacalhau \u00e9 o nome comum a v\u00e1rias esp\u00e9cies de peixes do g\u00e9nero Gadus, embora alguns do mesmo g\u00e9nero possam ter outros nomes.<\/p>\n<p>A esp\u00e9cie mais comum \u00e9 o bacalhau do Atl\u00e2ntico (Gadus morhua ou bacalhau comum).<\/p>\n<p>Se quiser comprar Kokotxas Islandia Extra 500gr ou qualquer outro tipo de produto <a href=\"https:\/\/latiendadesami.com\/categoria-producto\/frio\/\" rel=\"noopener\">frio<\/a>, n\u00e3o hesite em consultar o nosso cat\u00e1logo online para ver a grande variedade de bacalhau que temos.<\/p>\n<p>Escreva-nos para mais informa\u00e7\u00f5es.<\/p>\n","protected":false},"excerpt":{"rendered":"<p>La Barajilla &#8216;s Kokotxas Islandia Extra 500gr s\u00e3o muito apreciados pela sua textura. Estes kokotxas t\u00eam uma boa massa muscular localizada entre as duas mand\u00edbulas inferiores do peixe. ESP\u00c9CIES: Bacalhau ( Gadus Morhua ) ZONA DE PESCA: Atl\u00e2ntico Noroeste ( FAO 27 ) ARMAZENAMENTO: entre 0\u00baC e 5\u00baC. Do ponto de vista nutricional, o bacalhau [&hellip;]<\/p>\n","protected":false},"featured_media":11435,"template":"","meta":{"_et_pb_use_builder":"","_et_pb_old_content":"","_et_gb_content_width":""},"product_brand":[889],"product_cat":[475,396],"product_tag":[],"class_list":{"0":"post-12107","1":"product","2":"type-product","3":"status-publish","4":"has-post-thumbnail","6":"product_brand-la-barajilla","7":"product_cat-bacalhau","8":"product_cat-frio-pt-pt","9":"product_shipping_class-envio-de-frio","10":"pa_cantidad-10-kilos-pt-pt","11":"pa_cantidad-25-kilos-pt-pt","13":"first","14":"outofstock","15":"taxable","16":"shipping-taxable","17":"purchasable","18":"product-type-simple"},"yoast_head":"<!-- This site is optimized with the Yoast SEO plugin v27.3 - https:\/\/yoast.com\/product\/yoast-seo-wordpress\/ -->\n<title>Kokotxas Isl\u00e2ndia Extra 500gr - La Tienda de Sami<\/title>\n<meta name=\"description\" content=\"Kokotxas Islandia Extra 500gr \u00e9 a massa muscular localizada entre as duas mand\u00edbulas inferiores do peixe.\" \/>\n<meta name=\"robots\" content=\"index, follow, max-snippet:-1, max-image-preview:large, max-video-preview:-1\" \/>\n<link rel=\"canonical\" href=\"https:\/\/latiendadesami.com\/producto\/kokotxas-islandia-extra-500gr\/\" \/>\n<meta property=\"og:locale\" content=\"pt_PT\" \/>\n<meta property=\"og:type\" content=\"article\" \/>\n<meta property=\"og:title\" content=\"Kokotxas Isl\u00e2ndia Extra 500gr - La Tienda de Sami\" \/>\n<meta property=\"og:description\" content=\"Kokotxas Islandia Extra 500gr \u00e9 a massa muscular localizada entre as duas mand\u00edbulas inferiores do peixe.\" \/>\n<meta property=\"og:url\" content=\"https:\/\/latiendadesami.com\/producto\/kokotxas-islandia-extra-500gr\/\" \/>\n<meta property=\"og:site_name\" content=\"La Tienda de Sami\" \/>\n<meta property=\"article:publisher\" content=\"https:\/\/www.facebook.com\/La-Tienda-de-Sami-106767417920851\" \/>\n<meta property=\"article:modified_time\" content=\"2022-08-23T07:48:55+00:00\" \/>\n<meta property=\"og:image\" content=\"https:\/\/latiendadesami.com\/wp-content\/uploads\/2022\/03\/kokotxasextrabacaladosalado2-rotated.jpg\" \/>\n\t<meta property=\"og:image:width\" content=\"750\" \/>\n\t<meta property=\"og:image:height\" content=\"750\" \/>\n\t<meta property=\"og:image:type\" content=\"image\/jpeg\" \/>\n<meta name=\"twitter:card\" content=\"summary_large_image\" \/>\n<meta name=\"twitter:site\" content=\"@SamiSuministros\" \/>\n<meta name=\"twitter:label1\" content=\"pre\u00e7o\" \/>\n\t<meta name=\"twitter:data1\" content=\"15,99&nbsp;&euro;\" \/>\n\t<meta name=\"twitter:label2\" content=\"Disponibilidade\" \/>\n\t<meta name=\"twitter:data2\" content=\"Esgotado\" \/>\n<script type=\"application\/ld+json\" class=\"yoast-schema-graph\">{\"@context\":\"https:\\\/\\\/schema.org\",\"@graph\":[{\"@type\":\"WebPage\",\"@id\":\"https:\\\/\\\/latiendadesami.com\\\/producto\\\/kokotxas-islandia-extra-500gr\\\/\",\"url\":\"https:\\\/\\\/latiendadesami.com\\\/producto\\\/kokotxas-islandia-extra-500gr\\\/\",\"name\":\"Kokotxas Isl\u00e2ndia Extra 500gr - La Tienda de Sami\",\"isPartOf\":{\"@id\":\"https:\\\/\\\/latiendadesami.com\\\/#website\"},\"primaryImageOfPage\":{\"@id\":\"https:\\\/\\\/latiendadesami.com\\\/producto\\\/kokotxas-islandia-extra-500gr\\\/#primaryimage\"},\"image\":{\"@id\":\"https:\\\/\\\/latiendadesami.com\\\/producto\\\/kokotxas-islandia-extra-500gr\\\/#primaryimage\"},\"thumbnailUrl\":\"https:\\\/\\\/latiendadesami.com\\\/wp-content\\\/uploads\\\/2022\\\/03\\\/kokotxasextrabacaladosalado2-rotated.jpg\",\"datePublished\":\"2022-03-08T11:44:49+00:00\",\"dateModified\":\"2022-08-23T07:48:55+00:00\",\"description\":\"Kokotxas Islandia Extra 500gr \u00e9 a massa muscular localizada entre as duas mand\u00edbulas inferiores do peixe.\",\"breadcrumb\":{\"@id\":\"https:\\\/\\\/latiendadesami.com\\\/producto\\\/kokotxas-islandia-extra-500gr\\\/#breadcrumb\"},\"inLanguage\":\"pt-PT\",\"potentialAction\":[{\"@type\":\"ReadAction\",\"target\":[\"https:\\\/\\\/latiendadesami.com\\\/producto\\\/kokotxas-islandia-extra-500gr\\\/\"]}]},{\"@type\":\"ImageObject\",\"inLanguage\":\"pt-PT\",\"@id\":\"https:\\\/\\\/latiendadesami.com\\\/producto\\\/kokotxas-islandia-extra-500gr\\\/#primaryimage\",\"url\":\"https:\\\/\\\/latiendadesami.com\\\/wp-content\\\/uploads\\\/2022\\\/03\\\/kokotxasextrabacaladosalado2-rotated.jpg\",\"contentUrl\":\"https:\\\/\\\/latiendadesami.com\\\/wp-content\\\/uploads\\\/2022\\\/03\\\/kokotxasextrabacaladosalado2-rotated.jpg\",\"width\":750,\"height\":750,\"caption\":\"Kokotxas Isl\u00e2ndia Extra 500gr\"},{\"@type\":\"BreadcrumbList\",\"@id\":\"https:\\\/\\\/latiendadesami.com\\\/producto\\\/kokotxas-islandia-extra-500gr\\\/#breadcrumb\",\"itemListElement\":[{\"@type\":\"ListItem\",\"position\":1,\"name\":\"P\u00e1gina inicial\",\"item\":\"https:\\\/\\\/latiendadesami.com\\\/pt-pt\\\/\"},{\"@type\":\"ListItem\",\"position\":2,\"name\":\"Shop\",\"item\":\"https:\\\/\\\/latiendadesami.com\\\/pt-pt\\\/\"},{\"@type\":\"ListItem\",\"position\":3,\"name\":\"Frio\",\"item\":\"https:\\\/\\\/latiendadesami.com\\\/pt-pt\\\/categoria-producto\\\/frio-pt-pt\\\/\"},{\"@type\":\"ListItem\",\"position\":4,\"name\":\"Bacalhau\",\"item\":\"https:\\\/\\\/latiendadesami.com\\\/pt-pt\\\/categoria-producto\\\/bacalhau\\\/\"},{\"@type\":\"ListItem\",\"position\":5,\"name\":\"Kokotxas Isl\u00e2ndia Extra 500gr\"}]},{\"@type\":\"WebSite\",\"@id\":\"https:\\\/\\\/latiendadesami.com\\\/#website\",\"url\":\"https:\\\/\\\/latiendadesami.com\\\/\",\"name\":\"La Tienda de Sami\",\"description\":\"Conservas, azeitonas, vinho, azeite, queijos\",\"publisher\":{\"@id\":\"https:\\\/\\\/latiendadesami.com\\\/#organization\"},\"potentialAction\":[{\"@type\":\"SearchAction\",\"target\":{\"@type\":\"EntryPoint\",\"urlTemplate\":\"https:\\\/\\\/latiendadesami.com\\\/?s={search_term_string}\"},\"query-input\":{\"@type\":\"PropertyValueSpecification\",\"valueRequired\":true,\"valueName\":\"search_term_string\"}}],\"inLanguage\":\"pt-PT\"},{\"@type\":\"Organization\",\"@id\":\"https:\\\/\\\/latiendadesami.com\\\/#organization\",\"name\":\"La Tienda de Sami\",\"url\":\"https:\\\/\\\/latiendadesami.com\\\/\",\"logo\":{\"@type\":\"ImageObject\",\"inLanguage\":\"pt-PT\",\"@id\":\"https:\\\/\\\/latiendadesami.com\\\/#\\\/schema\\\/logo\\\/image\\\/\",\"url\":\"https:\\\/\\\/latiendadesami.com\\\/wp-content\\\/uploads\\\/2020\\\/11\\\/0012222-1.jpg\",\"contentUrl\":\"https:\\\/\\\/latiendadesami.com\\\/wp-content\\\/uploads\\\/2020\\\/11\\\/0012222-1.jpg\",\"width\":250,\"height\":72,\"caption\":\"La Tienda de Sami\"},\"image\":{\"@id\":\"https:\\\/\\\/latiendadesami.com\\\/#\\\/schema\\\/logo\\\/image\\\/\"},\"sameAs\":[\"https:\\\/\\\/www.facebook.com\\\/La-Tienda-de-Sami-106767417920851\",\"https:\\\/\\\/x.com\\\/SamiSuministros\",\"https:\\\/\\\/www.instagram.com\\\/samisuministros\"]}]}<\/script>\n<meta property=\"product:price:amount\" content=\"15.99\" \/>\n<meta property=\"product:price:currency\" content=\"EUR\" \/>\n<meta property=\"og:availability\" content=\"out of stock\" \/>\n<meta property=\"product:availability\" content=\"out of stock\" \/>\n<meta property=\"product:retailer_item_id\" content=\"kokotxas-islandia-extra-500gr\" \/>\n<meta property=\"product:condition\" content=\"new\" \/>\n<!-- \/ Yoast SEO plugin. -->","yoast_head_json":{"title":"Kokotxas Isl\u00e2ndia Extra 500gr - La Tienda de Sami","description":"Kokotxas Islandia Extra 500gr \u00e9 a massa muscular localizada entre as duas mand\u00edbulas inferiores do peixe.","robots":{"index":"index","follow":"follow","max-snippet":"max-snippet:-1","max-image-preview":"max-image-preview:large","max-video-preview":"max-video-preview:-1"},"canonical":"https:\/\/latiendadesami.com\/producto\/kokotxas-islandia-extra-500gr\/","og_locale":"pt_PT","og_type":"article","og_title":"Kokotxas Isl\u00e2ndia Extra 500gr - La Tienda de Sami","og_description":"Kokotxas Islandia Extra 500gr \u00e9 a massa muscular localizada entre as duas mand\u00edbulas inferiores do peixe.","og_url":"https:\/\/latiendadesami.com\/producto\/kokotxas-islandia-extra-500gr\/","og_site_name":"La Tienda de Sami","article_publisher":"https:\/\/www.facebook.com\/La-Tienda-de-Sami-106767417920851","article_modified_time":"2022-08-23T07:48:55+00:00","og_image":[{"width":750,"height":750,"url":"https:\/\/latiendadesami.com\/wp-content\/uploads\/2022\/03\/kokotxasextrabacaladosalado2-rotated.jpg","type":"image\/jpeg"}],"twitter_card":"summary_large_image","twitter_site":"@SamiSuministros","twitter_misc":{"pre\u00e7o":"15,99&nbsp;&euro;","Disponibilidade":"Esgotado"},"schema":{"@context":"https:\/\/schema.org","@graph":[{"@type":"WebPage","@id":"https:\/\/latiendadesami.com\/producto\/kokotxas-islandia-extra-500gr\/","url":"https:\/\/latiendadesami.com\/producto\/kokotxas-islandia-extra-500gr\/","name":"Kokotxas Isl\u00e2ndia Extra 500gr - La Tienda de Sami","isPartOf":{"@id":"https:\/\/latiendadesami.com\/#website"},"primaryImageOfPage":{"@id":"https:\/\/latiendadesami.com\/producto\/kokotxas-islandia-extra-500gr\/#primaryimage"},"image":{"@id":"https:\/\/latiendadesami.com\/producto\/kokotxas-islandia-extra-500gr\/#primaryimage"},"thumbnailUrl":"https:\/\/latiendadesami.com\/wp-content\/uploads\/2022\/03\/kokotxasextrabacaladosalado2-rotated.jpg","datePublished":"2022-03-08T11:44:49+00:00","dateModified":"2022-08-23T07:48:55+00:00","description":"Kokotxas Islandia Extra 500gr \u00e9 a massa muscular localizada entre as duas mand\u00edbulas inferiores do peixe.","breadcrumb":{"@id":"https:\/\/latiendadesami.com\/producto\/kokotxas-islandia-extra-500gr\/#breadcrumb"},"inLanguage":"pt-PT","potentialAction":[{"@type":"ReadAction","target":["https:\/\/latiendadesami.com\/producto\/kokotxas-islandia-extra-500gr\/"]}]},{"@type":"ImageObject","inLanguage":"pt-PT","@id":"https:\/\/latiendadesami.com\/producto\/kokotxas-islandia-extra-500gr\/#primaryimage","url":"https:\/\/latiendadesami.com\/wp-content\/uploads\/2022\/03\/kokotxasextrabacaladosalado2-rotated.jpg","contentUrl":"https:\/\/latiendadesami.com\/wp-content\/uploads\/2022\/03\/kokotxasextrabacaladosalado2-rotated.jpg","width":750,"height":750,"caption":"Kokotxas Isl\u00e2ndia Extra 500gr"},{"@type":"BreadcrumbList","@id":"https:\/\/latiendadesami.com\/producto\/kokotxas-islandia-extra-500gr\/#breadcrumb","itemListElement":[{"@type":"ListItem","position":1,"name":"P\u00e1gina inicial","item":"https:\/\/latiendadesami.com\/pt-pt\/"},{"@type":"ListItem","position":2,"name":"Shop","item":"https:\/\/latiendadesami.com\/pt-pt\/"},{"@type":"ListItem","position":3,"name":"Frio","item":"https:\/\/latiendadesami.com\/pt-pt\/categoria-producto\/frio-pt-pt\/"},{"@type":"ListItem","position":4,"name":"Bacalhau","item":"https:\/\/latiendadesami.com\/pt-pt\/categoria-producto\/bacalhau\/"},{"@type":"ListItem","position":5,"name":"Kokotxas Isl\u00e2ndia Extra 500gr"}]},{"@type":"WebSite","@id":"https:\/\/latiendadesami.com\/#website","url":"https:\/\/latiendadesami.com\/","name":"La Tienda de Sami","description":"Conservas, azeitonas, vinho, azeite, queijos","publisher":{"@id":"https:\/\/latiendadesami.com\/#organization"},"potentialAction":[{"@type":"SearchAction","target":{"@type":"EntryPoint","urlTemplate":"https:\/\/latiendadesami.com\/?s={search_term_string}"},"query-input":{"@type":"PropertyValueSpecification","valueRequired":true,"valueName":"search_term_string"}}],"inLanguage":"pt-PT"},{"@type":"Organization","@id":"https:\/\/latiendadesami.com\/#organization","name":"La Tienda de Sami","url":"https:\/\/latiendadesami.com\/","logo":{"@type":"ImageObject","inLanguage":"pt-PT","@id":"https:\/\/latiendadesami.com\/#\/schema\/logo\/image\/","url":"https:\/\/latiendadesami.com\/wp-content\/uploads\/2020\/11\/0012222-1.jpg","contentUrl":"https:\/\/latiendadesami.com\/wp-content\/uploads\/2020\/11\/0012222-1.jpg","width":250,"height":72,"caption":"La Tienda de Sami"},"image":{"@id":"https:\/\/latiendadesami.com\/#\/schema\/logo\/image\/"},"sameAs":["https:\/\/www.facebook.com\/La-Tienda-de-Sami-106767417920851","https:\/\/x.com\/SamiSuministros","https:\/\/www.instagram.com\/samisuministros"]}]},"product_price_amount":"15.99","product_price_currency":"EUR","og_availability":"out of stock","product_availability":"out of stock","product_retailer_item_id":"kokotxas-islandia-extra-500gr","product_condition":"new"},"_links":{"self":[{"href":"https:\/\/latiendadesami.com\/pt-pt\/wp-json\/wp\/v2\/product\/12107","targetHints":{"allow":["GET"]}}],"collection":[{"href":"https:\/\/latiendadesami.com\/pt-pt\/wp-json\/wp\/v2\/product"}],"about":[{"href":"https:\/\/latiendadesami.com\/pt-pt\/wp-json\/wp\/v2\/types\/product"}],"wp:featuredmedia":[{"embeddable":true,"href":"https:\/\/latiendadesami.com\/pt-pt\/wp-json\/wp\/v2\/media\/11435"}],"wp:attachment":[{"href":"https:\/\/latiendadesami.com\/pt-pt\/wp-json\/wp\/v2\/media?parent=12107"}],"wp:term":[{"taxonomy":"product_brand","embeddable":true,"href":"https:\/\/latiendadesami.com\/pt-pt\/wp-json\/wp\/v2\/product_brand?post=12107"},{"taxonomy":"product_cat","embeddable":true,"href":"https:\/\/latiendadesami.com\/pt-pt\/wp-json\/wp\/v2\/product_cat?post=12107"},{"taxonomy":"product_tag","embeddable":true,"href":"https:\/\/latiendadesami.com\/pt-pt\/wp-json\/wp\/v2\/product_tag?post=12107"}],"curies":[{"name":"wp","href":"https:\/\/api.w.org\/{rel}","templated":true}]}}