{"id":12148,"date":"2022-04-20T10:14:02","date_gmt":"2022-04-20T08:14:02","guid":{"rendered":"https:\/\/latiendadesami.com\/producto\/cruceiro-de-ferreiros-albarino\/"},"modified":"2022-08-23T09:49:01","modified_gmt":"2022-08-23T07:49:01","slug":"cruceiro-de-ferreiros-albarino","status":"publish","type":"product","link":"https:\/\/latiendadesami.com\/pt-pt\/producto\/cruceiro-de-ferreiros-albarino\/","title":{"rendered":"Cruceiro de Ferreiros Albari\u00f1o"},"content":{"rendered":"<p>Este cl\u00e1ssico vinho galego \u00e9 limpo e brilhante com uma cor quase verde. Aromas de toranjas cantam sobre um fundo floral com sugest\u00f5es de mineralidade. Tem corpo, boa estrutura e um final forte, um \u00f3ptimo vinho para pratos de peixe leve ou queijo fresco.<\/p>\n<div>vinho feito a partir de uvas Albari\u00f1o, Godello e Loureiro, recebeu a medalha de prata nos International Wine Awards 2017, na categoria de vinho branco.<\/div>\n<p>Nome\/\u00c1rea: Ixp Do Mi\u00f1o<\/p>\n","protected":false},"excerpt":{"rendered":"<p>Este cl\u00e1ssico vinho galego \u00e9 limpo e brilhante com uma cor quase verde. Aromas de toranjas cantam sobre um fundo floral com sugest\u00f5es de mineralidade. Tem corpo, boa estrutura e um final forte, um \u00f3ptimo vinho para pratos de peixe leve ou queijo fresco. vinho feito a partir de uvas Albari\u00f1o, Godello e Loureiro, recebeu [&hellip;]<\/p>\n","protected":false},"featured_media":20826,"template":"","meta":{"_et_pb_use_builder":"","_et_pb_old_content":"","_et_gb_content_width":""},"product_brand":[],"product_cat":[404,405],"product_tag":[482],"class_list":{"0":"post-12148","1":"product","2":"type-product","3":"status-publish","4":"has-post-thumbnail","6":"product_cat-bebidas-pt-pt","7":"product_cat-vinho","8":"product_tag-albarino-pt-pt","9":"pa_cantidad-pacote-de-6-unidades-poupanca","10":"pa_cantidad-unidade-pt-pt","12":"first","13":"instock","14":"taxable","15":"shipping-taxable","16":"purchasable","17":"product-type-variable"},"yoast_head":"<!-- This site is optimized with the Yoast SEO plugin v27.3 - https:\/\/yoast.com\/product\/yoast-seo-wordpress\/ -->\n<title>Cruceiro de Ferreiros Albari\u00f1o - La Tienda de Sami<\/title>\n<meta name=\"description\" content=\"Este cl\u00e1ssico vinho galego \u00e9 limpo e brilhante com uma cor quase verde. Aromas de toranjas cantam sobre um fundo floral com sugest\u00f5es de mineralidade. Tem corpo, boa estrutura e um final forte, um grande vinho para pratos de peixe leve ou queijo fresco.vinho feito de uvas Albari\u00f1o, Godello e Loureiro, foi premiado com a medalha de prata nos International Wine Awards 2017 na categoria de vinhos brancos.Denominac\u00f3n\/Area: Ixp Do Mi\u00f1o Cruceiro de Ferreiros Albari\u00f1o\" \/>\n<meta name=\"robots\" content=\"index, follow, max-snippet:-1, max-image-preview:large, max-video-preview:-1\" \/>\n<link rel=\"canonical\" href=\"https:\/\/latiendadesami.com\/producto\/cruceiro-ferreiros-albarino\/\" \/>\n<meta property=\"og:locale\" content=\"pt_PT\" \/>\n<meta property=\"og:type\" content=\"article\" \/>\n<meta property=\"og:title\" content=\"Cruceiro de Ferreiros Albari\u00f1o - La Tienda de Sami\" \/>\n<meta property=\"og:description\" content=\"Este cl\u00e1ssico vinho galego \u00e9 limpo e brilhante com uma cor quase verde. Aromas de toranjas cantam sobre um fundo floral com sugest\u00f5es de mineralidade. Tem corpo, boa estrutura e um final forte, um grande vinho para pratos de peixe leve ou queijo fresco.vinho feito de uvas Albari\u00f1o, Godello e Loureiro, foi premiado com a medalha de prata nos International Wine Awards 2017 na categoria de vinhos brancos.Denominac\u00f3n\/Area: Ixp Do Mi\u00f1o Cruceiro de Ferreiros Albari\u00f1o\" \/>\n<meta property=\"og:url\" content=\"https:\/\/latiendadesami.com\/producto\/cruceiro-ferreiros-albarino\/\" \/>\n<meta property=\"og:site_name\" content=\"La Tienda de Sami\" \/>\n<meta property=\"article:publisher\" content=\"https:\/\/www.facebook.com\/La-Tienda-de-Sami-106767417920851\" \/>\n<meta property=\"article:modified_time\" content=\"2022-08-23T07:49:01+00:00\" \/>\n<meta property=\"og:image\" content=\"https:\/\/latiendadesami.com\/wp-content\/uploads\/2022\/04\/cruceiro-ferreiros-albarino.jpg\" \/>\n\t<meta property=\"og:image:width\" content=\"750\" \/>\n\t<meta property=\"og:image:height\" content=\"750\" \/>\n\t<meta property=\"og:image:type\" content=\"image\/jpeg\" \/>\n<meta name=\"twitter:card\" content=\"summary_large_image\" \/>\n<meta name=\"twitter:site\" content=\"@SamiSuministros\" \/>\n<meta name=\"twitter:label1\" content=\"Disponibilidade\" \/>\n\t<meta name=\"twitter:data1\" content=\"Em stock\" \/>\n<script type=\"application\/ld+json\" class=\"yoast-schema-graph\">{\"@context\":\"https:\\\/\\\/schema.org\",\"@graph\":[{\"@type\":\"WebPage\",\"@id\":\"https:\\\/\\\/latiendadesami.com\\\/producto\\\/cruceiro-ferreiros-albarino\\\/\",\"url\":\"https:\\\/\\\/latiendadesami.com\\\/producto\\\/cruceiro-ferreiros-albarino\\\/\",\"name\":\"Cruceiro de Ferreiros Albari\u00f1o - La Tienda de Sami\",\"isPartOf\":{\"@id\":\"https:\\\/\\\/latiendadesami.com\\\/#website\"},\"primaryImageOfPage\":{\"@id\":\"https:\\\/\\\/latiendadesami.com\\\/producto\\\/cruceiro-ferreiros-albarino\\\/#primaryimage\"},\"image\":{\"@id\":\"https:\\\/\\\/latiendadesami.com\\\/producto\\\/cruceiro-ferreiros-albarino\\\/#primaryimage\"},\"thumbnailUrl\":\"https:\\\/\\\/latiendadesami.com\\\/wp-content\\\/uploads\\\/2023\\\/08\\\/Cruceiro-de-Ferreiros-Albarino-botella.jpg\",\"datePublished\":\"2022-04-20T08:14:02+00:00\",\"dateModified\":\"2022-08-23T07:49:01+00:00\",\"description\":\"Este cl\u00e1ssico vinho galego \u00e9 limpo e brilhante com uma cor quase verde. Aromas de toranjas cantam sobre um fundo floral com sugest\u00f5es de mineralidade. Tem corpo, boa estrutura e um final forte, um grande vinho para pratos de peixe leve ou queijo fresco.vinho feito de uvas Albari\u00f1o, Godello e Loureiro, foi premiado com a medalha de prata nos International Wine Awards 2017 na categoria de vinhos brancos.Denominac\u00f3n\\\/Area: Ixp Do Mi\u00f1o Cruceiro de Ferreiros Albari\u00f1o\",\"breadcrumb\":{\"@id\":\"https:\\\/\\\/latiendadesami.com\\\/producto\\\/cruceiro-ferreiros-albarino\\\/#breadcrumb\"},\"inLanguage\":\"pt-PT\",\"potentialAction\":[{\"@type\":\"ReadAction\",\"target\":[\"https:\\\/\\\/latiendadesami.com\\\/producto\\\/cruceiro-ferreiros-albarino\\\/\"]}]},{\"@type\":\"ImageObject\",\"inLanguage\":\"pt-PT\",\"@id\":\"https:\\\/\\\/latiendadesami.com\\\/producto\\\/cruceiro-ferreiros-albarino\\\/#primaryimage\",\"url\":\"https:\\\/\\\/latiendadesami.com\\\/wp-content\\\/uploads\\\/2023\\\/08\\\/Cruceiro-de-Ferreiros-Albarino-botella.jpg\",\"contentUrl\":\"https:\\\/\\\/latiendadesami.com\\\/wp-content\\\/uploads\\\/2023\\\/08\\\/Cruceiro-de-Ferreiros-Albarino-botella.jpg\",\"width\":750,\"height\":750,\"caption\":\"Albari\u00f1o Godello\"},{\"@type\":\"BreadcrumbList\",\"@id\":\"https:\\\/\\\/latiendadesami.com\\\/producto\\\/cruceiro-ferreiros-albarino\\\/#breadcrumb\",\"itemListElement\":[{\"@type\":\"ListItem\",\"position\":1,\"name\":\"P\u00e1gina inicial\",\"item\":\"https:\\\/\\\/latiendadesami.com\\\/pt-pt\\\/\"},{\"@type\":\"ListItem\",\"position\":2,\"name\":\"Shop\",\"item\":\"https:\\\/\\\/latiendadesami.com\\\/pt-pt\\\/\"},{\"@type\":\"ListItem\",\"position\":3,\"name\":\"Bebidas\",\"item\":\"https:\\\/\\\/latiendadesami.com\\\/pt-pt\\\/categoria-producto\\\/bebidas-pt-pt\\\/\"},{\"@type\":\"ListItem\",\"position\":4,\"name\":\"Vinho\",\"item\":\"https:\\\/\\\/latiendadesami.com\\\/pt-pt\\\/categoria-producto\\\/vinho\\\/\"},{\"@type\":\"ListItem\",\"position\":5,\"name\":\"Cruceiro de Ferreiros Albari\u00f1o\"}]},{\"@type\":\"WebSite\",\"@id\":\"https:\\\/\\\/latiendadesami.com\\\/#website\",\"url\":\"https:\\\/\\\/latiendadesami.com\\\/\",\"name\":\"La Tienda de Sami\",\"description\":\"Conservas, azeitonas, vinho, azeite, queijos\",\"publisher\":{\"@id\":\"https:\\\/\\\/latiendadesami.com\\\/#organization\"},\"potentialAction\":[{\"@type\":\"SearchAction\",\"target\":{\"@type\":\"EntryPoint\",\"urlTemplate\":\"https:\\\/\\\/latiendadesami.com\\\/?s={search_term_string}\"},\"query-input\":{\"@type\":\"PropertyValueSpecification\",\"valueRequired\":true,\"valueName\":\"search_term_string\"}}],\"inLanguage\":\"pt-PT\"},{\"@type\":\"Organization\",\"@id\":\"https:\\\/\\\/latiendadesami.com\\\/#organization\",\"name\":\"La Tienda de Sami\",\"url\":\"https:\\\/\\\/latiendadesami.com\\\/\",\"logo\":{\"@type\":\"ImageObject\",\"inLanguage\":\"pt-PT\",\"@id\":\"https:\\\/\\\/latiendadesami.com\\\/#\\\/schema\\\/logo\\\/image\\\/\",\"url\":\"https:\\\/\\\/latiendadesami.com\\\/wp-content\\\/uploads\\\/2020\\\/11\\\/0012222-1.jpg\",\"contentUrl\":\"https:\\\/\\\/latiendadesami.com\\\/wp-content\\\/uploads\\\/2020\\\/11\\\/0012222-1.jpg\",\"width\":250,\"height\":72,\"caption\":\"La Tienda de Sami\"},\"image\":{\"@id\":\"https:\\\/\\\/latiendadesami.com\\\/#\\\/schema\\\/logo\\\/image\\\/\"},\"sameAs\":[\"https:\\\/\\\/www.facebook.com\\\/La-Tienda-de-Sami-106767417920851\",\"https:\\\/\\\/x.com\\\/SamiSuministros\",\"https:\\\/\\\/www.instagram.com\\\/samisuministros\"]}]}<\/script>\n<meta property=\"og:availability\" content=\"instock\" \/>\n<meta property=\"product:availability\" content=\"instock\" \/>\n<meta property=\"product:retailer_item_id\" content=\"cruceiro-ferreiros-albarino\" \/>\n<meta property=\"product:condition\" content=\"new\" \/>\n<!-- \/ Yoast SEO plugin. -->","yoast_head_json":{"title":"Cruceiro de Ferreiros Albari\u00f1o - La Tienda de Sami","description":"Este cl\u00e1ssico vinho galego \u00e9 limpo e brilhante com uma cor quase verde. Aromas de toranjas cantam sobre um fundo floral com sugest\u00f5es de mineralidade. Tem corpo, boa estrutura e um final forte, um grande vinho para pratos de peixe leve ou queijo fresco.vinho feito de uvas Albari\u00f1o, Godello e Loureiro, foi premiado com a medalha de prata nos International Wine Awards 2017 na categoria de vinhos brancos.Denominac\u00f3n\/Area: Ixp Do Mi\u00f1o Cruceiro de Ferreiros Albari\u00f1o","robots":{"index":"index","follow":"follow","max-snippet":"max-snippet:-1","max-image-preview":"max-image-preview:large","max-video-preview":"max-video-preview:-1"},"canonical":"https:\/\/latiendadesami.com\/producto\/cruceiro-ferreiros-albarino\/","og_locale":"pt_PT","og_type":"article","og_title":"Cruceiro de Ferreiros Albari\u00f1o - La Tienda de Sami","og_description":"Este cl\u00e1ssico vinho galego \u00e9 limpo e brilhante com uma cor quase verde. Aromas de toranjas cantam sobre um fundo floral com sugest\u00f5es de mineralidade. Tem corpo, boa estrutura e um final forte, um grande vinho para pratos de peixe leve ou queijo fresco.vinho feito de uvas Albari\u00f1o, Godello e Loureiro, foi premiado com a medalha de prata nos International Wine Awards 2017 na categoria de vinhos brancos.Denominac\u00f3n\/Area: Ixp Do Mi\u00f1o Cruceiro de Ferreiros Albari\u00f1o","og_url":"https:\/\/latiendadesami.com\/producto\/cruceiro-ferreiros-albarino\/","og_site_name":"La Tienda de Sami","article_publisher":"https:\/\/www.facebook.com\/La-Tienda-de-Sami-106767417920851","article_modified_time":"2022-08-23T07:49:01+00:00","og_image":[{"width":750,"height":750,"url":"https:\/\/latiendadesami.com\/wp-content\/uploads\/2022\/04\/cruceiro-ferreiros-albarino.jpg","type":"image\/jpeg"}],"twitter_card":"summary_large_image","twitter_site":"@SamiSuministros","twitter_misc":{"Disponibilidade":"Em stock"},"schema":{"@context":"https:\/\/schema.org","@graph":[{"@type":"WebPage","@id":"https:\/\/latiendadesami.com\/producto\/cruceiro-ferreiros-albarino\/","url":"https:\/\/latiendadesami.com\/producto\/cruceiro-ferreiros-albarino\/","name":"Cruceiro de Ferreiros Albari\u00f1o - La Tienda de Sami","isPartOf":{"@id":"https:\/\/latiendadesami.com\/#website"},"primaryImageOfPage":{"@id":"https:\/\/latiendadesami.com\/producto\/cruceiro-ferreiros-albarino\/#primaryimage"},"image":{"@id":"https:\/\/latiendadesami.com\/producto\/cruceiro-ferreiros-albarino\/#primaryimage"},"thumbnailUrl":"https:\/\/latiendadesami.com\/wp-content\/uploads\/2023\/08\/Cruceiro-de-Ferreiros-Albarino-botella.jpg","datePublished":"2022-04-20T08:14:02+00:00","dateModified":"2022-08-23T07:49:01+00:00","description":"Este cl\u00e1ssico vinho galego \u00e9 limpo e brilhante com uma cor quase verde. Aromas de toranjas cantam sobre um fundo floral com sugest\u00f5es de mineralidade. Tem corpo, boa estrutura e um final forte, um grande vinho para pratos de peixe leve ou queijo fresco.vinho feito de uvas Albari\u00f1o, Godello e Loureiro, foi premiado com a medalha de prata nos International Wine Awards 2017 na categoria de vinhos brancos.Denominac\u00f3n\/Area: Ixp Do Mi\u00f1o Cruceiro de Ferreiros Albari\u00f1o","breadcrumb":{"@id":"https:\/\/latiendadesami.com\/producto\/cruceiro-ferreiros-albarino\/#breadcrumb"},"inLanguage":"pt-PT","potentialAction":[{"@type":"ReadAction","target":["https:\/\/latiendadesami.com\/producto\/cruceiro-ferreiros-albarino\/"]}]},{"@type":"ImageObject","inLanguage":"pt-PT","@id":"https:\/\/latiendadesami.com\/producto\/cruceiro-ferreiros-albarino\/#primaryimage","url":"https:\/\/latiendadesami.com\/wp-content\/uploads\/2023\/08\/Cruceiro-de-Ferreiros-Albarino-botella.jpg","contentUrl":"https:\/\/latiendadesami.com\/wp-content\/uploads\/2023\/08\/Cruceiro-de-Ferreiros-Albarino-botella.jpg","width":750,"height":750,"caption":"Albari\u00f1o Godello"},{"@type":"BreadcrumbList","@id":"https:\/\/latiendadesami.com\/producto\/cruceiro-ferreiros-albarino\/#breadcrumb","itemListElement":[{"@type":"ListItem","position":1,"name":"P\u00e1gina inicial","item":"https:\/\/latiendadesami.com\/pt-pt\/"},{"@type":"ListItem","position":2,"name":"Shop","item":"https:\/\/latiendadesami.com\/pt-pt\/"},{"@type":"ListItem","position":3,"name":"Bebidas","item":"https:\/\/latiendadesami.com\/pt-pt\/categoria-producto\/bebidas-pt-pt\/"},{"@type":"ListItem","position":4,"name":"Vinho","item":"https:\/\/latiendadesami.com\/pt-pt\/categoria-producto\/vinho\/"},{"@type":"ListItem","position":5,"name":"Cruceiro de Ferreiros Albari\u00f1o"}]},{"@type":"WebSite","@id":"https:\/\/latiendadesami.com\/#website","url":"https:\/\/latiendadesami.com\/","name":"La Tienda de Sami","description":"Conservas, azeitonas, vinho, azeite, queijos","publisher":{"@id":"https:\/\/latiendadesami.com\/#organization"},"potentialAction":[{"@type":"SearchAction","target":{"@type":"EntryPoint","urlTemplate":"https:\/\/latiendadesami.com\/?s={search_term_string}"},"query-input":{"@type":"PropertyValueSpecification","valueRequired":true,"valueName":"search_term_string"}}],"inLanguage":"pt-PT"},{"@type":"Organization","@id":"https:\/\/latiendadesami.com\/#organization","name":"La Tienda de Sami","url":"https:\/\/latiendadesami.com\/","logo":{"@type":"ImageObject","inLanguage":"pt-PT","@id":"https:\/\/latiendadesami.com\/#\/schema\/logo\/image\/","url":"https:\/\/latiendadesami.com\/wp-content\/uploads\/2020\/11\/0012222-1.jpg","contentUrl":"https:\/\/latiendadesami.com\/wp-content\/uploads\/2020\/11\/0012222-1.jpg","width":250,"height":72,"caption":"La Tienda de Sami"},"image":{"@id":"https:\/\/latiendadesami.com\/#\/schema\/logo\/image\/"},"sameAs":["https:\/\/www.facebook.com\/La-Tienda-de-Sami-106767417920851","https:\/\/x.com\/SamiSuministros","https:\/\/www.instagram.com\/samisuministros"]}]},"og_availability":"instock","product_availability":"instock","product_retailer_item_id":"cruceiro-ferreiros-albarino","product_condition":"new"},"_links":{"self":[{"href":"https:\/\/latiendadesami.com\/pt-pt\/wp-json\/wp\/v2\/product\/12148","targetHints":{"allow":["GET"]}}],"collection":[{"href":"https:\/\/latiendadesami.com\/pt-pt\/wp-json\/wp\/v2\/product"}],"about":[{"href":"https:\/\/latiendadesami.com\/pt-pt\/wp-json\/wp\/v2\/types\/product"}],"wp:featuredmedia":[{"embeddable":true,"href":"https:\/\/latiendadesami.com\/pt-pt\/wp-json\/wp\/v2\/media\/20826"}],"wp:attachment":[{"href":"https:\/\/latiendadesami.com\/pt-pt\/wp-json\/wp\/v2\/media?parent=12148"}],"wp:term":[{"taxonomy":"product_brand","embeddable":true,"href":"https:\/\/latiendadesami.com\/pt-pt\/wp-json\/wp\/v2\/product_brand?post=12148"},{"taxonomy":"product_cat","embeddable":true,"href":"https:\/\/latiendadesami.com\/pt-pt\/wp-json\/wp\/v2\/product_cat?post=12148"},{"taxonomy":"product_tag","embeddable":true,"href":"https:\/\/latiendadesami.com\/pt-pt\/wp-json\/wp\/v2\/product_tag?post=12148"}],"curies":[{"name":"wp","href":"https:\/\/api.w.org\/{rel}","templated":true}]}}