{"id":12168,"date":"2022-03-08T12:11:46","date_gmt":"2022-03-08T11:11:46","guid":{"rendered":"https:\/\/latiendadesami.com\/producto\/bacalhau-20-30-bacalhau-inteiro-salgado-faroe\/"},"modified":"2022-08-23T09:49:10","modified_gmt":"2022-08-23T07:49:10","slug":"bacalhau-20-30-bacalhau-inteiro-salgado-faroe","status":"publish","type":"product","link":"https:\/\/latiendadesami.com\/pt-pt\/producto\/bacalhau-20-30-bacalhau-inteiro-salgado-faroe\/","title":{"rendered":"Bacalhau 20\/30 Bacalhau inteiro Salgado Faroe"},"content":{"rendered":"<p> <a href=\"https:\/\/labarajilla.es\/bacalao\/\">La Barajilla<\/a> Faroe Cod 20\/30 Bacalhau Inteiro Salgado Faroe \u00e9 baseado num peda\u00e7o inteiro de bacalhau cortado ao meio, salgado e curado.<\/p>\n<p>A base para a prepara\u00e7\u00e3o de pratos regionais de acordo com as tradi\u00e7\u00f5es de cada pa\u00eds.<\/p>\n<ul>\n<li><strong>TAMANHO<\/strong>: 20\/30<\/li>\n<li><strong>ESP\u00c9CIES<\/strong>: Bacalhau ( Gadus Morhua )<u><\/u><u><\/u><\/li>\n<li><strong>ZONA DE PESCA<\/strong>: Atl\u00e2ntico Noroeste ( FAO 27 )<u><\/u><u><\/u><\/li>\n<li><strong>ARMAZENAMENTO<\/strong>: entre 0\u00baC e 5\u00baC.<\/li>\n<\/ul>\n<p>Do ponto de vista nutricional, o bacalhau \u00e9 um alimento rico em prote\u00ednas de alto valor biol\u00f3gico e digestibilidade, com baixo teor de gordura e calorias.<\/p>\n<p>O teor de \u00e1gua \u00e9 de cerca de 80% (em bacalhau fresco).<\/p>\n<p>Este bacalhau \u00e9 uma boa fonte de vitaminas (principalmente do grupo B) e sais minerais essenciais para o organismo.<\/p>\n<p>O bacalhau fresco ou dessalgado pode ser consumido por pessoas com tens\u00e3o arterial elevada, uma vez que \u00e9 baixo em s\u00f3dio e rico em pot\u00e1ssio.<\/p>\n<p>&#8220;Bacalhau \u00e9 o nome comum a v\u00e1rias esp\u00e9cies de peixes do g\u00e9nero Gadus, embora alguns do mesmo g\u00e9nero possam ter outros nomes.<\/p>\n<p>A esp\u00e9cie mais comum \u00e9 o bacalhau do Atl\u00e2ntico (Gadus morhua ou bacalhau comum).<\/p>\n<p>Se quiser comprar Bacalhau 20\/30 Bacalhau inteiro Salgado Faroe ou qualquer outro tipo de produto <a href=\"https:\/\/latiendadesami.com\/categoria-producto\/frio\/\" rel=\"noopener\">frio<\/a>, n\u00e3o hesite em dar uma vista de olhos a todo o nosso cat\u00e1logo online para ver a grande variedade de bacalhau que temos.<\/p>\n<p>Escreva-nos para mais informa\u00e7\u00f5es.<\/p>\n","protected":false},"excerpt":{"rendered":"<p>La Barajilla Faroe Cod 20\/30 Bacalhau Inteiro Salgado Faroe \u00e9 baseado num peda\u00e7o inteiro de bacalhau cortado ao meio, salgado e curado. A base para a prepara\u00e7\u00e3o de pratos regionais de acordo com as tradi\u00e7\u00f5es de cada pa\u00eds. TAMANHO: 20\/30 ESP\u00c9CIES: Bacalhau ( Gadus Morhua ) ZONA DE PESCA: Atl\u00e2ntico Noroeste ( FAO 27 ) [&hellip;]<\/p>\n","protected":false},"featured_media":22087,"template":"","meta":{"_et_pb_use_builder":"","_et_pb_old_content":"","_et_gb_content_width":""},"product_brand":[889],"product_cat":[475,396],"product_tag":[],"class_list":{"0":"post-12168","1":"product","2":"type-product","3":"status-publish","4":"has-post-thumbnail","6":"product_brand-la-barajilla","7":"product_cat-bacalhau","8":"product_cat-frio-pt-pt","9":"product_shipping_class-envio-de-frio","10":"pa_cantidad-10-kilos-pt-pt","11":"pa_cantidad-25-kilos-pt-pt","13":"first","14":"outofstock","15":"taxable","16":"shipping-taxable","17":"product-type-variable"},"yoast_head":"<!-- This site is optimized with the Yoast SEO plugin v27.3 - https:\/\/yoast.com\/product\/yoast-seo-wordpress\/ -->\n<title>Bacalhau 20\/30 Bacalhau inteiro Salgado Faroe - La Tienda de Sami<\/title>\n<meta name=\"description\" content=\"La Barajilla Faroe Cod 20\/30 Bacalhau Inteiro Salgado Faroe \u00e9 baseado num peda\u00e7o inteiro de bacalhau cortado ao meio, salgado e curado.\" \/>\n<meta name=\"robots\" content=\"index, follow, max-snippet:-1, max-image-preview:large, max-video-preview:-1\" \/>\n<link rel=\"canonical\" href=\"https:\/\/latiendadesami.com\/producto\/bacalao-20-30-entero-salado-faroe\/\" \/>\n<meta property=\"og:locale\" content=\"pt_PT\" \/>\n<meta property=\"og:type\" content=\"article\" \/>\n<meta property=\"og:title\" content=\"Bacalhau 20\/30 Bacalhau inteiro Salgado Faroe - La Tienda de Sami\" \/>\n<meta property=\"og:description\" content=\"La Barajilla Faroe Cod 20\/30 Bacalhau Inteiro Salgado Faroe \u00e9 baseado num peda\u00e7o inteiro de bacalhau cortado ao meio, salgado e curado.\" \/>\n<meta property=\"og:url\" content=\"https:\/\/latiendadesami.com\/producto\/bacalao-20-30-entero-salado-faroe\/\" \/>\n<meta property=\"og:site_name\" content=\"La Tienda de Sami\" \/>\n<meta property=\"article:publisher\" content=\"https:\/\/www.facebook.com\/La-Tienda-de-Sami-106767417920851\" \/>\n<meta property=\"article:modified_time\" content=\"2022-08-23T07:49:10+00:00\" \/>\n<meta property=\"og:image\" content=\"http:\/\/latiendadesami.com\/wp-content\/uploads\/2023\/11\/bacalao-20-30-2600gr.jpg\" \/>\n\t<meta property=\"og:image:width\" content=\"750\" \/>\n\t<meta property=\"og:image:height\" content=\"750\" \/>\n\t<meta property=\"og:image:type\" content=\"image\/jpeg\" \/>\n<meta name=\"twitter:card\" content=\"summary_large_image\" \/>\n<meta name=\"twitter:site\" content=\"@SamiSuministros\" \/>\n<meta name=\"twitter:label1\" content=\"Disponibilidade\" \/>\n\t<meta name=\"twitter:data1\" content=\"Esgotado\" \/>\n<script type=\"application\/ld+json\" class=\"yoast-schema-graph\">{\"@context\":\"https:\\\/\\\/schema.org\",\"@graph\":[{\"@type\":\"WebPage\",\"@id\":\"https:\\\/\\\/latiendadesami.com\\\/producto\\\/bacalao-20-30-entero-salado-faroe\\\/\",\"url\":\"https:\\\/\\\/latiendadesami.com\\\/producto\\\/bacalao-20-30-entero-salado-faroe\\\/\",\"name\":\"Bacalhau 20\\\/30 Bacalhau inteiro Salgado Faroe - La Tienda de Sami\",\"isPartOf\":{\"@id\":\"https:\\\/\\\/latiendadesami.com\\\/#website\"},\"primaryImageOfPage\":{\"@id\":\"https:\\\/\\\/latiendadesami.com\\\/producto\\\/bacalao-20-30-entero-salado-faroe\\\/#primaryimage\"},\"image\":{\"@id\":\"https:\\\/\\\/latiendadesami.com\\\/producto\\\/bacalao-20-30-entero-salado-faroe\\\/#primaryimage\"},\"thumbnailUrl\":\"https:\\\/\\\/latiendadesami.com\\\/wp-content\\\/uploads\\\/2023\\\/11\\\/bacalao-20-30-2600gr.jpg\",\"datePublished\":\"2022-03-08T11:11:46+00:00\",\"dateModified\":\"2022-08-23T07:49:10+00:00\",\"description\":\"La Barajilla Faroe Cod 20\\\/30 Bacalhau Inteiro Salgado Faroe \u00e9 baseado num peda\u00e7o inteiro de bacalhau cortado ao meio, salgado e curado.\",\"breadcrumb\":{\"@id\":\"https:\\\/\\\/latiendadesami.com\\\/producto\\\/bacalao-20-30-entero-salado-faroe\\\/#breadcrumb\"},\"inLanguage\":\"pt-PT\",\"potentialAction\":[{\"@type\":\"ReadAction\",\"target\":[\"https:\\\/\\\/latiendadesami.com\\\/producto\\\/bacalao-20-30-entero-salado-faroe\\\/\"]}]},{\"@type\":\"ImageObject\",\"inLanguage\":\"pt-PT\",\"@id\":\"https:\\\/\\\/latiendadesami.com\\\/producto\\\/bacalao-20-30-entero-salado-faroe\\\/#primaryimage\",\"url\":\"https:\\\/\\\/latiendadesami.com\\\/wp-content\\\/uploads\\\/2023\\\/11\\\/bacalao-20-30-2600gr.jpg\",\"contentUrl\":\"https:\\\/\\\/latiendadesami.com\\\/wp-content\\\/uploads\\\/2023\\\/11\\\/bacalao-20-30-2600gr.jpg\",\"width\":750,\"height\":750},{\"@type\":\"BreadcrumbList\",\"@id\":\"https:\\\/\\\/latiendadesami.com\\\/producto\\\/bacalao-20-30-entero-salado-faroe\\\/#breadcrumb\",\"itemListElement\":[{\"@type\":\"ListItem\",\"position\":1,\"name\":\"P\u00e1gina inicial\",\"item\":\"https:\\\/\\\/latiendadesami.com\\\/pt-pt\\\/\"},{\"@type\":\"ListItem\",\"position\":2,\"name\":\"Shop\",\"item\":\"https:\\\/\\\/latiendadesami.com\\\/pt-pt\\\/\"},{\"@type\":\"ListItem\",\"position\":3,\"name\":\"Frio\",\"item\":\"https:\\\/\\\/latiendadesami.com\\\/pt-pt\\\/categoria-producto\\\/frio-pt-pt\\\/\"},{\"@type\":\"ListItem\",\"position\":4,\"name\":\"Bacalhau\",\"item\":\"https:\\\/\\\/latiendadesami.com\\\/pt-pt\\\/categoria-producto\\\/bacalhau\\\/\"},{\"@type\":\"ListItem\",\"position\":5,\"name\":\"Bacalhau 20\\\/30 Bacalhau inteiro Salgado Faroe\"}]},{\"@type\":\"WebSite\",\"@id\":\"https:\\\/\\\/latiendadesami.com\\\/#website\",\"url\":\"https:\\\/\\\/latiendadesami.com\\\/\",\"name\":\"La Tienda de Sami\",\"description\":\"Conservas, azeitonas, vinho, azeite, queijos\",\"publisher\":{\"@id\":\"https:\\\/\\\/latiendadesami.com\\\/#organization\"},\"potentialAction\":[{\"@type\":\"SearchAction\",\"target\":{\"@type\":\"EntryPoint\",\"urlTemplate\":\"https:\\\/\\\/latiendadesami.com\\\/?s={search_term_string}\"},\"query-input\":{\"@type\":\"PropertyValueSpecification\",\"valueRequired\":true,\"valueName\":\"search_term_string\"}}],\"inLanguage\":\"pt-PT\"},{\"@type\":\"Organization\",\"@id\":\"https:\\\/\\\/latiendadesami.com\\\/#organization\",\"name\":\"La Tienda de Sami\",\"url\":\"https:\\\/\\\/latiendadesami.com\\\/\",\"logo\":{\"@type\":\"ImageObject\",\"inLanguage\":\"pt-PT\",\"@id\":\"https:\\\/\\\/latiendadesami.com\\\/#\\\/schema\\\/logo\\\/image\\\/\",\"url\":\"https:\\\/\\\/latiendadesami.com\\\/wp-content\\\/uploads\\\/2020\\\/11\\\/0012222-1.jpg\",\"contentUrl\":\"https:\\\/\\\/latiendadesami.com\\\/wp-content\\\/uploads\\\/2020\\\/11\\\/0012222-1.jpg\",\"width\":250,\"height\":72,\"caption\":\"La Tienda de Sami\"},\"image\":{\"@id\":\"https:\\\/\\\/latiendadesami.com\\\/#\\\/schema\\\/logo\\\/image\\\/\"},\"sameAs\":[\"https:\\\/\\\/www.facebook.com\\\/La-Tienda-de-Sami-106767417920851\",\"https:\\\/\\\/x.com\\\/SamiSuministros\",\"https:\\\/\\\/www.instagram.com\\\/samisuministros\"]}]}<\/script>\n<meta property=\"og:availability\" content=\"out of stock\" \/>\n<meta property=\"product:availability\" content=\"out of stock\" \/>\n<meta property=\"product:retailer_item_id\" content=\"bacalao-20-30-entero-salado-faroe\" \/>\n<meta property=\"product:condition\" content=\"new\" \/>\n<!-- \/ Yoast SEO plugin. -->","yoast_head_json":{"title":"Bacalhau 20\/30 Bacalhau inteiro Salgado Faroe - La Tienda de Sami","description":"La Barajilla Faroe Cod 20\/30 Bacalhau Inteiro Salgado Faroe \u00e9 baseado num peda\u00e7o inteiro de bacalhau cortado ao meio, salgado e curado.","robots":{"index":"index","follow":"follow","max-snippet":"max-snippet:-1","max-image-preview":"max-image-preview:large","max-video-preview":"max-video-preview:-1"},"canonical":"https:\/\/latiendadesami.com\/producto\/bacalao-20-30-entero-salado-faroe\/","og_locale":"pt_PT","og_type":"article","og_title":"Bacalhau 20\/30 Bacalhau inteiro Salgado Faroe - La Tienda de Sami","og_description":"La Barajilla Faroe Cod 20\/30 Bacalhau Inteiro Salgado Faroe \u00e9 baseado num peda\u00e7o inteiro de bacalhau cortado ao meio, salgado e curado.","og_url":"https:\/\/latiendadesami.com\/producto\/bacalao-20-30-entero-salado-faroe\/","og_site_name":"La Tienda de Sami","article_publisher":"https:\/\/www.facebook.com\/La-Tienda-de-Sami-106767417920851","article_modified_time":"2022-08-23T07:49:10+00:00","og_image":[{"width":750,"height":750,"url":"http:\/\/latiendadesami.com\/wp-content\/uploads\/2023\/11\/bacalao-20-30-2600gr.jpg","type":"image\/jpeg"}],"twitter_card":"summary_large_image","twitter_site":"@SamiSuministros","twitter_misc":{"Disponibilidade":"Esgotado"},"schema":{"@context":"https:\/\/schema.org","@graph":[{"@type":"WebPage","@id":"https:\/\/latiendadesami.com\/producto\/bacalao-20-30-entero-salado-faroe\/","url":"https:\/\/latiendadesami.com\/producto\/bacalao-20-30-entero-salado-faroe\/","name":"Bacalhau 20\/30 Bacalhau inteiro Salgado Faroe - La Tienda de Sami","isPartOf":{"@id":"https:\/\/latiendadesami.com\/#website"},"primaryImageOfPage":{"@id":"https:\/\/latiendadesami.com\/producto\/bacalao-20-30-entero-salado-faroe\/#primaryimage"},"image":{"@id":"https:\/\/latiendadesami.com\/producto\/bacalao-20-30-entero-salado-faroe\/#primaryimage"},"thumbnailUrl":"https:\/\/latiendadesami.com\/wp-content\/uploads\/2023\/11\/bacalao-20-30-2600gr.jpg","datePublished":"2022-03-08T11:11:46+00:00","dateModified":"2022-08-23T07:49:10+00:00","description":"La Barajilla Faroe Cod 20\/30 Bacalhau Inteiro Salgado Faroe \u00e9 baseado num peda\u00e7o inteiro de bacalhau cortado ao meio, salgado e curado.","breadcrumb":{"@id":"https:\/\/latiendadesami.com\/producto\/bacalao-20-30-entero-salado-faroe\/#breadcrumb"},"inLanguage":"pt-PT","potentialAction":[{"@type":"ReadAction","target":["https:\/\/latiendadesami.com\/producto\/bacalao-20-30-entero-salado-faroe\/"]}]},{"@type":"ImageObject","inLanguage":"pt-PT","@id":"https:\/\/latiendadesami.com\/producto\/bacalao-20-30-entero-salado-faroe\/#primaryimage","url":"https:\/\/latiendadesami.com\/wp-content\/uploads\/2023\/11\/bacalao-20-30-2600gr.jpg","contentUrl":"https:\/\/latiendadesami.com\/wp-content\/uploads\/2023\/11\/bacalao-20-30-2600gr.jpg","width":750,"height":750},{"@type":"BreadcrumbList","@id":"https:\/\/latiendadesami.com\/producto\/bacalao-20-30-entero-salado-faroe\/#breadcrumb","itemListElement":[{"@type":"ListItem","position":1,"name":"P\u00e1gina inicial","item":"https:\/\/latiendadesami.com\/pt-pt\/"},{"@type":"ListItem","position":2,"name":"Shop","item":"https:\/\/latiendadesami.com\/pt-pt\/"},{"@type":"ListItem","position":3,"name":"Frio","item":"https:\/\/latiendadesami.com\/pt-pt\/categoria-producto\/frio-pt-pt\/"},{"@type":"ListItem","position":4,"name":"Bacalhau","item":"https:\/\/latiendadesami.com\/pt-pt\/categoria-producto\/bacalhau\/"},{"@type":"ListItem","position":5,"name":"Bacalhau 20\/30 Bacalhau inteiro Salgado Faroe"}]},{"@type":"WebSite","@id":"https:\/\/latiendadesami.com\/#website","url":"https:\/\/latiendadesami.com\/","name":"La Tienda de Sami","description":"Conservas, azeitonas, vinho, azeite, queijos","publisher":{"@id":"https:\/\/latiendadesami.com\/#organization"},"potentialAction":[{"@type":"SearchAction","target":{"@type":"EntryPoint","urlTemplate":"https:\/\/latiendadesami.com\/?s={search_term_string}"},"query-input":{"@type":"PropertyValueSpecification","valueRequired":true,"valueName":"search_term_string"}}],"inLanguage":"pt-PT"},{"@type":"Organization","@id":"https:\/\/latiendadesami.com\/#organization","name":"La Tienda de Sami","url":"https:\/\/latiendadesami.com\/","logo":{"@type":"ImageObject","inLanguage":"pt-PT","@id":"https:\/\/latiendadesami.com\/#\/schema\/logo\/image\/","url":"https:\/\/latiendadesami.com\/wp-content\/uploads\/2020\/11\/0012222-1.jpg","contentUrl":"https:\/\/latiendadesami.com\/wp-content\/uploads\/2020\/11\/0012222-1.jpg","width":250,"height":72,"caption":"La Tienda de Sami"},"image":{"@id":"https:\/\/latiendadesami.com\/#\/schema\/logo\/image\/"},"sameAs":["https:\/\/www.facebook.com\/La-Tienda-de-Sami-106767417920851","https:\/\/x.com\/SamiSuministros","https:\/\/www.instagram.com\/samisuministros"]}]},"og_availability":"out of stock","product_availability":"out of stock","product_retailer_item_id":"bacalao-20-30-entero-salado-faroe","product_condition":"new"},"_links":{"self":[{"href":"https:\/\/latiendadesami.com\/pt-pt\/wp-json\/wp\/v2\/product\/12168","targetHints":{"allow":["GET"]}}],"collection":[{"href":"https:\/\/latiendadesami.com\/pt-pt\/wp-json\/wp\/v2\/product"}],"about":[{"href":"https:\/\/latiendadesami.com\/pt-pt\/wp-json\/wp\/v2\/types\/product"}],"wp:featuredmedia":[{"embeddable":true,"href":"https:\/\/latiendadesami.com\/pt-pt\/wp-json\/wp\/v2\/media\/22087"}],"wp:attachment":[{"href":"https:\/\/latiendadesami.com\/pt-pt\/wp-json\/wp\/v2\/media?parent=12168"}],"wp:term":[{"taxonomy":"product_brand","embeddable":true,"href":"https:\/\/latiendadesami.com\/pt-pt\/wp-json\/wp\/v2\/product_brand?post=12168"},{"taxonomy":"product_cat","embeddable":true,"href":"https:\/\/latiendadesami.com\/pt-pt\/wp-json\/wp\/v2\/product_cat?post=12168"},{"taxonomy":"product_tag","embeddable":true,"href":"https:\/\/latiendadesami.com\/pt-pt\/wp-json\/wp\/v2\/product_tag?post=12168"}],"curies":[{"name":"wp","href":"https:\/\/api.w.org\/{rel}","templated":true}]}}