{"id":12185,"date":"2022-06-23T12:47:22","date_gmt":"2022-06-23T10:47:22","guid":{"rendered":"https:\/\/latiendadesami.com\/producto\/queijo-de-ovelha-com-oleo-250-gr-el-gran-cardenal\/"},"modified":"2022-08-23T09:56:54","modified_gmt":"2022-08-23T07:56:54","slug":"queijo-de-ovelha-com-oleo-250-gr-el-gran-cardenal","status":"publish","type":"product","link":"https:\/\/latiendadesami.com\/pt-pt\/producto\/queijo-de-ovelha-com-oleo-250-gr-el-gran-cardenal\/","title":{"rendered":"Queijo de Ovelha com \u00d3leo 250 gr El Gran Cardenal"},"content":{"rendered":"<div class=\"et_pb_blurb_container\">\n<div class=\"et_pb_blurb_container\">\n<h4 class=\"et_pb_module_header\">Ovelhas com \u00f3leo<\/h4>\n<div class=\"et_pb_blurb_description\">O nosso queijo de ovelha castelhano, vencedor de 4 Medalhas Internacionais de Ouro, juntamente com um dos tesouros da dieta mediterr\u00e2nica, o azeite.<br \/>\nPara isso usamos o nosso pr\u00f3prio azeite, que prov\u00e9m de oliveiras centen\u00e1rias cultivadas nas terras que San Isidro cultivou juntamente com a sua esposa&#8230;<\/div>\n<\/div>\n<\/div>\n","protected":false},"excerpt":{"rendered":"<p>Ovelhas com \u00f3leo O nosso queijo de ovelha castelhano, vencedor de 4 Medalhas Internacionais de Ouro, juntamente com um dos tesouros da dieta mediterr\u00e2nica, o azeite. Para isso usamos o nosso pr\u00f3prio azeite, que prov\u00e9m de oliveiras centen\u00e1rias cultivadas nas terras que San Isidro cultivou juntamente com a sua esposa&#8230;<\/p>\n","protected":false},"featured_media":11523,"template":"","meta":{"_et_pb_use_builder":"","_et_pb_old_content":"","_et_gb_content_width":""},"product_brand":[892],"product_cat":[459,396,386],"product_tag":[],"class_list":{"0":"post-12185","1":"product","2":"type-product","3":"status-publish","4":"has-post-thumbnail","6":"product_brand-el-gran-cardenal","7":"product_cat-cura","8":"product_cat-frio-pt-pt","9":"product_cat-queijo-e-salsicha","10":"product_shipping_class-envio-de-frio","12":"first","13":"instock","14":"taxable","15":"shipping-taxable","16":"purchasable","17":"product-type-variable"},"yoast_head":"<!-- This site is optimized with the Yoast SEO plugin v27.3 - https:\/\/yoast.com\/product\/yoast-seo-wordpress\/ -->\n<title>Queijo de Ovelha com \u00d3leo 250 gr El Gran Cardenal - La Tienda de Sami<\/title>\n<meta name=\"description\" content=\"Ovelhas com azeite O nosso queijo de ovelha castelhano, vencedor de 4 medalhas internacionais de ouro, juntamente com um dos tesouros da dieta mediterr\u00e2nica, o azeite, utilizamos o nosso pr\u00f3prio azeite, proveniente de oliveiras centen\u00e1rias cultivadas nas terras que San Isidro cultivou juntamente com a sua esposa...\" \/>\n<meta name=\"robots\" content=\"index, follow, max-snippet:-1, max-image-preview:large, max-video-preview:-1\" \/>\n<link rel=\"canonical\" href=\"https:\/\/latiendadesami.com\/producto\/queso-oveja-aceite-250-gr-el-gran-cardenal\/\" \/>\n<meta property=\"og:locale\" content=\"pt_PT\" \/>\n<meta property=\"og:type\" content=\"article\" \/>\n<meta property=\"og:title\" content=\"Queijo de Ovelha com \u00d3leo 250 gr El Gran Cardenal - La Tienda de Sami\" \/>\n<meta property=\"og:description\" content=\"Ovelhas com azeite O nosso queijo de ovelha castelhano, vencedor de 4 medalhas internacionais de ouro, juntamente com um dos tesouros da dieta mediterr\u00e2nica, o azeite, utilizamos o nosso pr\u00f3prio azeite, proveniente de oliveiras centen\u00e1rias cultivadas nas terras que San Isidro cultivou juntamente com a sua esposa...\" \/>\n<meta property=\"og:url\" content=\"https:\/\/latiendadesami.com\/producto\/queso-oveja-aceite-250-gr-el-gran-cardenal\/\" \/>\n<meta property=\"og:site_name\" content=\"La Tienda de Sami\" \/>\n<meta property=\"article:publisher\" content=\"https:\/\/www.facebook.com\/La-Tienda-de-Sami-106767417920851\" \/>\n<meta property=\"article:modified_time\" content=\"2022-08-23T07:56:54+00:00\" \/>\n<meta property=\"og:image\" content=\"https:\/\/latiendadesami.com\/wp-content\/uploads\/2022\/06\/EL-GRAN-CARDENAL-OVEJA-ACEITE-CUNA.jpg\" \/>\n\t<meta property=\"og:image:width\" content=\"750\" \/>\n\t<meta property=\"og:image:height\" content=\"500\" \/>\n\t<meta property=\"og:image:type\" content=\"image\/jpeg\" \/>\n<meta name=\"twitter:card\" content=\"summary_large_image\" \/>\n<meta name=\"twitter:site\" content=\"@SamiSuministros\" \/>\n<meta name=\"twitter:label1\" content=\"Disponibilidade\" \/>\n\t<meta name=\"twitter:data1\" content=\"Em stock\" \/>\n<script type=\"application\/ld+json\" class=\"yoast-schema-graph\">{\"@context\":\"https:\\\/\\\/schema.org\",\"@graph\":[{\"@type\":\"WebPage\",\"@id\":\"https:\\\/\\\/latiendadesami.com\\\/producto\\\/queso-oveja-aceite-250-gr-el-gran-cardenal\\\/\",\"url\":\"https:\\\/\\\/latiendadesami.com\\\/producto\\\/queso-oveja-aceite-250-gr-el-gran-cardenal\\\/\",\"name\":\"Queijo de Ovelha com \u00d3leo 250 gr El Gran Cardenal - La Tienda de Sami\",\"isPartOf\":{\"@id\":\"https:\\\/\\\/latiendadesami.com\\\/#website\"},\"primaryImageOfPage\":{\"@id\":\"https:\\\/\\\/latiendadesami.com\\\/producto\\\/queso-oveja-aceite-250-gr-el-gran-cardenal\\\/#primaryimage\"},\"image\":{\"@id\":\"https:\\\/\\\/latiendadesami.com\\\/producto\\\/queso-oveja-aceite-250-gr-el-gran-cardenal\\\/#primaryimage\"},\"thumbnailUrl\":\"https:\\\/\\\/latiendadesami.com\\\/wp-content\\\/uploads\\\/2022\\\/06\\\/EL-GRAN-CARDENAL-OVEJA-ACEITE-CUNA.jpg\",\"datePublished\":\"2022-06-23T10:47:22+00:00\",\"dateModified\":\"2022-08-23T07:56:54+00:00\",\"description\":\"Ovelhas com azeite O nosso queijo de ovelha castelhano, vencedor de 4 medalhas internacionais de ouro, juntamente com um dos tesouros da dieta mediterr\u00e2nica, o azeite, utilizamos o nosso pr\u00f3prio azeite, proveniente de oliveiras centen\u00e1rias cultivadas nas terras que San Isidro cultivou juntamente com a sua esposa...\",\"breadcrumb\":{\"@id\":\"https:\\\/\\\/latiendadesami.com\\\/producto\\\/queso-oveja-aceite-250-gr-el-gran-cardenal\\\/#breadcrumb\"},\"inLanguage\":\"pt-PT\",\"potentialAction\":[{\"@type\":\"ReadAction\",\"target\":[\"https:\\\/\\\/latiendadesami.com\\\/producto\\\/queso-oveja-aceite-250-gr-el-gran-cardenal\\\/\"]}]},{\"@type\":\"ImageObject\",\"inLanguage\":\"pt-PT\",\"@id\":\"https:\\\/\\\/latiendadesami.com\\\/producto\\\/queso-oveja-aceite-250-gr-el-gran-cardenal\\\/#primaryimage\",\"url\":\"https:\\\/\\\/latiendadesami.com\\\/wp-content\\\/uploads\\\/2022\\\/06\\\/EL-GRAN-CARDENAL-OVEJA-ACEITE-CUNA.jpg\",\"contentUrl\":\"https:\\\/\\\/latiendadesami.com\\\/wp-content\\\/uploads\\\/2022\\\/06\\\/EL-GRAN-CARDENAL-OVEJA-ACEITE-CUNA.jpg\",\"width\":750,\"height\":500,\"caption\":\"QUESO EL GRAN CARDENAL OVEJA ACEITE CU\u00d1A\"},{\"@type\":\"BreadcrumbList\",\"@id\":\"https:\\\/\\\/latiendadesami.com\\\/producto\\\/queso-oveja-aceite-250-gr-el-gran-cardenal\\\/#breadcrumb\",\"itemListElement\":[{\"@type\":\"ListItem\",\"position\":1,\"name\":\"P\u00e1gina inicial\",\"item\":\"https:\\\/\\\/latiendadesami.com\\\/pt-pt\\\/\"},{\"@type\":\"ListItem\",\"position\":2,\"name\":\"Shop\",\"item\":\"https:\\\/\\\/latiendadesami.com\\\/pt-pt\\\/\"},{\"@type\":\"ListItem\",\"position\":3,\"name\":\"Queijo e Salsicha\",\"item\":\"https:\\\/\\\/latiendadesami.com\\\/pt-pt\\\/categoria-producto\\\/queijo-e-salsicha\\\/\"},{\"@type\":\"ListItem\",\"position\":4,\"name\":\"Cura\",\"item\":\"https:\\\/\\\/latiendadesami.com\\\/pt-pt\\\/categoria-producto\\\/cura\\\/\"},{\"@type\":\"ListItem\",\"position\":5,\"name\":\"Queijo de Ovelha com \u00d3leo 250 gr El Gran Cardenal\"}]},{\"@type\":\"WebSite\",\"@id\":\"https:\\\/\\\/latiendadesami.com\\\/#website\",\"url\":\"https:\\\/\\\/latiendadesami.com\\\/\",\"name\":\"La Tienda de Sami\",\"description\":\"Conservas, azeitonas, vinho, azeite, queijos\",\"publisher\":{\"@id\":\"https:\\\/\\\/latiendadesami.com\\\/#organization\"},\"potentialAction\":[{\"@type\":\"SearchAction\",\"target\":{\"@type\":\"EntryPoint\",\"urlTemplate\":\"https:\\\/\\\/latiendadesami.com\\\/?s={search_term_string}\"},\"query-input\":{\"@type\":\"PropertyValueSpecification\",\"valueRequired\":true,\"valueName\":\"search_term_string\"}}],\"inLanguage\":\"pt-PT\"},{\"@type\":\"Organization\",\"@id\":\"https:\\\/\\\/latiendadesami.com\\\/#organization\",\"name\":\"La Tienda de Sami\",\"url\":\"https:\\\/\\\/latiendadesami.com\\\/\",\"logo\":{\"@type\":\"ImageObject\",\"inLanguage\":\"pt-PT\",\"@id\":\"https:\\\/\\\/latiendadesami.com\\\/#\\\/schema\\\/logo\\\/image\\\/\",\"url\":\"https:\\\/\\\/latiendadesami.com\\\/wp-content\\\/uploads\\\/2020\\\/11\\\/0012222-1.jpg\",\"contentUrl\":\"https:\\\/\\\/latiendadesami.com\\\/wp-content\\\/uploads\\\/2020\\\/11\\\/0012222-1.jpg\",\"width\":250,\"height\":72,\"caption\":\"La Tienda de Sami\"},\"image\":{\"@id\":\"https:\\\/\\\/latiendadesami.com\\\/#\\\/schema\\\/logo\\\/image\\\/\"},\"sameAs\":[\"https:\\\/\\\/www.facebook.com\\\/La-Tienda-de-Sami-106767417920851\",\"https:\\\/\\\/x.com\\\/SamiSuministros\",\"https:\\\/\\\/www.instagram.com\\\/samisuministros\"]}]}<\/script>\n<meta property=\"og:availability\" content=\"instock\" \/>\n<meta property=\"product:availability\" content=\"instock\" \/>\n<meta property=\"product:retailer_item_id\" content=\"queso-oveja-con-aceite-gran-cardenal\" \/>\n<meta property=\"product:condition\" content=\"new\" \/>\n<!-- \/ Yoast SEO plugin. -->","yoast_head_json":{"title":"Queijo de Ovelha com \u00d3leo 250 gr El Gran Cardenal - La Tienda de Sami","description":"Ovelhas com azeite O nosso queijo de ovelha castelhano, vencedor de 4 medalhas internacionais de ouro, juntamente com um dos tesouros da dieta mediterr\u00e2nica, o azeite, utilizamos o nosso pr\u00f3prio azeite, proveniente de oliveiras centen\u00e1rias cultivadas nas terras que San Isidro cultivou juntamente com a sua esposa...","robots":{"index":"index","follow":"follow","max-snippet":"max-snippet:-1","max-image-preview":"max-image-preview:large","max-video-preview":"max-video-preview:-1"},"canonical":"https:\/\/latiendadesami.com\/producto\/queso-oveja-aceite-250-gr-el-gran-cardenal\/","og_locale":"pt_PT","og_type":"article","og_title":"Queijo de Ovelha com \u00d3leo 250 gr El Gran Cardenal - La Tienda de Sami","og_description":"Ovelhas com azeite O nosso queijo de ovelha castelhano, vencedor de 4 medalhas internacionais de ouro, juntamente com um dos tesouros da dieta mediterr\u00e2nica, o azeite, utilizamos o nosso pr\u00f3prio azeite, proveniente de oliveiras centen\u00e1rias cultivadas nas terras que San Isidro cultivou juntamente com a sua esposa...","og_url":"https:\/\/latiendadesami.com\/producto\/queso-oveja-aceite-250-gr-el-gran-cardenal\/","og_site_name":"La Tienda de Sami","article_publisher":"https:\/\/www.facebook.com\/La-Tienda-de-Sami-106767417920851","article_modified_time":"2022-08-23T07:56:54+00:00","og_image":[{"width":750,"height":500,"url":"https:\/\/latiendadesami.com\/wp-content\/uploads\/2022\/06\/EL-GRAN-CARDENAL-OVEJA-ACEITE-CUNA.jpg","type":"image\/jpeg"}],"twitter_card":"summary_large_image","twitter_site":"@SamiSuministros","twitter_misc":{"Disponibilidade":"Em stock"},"schema":{"@context":"https:\/\/schema.org","@graph":[{"@type":"WebPage","@id":"https:\/\/latiendadesami.com\/producto\/queso-oveja-aceite-250-gr-el-gran-cardenal\/","url":"https:\/\/latiendadesami.com\/producto\/queso-oveja-aceite-250-gr-el-gran-cardenal\/","name":"Queijo de Ovelha com \u00d3leo 250 gr El Gran Cardenal - La Tienda de Sami","isPartOf":{"@id":"https:\/\/latiendadesami.com\/#website"},"primaryImageOfPage":{"@id":"https:\/\/latiendadesami.com\/producto\/queso-oveja-aceite-250-gr-el-gran-cardenal\/#primaryimage"},"image":{"@id":"https:\/\/latiendadesami.com\/producto\/queso-oveja-aceite-250-gr-el-gran-cardenal\/#primaryimage"},"thumbnailUrl":"https:\/\/latiendadesami.com\/wp-content\/uploads\/2022\/06\/EL-GRAN-CARDENAL-OVEJA-ACEITE-CUNA.jpg","datePublished":"2022-06-23T10:47:22+00:00","dateModified":"2022-08-23T07:56:54+00:00","description":"Ovelhas com azeite O nosso queijo de ovelha castelhano, vencedor de 4 medalhas internacionais de ouro, juntamente com um dos tesouros da dieta mediterr\u00e2nica, o azeite, utilizamos o nosso pr\u00f3prio azeite, proveniente de oliveiras centen\u00e1rias cultivadas nas terras que San Isidro cultivou juntamente com a sua esposa...","breadcrumb":{"@id":"https:\/\/latiendadesami.com\/producto\/queso-oveja-aceite-250-gr-el-gran-cardenal\/#breadcrumb"},"inLanguage":"pt-PT","potentialAction":[{"@type":"ReadAction","target":["https:\/\/latiendadesami.com\/producto\/queso-oveja-aceite-250-gr-el-gran-cardenal\/"]}]},{"@type":"ImageObject","inLanguage":"pt-PT","@id":"https:\/\/latiendadesami.com\/producto\/queso-oveja-aceite-250-gr-el-gran-cardenal\/#primaryimage","url":"https:\/\/latiendadesami.com\/wp-content\/uploads\/2022\/06\/EL-GRAN-CARDENAL-OVEJA-ACEITE-CUNA.jpg","contentUrl":"https:\/\/latiendadesami.com\/wp-content\/uploads\/2022\/06\/EL-GRAN-CARDENAL-OVEJA-ACEITE-CUNA.jpg","width":750,"height":500,"caption":"QUESO EL GRAN CARDENAL OVEJA ACEITE CU\u00d1A"},{"@type":"BreadcrumbList","@id":"https:\/\/latiendadesami.com\/producto\/queso-oveja-aceite-250-gr-el-gran-cardenal\/#breadcrumb","itemListElement":[{"@type":"ListItem","position":1,"name":"P\u00e1gina inicial","item":"https:\/\/latiendadesami.com\/pt-pt\/"},{"@type":"ListItem","position":2,"name":"Shop","item":"https:\/\/latiendadesami.com\/pt-pt\/"},{"@type":"ListItem","position":3,"name":"Queijo e Salsicha","item":"https:\/\/latiendadesami.com\/pt-pt\/categoria-producto\/queijo-e-salsicha\/"},{"@type":"ListItem","position":4,"name":"Cura","item":"https:\/\/latiendadesami.com\/pt-pt\/categoria-producto\/cura\/"},{"@type":"ListItem","position":5,"name":"Queijo de Ovelha com \u00d3leo 250 gr El Gran Cardenal"}]},{"@type":"WebSite","@id":"https:\/\/latiendadesami.com\/#website","url":"https:\/\/latiendadesami.com\/","name":"La Tienda de Sami","description":"Conservas, azeitonas, vinho, azeite, queijos","publisher":{"@id":"https:\/\/latiendadesami.com\/#organization"},"potentialAction":[{"@type":"SearchAction","target":{"@type":"EntryPoint","urlTemplate":"https:\/\/latiendadesami.com\/?s={search_term_string}"},"query-input":{"@type":"PropertyValueSpecification","valueRequired":true,"valueName":"search_term_string"}}],"inLanguage":"pt-PT"},{"@type":"Organization","@id":"https:\/\/latiendadesami.com\/#organization","name":"La Tienda de Sami","url":"https:\/\/latiendadesami.com\/","logo":{"@type":"ImageObject","inLanguage":"pt-PT","@id":"https:\/\/latiendadesami.com\/#\/schema\/logo\/image\/","url":"https:\/\/latiendadesami.com\/wp-content\/uploads\/2020\/11\/0012222-1.jpg","contentUrl":"https:\/\/latiendadesami.com\/wp-content\/uploads\/2020\/11\/0012222-1.jpg","width":250,"height":72,"caption":"La Tienda de Sami"},"image":{"@id":"https:\/\/latiendadesami.com\/#\/schema\/logo\/image\/"},"sameAs":["https:\/\/www.facebook.com\/La-Tienda-de-Sami-106767417920851","https:\/\/x.com\/SamiSuministros","https:\/\/www.instagram.com\/samisuministros"]}]},"og_availability":"instock","product_availability":"instock","product_retailer_item_id":"queso-oveja-con-aceite-gran-cardenal","product_condition":"new"},"_links":{"self":[{"href":"https:\/\/latiendadesami.com\/pt-pt\/wp-json\/wp\/v2\/product\/12185","targetHints":{"allow":["GET"]}}],"collection":[{"href":"https:\/\/latiendadesami.com\/pt-pt\/wp-json\/wp\/v2\/product"}],"about":[{"href":"https:\/\/latiendadesami.com\/pt-pt\/wp-json\/wp\/v2\/types\/product"}],"wp:featuredmedia":[{"embeddable":true,"href":"https:\/\/latiendadesami.com\/pt-pt\/wp-json\/wp\/v2\/media\/11523"}],"wp:attachment":[{"href":"https:\/\/latiendadesami.com\/pt-pt\/wp-json\/wp\/v2\/media?parent=12185"}],"wp:term":[{"taxonomy":"product_brand","embeddable":true,"href":"https:\/\/latiendadesami.com\/pt-pt\/wp-json\/wp\/v2\/product_brand?post=12185"},{"taxonomy":"product_cat","embeddable":true,"href":"https:\/\/latiendadesami.com\/pt-pt\/wp-json\/wp\/v2\/product_cat?post=12185"},{"taxonomy":"product_tag","embeddable":true,"href":"https:\/\/latiendadesami.com\/pt-pt\/wp-json\/wp\/v2\/product_tag?post=12185"}],"curies":[{"name":"wp","href":"https:\/\/api.w.org\/{rel}","templated":true}]}}