{"id":12191,"date":"2022-04-20T10:32:42","date_gmt":"2022-04-20T08:32:42","guid":{"rendered":"https:\/\/latiendadesami.com\/producto\/anchovas-cantabricas-170-gr\/"},"modified":"2022-08-23T09:56:55","modified_gmt":"2022-08-23T07:56:55","slug":"anchovas-cantabricas-170-gr","status":"publish","type":"product","link":"https:\/\/latiendadesami.com\/pt-pt\/producto\/anchovas-cantabricas-170-gr\/","title":{"rendered":"Anchovas cant\u00e1bricas 170 gr"},"content":{"rendered":"<p>As anchovas cant\u00e1bricas s\u00e3o as mais apreciadas e valorizadas no mercado, destacando-se pela sua textura fina e sabor intenso. Os Anchovas Arroyabe Cantabrian s\u00e3o de qualidade superior, apenas capturados no Mar Cant\u00e1brico, da esp\u00e9cie &#8220;Engraulis Encrasicholus&#8221;, e produzidos utilizando m\u00e9todos tradicionais.<\/p>\n<p>Existem dois tipos de anchovas semi-preservadas: filetes de anchovas em \u00f3leo e anchovas salgadas. As anchovas salgadas s\u00e3o embaladas em latas com sal durante a esta\u00e7\u00e3o costeira da Primavera e depois deixadas a amadurecer durante 9 meses. S\u00e3o a melhor solu\u00e7\u00e3o para quem quer preparar anchovas ao seu pr\u00f3prio gosto e pode comprar anchovas salgadas em latas de 2,5, 5 e 10 quilos.<\/p>\n<p>Os filetes de anchovas em azeite t\u00eam a vantagem adicional de, ap\u00f3s a matura\u00e7\u00e3o, serem limpos e filetados \u00e0 m\u00e3o, seguindo t\u00e9cnicas tradicionais de processamento de anchovas.<\/p>\n","protected":false},"excerpt":{"rendered":"<p>As anchovas cant\u00e1bricas s\u00e3o as mais apreciadas e valorizadas no mercado, destacando-se pela sua textura fina e sabor intenso. Os Anchovas Arroyabe Cantabrian s\u00e3o de qualidade superior, apenas capturados no Mar Cant\u00e1brico, da esp\u00e9cie &#8220;Engraulis Encrasicholus&#8221;, e produzidos utilizando m\u00e9todos tradicionais. Existem dois tipos de anchovas semi-preservadas: filetes de anchovas em \u00f3leo e anchovas salgadas. [&hellip;]<\/p>\n","protected":false},"featured_media":11471,"template":"","meta":{"_et_pb_use_builder":"","_et_pb_old_content":"","_et_gb_content_width":""},"product_brand":[],"product_cat":[],"product_tag":[],"class_list":{"0":"post-12191","1":"product","2":"type-product","3":"status-publish","4":"has-post-thumbnail","7":"first","8":"outofstock","9":"sale","10":"featured","11":"taxable","12":"shipping-taxable","13":"purchasable","14":"product-type-simple"},"yoast_head":"<!-- This site is optimized with the Yoast SEO plugin v27.3 - https:\/\/yoast.com\/product\/yoast-seo-wordpress\/ -->\n<title>Anchovas cant\u00e1bricas 170 gr - La Tienda de Sami<\/title>\n<meta name=\"description\" content=\"As anchovas cant\u00e1bricas s\u00e3o as mais apreciadas e valorizadas no mercado, destacando-se pela sua textura fina e sabor intenso. Os Anchovas Arroyabe Cantabrian s\u00e3o de qualidade superior, capturados apenas no Mar Cant\u00e1brico, da esp\u00e9cie &quot;Engraulis Encrasicholus&quot;, e produzidos de forma tradicional. Existem dois tipos de anchovas semi-preservadas: filetes de anchovas em \u00f3leo e anchovas salgadas. As anchovas salgadas s\u00e3o embaladas em latas com sal durante a esta\u00e7\u00e3o costeira da Primavera e depois deixadas a amadurecer durante 9 meses. S\u00e3o a melhor solu\u00e7\u00e3o para quem quer preparar anchovas ao seu pr\u00f3prio gosto e pode comprar anchovas salgadas em latas de 2,5, 5 e 10 quilos. Os filetes de anchovas em azeite t\u00eam a vantagem adicional de, ap\u00f3s a matura\u00e7\u00e3o, serem limpos e filetados \u00e0 m\u00e3o, seguindo t\u00e9cnicas tradicionais de processamento de anchovas.\" \/>\n<meta name=\"robots\" content=\"index, follow, max-snippet:-1, max-image-preview:large, max-video-preview:-1\" \/>\n<link rel=\"canonical\" href=\"https:\/\/latiendadesami.com\/pt-pt\/producto\/anchovas-cantabricas-170-gr\/\" \/>\n<meta property=\"og:locale\" content=\"pt_PT\" \/>\n<meta property=\"og:type\" content=\"article\" \/>\n<meta property=\"og:title\" content=\"Anchovas cant\u00e1bricas 170 gr - La Tienda de Sami\" \/>\n<meta property=\"og:description\" content=\"As anchovas cant\u00e1bricas s\u00e3o as mais apreciadas e valorizadas no mercado, destacando-se pela sua textura fina e sabor intenso. Os Anchovas Arroyabe Cantabrian s\u00e3o de qualidade superior, capturados apenas no Mar Cant\u00e1brico, da esp\u00e9cie &quot;Engraulis Encrasicholus&quot;, e produzidos de forma tradicional. Existem dois tipos de anchovas semi-preservadas: filetes de anchovas em \u00f3leo e anchovas salgadas. As anchovas salgadas s\u00e3o embaladas em latas com sal durante a esta\u00e7\u00e3o costeira da Primavera e depois deixadas a amadurecer durante 9 meses. S\u00e3o a melhor solu\u00e7\u00e3o para quem quer preparar anchovas ao seu pr\u00f3prio gosto e pode comprar anchovas salgadas em latas de 2,5, 5 e 10 quilos. Os filetes de anchovas em azeite t\u00eam a vantagem adicional de, ap\u00f3s a matura\u00e7\u00e3o, serem limpos e filetados \u00e0 m\u00e3o, seguindo t\u00e9cnicas tradicionais de processamento de anchovas.\" \/>\n<meta property=\"og:url\" content=\"https:\/\/latiendadesami.com\/pt-pt\/producto\/anchovas-cantabricas-170-gr\/\" \/>\n<meta property=\"og:site_name\" content=\"La Tienda de Sami\" \/>\n<meta property=\"article:publisher\" content=\"https:\/\/www.facebook.com\/La-Tienda-de-Sami-106767417920851\" \/>\n<meta property=\"article:modified_time\" content=\"2022-08-23T07:56:55+00:00\" \/>\n<meta property=\"og:image\" content=\"https:\/\/latiendadesami.com\/wp-content\/uploads\/2022\/04\/anchoas-del-cantabrico-170-gr-rotated.jpg\" \/>\n\t<meta property=\"og:image:width\" content=\"750\" \/>\n\t<meta property=\"og:image:height\" content=\"750\" \/>\n\t<meta property=\"og:image:type\" content=\"image\/jpeg\" \/>\n<meta name=\"twitter:card\" content=\"summary_large_image\" \/>\n<meta name=\"twitter:site\" content=\"@SamiSuministros\" \/>\n<meta name=\"twitter:label1\" content=\"pre\u00e7o\" \/>\n\t<meta name=\"twitter:data1\" content=\"4,75&nbsp;&euro;\" \/>\n\t<meta name=\"twitter:label2\" content=\"Disponibilidade\" \/>\n\t<meta name=\"twitter:data2\" content=\"Esgotado\" \/>\n<script type=\"application\/ld+json\" class=\"yoast-schema-graph\">{\"@context\":\"https:\\\/\\\/schema.org\",\"@graph\":[{\"@type\":\"WebPage\",\"@id\":\"https:\\\/\\\/latiendadesami.com\\\/pt-pt\\\/producto\\\/anchovas-cantabricas-170-gr\\\/\",\"url\":\"https:\\\/\\\/latiendadesami.com\\\/pt-pt\\\/producto\\\/anchovas-cantabricas-170-gr\\\/\",\"name\":\"Anchovas cant\u00e1bricas 170 gr - La Tienda de Sami\",\"isPartOf\":{\"@id\":\"https:\\\/\\\/latiendadesami.com\\\/#website\"},\"primaryImageOfPage\":{\"@id\":\"https:\\\/\\\/latiendadesami.com\\\/pt-pt\\\/producto\\\/anchovas-cantabricas-170-gr\\\/#primaryimage\"},\"image\":{\"@id\":\"https:\\\/\\\/latiendadesami.com\\\/pt-pt\\\/producto\\\/anchovas-cantabricas-170-gr\\\/#primaryimage\"},\"thumbnailUrl\":\"https:\\\/\\\/latiendadesami.com\\\/wp-content\\\/uploads\\\/2022\\\/04\\\/anchoas-del-cantabrico-170-gr-rotated.jpg\",\"datePublished\":\"2022-04-20T08:32:42+00:00\",\"dateModified\":\"2022-08-23T07:56:55+00:00\",\"description\":\"As anchovas cant\u00e1bricas s\u00e3o as mais apreciadas e valorizadas no mercado, destacando-se pela sua textura fina e sabor intenso. Os Anchovas Arroyabe Cantabrian s\u00e3o de qualidade superior, capturados apenas no Mar Cant\u00e1brico, da esp\u00e9cie \\\"Engraulis Encrasicholus\\\", e produzidos de forma tradicional. Existem dois tipos de anchovas semi-preservadas: filetes de anchovas em \u00f3leo e anchovas salgadas. As anchovas salgadas s\u00e3o embaladas em latas com sal durante a esta\u00e7\u00e3o costeira da Primavera e depois deixadas a amadurecer durante 9 meses. S\u00e3o a melhor solu\u00e7\u00e3o para quem quer preparar anchovas ao seu pr\u00f3prio gosto e pode comprar anchovas salgadas em latas de 2,5, 5 e 10 quilos. Os filetes de anchovas em azeite t\u00eam a vantagem adicional de, ap\u00f3s a matura\u00e7\u00e3o, serem limpos e filetados \u00e0 m\u00e3o, seguindo t\u00e9cnicas tradicionais de processamento de anchovas.\",\"breadcrumb\":{\"@id\":\"https:\\\/\\\/latiendadesami.com\\\/pt-pt\\\/producto\\\/anchovas-cantabricas-170-gr\\\/#breadcrumb\"},\"inLanguage\":\"pt-PT\",\"potentialAction\":[{\"@type\":\"ReadAction\",\"target\":[\"https:\\\/\\\/latiendadesami.com\\\/pt-pt\\\/producto\\\/anchovas-cantabricas-170-gr\\\/\"]}]},{\"@type\":\"ImageObject\",\"inLanguage\":\"pt-PT\",\"@id\":\"https:\\\/\\\/latiendadesami.com\\\/pt-pt\\\/producto\\\/anchovas-cantabricas-170-gr\\\/#primaryimage\",\"url\":\"https:\\\/\\\/latiendadesami.com\\\/wp-content\\\/uploads\\\/2022\\\/04\\\/anchoas-del-cantabrico-170-gr-rotated.jpg\",\"contentUrl\":\"https:\\\/\\\/latiendadesami.com\\\/wp-content\\\/uploads\\\/2022\\\/04\\\/anchoas-del-cantabrico-170-gr-rotated.jpg\",\"width\":750,\"height\":750},{\"@type\":\"BreadcrumbList\",\"@id\":\"https:\\\/\\\/latiendadesami.com\\\/pt-pt\\\/producto\\\/anchovas-cantabricas-170-gr\\\/#breadcrumb\",\"itemListElement\":[{\"@type\":\"ListItem\",\"position\":1,\"name\":\"P\u00e1gina inicial\",\"item\":\"https:\\\/\\\/latiendadesami.com\\\/pt-pt\\\/\"},{\"@type\":\"ListItem\",\"position\":2,\"name\":\"Shop\",\"item\":\"https:\\\/\\\/latiendadesami.com\\\/pt-pt\\\/\"},{\"@type\":\"ListItem\",\"position\":3,\"name\":\"Fr\u00edo\",\"item\":\"https:\\\/\\\/latiendadesami.com\\\/categoria-producto\\\/frio\\\/\"},{\"@type\":\"ListItem\",\"position\":4,\"name\":\"Anchovas cant\u00e1bricas 170 gr\"}]},{\"@type\":\"WebSite\",\"@id\":\"https:\\\/\\\/latiendadesami.com\\\/#website\",\"url\":\"https:\\\/\\\/latiendadesami.com\\\/\",\"name\":\"La Tienda de Sami\",\"description\":\"Conservas, azeitonas, vinho, azeite, queijos\",\"publisher\":{\"@id\":\"https:\\\/\\\/latiendadesami.com\\\/#organization\"},\"potentialAction\":[{\"@type\":\"SearchAction\",\"target\":{\"@type\":\"EntryPoint\",\"urlTemplate\":\"https:\\\/\\\/latiendadesami.com\\\/?s={search_term_string}\"},\"query-input\":{\"@type\":\"PropertyValueSpecification\",\"valueRequired\":true,\"valueName\":\"search_term_string\"}}],\"inLanguage\":\"pt-PT\"},{\"@type\":\"Organization\",\"@id\":\"https:\\\/\\\/latiendadesami.com\\\/#organization\",\"name\":\"La Tienda de Sami\",\"url\":\"https:\\\/\\\/latiendadesami.com\\\/\",\"logo\":{\"@type\":\"ImageObject\",\"inLanguage\":\"pt-PT\",\"@id\":\"https:\\\/\\\/latiendadesami.com\\\/#\\\/schema\\\/logo\\\/image\\\/\",\"url\":\"https:\\\/\\\/latiendadesami.com\\\/wp-content\\\/uploads\\\/2020\\\/11\\\/0012222-1.jpg\",\"contentUrl\":\"https:\\\/\\\/latiendadesami.com\\\/wp-content\\\/uploads\\\/2020\\\/11\\\/0012222-1.jpg\",\"width\":250,\"height\":72,\"caption\":\"La Tienda de Sami\"},\"image\":{\"@id\":\"https:\\\/\\\/latiendadesami.com\\\/#\\\/schema\\\/logo\\\/image\\\/\"},\"sameAs\":[\"https:\\\/\\\/www.facebook.com\\\/La-Tienda-de-Sami-106767417920851\",\"https:\\\/\\\/x.com\\\/SamiSuministros\",\"https:\\\/\\\/www.instagram.com\\\/samisuministros\"]}]}<\/script>\n<meta property=\"product:price:amount\" content=\"4.75\" \/>\n<meta property=\"product:price:currency\" content=\"EUR\" \/>\n<meta property=\"og:availability\" content=\"out of stock\" \/>\n<meta property=\"product:availability\" content=\"out of stock\" \/>\n<meta property=\"product:retailer_item_id\" content=\"anchoa-pequena-picar-1\" \/>\n<meta property=\"product:condition\" content=\"new\" \/>\n<!-- \/ Yoast SEO plugin. -->","yoast_head_json":{"title":"Anchovas cant\u00e1bricas 170 gr - La Tienda de Sami","description":"As anchovas cant\u00e1bricas s\u00e3o as mais apreciadas e valorizadas no mercado, destacando-se pela sua textura fina e sabor intenso. Os Anchovas Arroyabe Cantabrian s\u00e3o de qualidade superior, capturados apenas no Mar Cant\u00e1brico, da esp\u00e9cie \"Engraulis Encrasicholus\", e produzidos de forma tradicional. Existem dois tipos de anchovas semi-preservadas: filetes de anchovas em \u00f3leo e anchovas salgadas. As anchovas salgadas s\u00e3o embaladas em latas com sal durante a esta\u00e7\u00e3o costeira da Primavera e depois deixadas a amadurecer durante 9 meses. S\u00e3o a melhor solu\u00e7\u00e3o para quem quer preparar anchovas ao seu pr\u00f3prio gosto e pode comprar anchovas salgadas em latas de 2,5, 5 e 10 quilos. Os filetes de anchovas em azeite t\u00eam a vantagem adicional de, ap\u00f3s a matura\u00e7\u00e3o, serem limpos e filetados \u00e0 m\u00e3o, seguindo t\u00e9cnicas tradicionais de processamento de anchovas.","robots":{"index":"index","follow":"follow","max-snippet":"max-snippet:-1","max-image-preview":"max-image-preview:large","max-video-preview":"max-video-preview:-1"},"canonical":"https:\/\/latiendadesami.com\/pt-pt\/producto\/anchovas-cantabricas-170-gr\/","og_locale":"pt_PT","og_type":"article","og_title":"Anchovas cant\u00e1bricas 170 gr - La Tienda de Sami","og_description":"As anchovas cant\u00e1bricas s\u00e3o as mais apreciadas e valorizadas no mercado, destacando-se pela sua textura fina e sabor intenso. Os Anchovas Arroyabe Cantabrian s\u00e3o de qualidade superior, capturados apenas no Mar Cant\u00e1brico, da esp\u00e9cie \"Engraulis Encrasicholus\", e produzidos de forma tradicional. Existem dois tipos de anchovas semi-preservadas: filetes de anchovas em \u00f3leo e anchovas salgadas. As anchovas salgadas s\u00e3o embaladas em latas com sal durante a esta\u00e7\u00e3o costeira da Primavera e depois deixadas a amadurecer durante 9 meses. S\u00e3o a melhor solu\u00e7\u00e3o para quem quer preparar anchovas ao seu pr\u00f3prio gosto e pode comprar anchovas salgadas em latas de 2,5, 5 e 10 quilos. Os filetes de anchovas em azeite t\u00eam a vantagem adicional de, ap\u00f3s a matura\u00e7\u00e3o, serem limpos e filetados \u00e0 m\u00e3o, seguindo t\u00e9cnicas tradicionais de processamento de anchovas.","og_url":"https:\/\/latiendadesami.com\/pt-pt\/producto\/anchovas-cantabricas-170-gr\/","og_site_name":"La Tienda de Sami","article_publisher":"https:\/\/www.facebook.com\/La-Tienda-de-Sami-106767417920851","article_modified_time":"2022-08-23T07:56:55+00:00","og_image":[{"width":750,"height":750,"url":"https:\/\/latiendadesami.com\/wp-content\/uploads\/2022\/04\/anchoas-del-cantabrico-170-gr-rotated.jpg","type":"image\/jpeg"}],"twitter_card":"summary_large_image","twitter_site":"@SamiSuministros","twitter_misc":{"pre\u00e7o":"4,75&nbsp;&euro;","Disponibilidade":"Esgotado"},"schema":{"@context":"https:\/\/schema.org","@graph":[{"@type":"WebPage","@id":"https:\/\/latiendadesami.com\/pt-pt\/producto\/anchovas-cantabricas-170-gr\/","url":"https:\/\/latiendadesami.com\/pt-pt\/producto\/anchovas-cantabricas-170-gr\/","name":"Anchovas cant\u00e1bricas 170 gr - La Tienda de Sami","isPartOf":{"@id":"https:\/\/latiendadesami.com\/#website"},"primaryImageOfPage":{"@id":"https:\/\/latiendadesami.com\/pt-pt\/producto\/anchovas-cantabricas-170-gr\/#primaryimage"},"image":{"@id":"https:\/\/latiendadesami.com\/pt-pt\/producto\/anchovas-cantabricas-170-gr\/#primaryimage"},"thumbnailUrl":"https:\/\/latiendadesami.com\/wp-content\/uploads\/2022\/04\/anchoas-del-cantabrico-170-gr-rotated.jpg","datePublished":"2022-04-20T08:32:42+00:00","dateModified":"2022-08-23T07:56:55+00:00","description":"As anchovas cant\u00e1bricas s\u00e3o as mais apreciadas e valorizadas no mercado, destacando-se pela sua textura fina e sabor intenso. Os Anchovas Arroyabe Cantabrian s\u00e3o de qualidade superior, capturados apenas no Mar Cant\u00e1brico, da esp\u00e9cie \"Engraulis Encrasicholus\", e produzidos de forma tradicional. Existem dois tipos de anchovas semi-preservadas: filetes de anchovas em \u00f3leo e anchovas salgadas. As anchovas salgadas s\u00e3o embaladas em latas com sal durante a esta\u00e7\u00e3o costeira da Primavera e depois deixadas a amadurecer durante 9 meses. S\u00e3o a melhor solu\u00e7\u00e3o para quem quer preparar anchovas ao seu pr\u00f3prio gosto e pode comprar anchovas salgadas em latas de 2,5, 5 e 10 quilos. Os filetes de anchovas em azeite t\u00eam a vantagem adicional de, ap\u00f3s a matura\u00e7\u00e3o, serem limpos e filetados \u00e0 m\u00e3o, seguindo t\u00e9cnicas tradicionais de processamento de anchovas.","breadcrumb":{"@id":"https:\/\/latiendadesami.com\/pt-pt\/producto\/anchovas-cantabricas-170-gr\/#breadcrumb"},"inLanguage":"pt-PT","potentialAction":[{"@type":"ReadAction","target":["https:\/\/latiendadesami.com\/pt-pt\/producto\/anchovas-cantabricas-170-gr\/"]}]},{"@type":"ImageObject","inLanguage":"pt-PT","@id":"https:\/\/latiendadesami.com\/pt-pt\/producto\/anchovas-cantabricas-170-gr\/#primaryimage","url":"https:\/\/latiendadesami.com\/wp-content\/uploads\/2022\/04\/anchoas-del-cantabrico-170-gr-rotated.jpg","contentUrl":"https:\/\/latiendadesami.com\/wp-content\/uploads\/2022\/04\/anchoas-del-cantabrico-170-gr-rotated.jpg","width":750,"height":750},{"@type":"BreadcrumbList","@id":"https:\/\/latiendadesami.com\/pt-pt\/producto\/anchovas-cantabricas-170-gr\/#breadcrumb","itemListElement":[{"@type":"ListItem","position":1,"name":"P\u00e1gina inicial","item":"https:\/\/latiendadesami.com\/pt-pt\/"},{"@type":"ListItem","position":2,"name":"Shop","item":"https:\/\/latiendadesami.com\/pt-pt\/"},{"@type":"ListItem","position":3,"name":"Fr\u00edo","item":"https:\/\/latiendadesami.com\/categoria-producto\/frio\/"},{"@type":"ListItem","position":4,"name":"Anchovas cant\u00e1bricas 170 gr"}]},{"@type":"WebSite","@id":"https:\/\/latiendadesami.com\/#website","url":"https:\/\/latiendadesami.com\/","name":"La Tienda de Sami","description":"Conservas, azeitonas, vinho, azeite, queijos","publisher":{"@id":"https:\/\/latiendadesami.com\/#organization"},"potentialAction":[{"@type":"SearchAction","target":{"@type":"EntryPoint","urlTemplate":"https:\/\/latiendadesami.com\/?s={search_term_string}"},"query-input":{"@type":"PropertyValueSpecification","valueRequired":true,"valueName":"search_term_string"}}],"inLanguage":"pt-PT"},{"@type":"Organization","@id":"https:\/\/latiendadesami.com\/#organization","name":"La Tienda de Sami","url":"https:\/\/latiendadesami.com\/","logo":{"@type":"ImageObject","inLanguage":"pt-PT","@id":"https:\/\/latiendadesami.com\/#\/schema\/logo\/image\/","url":"https:\/\/latiendadesami.com\/wp-content\/uploads\/2020\/11\/0012222-1.jpg","contentUrl":"https:\/\/latiendadesami.com\/wp-content\/uploads\/2020\/11\/0012222-1.jpg","width":250,"height":72,"caption":"La Tienda de Sami"},"image":{"@id":"https:\/\/latiendadesami.com\/#\/schema\/logo\/image\/"},"sameAs":["https:\/\/www.facebook.com\/La-Tienda-de-Sami-106767417920851","https:\/\/x.com\/SamiSuministros","https:\/\/www.instagram.com\/samisuministros"]}]},"product_price_amount":"4.75","product_price_currency":"EUR","og_availability":"out of stock","product_availability":"out of stock","product_retailer_item_id":"anchoa-pequena-picar-1","product_condition":"new"},"_links":{"self":[{"href":"https:\/\/latiendadesami.com\/pt-pt\/wp-json\/wp\/v2\/product\/12191","targetHints":{"allow":["GET"]}}],"collection":[{"href":"https:\/\/latiendadesami.com\/pt-pt\/wp-json\/wp\/v2\/product"}],"about":[{"href":"https:\/\/latiendadesami.com\/pt-pt\/wp-json\/wp\/v2\/types\/product"}],"wp:featuredmedia":[{"embeddable":true,"href":"https:\/\/latiendadesami.com\/pt-pt\/wp-json\/wp\/v2\/media\/11471"}],"wp:attachment":[{"href":"https:\/\/latiendadesami.com\/pt-pt\/wp-json\/wp\/v2\/media?parent=12191"}],"wp:term":[{"taxonomy":"product_brand","embeddable":true,"href":"https:\/\/latiendadesami.com\/pt-pt\/wp-json\/wp\/v2\/product_brand?post=12191"},{"taxonomy":"product_cat","embeddable":true,"href":"https:\/\/latiendadesami.com\/pt-pt\/wp-json\/wp\/v2\/product_cat?post=12191"},{"taxonomy":"product_tag","embeddable":true,"href":"https:\/\/latiendadesami.com\/pt-pt\/wp-json\/wp\/v2\/product_tag?post=12191"}],"curies":[{"name":"wp","href":"https:\/\/api.w.org\/{rel}","templated":true}]}}