{"id":12195,"date":"2022-08-19T11:20:01","date_gmt":"2022-08-19T09:20:01","guid":{"rendered":"https:\/\/latiendadesami.com\/producto\/aroma-de-manzanila-azeitona-biqueirao-140-160-5-kg-drenado\/"},"modified":"2024-10-21T20:00:15","modified_gmt":"2024-10-21T18:00:15","slug":"aroma-de-manzanila-azeitona-biqueirao-140-160-5-kg-drenado","status":"publish","type":"product","link":"https:\/\/latiendadesami.com\/pt-pt\/producto\/aroma-de-manzanila-azeitona-biqueirao-140-160-5-kg-drenado\/","title":{"rendered":"Aroma de Manzanila Azeitona Biqueir\u00e3o 140-160 5 kg drenado"},"content":{"rendered":"<p>A azeitona manzanilla com sabor a anchova \u00e9 a azeitona mais popular no mercado. Altamente apreciados pelo seu bom gosto. \u00c9 utilizado principalmente como azeitona de mesa. De cor verde-amarelado, sem osso e de sabor suave. Amplamente utilizado como aperitivo e como fermento. Faz parte de receitas tais como pizzas, saladas ou pratos mais elaborados.<\/p>\n<p>Ingredientes: Azeitonas, \u00c1gua, Sal, Acidulante (E-330), Conservantes<br \/>\n(E-211, E-202, E-270) Antioxidante (E-300)<br \/>\nPode conter sulfitos.<\/p>\n<p>Manter em local fresco e seco, entre 3\u00baC e 10\u00baC.<\/p>\n<p>Proteger da luz solar e de odores fortes.<\/p>\n<p>Se quiser comprar azeitonas ou qualquer outro tipo de <a href=\"https:\/\/latiendadesami.com\/categoria-producto\/encurtidos\/\" rel=\"noopener\">pickle<\/a>, n\u00e3o hesite em consultar o nosso cat\u00e1logo online para ver a grande variedade de <a href=\"https:\/\/latiendadesami.com\/categoria-producto\/encurtidos\/berenjenas\/\">beringelas<\/a> que temos.<\/p>\n<p>A marca \u00e9 La Encajera, uma empresa familiar, fundada em 1990, localizada no cora\u00e7\u00e3o de La Mancha, na cidade de ALMAGRO, na prov\u00edncia de Ciudad Real.<\/p>\n<p>O processo de fabrico dos seus produtos come\u00e7a na mesma \u00e1rea de cultivo, seleccionando o produto de melhor qualidade.<\/p>\n<p>A f\u00e1brica est\u00e1 equipada com a tecnologia mais avan\u00e7ada, preservando ao mesmo tempo a tradi\u00e7\u00e3o e o know-how dos seus trabalhadores artesanais.<\/p>\n","protected":false},"excerpt":{"rendered":"<p>A azeitona manzanilla com sabor a anchova \u00e9 a azeitona mais popular no mercado. Altamente apreciados pelo seu bom gosto. \u00c9 utilizado principalmente como azeitona de mesa. De cor verde-amarelado, sem osso e de sabor suave. Amplamente utilizado como aperitivo e como fermento. Faz parte de receitas tais como pizzas, saladas ou pratos mais elaborados. [&hellip;]<\/p>\n","protected":false},"featured_media":11548,"template":"","meta":{"_et_pb_use_builder":"","_et_pb_old_content":"","_et_gb_content_width":""},"product_brand":[864],"product_cat":[338,337],"product_tag":[354,364],"class_list":{"0":"post-12195","1":"product","2":"type-product","3":"status-publish","4":"has-post-thumbnail","6":"product_brand-la-encajera","7":"product_cat-azeitonas","8":"product_cat-pickles","9":"product_tag-aubergine","10":"product_tag-preencher","11":"pa_cantidad-unidade-pt-pt","13":"first","14":"instock","15":"taxable","16":"shipping-taxable","17":"purchasable","18":"product-type-simple"},"yoast_head":"<!-- This site is optimized with the Yoast SEO plugin v27.3 - https:\/\/yoast.com\/product\/yoast-seo-wordpress\/ -->\n<title>Aroma de Manzanila Azeitona Biqueir\u00e3o 140-160 5 kg drenado - La Tienda de Sami<\/title>\n<meta name=\"description\" content=\"A azeitona manzanilla com sabor a anchova \u00e9 a azeitona mais popular no mercado. Altamente apreciados pelo seu bom gosto. \u00c9 utilizado principalmente como azeitona de mesa. De cor verde-amarelado, sem osso e de sabor suave. Amplamente utilizado como aperitivo e como fermento. Faz parte de receitas tais como pizzas, saladas ou pratos mais elaborados.\" \/>\n<meta name=\"robots\" content=\"index, follow, max-snippet:-1, max-image-preview:large, max-video-preview:-1\" \/>\n<link rel=\"canonical\" href=\"https:\/\/latiendadesami.com\/producto\/aceituna-manzanilla-sabor-anchoa-140-160-5-kg-escurrido\/\" \/>\n<meta property=\"og:locale\" content=\"pt_PT\" \/>\n<meta property=\"og:type\" content=\"article\" \/>\n<meta property=\"og:title\" content=\"Aroma de Manzanila Azeitona Biqueir\u00e3o 140-160 5 kg drenado - La Tienda de Sami\" \/>\n<meta property=\"og:description\" content=\"A azeitona manzanilla com sabor a anchova \u00e9 a azeitona mais popular no mercado. Altamente apreciados pelo seu bom gosto. \u00c9 utilizado principalmente como azeitona de mesa. De cor verde-amarelado, sem osso e de sabor suave. Amplamente utilizado como aperitivo e como fermento. Faz parte de receitas tais como pizzas, saladas ou pratos mais elaborados.\" \/>\n<meta property=\"og:url\" content=\"https:\/\/latiendadesami.com\/producto\/aceituna-manzanilla-sabor-anchoa-140-160-5-kg-escurrido\/\" \/>\n<meta property=\"og:site_name\" content=\"La Tienda de Sami\" \/>\n<meta property=\"article:publisher\" content=\"https:\/\/www.facebook.com\/La-Tienda-de-Sami-106767417920851\" \/>\n<meta property=\"article:modified_time\" content=\"2024-10-21T18:00:15+00:00\" \/>\n<meta property=\"og:image\" content=\"http:\/\/latiendadesami.com\/wp-content\/uploads\/2022\/08\/manzanilla-sabor-anchoa-140-160.jpg\" \/>\n\t<meta property=\"og:image:width\" content=\"750\" \/>\n\t<meta property=\"og:image:height\" content=\"563\" \/>\n\t<meta property=\"og:image:type\" content=\"image\/jpeg\" \/>\n<meta name=\"twitter:card\" content=\"summary_large_image\" \/>\n<meta name=\"twitter:site\" content=\"@SamiSuministros\" \/>\n<meta name=\"twitter:label1\" content=\"pre\u00e7o\" \/>\n\t<meta name=\"twitter:data1\" content=\"24,99&nbsp;&euro;\" \/>\n\t<meta name=\"twitter:label2\" content=\"Disponibilidade\" \/>\n\t<meta name=\"twitter:data2\" content=\"Em stock\" \/>\n<script type=\"application\/ld+json\" class=\"yoast-schema-graph\">{\"@context\":\"https:\\\/\\\/schema.org\",\"@graph\":[{\"@type\":\"WebPage\",\"@id\":\"https:\\\/\\\/latiendadesami.com\\\/producto\\\/aceituna-manzanilla-sabor-anchoa-140-160-5-kg-escurrido\\\/\",\"url\":\"https:\\\/\\\/latiendadesami.com\\\/producto\\\/aceituna-manzanilla-sabor-anchoa-140-160-5-kg-escurrido\\\/\",\"name\":\"Aroma de Manzanila Azeitona Biqueir\u00e3o 140-160 5 kg drenado - La Tienda de Sami\",\"isPartOf\":{\"@id\":\"https:\\\/\\\/latiendadesami.com\\\/#website\"},\"primaryImageOfPage\":{\"@id\":\"https:\\\/\\\/latiendadesami.com\\\/producto\\\/aceituna-manzanilla-sabor-anchoa-140-160-5-kg-escurrido\\\/#primaryimage\"},\"image\":{\"@id\":\"https:\\\/\\\/latiendadesami.com\\\/producto\\\/aceituna-manzanilla-sabor-anchoa-140-160-5-kg-escurrido\\\/#primaryimage\"},\"thumbnailUrl\":\"https:\\\/\\\/latiendadesami.com\\\/wp-content\\\/uploads\\\/2022\\\/08\\\/manzanilla-sabor-anchoa-140-160.jpg\",\"datePublished\":\"2022-08-19T09:20:01+00:00\",\"dateModified\":\"2024-10-21T18:00:15+00:00\",\"description\":\"A azeitona manzanilla com sabor a anchova \u00e9 a azeitona mais popular no mercado. Altamente apreciados pelo seu bom gosto. \u00c9 utilizado principalmente como azeitona de mesa. De cor verde-amarelado, sem osso e de sabor suave. Amplamente utilizado como aperitivo e como fermento. Faz parte de receitas tais como pizzas, saladas ou pratos mais elaborados.\",\"breadcrumb\":{\"@id\":\"https:\\\/\\\/latiendadesami.com\\\/producto\\\/aceituna-manzanilla-sabor-anchoa-140-160-5-kg-escurrido\\\/#breadcrumb\"},\"inLanguage\":\"pt-PT\",\"potentialAction\":[{\"@type\":\"ReadAction\",\"target\":[\"https:\\\/\\\/latiendadesami.com\\\/producto\\\/aceituna-manzanilla-sabor-anchoa-140-160-5-kg-escurrido\\\/\"]}]},{\"@type\":\"ImageObject\",\"inLanguage\":\"pt-PT\",\"@id\":\"https:\\\/\\\/latiendadesami.com\\\/producto\\\/aceituna-manzanilla-sabor-anchoa-140-160-5-kg-escurrido\\\/#primaryimage\",\"url\":\"https:\\\/\\\/latiendadesami.com\\\/wp-content\\\/uploads\\\/2022\\\/08\\\/manzanilla-sabor-anchoa-140-160.jpg\",\"contentUrl\":\"https:\\\/\\\/latiendadesami.com\\\/wp-content\\\/uploads\\\/2022\\\/08\\\/manzanilla-sabor-anchoa-140-160.jpg\",\"width\":750,\"height\":563},{\"@type\":\"BreadcrumbList\",\"@id\":\"https:\\\/\\\/latiendadesami.com\\\/producto\\\/aceituna-manzanilla-sabor-anchoa-140-160-5-kg-escurrido\\\/#breadcrumb\",\"itemListElement\":[{\"@type\":\"ListItem\",\"position\":1,\"name\":\"P\u00e1gina inicial\",\"item\":\"https:\\\/\\\/latiendadesami.com\\\/pt-pt\\\/\"},{\"@type\":\"ListItem\",\"position\":2,\"name\":\"Shop\",\"item\":\"https:\\\/\\\/latiendadesami.com\\\/pt-pt\\\/\"},{\"@type\":\"ListItem\",\"position\":3,\"name\":\"Pickles\",\"item\":\"https:\\\/\\\/latiendadesami.com\\\/pt-pt\\\/categoria-producto\\\/pickles\\\/\"},{\"@type\":\"ListItem\",\"position\":4,\"name\":\"Azeitonas\",\"item\":\"https:\\\/\\\/latiendadesami.com\\\/pt-pt\\\/categoria-producto\\\/azeitonas\\\/\"},{\"@type\":\"ListItem\",\"position\":5,\"name\":\"Aroma de Manzanila Azeitona Biqueir\u00e3o 140-160 5 kg drenado\"}]},{\"@type\":\"WebSite\",\"@id\":\"https:\\\/\\\/latiendadesami.com\\\/#website\",\"url\":\"https:\\\/\\\/latiendadesami.com\\\/\",\"name\":\"La Tienda de Sami\",\"description\":\"Conservas, azeitonas, vinho, azeite, queijos\",\"publisher\":{\"@id\":\"https:\\\/\\\/latiendadesami.com\\\/#organization\"},\"potentialAction\":[{\"@type\":\"SearchAction\",\"target\":{\"@type\":\"EntryPoint\",\"urlTemplate\":\"https:\\\/\\\/latiendadesami.com\\\/?s={search_term_string}\"},\"query-input\":{\"@type\":\"PropertyValueSpecification\",\"valueRequired\":true,\"valueName\":\"search_term_string\"}}],\"inLanguage\":\"pt-PT\"},{\"@type\":\"Organization\",\"@id\":\"https:\\\/\\\/latiendadesami.com\\\/#organization\",\"name\":\"La Tienda de Sami\",\"url\":\"https:\\\/\\\/latiendadesami.com\\\/\",\"logo\":{\"@type\":\"ImageObject\",\"inLanguage\":\"pt-PT\",\"@id\":\"https:\\\/\\\/latiendadesami.com\\\/#\\\/schema\\\/logo\\\/image\\\/\",\"url\":\"https:\\\/\\\/latiendadesami.com\\\/wp-content\\\/uploads\\\/2020\\\/11\\\/0012222-1.jpg\",\"contentUrl\":\"https:\\\/\\\/latiendadesami.com\\\/wp-content\\\/uploads\\\/2020\\\/11\\\/0012222-1.jpg\",\"width\":250,\"height\":72,\"caption\":\"La Tienda de Sami\"},\"image\":{\"@id\":\"https:\\\/\\\/latiendadesami.com\\\/#\\\/schema\\\/logo\\\/image\\\/\"},\"sameAs\":[\"https:\\\/\\\/www.facebook.com\\\/La-Tienda-de-Sami-106767417920851\",\"https:\\\/\\\/x.com\\\/SamiSuministros\",\"https:\\\/\\\/www.instagram.com\\\/samisuministros\"]}]}<\/script>\n<meta property=\"product:price:amount\" content=\"24.99\" \/>\n<meta property=\"product:price:currency\" content=\"EUR\" \/>\n<meta property=\"og:availability\" content=\"instock\" \/>\n<meta property=\"product:availability\" content=\"instock\" \/>\n<meta property=\"product:retailer_item_id\" content=\"aceituna-manzanilla-sabor-anchoa-140-160-5-kg-escurrido\" \/>\n<meta property=\"product:condition\" content=\"new\" \/>\n<!-- \/ Yoast SEO plugin. -->","yoast_head_json":{"title":"Aroma de Manzanila Azeitona Biqueir\u00e3o 140-160 5 kg drenado - La Tienda de Sami","description":"A azeitona manzanilla com sabor a anchova \u00e9 a azeitona mais popular no mercado. Altamente apreciados pelo seu bom gosto. \u00c9 utilizado principalmente como azeitona de mesa. De cor verde-amarelado, sem osso e de sabor suave. Amplamente utilizado como aperitivo e como fermento. Faz parte de receitas tais como pizzas, saladas ou pratos mais elaborados.","robots":{"index":"index","follow":"follow","max-snippet":"max-snippet:-1","max-image-preview":"max-image-preview:large","max-video-preview":"max-video-preview:-1"},"canonical":"https:\/\/latiendadesami.com\/producto\/aceituna-manzanilla-sabor-anchoa-140-160-5-kg-escurrido\/","og_locale":"pt_PT","og_type":"article","og_title":"Aroma de Manzanila Azeitona Biqueir\u00e3o 140-160 5 kg drenado - La Tienda de Sami","og_description":"A azeitona manzanilla com sabor a anchova \u00e9 a azeitona mais popular no mercado. Altamente apreciados pelo seu bom gosto. \u00c9 utilizado principalmente como azeitona de mesa. De cor verde-amarelado, sem osso e de sabor suave. Amplamente utilizado como aperitivo e como fermento. Faz parte de receitas tais como pizzas, saladas ou pratos mais elaborados.","og_url":"https:\/\/latiendadesami.com\/producto\/aceituna-manzanilla-sabor-anchoa-140-160-5-kg-escurrido\/","og_site_name":"La Tienda de Sami","article_publisher":"https:\/\/www.facebook.com\/La-Tienda-de-Sami-106767417920851","article_modified_time":"2024-10-21T18:00:15+00:00","og_image":[{"width":750,"height":563,"url":"http:\/\/latiendadesami.com\/wp-content\/uploads\/2022\/08\/manzanilla-sabor-anchoa-140-160.jpg","type":"image\/jpeg"}],"twitter_card":"summary_large_image","twitter_site":"@SamiSuministros","twitter_misc":{"pre\u00e7o":"24,99&nbsp;&euro;","Disponibilidade":"Em stock"},"schema":{"@context":"https:\/\/schema.org","@graph":[{"@type":"WebPage","@id":"https:\/\/latiendadesami.com\/producto\/aceituna-manzanilla-sabor-anchoa-140-160-5-kg-escurrido\/","url":"https:\/\/latiendadesami.com\/producto\/aceituna-manzanilla-sabor-anchoa-140-160-5-kg-escurrido\/","name":"Aroma de Manzanila Azeitona Biqueir\u00e3o 140-160 5 kg drenado - La Tienda de Sami","isPartOf":{"@id":"https:\/\/latiendadesami.com\/#website"},"primaryImageOfPage":{"@id":"https:\/\/latiendadesami.com\/producto\/aceituna-manzanilla-sabor-anchoa-140-160-5-kg-escurrido\/#primaryimage"},"image":{"@id":"https:\/\/latiendadesami.com\/producto\/aceituna-manzanilla-sabor-anchoa-140-160-5-kg-escurrido\/#primaryimage"},"thumbnailUrl":"https:\/\/latiendadesami.com\/wp-content\/uploads\/2022\/08\/manzanilla-sabor-anchoa-140-160.jpg","datePublished":"2022-08-19T09:20:01+00:00","dateModified":"2024-10-21T18:00:15+00:00","description":"A azeitona manzanilla com sabor a anchova \u00e9 a azeitona mais popular no mercado. Altamente apreciados pelo seu bom gosto. \u00c9 utilizado principalmente como azeitona de mesa. De cor verde-amarelado, sem osso e de sabor suave. Amplamente utilizado como aperitivo e como fermento. Faz parte de receitas tais como pizzas, saladas ou pratos mais elaborados.","breadcrumb":{"@id":"https:\/\/latiendadesami.com\/producto\/aceituna-manzanilla-sabor-anchoa-140-160-5-kg-escurrido\/#breadcrumb"},"inLanguage":"pt-PT","potentialAction":[{"@type":"ReadAction","target":["https:\/\/latiendadesami.com\/producto\/aceituna-manzanilla-sabor-anchoa-140-160-5-kg-escurrido\/"]}]},{"@type":"ImageObject","inLanguage":"pt-PT","@id":"https:\/\/latiendadesami.com\/producto\/aceituna-manzanilla-sabor-anchoa-140-160-5-kg-escurrido\/#primaryimage","url":"https:\/\/latiendadesami.com\/wp-content\/uploads\/2022\/08\/manzanilla-sabor-anchoa-140-160.jpg","contentUrl":"https:\/\/latiendadesami.com\/wp-content\/uploads\/2022\/08\/manzanilla-sabor-anchoa-140-160.jpg","width":750,"height":563},{"@type":"BreadcrumbList","@id":"https:\/\/latiendadesami.com\/producto\/aceituna-manzanilla-sabor-anchoa-140-160-5-kg-escurrido\/#breadcrumb","itemListElement":[{"@type":"ListItem","position":1,"name":"P\u00e1gina inicial","item":"https:\/\/latiendadesami.com\/pt-pt\/"},{"@type":"ListItem","position":2,"name":"Shop","item":"https:\/\/latiendadesami.com\/pt-pt\/"},{"@type":"ListItem","position":3,"name":"Pickles","item":"https:\/\/latiendadesami.com\/pt-pt\/categoria-producto\/pickles\/"},{"@type":"ListItem","position":4,"name":"Azeitonas","item":"https:\/\/latiendadesami.com\/pt-pt\/categoria-producto\/azeitonas\/"},{"@type":"ListItem","position":5,"name":"Aroma de Manzanila Azeitona Biqueir\u00e3o 140-160 5 kg drenado"}]},{"@type":"WebSite","@id":"https:\/\/latiendadesami.com\/#website","url":"https:\/\/latiendadesami.com\/","name":"La Tienda de Sami","description":"Conservas, azeitonas, vinho, azeite, queijos","publisher":{"@id":"https:\/\/latiendadesami.com\/#organization"},"potentialAction":[{"@type":"SearchAction","target":{"@type":"EntryPoint","urlTemplate":"https:\/\/latiendadesami.com\/?s={search_term_string}"},"query-input":{"@type":"PropertyValueSpecification","valueRequired":true,"valueName":"search_term_string"}}],"inLanguage":"pt-PT"},{"@type":"Organization","@id":"https:\/\/latiendadesami.com\/#organization","name":"La Tienda de Sami","url":"https:\/\/latiendadesami.com\/","logo":{"@type":"ImageObject","inLanguage":"pt-PT","@id":"https:\/\/latiendadesami.com\/#\/schema\/logo\/image\/","url":"https:\/\/latiendadesami.com\/wp-content\/uploads\/2020\/11\/0012222-1.jpg","contentUrl":"https:\/\/latiendadesami.com\/wp-content\/uploads\/2020\/11\/0012222-1.jpg","width":250,"height":72,"caption":"La Tienda de Sami"},"image":{"@id":"https:\/\/latiendadesami.com\/#\/schema\/logo\/image\/"},"sameAs":["https:\/\/www.facebook.com\/La-Tienda-de-Sami-106767417920851","https:\/\/x.com\/SamiSuministros","https:\/\/www.instagram.com\/samisuministros"]}]},"product_price_amount":"24.99","product_price_currency":"EUR","og_availability":"instock","product_availability":"instock","product_retailer_item_id":"aceituna-manzanilla-sabor-anchoa-140-160-5-kg-escurrido","product_condition":"new"},"_links":{"self":[{"href":"https:\/\/latiendadesami.com\/pt-pt\/wp-json\/wp\/v2\/product\/12195","targetHints":{"allow":["GET"]}}],"collection":[{"href":"https:\/\/latiendadesami.com\/pt-pt\/wp-json\/wp\/v2\/product"}],"about":[{"href":"https:\/\/latiendadesami.com\/pt-pt\/wp-json\/wp\/v2\/types\/product"}],"wp:featuredmedia":[{"embeddable":true,"href":"https:\/\/latiendadesami.com\/pt-pt\/wp-json\/wp\/v2\/media\/11548"}],"wp:attachment":[{"href":"https:\/\/latiendadesami.com\/pt-pt\/wp-json\/wp\/v2\/media?parent=12195"}],"wp:term":[{"taxonomy":"product_brand","embeddable":true,"href":"https:\/\/latiendadesami.com\/pt-pt\/wp-json\/wp\/v2\/product_brand?post=12195"},{"taxonomy":"product_cat","embeddable":true,"href":"https:\/\/latiendadesami.com\/pt-pt\/wp-json\/wp\/v2\/product_cat?post=12195"},{"taxonomy":"product_tag","embeddable":true,"href":"https:\/\/latiendadesami.com\/pt-pt\/wp-json\/wp\/v2\/product_tag?post=12195"}],"curies":[{"name":"wp","href":"https:\/\/api.w.org\/{rel}","templated":true}]}}