{"id":12214,"date":"2022-06-23T13:14:24","date_gmt":"2022-06-23T11:14:24","guid":{"rendered":"https:\/\/latiendadesami.com\/producto\/m-jesus-de-la-hoz-monsalve-2021-verdejo\/"},"modified":"2022-08-23T09:57:00","modified_gmt":"2022-08-23T07:57:00","slug":"m-jesus-de-la-hoz-monsalve-2021-verdejo","status":"publish","type":"product","link":"https:\/\/latiendadesami.com\/pt-pt\/producto\/m-jesus-de-la-hoz-monsalve-2021-verdejo\/","title":{"rendered":"M Jesus de La Hoz Monsalve 2021 Verdejo"},"content":{"rendered":"<div class=\"cs-blog-content\">\n<p>Este vinho \u00e9 nomeado em honra de uma tradi\u00e7\u00e3o familiar enraizada na vinifica\u00e7\u00e3o. O equipamento de vinifica\u00e7\u00e3o est\u00e1 equipado com a mais recente tecnologia para garantir que o mosto n\u00e3o perca nenhum do seu car\u00e1cter varietal. A fermenta\u00e7\u00e3o em a\u00e7o inoxid\u00e1vel consegue um controlo absoluto da temperatura, respeitando os rigorosos controlos de qualidade de cada processo.<\/p>\n<p><strong>Cor:<\/strong> cor de palha brilhante.<\/p>\n<p><strong>Aroma:<\/strong> expressivo, varietal, fruta fresca.<\/p>\n<p><strong>Paladar:<\/strong> saboroso, frutado, fresco, carnudo.<\/p>\n<\/div>\n<h1><span class=\"vintage\"> <\/span><\/h1>\n","protected":false},"excerpt":{"rendered":"<p>Este vinho \u00e9 nomeado em honra de uma tradi\u00e7\u00e3o familiar enraizada na vinifica\u00e7\u00e3o. O equipamento de vinifica\u00e7\u00e3o est\u00e1 equipado com a mais recente tecnologia para garantir que o mosto n\u00e3o perca nenhum do seu car\u00e1cter varietal. A fermenta\u00e7\u00e3o em a\u00e7o inoxid\u00e1vel consegue um controlo absoluto da temperatura, respeitando os rigorosos controlos de qualidade de cada [&hellip;]<\/p>\n","protected":false},"featured_media":11528,"template":"","meta":{"_et_pb_use_builder":"","_et_pb_old_content":"","_et_gb_content_width":""},"product_brand":[870],"product_cat":[404,405],"product_tag":[416,435],"class_list":{"0":"post-12214","1":"product","2":"type-product","3":"status-publish","4":"has-post-thumbnail","6":"product_brand-ladera-de-los-obispos","7":"product_cat-bebidas-pt-pt","8":"product_cat-vinho","9":"product_tag-gotico","10":"product_tag-roda","11":"pa_cantidad-10-caixas-de-12-unidades","12":"pa_cantidad-pacote-de-12-unidades-poupanca","13":"pa_cantidad-unidade-pt-pt","15":"first","16":"instock","17":"featured","18":"taxable","19":"shipping-taxable","20":"purchasable","21":"product-type-variable"},"yoast_head":"<!-- This site is optimized with the Yoast SEO plugin v27.3 - https:\/\/yoast.com\/product\/yoast-seo-wordpress\/ -->\n<title>M Jesus de La Hoz Monsalve 2021 Verdejo - La Tienda de Sami<\/title>\n<meta name=\"description\" content=\"Este vinho \u00e9 nomeado em honra de uma tradi\u00e7\u00e3o familiar enraizada na vinifica\u00e7\u00e3o. O equipamento de vinifica\u00e7\u00e3o utiliza a mais recente tecnologia para garantir que o mosto n\u00e3o perca nenhum do seu car\u00e1cter varietal. A fermenta\u00e7\u00e3o em a\u00e7o inoxid\u00e1vel atinge um controlo absoluto da temperatura, respeitando os rigorosos controlos de qualidade de cada processo.Cor: cor palha brilhante.Aroma: expressivo, varietal, fruta fresca.Paladar: saboroso, frutado, fresco, carnudo.\" \/>\n<meta name=\"robots\" content=\"index, follow, max-snippet:-1, max-image-preview:large, max-video-preview:-1\" \/>\n<link rel=\"canonical\" href=\"https:\/\/latiendadesami.com\/producto\/monsalve-vino-verdejo-2023\/\" \/>\n<meta property=\"og:locale\" content=\"pt_PT\" \/>\n<meta property=\"og:type\" content=\"article\" \/>\n<meta property=\"og:title\" content=\"M Jesus de La Hoz Monsalve 2021 Verdejo - La Tienda de Sami\" \/>\n<meta property=\"og:description\" content=\"Este vinho \u00e9 nomeado em honra de uma tradi\u00e7\u00e3o familiar enraizada na vinifica\u00e7\u00e3o. O equipamento de vinifica\u00e7\u00e3o utiliza a mais recente tecnologia para garantir que o mosto n\u00e3o perca nenhum do seu car\u00e1cter varietal. A fermenta\u00e7\u00e3o em a\u00e7o inoxid\u00e1vel atinge um controlo absoluto da temperatura, respeitando os rigorosos controlos de qualidade de cada processo.Cor: cor palha brilhante.Aroma: expressivo, varietal, fruta fresca.Paladar: saboroso, frutado, fresco, carnudo.\" \/>\n<meta property=\"og:url\" content=\"https:\/\/latiendadesami.com\/producto\/monsalve-vino-verdejo-2023\/\" \/>\n<meta property=\"og:site_name\" content=\"La Tienda de Sami\" \/>\n<meta property=\"article:publisher\" content=\"https:\/\/www.facebook.com\/La-Tienda-de-Sami-106767417920851\" \/>\n<meta property=\"article:modified_time\" content=\"2022-08-23T07:57:00+00:00\" \/>\n<meta property=\"og:image\" content=\"https:\/\/latiendadesami.com\/wp-content\/uploads\/2022\/06\/verdejo-monsalve.jpg\" \/>\n\t<meta property=\"og:image:width\" content=\"750\" \/>\n\t<meta property=\"og:image:height\" content=\"750\" \/>\n\t<meta property=\"og:image:type\" content=\"image\/jpeg\" \/>\n<meta name=\"twitter:card\" content=\"summary_large_image\" \/>\n<meta name=\"twitter:site\" content=\"@SamiSuministros\" \/>\n<meta name=\"twitter:label1\" content=\"Disponibilidade\" \/>\n\t<meta name=\"twitter:data1\" content=\"Em stock\" \/>\n<script type=\"application\/ld+json\" class=\"yoast-schema-graph\">{\"@context\":\"https:\\\/\\\/schema.org\",\"@graph\":[{\"@type\":\"WebPage\",\"@id\":\"https:\\\/\\\/latiendadesami.com\\\/producto\\\/monsalve-vino-verdejo-2023\\\/\",\"url\":\"https:\\\/\\\/latiendadesami.com\\\/producto\\\/monsalve-vino-verdejo-2023\\\/\",\"name\":\"M Jesus de La Hoz Monsalve 2021 Verdejo - La Tienda de Sami\",\"isPartOf\":{\"@id\":\"https:\\\/\\\/latiendadesami.com\\\/#website\"},\"primaryImageOfPage\":{\"@id\":\"https:\\\/\\\/latiendadesami.com\\\/producto\\\/monsalve-vino-verdejo-2023\\\/#primaryimage\"},\"image\":{\"@id\":\"https:\\\/\\\/latiendadesami.com\\\/producto\\\/monsalve-vino-verdejo-2023\\\/#primaryimage\"},\"thumbnailUrl\":\"https:\\\/\\\/latiendadesami.com\\\/wp-content\\\/uploads\\\/2022\\\/06\\\/verdejo-monsalve.jpg\",\"datePublished\":\"2022-06-23T11:14:24+00:00\",\"dateModified\":\"2022-08-23T07:57:00+00:00\",\"description\":\"Este vinho \u00e9 nomeado em honra de uma tradi\u00e7\u00e3o familiar enraizada na vinifica\u00e7\u00e3o. O equipamento de vinifica\u00e7\u00e3o utiliza a mais recente tecnologia para garantir que o mosto n\u00e3o perca nenhum do seu car\u00e1cter varietal. A fermenta\u00e7\u00e3o em a\u00e7o inoxid\u00e1vel atinge um controlo absoluto da temperatura, respeitando os rigorosos controlos de qualidade de cada processo.Cor: cor palha brilhante.Aroma: expressivo, varietal, fruta fresca.Paladar: saboroso, frutado, fresco, carnudo.\",\"breadcrumb\":{\"@id\":\"https:\\\/\\\/latiendadesami.com\\\/producto\\\/monsalve-vino-verdejo-2023\\\/#breadcrumb\"},\"inLanguage\":\"pt-PT\",\"potentialAction\":[{\"@type\":\"ReadAction\",\"target\":[\"https:\\\/\\\/latiendadesami.com\\\/producto\\\/monsalve-vino-verdejo-2023\\\/\"]}]},{\"@type\":\"ImageObject\",\"inLanguage\":\"pt-PT\",\"@id\":\"https:\\\/\\\/latiendadesami.com\\\/producto\\\/monsalve-vino-verdejo-2023\\\/#primaryimage\",\"url\":\"https:\\\/\\\/latiendadesami.com\\\/wp-content\\\/uploads\\\/2022\\\/06\\\/verdejo-monsalve.jpg\",\"contentUrl\":\"https:\\\/\\\/latiendadesami.com\\\/wp-content\\\/uploads\\\/2022\\\/06\\\/verdejo-monsalve.jpg\",\"width\":750,\"height\":750},{\"@type\":\"BreadcrumbList\",\"@id\":\"https:\\\/\\\/latiendadesami.com\\\/producto\\\/monsalve-vino-verdejo-2023\\\/#breadcrumb\",\"itemListElement\":[{\"@type\":\"ListItem\",\"position\":1,\"name\":\"P\u00e1gina inicial\",\"item\":\"https:\\\/\\\/latiendadesami.com\\\/pt-pt\\\/\"},{\"@type\":\"ListItem\",\"position\":2,\"name\":\"Shop\",\"item\":\"https:\\\/\\\/latiendadesami.com\\\/pt-pt\\\/\"},{\"@type\":\"ListItem\",\"position\":3,\"name\":\"Bebidas\",\"item\":\"https:\\\/\\\/latiendadesami.com\\\/pt-pt\\\/categoria-producto\\\/bebidas-pt-pt\\\/\"},{\"@type\":\"ListItem\",\"position\":4,\"name\":\"Vinho\",\"item\":\"https:\\\/\\\/latiendadesami.com\\\/pt-pt\\\/categoria-producto\\\/vinho\\\/\"},{\"@type\":\"ListItem\",\"position\":5,\"name\":\"M Jesus de La Hoz Monsalve 2021 Verdejo\"}]},{\"@type\":\"WebSite\",\"@id\":\"https:\\\/\\\/latiendadesami.com\\\/#website\",\"url\":\"https:\\\/\\\/latiendadesami.com\\\/\",\"name\":\"La Tienda de Sami\",\"description\":\"Conservas, azeitonas, vinho, azeite, queijos\",\"publisher\":{\"@id\":\"https:\\\/\\\/latiendadesami.com\\\/#organization\"},\"potentialAction\":[{\"@type\":\"SearchAction\",\"target\":{\"@type\":\"EntryPoint\",\"urlTemplate\":\"https:\\\/\\\/latiendadesami.com\\\/?s={search_term_string}\"},\"query-input\":{\"@type\":\"PropertyValueSpecification\",\"valueRequired\":true,\"valueName\":\"search_term_string\"}}],\"inLanguage\":\"pt-PT\"},{\"@type\":\"Organization\",\"@id\":\"https:\\\/\\\/latiendadesami.com\\\/#organization\",\"name\":\"La Tienda de Sami\",\"url\":\"https:\\\/\\\/latiendadesami.com\\\/\",\"logo\":{\"@type\":\"ImageObject\",\"inLanguage\":\"pt-PT\",\"@id\":\"https:\\\/\\\/latiendadesami.com\\\/#\\\/schema\\\/logo\\\/image\\\/\",\"url\":\"https:\\\/\\\/latiendadesami.com\\\/wp-content\\\/uploads\\\/2020\\\/11\\\/0012222-1.jpg\",\"contentUrl\":\"https:\\\/\\\/latiendadesami.com\\\/wp-content\\\/uploads\\\/2020\\\/11\\\/0012222-1.jpg\",\"width\":250,\"height\":72,\"caption\":\"La Tienda de Sami\"},\"image\":{\"@id\":\"https:\\\/\\\/latiendadesami.com\\\/#\\\/schema\\\/logo\\\/image\\\/\"},\"sameAs\":[\"https:\\\/\\\/www.facebook.com\\\/La-Tienda-de-Sami-106767417920851\",\"https:\\\/\\\/x.com\\\/SamiSuministros\",\"https:\\\/\\\/www.instagram.com\\\/samisuministros\"]}]}<\/script>\n<meta property=\"og:availability\" content=\"instock\" \/>\n<meta property=\"product:availability\" content=\"instock\" \/>\n<meta property=\"product:retailer_item_id\" content=\"m-jesus-hoz-monsalve-2022-verdejo\" \/>\n<meta property=\"product:condition\" content=\"new\" \/>\n<!-- \/ Yoast SEO plugin. -->","yoast_head_json":{"title":"M Jesus de La Hoz Monsalve 2021 Verdejo - La Tienda de Sami","description":"Este vinho \u00e9 nomeado em honra de uma tradi\u00e7\u00e3o familiar enraizada na vinifica\u00e7\u00e3o. O equipamento de vinifica\u00e7\u00e3o utiliza a mais recente tecnologia para garantir que o mosto n\u00e3o perca nenhum do seu car\u00e1cter varietal. A fermenta\u00e7\u00e3o em a\u00e7o inoxid\u00e1vel atinge um controlo absoluto da temperatura, respeitando os rigorosos controlos de qualidade de cada processo.Cor: cor palha brilhante.Aroma: expressivo, varietal, fruta fresca.Paladar: saboroso, frutado, fresco, carnudo.","robots":{"index":"index","follow":"follow","max-snippet":"max-snippet:-1","max-image-preview":"max-image-preview:large","max-video-preview":"max-video-preview:-1"},"canonical":"https:\/\/latiendadesami.com\/producto\/monsalve-vino-verdejo-2023\/","og_locale":"pt_PT","og_type":"article","og_title":"M Jesus de La Hoz Monsalve 2021 Verdejo - La Tienda de Sami","og_description":"Este vinho \u00e9 nomeado em honra de uma tradi\u00e7\u00e3o familiar enraizada na vinifica\u00e7\u00e3o. O equipamento de vinifica\u00e7\u00e3o utiliza a mais recente tecnologia para garantir que o mosto n\u00e3o perca nenhum do seu car\u00e1cter varietal. A fermenta\u00e7\u00e3o em a\u00e7o inoxid\u00e1vel atinge um controlo absoluto da temperatura, respeitando os rigorosos controlos de qualidade de cada processo.Cor: cor palha brilhante.Aroma: expressivo, varietal, fruta fresca.Paladar: saboroso, frutado, fresco, carnudo.","og_url":"https:\/\/latiendadesami.com\/producto\/monsalve-vino-verdejo-2023\/","og_site_name":"La Tienda de Sami","article_publisher":"https:\/\/www.facebook.com\/La-Tienda-de-Sami-106767417920851","article_modified_time":"2022-08-23T07:57:00+00:00","og_image":[{"width":750,"height":750,"url":"https:\/\/latiendadesami.com\/wp-content\/uploads\/2022\/06\/verdejo-monsalve.jpg","type":"image\/jpeg"}],"twitter_card":"summary_large_image","twitter_site":"@SamiSuministros","twitter_misc":{"Disponibilidade":"Em stock"},"schema":{"@context":"https:\/\/schema.org","@graph":[{"@type":"WebPage","@id":"https:\/\/latiendadesami.com\/producto\/monsalve-vino-verdejo-2023\/","url":"https:\/\/latiendadesami.com\/producto\/monsalve-vino-verdejo-2023\/","name":"M Jesus de La Hoz Monsalve 2021 Verdejo - La Tienda de Sami","isPartOf":{"@id":"https:\/\/latiendadesami.com\/#website"},"primaryImageOfPage":{"@id":"https:\/\/latiendadesami.com\/producto\/monsalve-vino-verdejo-2023\/#primaryimage"},"image":{"@id":"https:\/\/latiendadesami.com\/producto\/monsalve-vino-verdejo-2023\/#primaryimage"},"thumbnailUrl":"https:\/\/latiendadesami.com\/wp-content\/uploads\/2022\/06\/verdejo-monsalve.jpg","datePublished":"2022-06-23T11:14:24+00:00","dateModified":"2022-08-23T07:57:00+00:00","description":"Este vinho \u00e9 nomeado em honra de uma tradi\u00e7\u00e3o familiar enraizada na vinifica\u00e7\u00e3o. O equipamento de vinifica\u00e7\u00e3o utiliza a mais recente tecnologia para garantir que o mosto n\u00e3o perca nenhum do seu car\u00e1cter varietal. A fermenta\u00e7\u00e3o em a\u00e7o inoxid\u00e1vel atinge um controlo absoluto da temperatura, respeitando os rigorosos controlos de qualidade de cada processo.Cor: cor palha brilhante.Aroma: expressivo, varietal, fruta fresca.Paladar: saboroso, frutado, fresco, carnudo.","breadcrumb":{"@id":"https:\/\/latiendadesami.com\/producto\/monsalve-vino-verdejo-2023\/#breadcrumb"},"inLanguage":"pt-PT","potentialAction":[{"@type":"ReadAction","target":["https:\/\/latiendadesami.com\/producto\/monsalve-vino-verdejo-2023\/"]}]},{"@type":"ImageObject","inLanguage":"pt-PT","@id":"https:\/\/latiendadesami.com\/producto\/monsalve-vino-verdejo-2023\/#primaryimage","url":"https:\/\/latiendadesami.com\/wp-content\/uploads\/2022\/06\/verdejo-monsalve.jpg","contentUrl":"https:\/\/latiendadesami.com\/wp-content\/uploads\/2022\/06\/verdejo-monsalve.jpg","width":750,"height":750},{"@type":"BreadcrumbList","@id":"https:\/\/latiendadesami.com\/producto\/monsalve-vino-verdejo-2023\/#breadcrumb","itemListElement":[{"@type":"ListItem","position":1,"name":"P\u00e1gina inicial","item":"https:\/\/latiendadesami.com\/pt-pt\/"},{"@type":"ListItem","position":2,"name":"Shop","item":"https:\/\/latiendadesami.com\/pt-pt\/"},{"@type":"ListItem","position":3,"name":"Bebidas","item":"https:\/\/latiendadesami.com\/pt-pt\/categoria-producto\/bebidas-pt-pt\/"},{"@type":"ListItem","position":4,"name":"Vinho","item":"https:\/\/latiendadesami.com\/pt-pt\/categoria-producto\/vinho\/"},{"@type":"ListItem","position":5,"name":"M Jesus de La Hoz Monsalve 2021 Verdejo"}]},{"@type":"WebSite","@id":"https:\/\/latiendadesami.com\/#website","url":"https:\/\/latiendadesami.com\/","name":"La Tienda de Sami","description":"Conservas, azeitonas, vinho, azeite, queijos","publisher":{"@id":"https:\/\/latiendadesami.com\/#organization"},"potentialAction":[{"@type":"SearchAction","target":{"@type":"EntryPoint","urlTemplate":"https:\/\/latiendadesami.com\/?s={search_term_string}"},"query-input":{"@type":"PropertyValueSpecification","valueRequired":true,"valueName":"search_term_string"}}],"inLanguage":"pt-PT"},{"@type":"Organization","@id":"https:\/\/latiendadesami.com\/#organization","name":"La Tienda de Sami","url":"https:\/\/latiendadesami.com\/","logo":{"@type":"ImageObject","inLanguage":"pt-PT","@id":"https:\/\/latiendadesami.com\/#\/schema\/logo\/image\/","url":"https:\/\/latiendadesami.com\/wp-content\/uploads\/2020\/11\/0012222-1.jpg","contentUrl":"https:\/\/latiendadesami.com\/wp-content\/uploads\/2020\/11\/0012222-1.jpg","width":250,"height":72,"caption":"La Tienda de Sami"},"image":{"@id":"https:\/\/latiendadesami.com\/#\/schema\/logo\/image\/"},"sameAs":["https:\/\/www.facebook.com\/La-Tienda-de-Sami-106767417920851","https:\/\/x.com\/SamiSuministros","https:\/\/www.instagram.com\/samisuministros"]}]},"og_availability":"instock","product_availability":"instock","product_retailer_item_id":"m-jesus-hoz-monsalve-2022-verdejo","product_condition":"new"},"_links":{"self":[{"href":"https:\/\/latiendadesami.com\/pt-pt\/wp-json\/wp\/v2\/product\/12214","targetHints":{"allow":["GET"]}}],"collection":[{"href":"https:\/\/latiendadesami.com\/pt-pt\/wp-json\/wp\/v2\/product"}],"about":[{"href":"https:\/\/latiendadesami.com\/pt-pt\/wp-json\/wp\/v2\/types\/product"}],"wp:featuredmedia":[{"embeddable":true,"href":"https:\/\/latiendadesami.com\/pt-pt\/wp-json\/wp\/v2\/media\/11528"}],"wp:attachment":[{"href":"https:\/\/latiendadesami.com\/pt-pt\/wp-json\/wp\/v2\/media?parent=12214"}],"wp:term":[{"taxonomy":"product_brand","embeddable":true,"href":"https:\/\/latiendadesami.com\/pt-pt\/wp-json\/wp\/v2\/product_brand?post=12214"},{"taxonomy":"product_cat","embeddable":true,"href":"https:\/\/latiendadesami.com\/pt-pt\/wp-json\/wp\/v2\/product_cat?post=12214"},{"taxonomy":"product_tag","embeddable":true,"href":"https:\/\/latiendadesami.com\/pt-pt\/wp-json\/wp\/v2\/product_tag?post=12214"}],"curies":[{"name":"wp","href":"https:\/\/api.w.org\/{rel}","templated":true}]}}