{"id":12219,"date":"2022-06-17T13:28:04","date_gmt":"2022-06-17T11:28:04","guid":{"rendered":"https:\/\/latiendadesami.com\/producto\/cojonuda-cozido-de-legumes-mateo\/"},"modified":"2023-02-22T09:20:39","modified_gmt":"2023-02-22T08:20:39","slug":"menestra-verdura-cojonuda-mateo","status":"publish","type":"product","link":"https:\/\/latiendadesami.com\/pt-pt\/producto\/menestra-verdura-cojonuda-mateo\/","title":{"rendered":"Cojonuda&#8221; cozido de legumes Mateo"},"content":{"rendered":"<p>Cojonuda&#8221; cozido de legumes Mateo <a href=\"https:\/\/twitter.com\/mca_spain\" target=\"_blank\" rel=\"noopener\">Produto de Espanha<\/a>.<\/p>\n<p>Uma vez aberto, manter refrigerado e consumir de prefer\u00eancia no prazo de 5 dias.<\/p>\n<p>La Viuda de Mateo \u00e9 uma das marcas comerciais sob as quais o grupo MCA Espanha vai para o mercado.<\/p>\n<p>A origem da MCA Espanha reside na experi\u00eancia de Carlos Ripa, o seu actual Director Geral, ap\u00f3s uma d\u00e9cada a trabalhar numa empresa familiar ligada ao sector retalhista alimentar.<\/p>\n<p>Contudo, foi em meados da d\u00e9cada de 1980 quando Ripa lan\u00e7ou o seu pr\u00f3prio projecto pessoal na sua cidade natal (Mendavia, Navarra): uma empresa de conservas, MCA Espanha.<\/p>\n<p>Esta empresa posicionou-se, com base em conservas de vegetais e peixe, na primeira divis\u00e3o do sector agro-alimentar espanhol.<\/p>\n<p>Um desenvolvimento espectacular que n\u00e3o teria sido poss\u00edvel sem uma equipa de primeira classe e sem uma voca\u00e7\u00e3o de servi\u00e7o ao cliente.<\/p>\n<p>Se quiser comprar feij\u00e3o verde extra largo ou qualquer outro tipo de <a href=\"https:\/\/latiendadesami.com\/categoria-producto\/conservas\/\" rel=\"noopener\">comida enlatada<\/a>, n\u00e3o hesite em dar uma olhada em todo o nosso cat\u00e1logo online.<\/p>\n<p>Temos a mais alta qualidade ao melhor pre\u00e7o.<\/p>\n<p>Escreva-nos para mais informa\u00e7\u00f5es ou se tiver quaisquer perguntas sobre este ou qualquer outro produto no nosso cat\u00e1logo.<\/p>\n","protected":false},"excerpt":{"rendered":"<p>Cojonuda&#8221; cozido de legumes Mateo Produto de Espanha. Uma vez aberto, manter refrigerado e consumir de prefer\u00eancia no prazo de 5 dias. La Viuda de Mateo \u00e9 uma das marcas comerciais sob as quais o grupo MCA Espanha vai para o mercado. A origem da MCA Espanha reside na experi\u00eancia de Carlos Ripa, o seu [&hellip;]<\/p>\n","protected":false},"featured_media":11510,"template":"","meta":{"_et_pb_use_builder":"","_et_pb_old_content":"","_et_gb_content_width":""},"product_brand":[],"product_cat":[367,445],"product_tag":[],"class_list":{"0":"post-12219","1":"product","2":"type-product","3":"status-publish","4":"has-post-thumbnail","6":"product_cat-conservas-pt-pt","7":"product_cat-legumes","8":"pa_cantidad-pacote-de-12-unidades-poupanca","9":"pa_cantidad-unidade-pt-pt","11":"first","12":"instock","13":"taxable","14":"shipping-taxable","15":"purchasable","16":"product-type-variable"},"yoast_head":"<!-- This site is optimized with the Yoast SEO plugin v27.3 - https:\/\/yoast.com\/product\/yoast-seo-wordpress\/ -->\n<title>Cojonuda&quot; cozido de legumes Mateo - La Tienda de Sami<\/title>\n<meta name=\"description\" content=\"O feij\u00e3o verde exMenestra de verduras &quot;Cojonuda&quot; Mateotra \u00e9 um Produto de Espanha. Compre em linha mais qualidade ao melhor pre\u00e7o a La Tienda de Sami.Menestra de verduras &quot;Cojonuda&quot; Mateo\" \/>\n<meta name=\"robots\" content=\"index, follow, max-snippet:-1, max-image-preview:large, max-video-preview:-1\" \/>\n<link rel=\"canonical\" href=\"https:\/\/latiendadesami.com\/producto\/menestra-verdura-cojonuda-mateo-280-gr\/\" \/>\n<meta property=\"og:locale\" content=\"pt_PT\" \/>\n<meta property=\"og:type\" content=\"article\" \/>\n<meta property=\"og:title\" content=\"Cojonuda&quot; cozido de legumes Mateo - La Tienda de Sami\" \/>\n<meta property=\"og:description\" content=\"O feij\u00e3o verde exMenestra de verduras &quot;Cojonuda&quot; Mateotra \u00e9 um Produto de Espanha. Compre em linha mais qualidade ao melhor pre\u00e7o a La Tienda de Sami.Menestra de verduras &quot;Cojonuda&quot; Mateo\" \/>\n<meta property=\"og:url\" content=\"https:\/\/latiendadesami.com\/producto\/menestra-verdura-cojonuda-mateo-280-gr\/\" \/>\n<meta property=\"og:site_name\" content=\"La Tienda de Sami\" \/>\n<meta property=\"article:publisher\" content=\"https:\/\/www.facebook.com\/La-Tienda-de-Sami-106767417920851\" \/>\n<meta property=\"article:modified_time\" content=\"2023-02-22T08:20:39+00:00\" \/>\n<meta property=\"og:image\" content=\"https:\/\/latiendadesami.com\/wp-content\/uploads\/2022\/06\/Menestra-cojonuda-mateo.jpg\" \/>\n\t<meta property=\"og:image:width\" content=\"750\" \/>\n\t<meta property=\"og:image:height\" content=\"750\" \/>\n\t<meta property=\"og:image:type\" content=\"image\/jpeg\" \/>\n<meta name=\"twitter:card\" content=\"summary_large_image\" \/>\n<meta name=\"twitter:site\" content=\"@SamiSuministros\" \/>\n<meta name=\"twitter:label1\" content=\"Disponibilidade\" \/>\n\t<meta name=\"twitter:data1\" content=\"Em stock\" \/>\n<script type=\"application\/ld+json\" class=\"yoast-schema-graph\">{\"@context\":\"https:\\\/\\\/schema.org\",\"@graph\":[{\"@type\":\"WebPage\",\"@id\":\"https:\\\/\\\/latiendadesami.com\\\/producto\\\/menestra-verdura-cojonuda-mateo-280-gr\\\/\",\"url\":\"https:\\\/\\\/latiendadesami.com\\\/producto\\\/menestra-verdura-cojonuda-mateo-280-gr\\\/\",\"name\":\"Cojonuda\\\" cozido de legumes Mateo - La Tienda de Sami\",\"isPartOf\":{\"@id\":\"https:\\\/\\\/latiendadesami.com\\\/#website\"},\"primaryImageOfPage\":{\"@id\":\"https:\\\/\\\/latiendadesami.com\\\/producto\\\/menestra-verdura-cojonuda-mateo-280-gr\\\/#primaryimage\"},\"image\":{\"@id\":\"https:\\\/\\\/latiendadesami.com\\\/producto\\\/menestra-verdura-cojonuda-mateo-280-gr\\\/#primaryimage\"},\"thumbnailUrl\":\"https:\\\/\\\/latiendadesami.com\\\/wp-content\\\/uploads\\\/2022\\\/06\\\/Menestra-cojonuda-mateo.jpg\",\"datePublished\":\"2022-06-17T11:28:04+00:00\",\"dateModified\":\"2023-02-22T08:20:39+00:00\",\"description\":\"O feij\u00e3o verde exMenestra de verduras \\\"Cojonuda\\\" Mateotra \u00e9 um Produto de Espanha. Compre em linha mais qualidade ao melhor pre\u00e7o a La Tienda de Sami.Menestra de verduras \\\"Cojonuda\\\" Mateo\",\"breadcrumb\":{\"@id\":\"https:\\\/\\\/latiendadesami.com\\\/producto\\\/menestra-verdura-cojonuda-mateo-280-gr\\\/#breadcrumb\"},\"inLanguage\":\"pt-PT\",\"potentialAction\":[{\"@type\":\"ReadAction\",\"target\":[\"https:\\\/\\\/latiendadesami.com\\\/producto\\\/menestra-verdura-cojonuda-mateo-280-gr\\\/\"]}]},{\"@type\":\"ImageObject\",\"inLanguage\":\"pt-PT\",\"@id\":\"https:\\\/\\\/latiendadesami.com\\\/producto\\\/menestra-verdura-cojonuda-mateo-280-gr\\\/#primaryimage\",\"url\":\"https:\\\/\\\/latiendadesami.com\\\/wp-content\\\/uploads\\\/2022\\\/06\\\/Menestra-cojonuda-mateo.jpg\",\"contentUrl\":\"https:\\\/\\\/latiendadesami.com\\\/wp-content\\\/uploads\\\/2022\\\/06\\\/Menestra-cojonuda-mateo.jpg\",\"width\":750,\"height\":750},{\"@type\":\"BreadcrumbList\",\"@id\":\"https:\\\/\\\/latiendadesami.com\\\/producto\\\/menestra-verdura-cojonuda-mateo-280-gr\\\/#breadcrumb\",\"itemListElement\":[{\"@type\":\"ListItem\",\"position\":1,\"name\":\"P\u00e1gina inicial\",\"item\":\"https:\\\/\\\/latiendadesami.com\\\/pt-pt\\\/\"},{\"@type\":\"ListItem\",\"position\":2,\"name\":\"Shop\",\"item\":\"https:\\\/\\\/latiendadesami.com\\\/pt-pt\\\/\"},{\"@type\":\"ListItem\",\"position\":3,\"name\":\"Conservas\",\"item\":\"https:\\\/\\\/latiendadesami.com\\\/pt-pt\\\/categoria-producto\\\/conservas-pt-pt\\\/\"},{\"@type\":\"ListItem\",\"position\":4,\"name\":\"Legumes\",\"item\":\"https:\\\/\\\/latiendadesami.com\\\/pt-pt\\\/categoria-producto\\\/legumes\\\/\"},{\"@type\":\"ListItem\",\"position\":5,\"name\":\"Cojonuda&#8221; cozido de legumes Mateo\"}]},{\"@type\":\"WebSite\",\"@id\":\"https:\\\/\\\/latiendadesami.com\\\/#website\",\"url\":\"https:\\\/\\\/latiendadesami.com\\\/\",\"name\":\"La Tienda de Sami\",\"description\":\"Conservas, azeitonas, vinho, azeite, queijos\",\"publisher\":{\"@id\":\"https:\\\/\\\/latiendadesami.com\\\/#organization\"},\"potentialAction\":[{\"@type\":\"SearchAction\",\"target\":{\"@type\":\"EntryPoint\",\"urlTemplate\":\"https:\\\/\\\/latiendadesami.com\\\/?s={search_term_string}\"},\"query-input\":{\"@type\":\"PropertyValueSpecification\",\"valueRequired\":true,\"valueName\":\"search_term_string\"}}],\"inLanguage\":\"pt-PT\"},{\"@type\":\"Organization\",\"@id\":\"https:\\\/\\\/latiendadesami.com\\\/#organization\",\"name\":\"La Tienda de Sami\",\"url\":\"https:\\\/\\\/latiendadesami.com\\\/\",\"logo\":{\"@type\":\"ImageObject\",\"inLanguage\":\"pt-PT\",\"@id\":\"https:\\\/\\\/latiendadesami.com\\\/#\\\/schema\\\/logo\\\/image\\\/\",\"url\":\"https:\\\/\\\/latiendadesami.com\\\/wp-content\\\/uploads\\\/2020\\\/11\\\/0012222-1.jpg\",\"contentUrl\":\"https:\\\/\\\/latiendadesami.com\\\/wp-content\\\/uploads\\\/2020\\\/11\\\/0012222-1.jpg\",\"width\":250,\"height\":72,\"caption\":\"La Tienda de Sami\"},\"image\":{\"@id\":\"https:\\\/\\\/latiendadesami.com\\\/#\\\/schema\\\/logo\\\/image\\\/\"},\"sameAs\":[\"https:\\\/\\\/www.facebook.com\\\/La-Tienda-de-Sami-106767417920851\",\"https:\\\/\\\/x.com\\\/SamiSuministros\",\"https:\\\/\\\/www.instagram.com\\\/samisuministros\"]}]}<\/script>\n<meta property=\"og:availability\" content=\"instock\" \/>\n<meta property=\"product:availability\" content=\"instock\" \/>\n<meta property=\"product:retailer_item_id\" content=\"menestra-verduras-cojonuda-mateo\" \/>\n<meta property=\"product:condition\" content=\"new\" \/>\n<!-- \/ Yoast SEO plugin. -->","yoast_head_json":{"title":"Cojonuda\" cozido de legumes Mateo - La Tienda de Sami","description":"O feij\u00e3o verde exMenestra de verduras \"Cojonuda\" Mateotra \u00e9 um Produto de Espanha. Compre em linha mais qualidade ao melhor pre\u00e7o a La Tienda de Sami.Menestra de verduras \"Cojonuda\" Mateo","robots":{"index":"index","follow":"follow","max-snippet":"max-snippet:-1","max-image-preview":"max-image-preview:large","max-video-preview":"max-video-preview:-1"},"canonical":"https:\/\/latiendadesami.com\/producto\/menestra-verdura-cojonuda-mateo-280-gr\/","og_locale":"pt_PT","og_type":"article","og_title":"Cojonuda\" cozido de legumes Mateo - La Tienda de Sami","og_description":"O feij\u00e3o verde exMenestra de verduras \"Cojonuda\" Mateotra \u00e9 um Produto de Espanha. Compre em linha mais qualidade ao melhor pre\u00e7o a La Tienda de Sami.Menestra de verduras \"Cojonuda\" Mateo","og_url":"https:\/\/latiendadesami.com\/producto\/menestra-verdura-cojonuda-mateo-280-gr\/","og_site_name":"La Tienda de Sami","article_publisher":"https:\/\/www.facebook.com\/La-Tienda-de-Sami-106767417920851","article_modified_time":"2023-02-22T08:20:39+00:00","og_image":[{"width":750,"height":750,"url":"https:\/\/latiendadesami.com\/wp-content\/uploads\/2022\/06\/Menestra-cojonuda-mateo.jpg","type":"image\/jpeg"}],"twitter_card":"summary_large_image","twitter_site":"@SamiSuministros","twitter_misc":{"Disponibilidade":"Em stock"},"schema":{"@context":"https:\/\/schema.org","@graph":[{"@type":"WebPage","@id":"https:\/\/latiendadesami.com\/producto\/menestra-verdura-cojonuda-mateo-280-gr\/","url":"https:\/\/latiendadesami.com\/producto\/menestra-verdura-cojonuda-mateo-280-gr\/","name":"Cojonuda\" cozido de legumes Mateo - La Tienda de Sami","isPartOf":{"@id":"https:\/\/latiendadesami.com\/#website"},"primaryImageOfPage":{"@id":"https:\/\/latiendadesami.com\/producto\/menestra-verdura-cojonuda-mateo-280-gr\/#primaryimage"},"image":{"@id":"https:\/\/latiendadesami.com\/producto\/menestra-verdura-cojonuda-mateo-280-gr\/#primaryimage"},"thumbnailUrl":"https:\/\/latiendadesami.com\/wp-content\/uploads\/2022\/06\/Menestra-cojonuda-mateo.jpg","datePublished":"2022-06-17T11:28:04+00:00","dateModified":"2023-02-22T08:20:39+00:00","description":"O feij\u00e3o verde exMenestra de verduras \"Cojonuda\" Mateotra \u00e9 um Produto de Espanha. Compre em linha mais qualidade ao melhor pre\u00e7o a La Tienda de Sami.Menestra de verduras \"Cojonuda\" Mateo","breadcrumb":{"@id":"https:\/\/latiendadesami.com\/producto\/menestra-verdura-cojonuda-mateo-280-gr\/#breadcrumb"},"inLanguage":"pt-PT","potentialAction":[{"@type":"ReadAction","target":["https:\/\/latiendadesami.com\/producto\/menestra-verdura-cojonuda-mateo-280-gr\/"]}]},{"@type":"ImageObject","inLanguage":"pt-PT","@id":"https:\/\/latiendadesami.com\/producto\/menestra-verdura-cojonuda-mateo-280-gr\/#primaryimage","url":"https:\/\/latiendadesami.com\/wp-content\/uploads\/2022\/06\/Menestra-cojonuda-mateo.jpg","contentUrl":"https:\/\/latiendadesami.com\/wp-content\/uploads\/2022\/06\/Menestra-cojonuda-mateo.jpg","width":750,"height":750},{"@type":"BreadcrumbList","@id":"https:\/\/latiendadesami.com\/producto\/menestra-verdura-cojonuda-mateo-280-gr\/#breadcrumb","itemListElement":[{"@type":"ListItem","position":1,"name":"P\u00e1gina inicial","item":"https:\/\/latiendadesami.com\/pt-pt\/"},{"@type":"ListItem","position":2,"name":"Shop","item":"https:\/\/latiendadesami.com\/pt-pt\/"},{"@type":"ListItem","position":3,"name":"Conservas","item":"https:\/\/latiendadesami.com\/pt-pt\/categoria-producto\/conservas-pt-pt\/"},{"@type":"ListItem","position":4,"name":"Legumes","item":"https:\/\/latiendadesami.com\/pt-pt\/categoria-producto\/legumes\/"},{"@type":"ListItem","position":5,"name":"Cojonuda&#8221; cozido de legumes Mateo"}]},{"@type":"WebSite","@id":"https:\/\/latiendadesami.com\/#website","url":"https:\/\/latiendadesami.com\/","name":"La Tienda de Sami","description":"Conservas, azeitonas, vinho, azeite, queijos","publisher":{"@id":"https:\/\/latiendadesami.com\/#organization"},"potentialAction":[{"@type":"SearchAction","target":{"@type":"EntryPoint","urlTemplate":"https:\/\/latiendadesami.com\/?s={search_term_string}"},"query-input":{"@type":"PropertyValueSpecification","valueRequired":true,"valueName":"search_term_string"}}],"inLanguage":"pt-PT"},{"@type":"Organization","@id":"https:\/\/latiendadesami.com\/#organization","name":"La Tienda de Sami","url":"https:\/\/latiendadesami.com\/","logo":{"@type":"ImageObject","inLanguage":"pt-PT","@id":"https:\/\/latiendadesami.com\/#\/schema\/logo\/image\/","url":"https:\/\/latiendadesami.com\/wp-content\/uploads\/2020\/11\/0012222-1.jpg","contentUrl":"https:\/\/latiendadesami.com\/wp-content\/uploads\/2020\/11\/0012222-1.jpg","width":250,"height":72,"caption":"La Tienda de Sami"},"image":{"@id":"https:\/\/latiendadesami.com\/#\/schema\/logo\/image\/"},"sameAs":["https:\/\/www.facebook.com\/La-Tienda-de-Sami-106767417920851","https:\/\/x.com\/SamiSuministros","https:\/\/www.instagram.com\/samisuministros"]}]},"og_availability":"instock","product_availability":"instock","product_retailer_item_id":"menestra-verduras-cojonuda-mateo","product_condition":"new"},"_links":{"self":[{"href":"https:\/\/latiendadesami.com\/pt-pt\/wp-json\/wp\/v2\/product\/12219","targetHints":{"allow":["GET"]}}],"collection":[{"href":"https:\/\/latiendadesami.com\/pt-pt\/wp-json\/wp\/v2\/product"}],"about":[{"href":"https:\/\/latiendadesami.com\/pt-pt\/wp-json\/wp\/v2\/types\/product"}],"wp:featuredmedia":[{"embeddable":true,"href":"https:\/\/latiendadesami.com\/pt-pt\/wp-json\/wp\/v2\/media\/11510"}],"wp:attachment":[{"href":"https:\/\/latiendadesami.com\/pt-pt\/wp-json\/wp\/v2\/media?parent=12219"}],"wp:term":[{"taxonomy":"product_brand","embeddable":true,"href":"https:\/\/latiendadesami.com\/pt-pt\/wp-json\/wp\/v2\/product_brand?post=12219"},{"taxonomy":"product_cat","embeddable":true,"href":"https:\/\/latiendadesami.com\/pt-pt\/wp-json\/wp\/v2\/product_cat?post=12219"},{"taxonomy":"product_tag","embeddable":true,"href":"https:\/\/latiendadesami.com\/pt-pt\/wp-json\/wp\/v2\/product_tag?post=12219"}],"curies":[{"name":"wp","href":"https:\/\/api.w.org\/{rel}","templated":true}]}}